{"id":109097,"date":"2025-03-04T14:36:41","date_gmt":"2025-03-04T22:36:41","guid":{"rendered":"https:\/\/hermosaz.com\/?page_id=109097"},"modified":"2025-04-22T12:56:04","modified_gmt":"2025-04-22T19:56:04","slug":"fashionistas-new","status":"publish","type":"page","link":"https:\/\/hermosaz.com\/en\/fashionistas-new\/","title":{"rendered":"Fashionistas &#8211; new"},"content":{"rendered":"<p><a href=\"https:\/\/hermosaz.com\/en\/fatima-gutierrez-aguirre\/\" title=\"F\u00e1tima Guti\u00e9rrez Aguirre\" data-type-url=\"post_url\" data-type-display=\"default_image\" data-css=\"\" data-size=\"medium\" data-post_id=\"107790\" data-shortcode=\"tcb_post_featured_image\"><img width=\"240\" height=\"300\" src=\"https:\/\/hermosaz.com\/wp-content\/uploads\/2024\/08\/@Balmain-17-240x300.jpg\" alt=\"\" decoding=\"async\" loading=\"lazy\" sizes=\"auto, 100vw\" \/><\/a><\/p>\n<h2><span data-attr-link=\"0\" data-attr-rel=\"0\" data-attr-target=\"0\" data-extra_key=\"\" data-option-inline=\"1\" data-shortcode=\"tcb_post_title\" data-shortcode-name=\"Post title\" style=\"\">F\u00e1tima Guti\u00e9rrez Aguirre<\/span> <\/h2>\n<p>F\u00e1tima GutierrezModelResidence:&nbsp;Cd. Victoria, TamaulipasNationality: Mexican &#8211; <a href=\"https:\/\/hermosaz.com\/en\/fatima-gutierrez-aguirre\/#more-107790\"><\/a><\/p>\n<p><a href=\"https:\/\/hermosaz.com\/en\/fatima-gutierrez-aguirre\/\"><span><span>Read More<\/span><\/span><\/a><a href=\"https:\/\/hermosaz.com\/en\/lorena-ruiz\/\" title=\"Lorena Ruiz\" data-type-url=\"post_url\" data-type-display=\"default_image\" data-css=\"\" data-size=\"medium\" data-post_id=\"107744\" data-shortcode=\"tcb_post_featured_image\"><img width=\"240\" height=\"300\" src=\"https:\/\/hermosaz.com\/wp-content\/uploads\/2024\/02\/@Balmain-4.jpg\" alt=\"\" decoding=\"async\" loading=\"lazy\" sizes=\"auto, 100vw\" \/><\/a><\/p>\n<h2><span data-attr-link=\"0\" data-attr-rel=\"0\" data-attr-target=\"0\" data-extra_key=\"\" data-option-inline=\"1\" data-shortcode=\"tcb_post_title\" data-shortcode-name=\"Post title\" style=\"\">Lorena Ruiz<\/span> <\/h2>\n<p>Lorena RuizModel and Miss Teen Supranational <a href=\"https:\/\/hermosaz.com\/en\/lorena-ruiz\/#more-107744\"><\/a><\/p>\n<p><a href=\"https:\/\/hermosaz.com\/en\/lorena-ruiz\/\"><span><span>Read More<\/span><\/span><\/a><a href=\"https:\/\/hermosaz.com\/en\/andrea-medina-moreni\/\" title=\"Andrea Medina Moreni\" data-type-url=\"post_url\" data-type-display=\"default_image\" data-css=\"\" data-size=\"medium\" data-post_id=\"107699\" data-shortcode=\"tcb_post_featured_image\"><img width=\"240\" height=\"300\" src=\"https:\/\/hermosaz.com\/wp-content\/uploads\/2024\/01\/@Balmain-9-240x300.jpg\" alt=\"\" decoding=\"async\" loading=\"lazy\" sizes=\"auto, 100vw\" \/><\/a><\/p>\n<h2><span data-attr-link=\"0\" data-attr-rel=\"0\" data-attr-target=\"0\" data-extra_key=\"\" data-option-inline=\"1\" data-shortcode=\"tcb_post_title\" data-shortcode-name=\"Post title\" style=\"\">Andrea Medina Moreni<\/span> <\/h2>\n<p>Andrea MedinaBusinesswoman, ModelResidence: Saltillo, CoahuilaNationality: MexicanInstagram: <a href=\"https:\/\/hermosaz.com\/en\/andrea-medina-moreni\/#more-107699\"><\/a><\/p>\n<p><a href=\"https:\/\/hermosaz.com\/en\/andrea-medina-moreni\/\"><span><span>Read More<\/span><\/span><\/a><a href=\"https:\/\/hermosaz.com\/en\/ingrid-lucero\/\" title=\"Ingrid Lucero\u00a0\" data-type-url=\"post_url\" data-type-display=\"default_image\" data-css=\"\" data-size=\"medium\" data-post_id=\"107532\" data-shortcode=\"tcb_post_featured_image\"><img width=\"240\" height=\"300\" src=\"https:\/\/hermosaz.com\/wp-content\/uploads\/2023\/09\/@Balmain-5.jpg\" alt=\"\" decoding=\"async\" loading=\"lazy\" sizes=\"auto, 100vw\" \/><\/a><\/p>\n<h2><span data-attr-link=\"0\" data-attr-rel=\"0\" data-attr-target=\"0\" data-extra_key=\"\" data-option-inline=\"1\" data-shortcode=\"tcb_post_title\" data-shortcode-name=\"Post title\" style=\"\">Ingrid Lucero\u00a0<\/span> <\/h2>\n<p>Ingrid LuceroMiss Grand Puebla 2023Residency: MexicoNationality: <a href=\"https:\/\/hermosaz.com\/en\/ingrid-lucero\/#more-107532\"><\/a><\/p>\n<p><a href=\"https:\/\/hermosaz.com\/en\/ingrid-lucero\/\"><span><span>Read More<\/span><\/span><\/a><a href=\"https:\/\/hermosaz.com\/en\/nayeli-luna\/\" title=\"Nayeli Luna\" data-type-url=\"post_url\" data-type-display=\"default_image\" data-css=\"\" data-size=\"medium\" data-post_id=\"107479\" data-shortcode=\"tcb_post_featured_image\"><img width=\"240\" height=\"300\" src=\"https:\/\/hermosaz.com\/wp-content\/uploads\/2025\/01\/@Balmain-5-1-240x300.jpg\" alt=\"\" decoding=\"async\" loading=\"lazy\" sizes=\"auto, 100vw\" \/><\/a><\/p>\n<h2><span data-attr-link=\"0\" data-attr-rel=\"0\" data-attr-target=\"0\" data-extra_key=\"\" data-option-inline=\"1\" data-shortcode=\"tcb_post_title\" data-shortcode-name=\"Post title\" style=\"\">Nayeli Luna<\/span> <\/h2>\n<p>Nayeli Luna Miss Teen Latina US <a href=\"https:\/\/hermosaz.com\/en\/nayeli-luna\/#more-107479\"><\/a><\/p>\n<p><a href=\"https:\/\/hermosaz.com\/en\/nayeli-luna\/\"><span><span>Read More<\/span><\/span><\/a><a href=\"https:\/\/hermosaz.com\/en\/michelle-aguiar\/\" title=\"Michelle Aguiar\u00a0\" data-type-url=\"post_url\" data-type-display=\"default_image\" data-css=\"\" data-size=\"medium\" data-post_id=\"107419\" data-shortcode=\"tcb_post_featured_image\"><img width=\"240\" height=\"300\" src=\"https:\/\/hermosaz.com\/wp-content\/uploads\/2025\/01\/25-5.jpg\" alt=\"\" decoding=\"async\" loading=\"lazy\" sizes=\"auto, 100vw\" \/><\/a><\/p>\n<h2><span data-attr-link=\"0\" data-attr-rel=\"0\" data-attr-target=\"0\" data-extra_key=\"\" data-option-inline=\"1\" data-shortcode=\"tcb_post_title\" data-shortcode-name=\"Post title\" style=\"\">Michelle Aguiar\u00a0<\/span> <\/h2>\n<p>Michelle AguiarModelResidency: Valencia Estado CaraboboNationality: Venezuelan&nbsp;Instagram: <a href=\"https:\/\/hermosaz.com\/en\/michelle-aguiar\/#more-107419\"><\/a><\/p>\n<p><a href=\"https:\/\/hermosaz.com\/en\/michelle-aguiar\/\"><span><span>Read More<\/span><\/span><\/a><a href=\"https:\/\/hermosaz.com\/en\/vicky-yucue\/\" title=\"Vicky Yucue\u00a0\" data-type-url=\"post_url\" data-type-display=\"default_image\" data-css=\"\" data-size=\"medium\" data-post_id=\"107387\" data-shortcode=\"tcb_post_featured_image\"><img width=\"240\" height=\"300\" src=\"https:\/\/hermosaz.com\/wp-content\/uploads\/2023\/07\/@Balmain-6-240x300.jpg\" alt=\"\" decoding=\"async\" loading=\"lazy\" sizes=\"auto, 100vw\" \/><\/a><\/p>\n<h2><span data-attr-link=\"0\" data-attr-rel=\"0\" data-attr-target=\"0\" data-extra_key=\"\" data-option-inline=\"1\" data-shortcode=\"tcb_post_title\" data-shortcode-name=\"Post title\" style=\"\">Vicky Yucue\u00a0<\/span> <\/h2>\n<p>Vicky Yucue&nbsp;Miss Earth Chile 2020Residency: Chile&nbsp;Nationality: <a href=\"https:\/\/hermosaz.com\/en\/vicky-yucue\/#more-107387\"><\/a><\/p>\n<p><a href=\"https:\/\/hermosaz.com\/en\/vicky-yucue\/\"><span><span>Read More<\/span><\/span><\/a><a href=\"https:\/\/hermosaz.com\/en\/emmy-carrero\/\" title=\"Emmy Carrero\" data-type-url=\"post_url\" data-type-display=\"default_image\" data-css=\"\" data-size=\"medium\" data-post_id=\"107125\" data-shortcode=\"tcb_post_featured_image\"><img width=\"240\" height=\"300\" src=\"https:\/\/hermosaz.com\/wp-content\/uploads\/2023\/05\/@Balmain-3.jpg\" alt=\"\" decoding=\"async\" loading=\"lazy\" sizes=\"auto, 100vw\" \/><\/a><\/p>\n<h2><span data-attr-link=\"0\" data-attr-rel=\"0\" data-attr-target=\"0\" data-extra_key=\"\" data-option-inline=\"1\" data-shortcode=\"tcb_post_title\" data-shortcode-name=\"Post title\" style=\"\">Emmy Carrero<\/span> <\/h2>\n<p>Emmy CarreroFashionistaResidence: Caracas, VenezuelaNationality: Venezuelan&nbsp;Instagram: @emmycarreromWhat <a href=\"https:\/\/hermosaz.com\/en\/emmy-carrero\/#more-107125\"><\/a><\/p>\n<p><a href=\"https:\/\/hermosaz.com\/en\/emmy-carrero\/\"><span><span>Read More<\/span><\/span><\/a><a href=\"https:\/\/hermosaz.com\/en\/alicia-cedron\/\" title=\"Alicia Cedron\" data-type-url=\"post_url\" data-type-display=\"default_image\" data-css=\"\" data-size=\"medium\" data-post_id=\"106771\" data-shortcode=\"tcb_post_featured_image\"><img width=\"240\" height=\"300\" src=\"https:\/\/hermosaz.com\/wp-content\/uploads\/2023\/01\/@Balmain-4.jpg\" alt=\"\" decoding=\"async\" loading=\"lazy\" sizes=\"auto, 100vw\" \/><\/a><\/p>\n<h2><span data-attr-link=\"0\" data-attr-rel=\"0\" data-attr-target=\"0\" data-extra_key=\"\" data-option-inline=\"1\" data-shortcode=\"tcb_post_title\" data-shortcode-name=\"Post title\" style=\"\">Alicia Cedron<\/span> <\/h2>\n<p>Alicia CedronFashionista and modelResidence: Lima and <a href=\"https:\/\/hermosaz.com\/en\/alicia-cedron\/#more-106771\"><\/a><\/p>\n<p><a href=\"https:\/\/hermosaz.com\/en\/alicia-cedron\/\"><span><span>Read More<\/span><\/span><\/a><a href=\"https:\/\/hermosaz.com\/en\/heather-nunez\/\" title=\"Heather Nunez\" data-type-url=\"post_url\" data-type-display=\"default_image\" data-css=\"\" data-size=\"medium\" data-post_id=\"103414\" data-shortcode=\"tcb_post_featured_image\"><img width=\"240\" height=\"300\" src=\"https:\/\/hermosaz.com\/wp-content\/uploads\/2022\/08\/@Balmain-5.jpg\" alt=\"\" decoding=\"async\" loading=\"lazy\" sizes=\"auto, 100vw\" \/><\/a><\/p>\n<h2><span data-attr-link=\"0\" data-attr-rel=\"0\" data-attr-target=\"0\" data-extra_key=\"\" data-option-inline=\"1\" data-shortcode=\"tcb_post_title\" data-shortcode-name=\"Post title\" style=\"\">Heather Nunez<\/span> <\/h2>\n<p>Heather Nu\u00f1ezFashionistaResidence: New York CityNationality: Dominican <a href=\"https:\/\/hermosaz.com\/en\/heather-nunez\/#more-103414\"><\/a><\/p>\n<p><a href=\"https:\/\/hermosaz.com\/en\/heather-nunez\/\"><span><span>Read More<\/span><\/span><\/a><a href=\"https:\/\/hermosaz.com\/en\/gladys-ivelisse-berrios-santiago\/\" title=\"Gladys Ivelisse Berrios Santiago\" data-type-url=\"post_url\" data-type-display=\"default_image\" data-css=\"\" data-size=\"medium\" data-post_id=\"103174\" data-shortcode=\"tcb_post_featured_image\"><img width=\"240\" height=\"300\" src=\"https:\/\/hermosaz.com\/wp-content\/uploads\/2022\/07\/@Balmain-11-240x300.jpg\" alt=\"\" decoding=\"async\" loading=\"lazy\" sizes=\"auto, 100vw\" \/><\/a><\/p>\n<h2><span data-attr-link=\"0\" data-attr-rel=\"0\" data-attr-target=\"0\" data-extra_key=\"\" data-option-inline=\"1\" data-shortcode=\"tcb_post_title\" data-shortcode-name=\"Post title\" style=\"\">Gladys Ivelisse Berrios Santiago<\/span> <\/h2>\n<p>Gladys IvelisseBerrios Santiago 1ra finalista Miss <a href=\"https:\/\/hermosaz.com\/en\/gladys-ivelisse-berrios-santiago\/#more-103174\"><\/a><\/p>\n<p><a href=\"https:\/\/hermosaz.com\/en\/gladys-ivelisse-berrios-santiago\/\"><span><span>Read More<\/span><\/span><\/a><a href=\"https:\/\/hermosaz.com\/en\/darianny-yeismel-finol-gomez\/\" title=\"Darianny Yeismel Finol G\u00f3mez\" data-type-url=\"post_url\" data-type-display=\"default_image\" data-css=\"\" data-size=\"medium\" data-post_id=\"103143\" data-shortcode=\"tcb_post_featured_image\"><img width=\"240\" height=\"300\" src=\"https:\/\/hermosaz.com\/wp-content\/uploads\/2022\/07\/@Balmain-6-1.jpg\" alt=\"\" decoding=\"async\" loading=\"lazy\" sizes=\"auto, 100vw\" \/><\/a><\/p>\n<h2><span data-attr-link=\"0\" data-attr-rel=\"0\" data-attr-target=\"0\" data-extra_key=\"\" data-option-inline=\"1\" data-shortcode=\"tcb_post_title\" data-shortcode-name=\"Post title\" style=\"\">Darianny Yeismel Finol G\u00f3mez<\/span> <\/h2>\n<p>Darianny Yeismel\u200bFashionistaResidence: Cagua, estado AraguaNationality: VenezuelanInstagram: <a href=\"https:\/\/hermosaz.com\/en\/darianny-yeismel-finol-gomez\/#more-103143\"><\/a><\/p>\n<p><a href=\"https:\/\/hermosaz.com\/en\/darianny-yeismel-finol-gomez\/\"><span><span>Read More<\/span><\/span><\/a><a href=\"https:\/\/hermosaz.com\/en\/taina-pimentel\/\" title=\"Ta\u00edna Pimentel\" data-type-url=\"post_url\" data-type-display=\"default_image\" data-css=\"\" data-size=\"medium\" data-post_id=\"101793\" data-shortcode=\"tcb_post_featured_image\"><img width=\"240\" height=\"300\" src=\"https:\/\/hermosaz.com\/wp-content\/uploads\/2022\/04\/@Balmain-10-240x300.jpg\" alt=\"\" decoding=\"async\" loading=\"lazy\" sizes=\"auto, 100vw\" \/><\/a><\/p>\n<h2><span data-attr-link=\"0\" data-attr-rel=\"0\" data-attr-target=\"0\" data-extra_key=\"\" data-option-inline=\"1\" data-shortcode=\"tcb_post_title\" data-shortcode-name=\"Post title\" style=\"\">Ta\u00edna Pimentel<\/span> <\/h2>\n<p>Ta\u00ednaPimentelFashionistaResidence: United States \/ Dominican RepublicNationality: <a href=\"https:\/\/hermosaz.com\/en\/taina-pimentel\/#more-101793\"><\/a><\/p>\n<p><a href=\"https:\/\/hermosaz.com\/en\/taina-pimentel\/\"><span><span>Read More<\/span><\/span><\/a><a href=\"https:\/\/hermosaz.com\/en\/ariane-maciel\/\" title=\"Ariane Maciel\" data-type-url=\"post_url\" data-type-display=\"default_image\" data-css=\"\" data-size=\"medium\" data-post_id=\"98304\" data-shortcode=\"tcb_post_featured_image\"><img width=\"240\" height=\"300\" src=\"https:\/\/hermosaz.com\/wp-content\/uploads\/2022\/01\/@Balmain-7-1.jpg\" alt=\"\" decoding=\"async\" loading=\"lazy\" sizes=\"auto, 100vw\" \/><\/a><\/p>\n<h2><span data-attr-link=\"0\" data-attr-rel=\"0\" data-attr-target=\"0\" data-extra_key=\"\" data-option-inline=\"1\" data-shortcode=\"tcb_post_title\" data-shortcode-name=\"Post title\" style=\"\">Ariane Maciel<\/span> <\/h2>\n<p>Ariane MacielM. I PARAGUAY 2022Residence: Paraguay- <a href=\"https:\/\/hermosaz.com\/en\/ariane-maciel\/#more-98304\"><\/a><\/p>\n<p><a href=\"https:\/\/hermosaz.com\/en\/ariane-maciel\/\"><span><span>Read More<\/span><\/span><\/a><\/p>\n<p>Page  <span data-extra_key=\"\" data-shortcode=\"tcb_pagination_current_page\" data-shortcode-name=\"Current page number\">[tcb_pagination_current_page]<\/span>   of  <span data-extra_key=\"\" data-shortcode=\"tcb_pagination_total_pages\" data-shortcode-name=\"Total number of pages\">[tcb_pagination_total_pages]<\/span> <\/p>\n<p data-button_layout=\"text\" data-page=\"1\"><a href=\"#\"><span><span><\/span><\/span><span><span>First<\/span><\/span><\/a><\/p>\n<p data-button_layout=\"icon\" data-page=\"0\"><a href=\"#\"><span><span><\/span><\/span><span><span>Previous<\/span><\/span><\/a><\/p>\n<p data-button_layout=\"icon\" data-page=\"2\"><a href=\"#\"><span><span><\/span><\/span><span><span>Next<\/span><\/span><\/a><\/p>\n<p data-button_layout=\"text\" data-page=\"28\"><a href=\"#\"><span><span><\/span><\/span><span><span>Last<\/span><\/span><\/a><\/p>\n","protected":false},"excerpt":{"rendered":"<p>F\u00e1tima Guti\u00e9rrez Aguirre F\u00e1tima GutierrezModelResidence:&nbsp;Cd. Victoria, TamaulipasNationality: Mexican &#8211; Read More Lorena Ruiz Lorena RuizModel and Miss Teen Supranational Read More Andrea Medina Moreni Andrea MedinaBusinesswoman, ModelResidence: Saltillo, CoahuilaNationality: MexicanInstagram: Read More Ingrid Lucero\u00a0 Ingrid LuceroMiss Grand Puebla 2023Residency: MexicoNationality: Read More Nayeli Luna Nayeli Luna Miss Teen Latina US Read More Michelle Aguiar\u00a0 Michelle &hellip; <\/p>\n<p class=\"link-more\"><a href=\"https:\/\/hermosaz.com\/en\/fashionistas-new\/\" class=\"more-link\">Continue reading<span class=\"screen-reader-text\"> &#8220;Fashionistas &#8211; new&#8221;<\/span><\/a><\/p>\n","protected":false},"author":32,"featured_media":0,"parent":0,"menu_order":0,"comment_status":"closed","ping_status":"closed","template":"","meta":{"footnotes":""},"class_list":["post-109097","page","type-page","status-publish","hentry"],"publishpress_future_action":{"enabled":false,"date":"2026-04-25 17:28:58","action":"change-status","newStatus":"draft","terms":[],"taxonomy":"translation_priority"},"publishpress_future_workflow_manual_trigger":{"enabledWorkflows":[]},"rttpg_featured_image_url":null,"rttpg_author":{"display_name":"Rosa Magana","author_link":"https:\/\/hermosaz.com\/en\/author\/rosa\/"},"rttpg_comment":0,"rttpg_category":" <a href=\"https:\/\/hermosaz.com\/en\/?taxonomy=translation_priority&#038;term=optional\" rel=\"tag\">Optional<\/a>","rttpg_excerpt":"F\u00e1tima Guti\u00e9rrez Aguirre F\u00e1tima GutierrezModelResidence:&nbsp;Cd. Victoria, TamaulipasNationality: Mexican &#8211; Read More Lorena Ruiz Lorena RuizModel and Miss Teen Supranational Read More Andrea Medina Moreni Andrea MedinaBusinesswoman, ModelResidence: Saltillo, CoahuilaNationality: MexicanInstagram: Read More Ingrid Lucero\u00a0 Ingrid LuceroMiss Grand Puebla 2023Residency: MexicoNationality: Read More Nayeli Luna Nayeli Luna Miss Teen Latina US Read More Michelle Aguiar\u00a0 Michelle&hellip;","_links":{"self":[{"href":"https:\/\/hermosaz.com\/en\/wp-json\/wp\/v2\/pages\/109097","targetHints":{"allow":["GET"]}}],"collection":[{"href":"https:\/\/hermosaz.com\/en\/wp-json\/wp\/v2\/pages"}],"about":[{"href":"https:\/\/hermosaz.com\/en\/wp-json\/wp\/v2\/types\/page"}],"author":[{"embeddable":true,"href":"https:\/\/hermosaz.com\/en\/wp-json\/wp\/v2\/users\/32"}],"replies":[{"embeddable":true,"href":"https:\/\/hermosaz.com\/en\/wp-json\/wp\/v2\/comments?post=109097"}],"version-history":[{"count":12,"href":"https:\/\/hermosaz.com\/en\/wp-json\/wp\/v2\/pages\/109097\/revisions"}],"predecessor-version":[{"id":110364,"href":"https:\/\/hermosaz.com\/en\/wp-json\/wp\/v2\/pages\/109097\/revisions\/110364"}],"wp:attachment":[{"href":"https:\/\/hermosaz.com\/en\/wp-json\/wp\/v2\/media?parent=109097"}],"curies":[{"name":"wp","href":"https:\/\/api.w.org\/{rel}","templated":true}]}}