{"id":33060,"date":"2018-04-19T17:15:30","date_gmt":"2018-04-20T00:15:30","guid":{"rendered":"https:\/\/hermosaz.com\/?page_id=33060"},"modified":"2019-06-24T14:13:58","modified_gmt":"2019-06-24T21:13:58","slug":"fashionistas-page","status":"publish","type":"page","link":"https:\/\/hermosaz.com\/en\/fashionistas-page\/","title":{"rendered":"Fashionistas page"},"content":{"rendered":"<p><a href=\"https:\/\/hermosaz.com\/en\/ivette-lopez\/\"><span><\/span><\/a><span ><a href=\"https:\/\/hermosaz.com\/en\/ivette-lopez\/\">Ivette Lopez<\/a><\/span>Featured Fashionista Ivette Lopez Name:\u00a0Ivette Lopez Residence:Indiana Nationality:Mexican Instagram:\u00a0@ivy_lc Blog:\u00a0www.simplelifemx.com\/ What do you like about being Latina? What I love&#91;&#8230;&#93;<a href=\"https:\/\/hermosaz.com\/en\/ivette-lopez\/\">Read More<\/a>&nbsp;<span><\/span><a href=\"https:\/\/hermosaz.com\/en\/rosa-natalia-cardenas-gomez\/\"><span><\/span><\/a><span ><a href=\"https:\/\/hermosaz.com\/en\/rosa-natalia-cardenas-gomez\/\">Rosa Natalia C\u00e1rdenas G\u00f3mez<\/a><\/span>Featured Fashionista Rosa Natalia C\u00e1rdenas G\u00f3mez Name:\u00a0Rosa Natalia C\u00e1rdenas G\u00f3mez Residence:Mexico City Nationality:Mexican Instagram:\u00a0@natalia_hates_you What do you like about being&#91;&#8230;&#93;<a href=\"https:\/\/hermosaz.com\/en\/rosa-natalia-cardenas-gomez\/\">Read More<\/a>&nbsp;<span><\/span><a href=\"https:\/\/hermosaz.com\/en\/daisyre-alvarez\/\"><span><\/span><\/a><span ><a href=\"https:\/\/hermosaz.com\/en\/daisyre-alvarez\/\">Daisyre Alvarez<\/a><\/span>Featured FashionistaDaisyre AlvarezName:&nbsp;Daisyre AlvarezResidence:Miami, FLNationality:DominicanInstagram:&nbsp;@styledByDesiBlog: \u200bwww.simplydesi.co\/What do you like about being Latina?The culture, the music, our work ethic, and our&#91;&#8230;&#93;<a href=\"https:\/\/hermosaz.com\/en\/daisyre-alvarez\/\">Read More<\/a>&nbsp;<span><\/span><a href=\"https:\/\/hermosaz.com\/en\/lygia-wong\/\"><span><\/span><\/a><span ><a href=\"https:\/\/hermosaz.com\/en\/lygia-wong\/\">Lygia Wong<\/a><\/span>Featured Fashionista Lygia Wong Name:\u00a0Lygia Wong Residence:Tampa, Fl \/ Oaxaca, Mx. Nationality:Mexican Instagram:\u00a0@lygiawong What do you like about being Latina?&#91;&#8230;&#93;<a href=\"https:\/\/hermosaz.com\/en\/lygia-wong\/\">Read More<\/a>&nbsp;<span><\/span><a href=\"https:\/\/hermosaz.com\/en\/daniela-peniche\/\"><span><\/span><\/a><span ><a href=\"https:\/\/hermosaz.com\/en\/daniela-peniche\/\">Daniela Peniche<\/a><\/span>Featured Fashion Blogger Daniela Peniche Name:\u00a0Daniela Peniche Residence:Texas Nationality:Mexican-American Instagram:\u00a0@dani_garnet What do you like about being Latina? I love our&#91;&#8230;&#93;<a href=\"https:\/\/hermosaz.com\/en\/daniela-peniche\/\">Read More<\/a>&nbsp;<span><\/span><a href=\"https:\/\/hermosaz.com\/en\/summer-fashion\/\"><span><\/span><\/a><span ><a href=\"https:\/\/hermosaz.com\/en\/summer-fashion\/\">Summer Fashion Picks<\/a><\/span>Summer Fashion FASHIONNOVA Just Hired Plaid Dress &#8211; Blue $27.98$34.99 Shop It FASHIONNOVA About Last Night Lace Up Top -&#91;&#8230;&#93;<a href=\"https:\/\/hermosaz.com\/en\/summer-fashion\/\">Read More<\/a>&nbsp;<span><\/span><\/p>\n","protected":false},"excerpt":{"rendered":"<p>Ivette LopezFeatured Fashionista Ivette Lopez Name:\u00a0Ivette Lopez Residence:Indiana Nationality:Mexican Instagram:\u00a0@ivy_lc Blog:\u00a0www.simplelifemx.com\/ What do you like about being Latina? What I love&#91;&#8230;&#93;Read More&nbsp;Rosa Natalia C\u00e1rdenas G\u00f3mezFeatured Fashionista Rosa Natalia C\u00e1rdenas G\u00f3mez Name:\u00a0Rosa Natalia C\u00e1rdenas G\u00f3mez Residence:Mexico City Nationality:Mexican Instagram:\u00a0@natalia_hates_you What do you like about being&#91;&#8230;&#93;Read More&nbsp;Daisyre AlvarezFeatured FashionistaDaisyre AlvarezName:&nbsp;Daisyre AlvarezResidence:Miami, FLNationality:DominicanInstagram:&nbsp;@styledByDesiBlog: \u200bwww.simplydesi.co\/What do you like about &hellip; <\/p>\n<p class=\"link-more\"><a href=\"https:\/\/hermosaz.com\/en\/fashionistas-page\/\" class=\"more-link\">Continue reading<span class=\"screen-reader-text\"> &#8220;Fashionistas page&#8221;<\/span><\/a><\/p>\n","protected":false},"author":29,"featured_media":0,"parent":0,"menu_order":0,"comment_status":"closed","ping_status":"closed","template":"","meta":{"footnotes":""},"class_list":["post-33060","page","type-page","status-publish","hentry"],"publishpress_future_action":{"enabled":false,"date":"2026-05-23 06:20:54","action":"change-status","newStatus":"draft","terms":[],"taxonomy":"translation_priority"},"publishpress_future_workflow_manual_trigger":{"enabledWorkflows":[]},"rttpg_featured_image_url":null,"rttpg_author":{"display_name":"thrd admin","author_link":"https:\/\/hermosaz.com\/en\/author\/thrdadmin\/"},"rttpg_comment":0,"rttpg_category":false,"rttpg_excerpt":"Ivette LopezFeatured Fashionista Ivette Lopez Name:\u00a0Ivette Lopez Residence:Indiana Nationality:Mexican Instagram:\u00a0@ivy_lc Blog:\u00a0www.simplelifemx.com\/ What do you like about being Latina? What I love&#91;&#8230;&#93;Read More&nbsp;Rosa Natalia C\u00e1rdenas G\u00f3mezFeatured Fashionista Rosa Natalia C\u00e1rdenas G\u00f3mez Name:\u00a0Rosa Natalia C\u00e1rdenas G\u00f3mez Residence:Mexico City Nationality:Mexican Instagram:\u00a0@natalia_hates_you What do you like about being&#91;&#8230;&#93;Read More&nbsp;Daisyre AlvarezFeatured FashionistaDaisyre AlvarezName:&nbsp;Daisyre AlvarezResidence:Miami, FLNationality:DominicanInstagram:&nbsp;@styledByDesiBlog: \u200bwww.simplydesi.co\/What do you like about&hellip;","_links":{"self":[{"href":"https:\/\/hermosaz.com\/en\/wp-json\/wp\/v2\/pages\/33060","targetHints":{"allow":["GET"]}}],"collection":[{"href":"https:\/\/hermosaz.com\/en\/wp-json\/wp\/v2\/pages"}],"about":[{"href":"https:\/\/hermosaz.com\/en\/wp-json\/wp\/v2\/types\/page"}],"author":[{"embeddable":true,"href":"https:\/\/hermosaz.com\/en\/wp-json\/wp\/v2\/users\/29"}],"replies":[{"embeddable":true,"href":"https:\/\/hermosaz.com\/en\/wp-json\/wp\/v2\/comments?post=33060"}],"version-history":[{"count":0,"href":"https:\/\/hermosaz.com\/en\/wp-json\/wp\/v2\/pages\/33060\/revisions"}],"wp:attachment":[{"href":"https:\/\/hermosaz.com\/en\/wp-json\/wp\/v2\/media?parent=33060"}],"curies":[{"name":"wp","href":"https:\/\/api.w.org\/{rel}","templated":true}]}}