{"id":72173,"date":"2020-11-27T15:25:48","date_gmt":"2020-11-27T23:25:48","guid":{"rendered":"https:\/\/hermosaz.com\/?page_id=72173"},"modified":"2025-03-21T15:54:25","modified_gmt":"2025-03-21T22:54:25","slug":"clothing-activewear","status":"publish","type":"page","link":"https:\/\/hermosaz.com\/en\/clothing-activewear\/","title":{"rendered":"Clothing Activewear"},"content":{"rendered":"<p><span><img decoding=\"async\" alt=\"\" data-id=\"109800\" width=\"2580\" data-init-width=\"1600\" height=\"600\" data-init-height=\"600\" title=\"NEW IN-8\" loading=\"lazy\" src=\"https:\/\/hermosaz.com\/wp-content\/uploads\/2025\/03\/NEW-IN-8-1.jpg\" data-width=\"2580\"><\/span><span><img decoding=\"async\" alt=\"\" data-id=\"109800\" width=\"917\" data-init-width=\"1600\" height=\"648\" data-init-height=\"600\" title=\"NEW IN-8\" loading=\"lazy\" src=\"https:\/\/hermosaz.com\/wp-content\/uploads\/2025\/03\/NEW-IN-8-1.jpg\" data-width=\"917\" data-height=\"648\"><\/span><\/p>\n<p dir=\"ltr\" style=\"\">Haz ejercicio sin dejar el estilo atr\u00e1s. Seguro que has sentido que elegir un buen outfit de ropa deportiva para hacer ejercicio te ayuda a motivarte, a sacar fotos y a seguir con tus rutinas con m\u00e1s energ\u00eda. Encuentra m\u00e1s de 200 marcas, entre ellas las mejores marcas de ropa deportiva en un solo lugar. \u00bfCu\u00e1l te gusta m\u00e1s?<\/p>\n<p>[tcb-script id=&#8221;hermosaz-embedder&#8221; src=&#8221;\/js\/embedder.js&#8221; data-list-id=&#8221;sitelist\/CLOTHING_ALL_Activewear&#8221;][\/tcb-script]   <\/p>\n<p dir=\"ltr\">Ya sea que hagas ejercicio desde casa o en el gimnasio, en Hermosaz podr\u00e1s encontrar la ropa deportiva perfecta para ese momento del d\u00eda que dedicas a tu salud f\u00edsica y mental. Encuentra dise\u00f1os que te har\u00e1n sacar el m\u00e1ximo partido a tu entrenamiento deportivo. Tenemos estilos especialmente pensados para realizar el deporte que tanto te gusta.<\/p>\n<p dir=\"ltr\">\n<h2 dir=\"ltr\">Hermozas es la mejor tienda para comprar ropa deportiva en l\u00ednea<\/h2>\n<p dir=\"ltr\">Hermosaz es el sitio dedicado a celebrar el estilo, la belleza y cultura Latina a nivel mundial mediante nuestra revista en l\u00ednea y un sitio de compras. Dise\u00f1ado por mujeres Latinas para Latinas.<\/p>\n<p dir=\"ltr\">Es importante que tengas en cuenta cu\u00e1l es el deporte que est\u00e1s practicando para poder elegir el mejor estilo de ropa deportiva que mejor se adapte a esa actividad.<\/p>\n<p dir=\"ltr\">Compra los mejores <a href=\"https:\/\/www.saksoff5th.com\/product\/free-people-movement-you-re-a-peach-sport-leggings-0400013115235.html?ranMID=38801&amp;ranEAID=Fqp5SOy33II&amp;ranSiteID=Fqp5SOy33II-ob9FTxr.MV7.oa_LRgdnTQ&amp;site_refer=AFF001&amp;mid=38801&amp;siteID=Fqp5SOy33II-ob9FTxr.MV7.oa_LRgdnTQ\" style=\"outline: none;\">leggings<\/a> de entrenamiento a un precio asequible, en varios colores, estampados y estilos. <a href=\"https:\/\/www.macys.com\/shop\/product\/dkny-womens-houston-rockets-olivia-tank?ID=10359729&amp;ranMID=3184&amp;ranEAID=Fqp5SOy33II&amp;ranSiteID=Fqp5SOy33II-PZlh2nOwaB32J8B4RolBBA&amp;LinkshareID=Fqp5SOy33II-PZlh2nOwaB32J8B4RolBBA&amp;m_sc=aff&amp;PartnerID=LINKSHARE&amp;cm_mmc=LINKSHARE-_-5-_-63-_-MP563&amp;LSNSUBSITE=PR\">Camisetas<\/a> especiales para deportes, tenis para correr, ropa para jugar al golf, f\u00fatbol, tenis de bicicleta y muchas especialidades m\u00e1s.<\/p>\n<p dir=\"ltr\">Entre los materiales que encontrar\u00e1 en la ropa deportiva en Hermosaz se encuentran el algod\u00f3n, el nailon, la lycra y m\u00e1s. Depende del deporte que practiques, en Hermosaz encontrar\u00e1s m\u00e1s de 200 marcas, incluidas las mejores marcas de ropa deportiva.<\/p>\n<h3 dir=\"ltr\">La importancia de la ropa deportiva<\/h3>\n<p dir=\"ltr\">En los \u00faltimos a\u00f1os, la <a href=\"https:\/\/www.saksoff5th.com\/product\/koral-activewear-galaxy-tax-sports-bra-0400012958201.html?ranMID=38801&amp;ranEAID=Fqp5SOy33II&amp;ranSiteID=Fqp5SOy33II-utiL32ECV2N4ZwSOp7Z8WA&amp;site_refer=AFF001&amp;mid=38801&amp;siteID=Fqp5SOy33II-utiL32ECV2N4ZwSOp7Z8WA\" style=\"outline: none;\">ropa deportiva <\/a>se ha vuelto cada vez m\u00e1s popular. Con los atletas profesionales que respaldan y usan las mejores marcas, casi en todos los lugares donde mires, alguien est\u00e1 usando alguna forma de ropa deportiva.<\/p>\n<p dir=\"ltr\">M\u00e1s recientemente, se ha puesto de moda usar marcas deportivas como declaraci\u00f3n de moda. Por lo general, se observa gente paseando por la ciudad con su equipo de fitness de marca.<\/p>\n<p dir=\"ltr\">Esta pieza no te dirigir\u00e1 hacia ese gran <a href=\"https:\/\/www.saksoff5th.com\/product\/weworewhat-polka-dot-bandeau-sports-bra-0400013428690.html?ranMID=38801&amp;ranEAID=Fqp5SOy33II&amp;ranSiteID=Fqp5SOy33II-MloVFzj6PS1qEUNZOg0S6g&amp;site_refer=AFF001&amp;mid=38801&amp;siteID=Fqp5SOy33II-MloVFzj6PS1qEUNZOg0S6g\">top<\/a> con cierre de color nuevo en l\u00ednea. La ropa deportiva puede verse ajustada, elegante y moderna, \u00a1resalta tu figura!<\/p>\n<h2 dir=\"ltr\" style=\"text-align: left;\">Ropa deportiva de las mejores marcas en Hermosaz<\/h2>\n<p dir=\"ltr\">Nosotros no vendemos los productos directamente, como afiliados, mostramos los productos m\u00e1s chic de las marcas m\u00e1s reconocidas y te ofrecemos una plataforma donde puedes explorar diferentes precios y estilos, y as\u00ed elegir tu favorito (\u00a1y el mejor descuento disponible!).<\/p>\n<p dir=\"ltr\">En nuestra tienda de ropa <a href=\"https:\/\/hermosaz.com\/\" style=\"outline: none;\">Hermosaz<\/a>, productos de belleza online y accesorios para mujer, podr\u00e1s descubrir las \u00faltimas tendencias + comprar tus productos favoritos. Hermosaz.com est\u00e1 afiliada a m\u00e1s de 200 tiendas que ofrecen env\u00edos a todo el mundo.<\/p>\n<p><a href=\"\/en\/dresses-mini\/ \"><\/p>\n<p><span data-sheets-userformat=\"{&quot;2&quot;:1325635,&quot;3&quot;:{&quot;1&quot;:0},&quot;4&quot;:{&quot;1&quot;:2,&quot;2&quot;:16777215},&quot;9&quot;:0,&quot;12&quot;:0,&quot;14&quot;:{&quot;1&quot;:2,&quot;2&quot;:0},&quot;15&quot;:&quot;Arial&quot;,&quot;16&quot;:11,&quot;21&quot;:0,&quot;23&quot;:2}\" data-sheets-value=\"{&quot;1&quot;:2,&quot;2&quot;:&quot;Cocktail&quot;}\">Mini Dresses<\/span><\/p>\n<p><\/a><a href=\"\/en\/dresses-cocktail\/\"><\/p>\n<p style=\"\"><span data-sheets-userformat=\"{&quot;2&quot;:1325635,&quot;3&quot;:{&quot;1&quot;:0},&quot;4&quot;:{&quot;1&quot;:2,&quot;2&quot;:16777215},&quot;9&quot;:0,&quot;12&quot;:0,&quot;14&quot;:{&quot;1&quot;:2,&quot;2&quot;:0},&quot;15&quot;:&quot;Arial&quot;,&quot;16&quot;:11,&quot;21&quot;:0,&quot;23&quot;:2}\" data-sheets-value=\"{&quot;1&quot;:2,&quot;2&quot;:&quot;Cocktail&quot;}\" style=\"\">Cocktail<\/span><\/p>\n<p><\/a><a href=\"\/en\/dresses-evening-gowns\/\"><\/p>\n<p style=\"\"><span data-sheets-userformat=\"{&quot;2&quot;:1325635,&quot;3&quot;:{&quot;1&quot;:0},&quot;4&quot;:{&quot;1&quot;:2,&quot;2&quot;:16777215},&quot;9&quot;:0,&quot;12&quot;:0,&quot;14&quot;:{&quot;1&quot;:2,&quot;2&quot;:0},&quot;15&quot;:&quot;Arial&quot;,&quot;16&quot;:11,&quot;21&quot;:0,&quot;23&quot;:2}\" data-sheets-value=\"{&quot;1&quot;:2,&quot;2&quot;:&quot;Evening Gowns&quot;}\" style=\"\">Evening Gowns<\/span><\/p>\n<p><\/a><a href=\"\/en\/dresses-bridal\"><\/p>\n<p style=\"\"><span data-sheets-userformat=\"{&quot;2&quot;:1325639,&quot;3&quot;:{&quot;1&quot;:0},&quot;4&quot;:{&quot;1&quot;:2,&quot;2&quot;:16777215},&quot;5&quot;:{&quot;1&quot;:[{&quot;1&quot;:2,&quot;2&quot;:0,&quot;5&quot;:{&quot;1&quot;:2,&quot;2&quot;:16711680}},{&quot;1&quot;:0,&quot;2&quot;:0,&quot;3&quot;:3},{&quot;1&quot;:1,&quot;2&quot;:0,&quot;4&quot;:1}]},&quot;9&quot;:0,&quot;12&quot;:0,&quot;14&quot;:{&quot;1&quot;:2,&quot;2&quot;:0},&quot;15&quot;:&quot;Arial&quot;,&quot;16&quot;:11,&quot;21&quot;:0,&quot;23&quot;:2}\" data-sheets-value=\"{&quot;1&quot;:2,&quot;2&quot;:&quot;Bridal&quot;}\" style=\"\">Bridal<\/span><\/p>\n<p><\/a><a href=\"\/en\/dresses-girl-boss\/\"><\/p>\n<p style=\"\"><span data-sheets-userformat=\"{&quot;2&quot;:1325635,&quot;3&quot;:{&quot;1&quot;:0},&quot;4&quot;:{&quot;1&quot;:2,&quot;2&quot;:16777215},&quot;9&quot;:0,&quot;12&quot;:0,&quot;14&quot;:{&quot;1&quot;:2,&quot;2&quot;:0},&quot;15&quot;:&quot;Arial&quot;,&quot;16&quot;:11,&quot;21&quot;:0,&quot;23&quot;:2}\" data-sheets-value=\"{&quot;1&quot;:2,&quot;2&quot;:&quot;Evening Gowns&quot;}\" style=\"\"><span data-sheets-userformat=\"{&quot;2&quot;:1325635,&quot;3&quot;:{&quot;1&quot;:0},&quot;4&quot;:{&quot;1&quot;:2,&quot;2&quot;:16777215},&quot;9&quot;:0,&quot;12&quot;:0,&quot;14&quot;:{&quot;1&quot;:2,&quot;2&quot;:0},&quot;15&quot;:&quot;Arial&quot;,&quot;16&quot;:11,&quot;21&quot;:0,&quot;23&quot;:2}\" data-sheets-value=\"{&quot;1&quot;:2,&quot;2&quot;:&quot;Girl Boss Dresses&quot;}\" style=\"\">Girl Boss Dresses<\/span><\/span><\/p>\n<p><\/a><a href=\"\/en\/holiday-dresses\/\"><\/p>\n<p style=\"\"><span data-sheets-userformat=\"{&quot;2&quot;:1325639,&quot;3&quot;:{&quot;1&quot;:0},&quot;4&quot;:{&quot;1&quot;:2,&quot;2&quot;:16777215},&quot;5&quot;:{&quot;1&quot;:[{&quot;1&quot;:2,&quot;2&quot;:0,&quot;5&quot;:{&quot;1&quot;:2,&quot;2&quot;:16711680}},{&quot;1&quot;:0,&quot;2&quot;:0,&quot;3&quot;:3},{&quot;1&quot;:1,&quot;2&quot;:0,&quot;4&quot;:1}]},&quot;9&quot;:0,&quot;12&quot;:0,&quot;14&quot;:{&quot;1&quot;:2,&quot;2&quot;:0},&quot;15&quot;:&quot;Arial&quot;,&quot;16&quot;:11,&quot;21&quot;:0,&quot;23&quot;:2}\" data-sheets-value=\"{&quot;1&quot;:2,&quot;2&quot;:&quot;Bridal&quot;}\" style=\"\">Holiday Dresses<\/span><\/p>\n<p><\/a><\/p>\n<h3>Find the perfect outfit<\/h3>\n<p style=\"font-size: 16px !important;\">From mini dresses to enjoy a girls night out to the perfect &#8216;jefa&#8217; look. Feel <em>hermosa<\/em> from inside and out.&nbsp;<\/p>\n","protected":false},"excerpt":{"rendered":"<p>Haz ejercicio sin dejar el estilo atr\u00e1s. Seguro que has sentido que elegir un buen outfit de ropa deportiva para hacer ejercicio te ayuda a motivarte, a sacar fotos y a seguir con tus rutinas con m\u00e1s energ\u00eda. Encuentra m\u00e1s de 200 marcas, entre ellas las mejores marcas de ropa deportiva en un solo lugar. &hellip; <\/p>\n<p class=\"link-more\"><a href=\"https:\/\/hermosaz.com\/en\/clothing-activewear\/\" class=\"more-link\">Continue reading<span class=\"screen-reader-text\"> &#8220;Clothing Activewear&#8221;<\/span><\/a><\/p>\n","protected":false},"author":32,"featured_media":0,"parent":0,"menu_order":0,"comment_status":"closed","ping_status":"closed","template":"","meta":{"footnotes":""},"class_list":["post-72173","page","type-page","status-publish","hentry"],"publishpress_future_action":{"enabled":false,"date":"2026-04-12 01:01:38","action":"change-status","newStatus":"draft","terms":[],"taxonomy":"translation_priority"},"publishpress_future_workflow_manual_trigger":{"enabledWorkflows":[]},"rttpg_featured_image_url":null,"rttpg_author":{"display_name":"Rosa Magana","author_link":"https:\/\/hermosaz.com\/en\/author\/rosa\/"},"rttpg_comment":0,"rttpg_category":" <a href=\"https:\/\/hermosaz.com\/en\/?taxonomy=translation_priority&#038;term=optional\" rel=\"tag\">Optional<\/a>","rttpg_excerpt":"Haz ejercicio sin dejar el estilo atr\u00e1s. Seguro que has sentido que elegir un buen outfit de ropa deportiva para hacer ejercicio te ayuda a motivarte, a sacar fotos y a seguir con tus rutinas con m\u00e1s energ\u00eda. Encuentra m\u00e1s de 200 marcas, entre ellas las mejores marcas de ropa deportiva en un solo lugar.&hellip;","_links":{"self":[{"href":"https:\/\/hermosaz.com\/en\/wp-json\/wp\/v2\/pages\/72173","targetHints":{"allow":["GET"]}}],"collection":[{"href":"https:\/\/hermosaz.com\/en\/wp-json\/wp\/v2\/pages"}],"about":[{"href":"https:\/\/hermosaz.com\/en\/wp-json\/wp\/v2\/types\/page"}],"author":[{"embeddable":true,"href":"https:\/\/hermosaz.com\/en\/wp-json\/wp\/v2\/users\/32"}],"replies":[{"embeddable":true,"href":"https:\/\/hermosaz.com\/en\/wp-json\/wp\/v2\/comments?post=72173"}],"version-history":[{"count":3,"href":"https:\/\/hermosaz.com\/en\/wp-json\/wp\/v2\/pages\/72173\/revisions"}],"predecessor-version":[{"id":109805,"href":"https:\/\/hermosaz.com\/en\/wp-json\/wp\/v2\/pages\/72173\/revisions\/109805"}],"wp:attachment":[{"href":"https:\/\/hermosaz.com\/en\/wp-json\/wp\/v2\/media?parent=72173"}],"curies":[{"name":"wp","href":"https:\/\/api.w.org\/{rel}","templated":true}]}}