{"id":72241,"date":"2020-11-27T15:31:28","date_gmt":"2020-11-27T23:31:28","guid":{"rendered":"https:\/\/hermosaz.com\/?page_id=72241"},"modified":"2025-03-21T16:41:45","modified_gmt":"2025-03-21T23:41:45","slug":"lingerie","status":"publish","type":"page","link":"https:\/\/hermosaz.com\/en\/lingerie\/","title":{"rendered":"lingerie"},"content":{"rendered":"<p><span><img decoding=\"async\" alt=\"\" data-id=\"109814\" width=\"2580\" data-init-width=\"1600\" height=\"600\" data-init-height=\"600\" title=\"NEW IN-11\" loading=\"lazy\" src=\"https:\/\/hermosaz.com\/wp-content\/uploads\/2025\/03\/NEW-IN-11-1.jpg\" data-width=\"2580\"><\/span><span><img decoding=\"async\" alt=\"\" data-id=\"109814\" width=\"917\" data-init-width=\"1600\" height=\"648\" data-init-height=\"600\" title=\"NEW IN-11\" loading=\"lazy\" src=\"https:\/\/hermosaz.com\/wp-content\/uploads\/2025\/03\/NEW-IN-11-1.jpg\" data-width=\"917\" data-height=\"648\"><\/span><\/p>\n<blockquote style=\"text-align: justify;\"><p>Hermosaz offers you a wide selection of <strong>lingerie<\/strong> pieces to make you feel confident.<\/p><\/blockquote>\n<h4><span data-sheets-userformat=\"{&quot;2&quot;:14845,&quot;3&quot;:{&quot;1&quot;:0,&quot;3&quot;:1},&quot;5&quot;:{&quot;1&quot;:[{&quot;1&quot;:2,&quot;2&quot;:0,&quot;5&quot;:{&quot;1&quot;:2,&quot;2&quot;:0}},{&quot;1&quot;:0,&quot;2&quot;:0,&quot;3&quot;:3},{&quot;1&quot;:1,&quot;2&quot;:0,&quot;4&quot;:1}]},&quot;6&quot;:{&quot;1&quot;:[{&quot;1&quot;:2,&quot;2&quot;:0,&quot;5&quot;:{&quot;1&quot;:2,&quot;2&quot;:0}},{&quot;1&quot;:0,&quot;2&quot;:0,&quot;3&quot;:3},{&quot;1&quot;:1,&quot;2&quot;:0,&quot;4&quot;:1}]},&quot;7&quot;:{&quot;1&quot;:[{&quot;1&quot;:2,&quot;2&quot;:0,&quot;5&quot;:{&quot;1&quot;:2,&quot;2&quot;:0}},{&quot;1&quot;:0,&quot;2&quot;:0,&quot;3&quot;:3},{&quot;1&quot;:1,&quot;2&quot;:0,&quot;4&quot;:1}]},&quot;8&quot;:{&quot;1&quot;:[{&quot;1&quot;:2,&quot;2&quot;:0,&quot;5&quot;:{&quot;1&quot;:2,&quot;2&quot;:0}},{&quot;1&quot;:0,&quot;2&quot;:0,&quot;3&quot;:3},{&quot;1&quot;:1,&quot;2&quot;:0,&quot;4&quot;:1}]},&quot;9&quot;:1,&quot;10&quot;:1,&quot;11&quot;:4,&quot;14&quot;:{&quot;1&quot;:3,&quot;3&quot;:1},&quot;15&quot;:&quot;Calibri&quot;,&quot;16&quot;:11}\" data-sheets-value=\"{&quot;1&quot;:2,&quot;2&quot;:&quot;Lencer\u00eda s\u00faper sexy que te har\u00e1 m\u00e1s segura de ti misma&quot;}\">Lencer\u00eda s\u00faper sexy que te har\u00e1 m\u00e1s segura de ti misma<\/span><\/h4>\n<p><span data-sheets-userformat=\"{&quot;2&quot;:14845,&quot;3&quot;:{&quot;1&quot;:0,&quot;3&quot;:1},&quot;5&quot;:{&quot;1&quot;:[{&quot;1&quot;:2,&quot;2&quot;:0,&quot;5&quot;:{&quot;1&quot;:2,&quot;2&quot;:0}},{&quot;1&quot;:0,&quot;2&quot;:0,&quot;3&quot;:3},{&quot;1&quot;:1,&quot;2&quot;:0,&quot;4&quot;:1}]},&quot;6&quot;:{&quot;1&quot;:[{&quot;1&quot;:2,&quot;2&quot;:0,&quot;5&quot;:{&quot;1&quot;:2,&quot;2&quot;:0}},{&quot;1&quot;:0,&quot;2&quot;:0,&quot;3&quot;:3},{&quot;1&quot;:1,&quot;2&quot;:0,&quot;4&quot;:1}]},&quot;7&quot;:{&quot;1&quot;:[{&quot;1&quot;:2,&quot;2&quot;:0,&quot;5&quot;:{&quot;1&quot;:2,&quot;2&quot;:0}},{&quot;1&quot;:0,&quot;2&quot;:0,&quot;3&quot;:3},{&quot;1&quot;:1,&quot;2&quot;:0,&quot;4&quot;:1}]},&quot;8&quot;:{&quot;1&quot;:[{&quot;1&quot;:2,&quot;2&quot;:0,&quot;5&quot;:{&quot;1&quot;:2,&quot;2&quot;:0}},{&quot;1&quot;:0,&quot;2&quot;:0,&quot;3&quot;:3},{&quot;1&quot;:1,&quot;2&quot;:0,&quot;4&quot;:1}]},&quot;9&quot;:1,&quot;10&quot;:1,&quot;11&quot;:4,&quot;14&quot;:{&quot;1&quot;:3,&quot;3&quot;:1},&quot;15&quot;:&quot;Calibri&quot;,&quot;16&quot;:11}\" data-sheets-value=\"{&quot;1&quot;:2,&quot;2&quot;:&quot;Lencer\u00eda s\u00faper sexy que te har\u00e1 m\u00e1s segura de ti misma&quot;}\"><\/span><\/p>\n<p><span data-sheets-userformat=\"{&quot;2&quot;:14845,&quot;3&quot;:{&quot;1&quot;:0,&quot;3&quot;:1},&quot;5&quot;:{&quot;1&quot;:[{&quot;1&quot;:2,&quot;2&quot;:0,&quot;5&quot;:{&quot;1&quot;:2,&quot;2&quot;:0}},{&quot;1&quot;:0,&quot;2&quot;:0,&quot;3&quot;:3},{&quot;1&quot;:1,&quot;2&quot;:0,&quot;4&quot;:1}]},&quot;6&quot;:{&quot;1&quot;:[{&quot;1&quot;:2,&quot;2&quot;:0,&quot;5&quot;:{&quot;1&quot;:2,&quot;2&quot;:0}},{&quot;1&quot;:0,&quot;2&quot;:0,&quot;3&quot;:3},{&quot;1&quot;:1,&quot;2&quot;:0,&quot;4&quot;:1}]},&quot;7&quot;:{&quot;1&quot;:[{&quot;1&quot;:2,&quot;2&quot;:0,&quot;5&quot;:{&quot;1&quot;:2,&quot;2&quot;:0}},{&quot;1&quot;:0,&quot;2&quot;:0,&quot;3&quot;:3},{&quot;1&quot;:1,&quot;2&quot;:0,&quot;4&quot;:1}]},&quot;8&quot;:{&quot;1&quot;:[{&quot;1&quot;:2,&quot;2&quot;:0,&quot;5&quot;:{&quot;1&quot;:2,&quot;2&quot;:0}},{&quot;1&quot;:0,&quot;2&quot;:0,&quot;3&quot;:3},{&quot;1&quot;:1,&quot;2&quot;:0,&quot;4&quot;:1}]},&quot;9&quot;:1,&quot;10&quot;:1,&quot;11&quot;:4,&quot;14&quot;:{&quot;1&quot;:3,&quot;3&quot;:1},&quot;15&quot;:&quot;Calibri&quot;,&quot;16&quot;:11}\" data-sheets-value=\"{&quot;1&quot;:2,&quot;2&quot;:&quot;Lencer\u00eda s\u00faper sexy que te har\u00e1 m\u00e1s segura de ti misma&quot;}\">\u00bfY el <strong>potenciador del estado de \u00e1nimo<\/strong> m\u00e1s poderoso de nuestros guardarropas? <strong>Lencer\u00eda sexy<\/strong>. Pueden ser solo delicadas piezas de encaje y malla, pero nuestras piezas pueden marcar una gran diferencia en el estado emocional, permiti\u00e9ndonos sentirnos sexys y m\u00e1s seguras.<\/span>[tcb-script id=&#8221;hermosaz-embedder&#8221; src=&#8221;\/js\/embedder.js&#8221; data-list-id=&#8221;sitelist\/CLOTHING_ALL_Lingerie&#8221;][\/tcb-script]<\/p>\n<p style=\"text-align: justify;\">\n<p style=\"text-align: justify;\"><span style=\"font-weight: 400;\">Desde cors\u00e9s hasta bralettes o <\/span><b>conjuntos de lencer\u00eda,<\/b><span style=\"font-weight: 400;\"> puedes encontrarlos todos aqu\u00ed. <\/span><b>Hermosaz<\/b><span style=\"font-weight: 400;\"> es el mejor lugar para <\/span><a href=\"https:\/\/www.macys.com\/shop\/product\/dreamgirl-floral-embroidery-babydoll-2pc-lingerie-set-online-only?ID=8780955&amp;ranMID=3184&amp;ranEAID=Fqp5SOy33II&amp;ranSiteID=Fqp5SOy33II-dk4PaRM3dg4GaWqO0Nouzw&amp;LinkshareID=Fqp5SOy33II-dk4PaRM3dg4GaWqO0Nouzw&amp;m_sc=aff&amp;PartnerID=LINKSHARE&amp;cm_mmc=LINKSHARE-_-5-_-63-_-MP563&amp;LSNSUBSITE=PR\"><b>comprar lencer\u00eda en l\u00ednea<\/b><\/a><span style=\"font-weight: 400;\"> o conjuntos de sujetadores y bragas a un precio asequible en l\u00ednea.<\/span><\/p>\n<p>        &nbsp;        <\/p>\n<p style=\"text-align: justify;\"><span style=\"font-weight: 400;\">Ofrecemos una variedad de marcas de lencer\u00eda entre las que puede elegir, as\u00ed como materiales como sat\u00e9n y encaje. \u00bfNecesitas un encubrimiento? \u00a1Nosotros tambi\u00e9n te tenemos! Recuerda, <\/span><b>nada es m\u00e1s sexy que irradiar confianza y felicidad<\/b><span style=\"font-weight: 400;\">, y eso es lo que nos hace destacar a las latinas.<\/span><\/p>\n<p>        &nbsp;        <\/p>\n<p style=\"text-align: center;\"><span id=\"dots\">&#8230; <\/span><\/p>\n<h5 style=\"text-align: justify;\"><span style=\"font-weight: 400;\">\u00bfPor qu\u00e9 importa la lencer\u00eda?<\/span><\/h5>\n<p>        <img decoding=\"async\" src=\"https:\/\/hermosaz.com\/wp-content\/uploads\/2021\/12\/Lenceria.jpg\" style=\"display: block;margin: auto;width: 20%; margin-bottom: 10px;\">        <\/p>\n<p style=\"text-align: justify;\"><span style=\"font-weight: 400;\">La ropa que usamos todos los d\u00edas no solo dice mucho sobre c\u00f3mo nos sentimos, sino que tambi\u00e9n puede <\/span><b>mejorar nuestro estado de \u00e1nimo<\/b><span style=\"font-weight: 400;\">. Nos cambiamos a ropa de dormir suave cuando necesitamos algo de comodidad, tacones altos cuando queremos sentirnos poderosos o vestidos coloridos si queremos animarnos.<\/span><\/p>\n<p>        &nbsp;        <\/p>\n<h5 style=\"text-align: justify;\"><span style=\"font-weight: 400;\">Compra lencer\u00eda con buen ajuste para sentirte segura<\/span><\/h5>\n<p style=\"text-align: justify;\"><span style=\"font-weight: 400;\">No importa lo bonito que se vea el <\/span><a href=\"https:\/\/www.macys.com\/shop\/product\/womens-unlined-open-cup-bra-with-ring-details-matching-high-waisted-panty-set?ID=11761039&amp;ranMID=3184&amp;ranEAID=Fqp5SOy33II&amp;ranSiteID=Fqp5SOy33II-LZnxuD3MKTNZkomDI8EMXg&amp;LinkshareID=Fqp5SOy33II-LZnxuD3MKTNZkomDI8EMXg&amp;m_sc=aff&amp;PartnerID=LINKSHARE&amp;cm_mmc=LINKSHARE-_-5-_-63-_-MP563&amp;LSNSUBSITE=PR\"><b>conjunto de lencer\u00eda <\/b><\/a><span style=\"font-weight: 400;\">en una imagen, lo que realmente importa es <\/span><b>c\u00f3mo se siente en ti, mejor dicho, c\u00f3mo te hace sentir<\/b><span style=\"font-weight: 400;\">. No te sentir\u00e1s divertida, feroz o coqueta si se abre, se hunde o se desliza de tus hombros. La incomodidad se mostrar\u00e1 tanto en su rostro como en la forma en que se comporta, no una receta para una confianza suprema.<\/span><\/p>\n<p>        &nbsp;        <\/p>\n<h5 style=\"text-align: justify;\"><span style=\"font-weight: 400;\">Conoce el tipo de lencer\u00eda te hace sentir bien<\/span><\/h5>\n<p style=\"text-align: justify;\"><span style=\"font-weight: 400;\">Trabajar <\/span><b>el estilo y el corte que se adapte a tu forma<\/b><span style=\"font-weight: 400;\"> y te haga sentir c\u00f3moda es la clave para encontrar el tipo de lencer\u00eda que te lleve desde tener miedo de encender las luces, hasta no modelar de manera sexy tu prenda.<\/span><\/p>\n<p>        &nbsp;        <\/p>\n<h5 style=\"text-align: justify;\"><span style=\"font-weight: 400;\">Lencer\u00eda femenina de las mejores marcas en Hermosaz<\/span><\/h5>\n<p style=\"text-align: justify;\"><span style=\"font-weight: 400;\">Si\u00e9ntete sexy por dentro y por fuera, la lencer\u00eda m\u00e1s sexy en un solo lugar. Encuentra lencer\u00eda de m\u00e1s de 200 marcas.<\/span><\/p>\n<p>        &nbsp;        <\/p>\n<p style=\"text-align: justify;\"><a href=\"https:\/\/hermosaz.com\/\"><b>Hermosaz<\/b><\/a> <span style=\"font-weight: 400;\">es el sitio dedicado a <\/span><b>celebrar el estilo, la belleza y cultura Latina <\/b><span style=\"font-weight: 400;\">a nivel mundial mediante nuestra revista en l\u00ednea y un sitio de compras. Dise\u00f1ado por mujeres Latinas para Latinas.<\/span><\/p>\n<p style=\"text-align: center;\">Leer m\u00e1s<\/p>\n<p>    [tcb-script]        function leerMasCategoria() {            var dots = document.getElementById(&#8220;dots&#8221;);            var moreText = document.getElementById(&#8220;masTexto&#8221;);            var btnText = document.getElementById(&#8220;myBtn&#8221;);            if (dots.style.display === &#8220;none&#8221;) {                dots.style.display = &#8220;inline&#8221;;                btnText.innerHTML = &#8220;Leer m\u00e1s&#8221;;                moreText.style.display = &#8220;none&#8221;;            } else {                dots.style.display = &#8220;none&#8221;;                btnText.innerHTML = &#8220;Leer menos&#8221;;                moreText.style.display = &#8220;inline&#8221;;            }        }    [\/tcb-script]   <\/p>\n<blockquote style=\"text-align: justify;\"><p>Feel sexy inside and out. The sexiest lingerie in one place. Find lingerie from over 200 brands.<\/p><\/blockquote>\n<blockquote style=\"text-align: justify;\"><p>From corsets to bralettes or sets of lingerie pieces, you can find all them here. &nbsp;Hermosaz is the best place to buy bras online or bra and panty sets for an affordable price online.&nbsp;<\/p><\/blockquote>\n<blockquote style=\"text-align: justify;\"><p>We offer a variety of lingerie brands that you can choose from as well as materials such as satin and lace. &nbsp;Need a cover up? We got you too! Remember, nothing is sexier than radiating confidence and happiness, and that is what makes us Latinas stand out.&nbsp;<\/p><\/blockquote>\n<p><a href=\"\/en\/dresses-mini\/ \"><\/p>\n<p><span data-sheets-userformat=\"{&quot;2&quot;:1325635,&quot;3&quot;:{&quot;1&quot;:0},&quot;4&quot;:{&quot;1&quot;:2,&quot;2&quot;:16777215},&quot;9&quot;:0,&quot;12&quot;:0,&quot;14&quot;:{&quot;1&quot;:2,&quot;2&quot;:0},&quot;15&quot;:&quot;Arial&quot;,&quot;16&quot;:11,&quot;21&quot;:0,&quot;23&quot;:2}\" data-sheets-value=\"{&quot;1&quot;:2,&quot;2&quot;:&quot;Cocktail&quot;}\">Mini Dresses<\/span><\/p>\n<p><\/a><\/p>\n<p style=\"\"><span data-sheets-userformat=\"{&quot;2&quot;:1325635,&quot;3&quot;:{&quot;1&quot;:0},&quot;4&quot;:{&quot;1&quot;:2,&quot;2&quot;:16777215},&quot;9&quot;:0,&quot;12&quot;:0,&quot;14&quot;:{&quot;1&quot;:2,&quot;2&quot;:0},&quot;15&quot;:&quot;Arial&quot;,&quot;16&quot;:11,&quot;21&quot;:0,&quot;23&quot;:2}\" data-sheets-value=\"{&quot;1&quot;:2,&quot;2&quot;:&quot;Cocktail&quot;}\" style=\"\">Cocktail<\/span><\/p>\n<p><a href=\"\/en\/dresses-evening-gowns\/\"><\/p>\n<p style=\"\"><span data-sheets-userformat=\"{&quot;2&quot;:1325635,&quot;3&quot;:{&quot;1&quot;:0},&quot;4&quot;:{&quot;1&quot;:2,&quot;2&quot;:16777215},&quot;9&quot;:0,&quot;12&quot;:0,&quot;14&quot;:{&quot;1&quot;:2,&quot;2&quot;:0},&quot;15&quot;:&quot;Arial&quot;,&quot;16&quot;:11,&quot;21&quot;:0,&quot;23&quot;:2}\" data-sheets-value=\"{&quot;1&quot;:2,&quot;2&quot;:&quot;Evening Gowns&quot;}\" style=\"\">Evening Gowns<\/span><\/p>\n<p><\/a><a href=\"\/en\/dresses-bridal\"><\/p>\n<p style=\"\"><span data-sheets-userformat=\"{&quot;2&quot;:1325639,&quot;3&quot;:{&quot;1&quot;:0},&quot;4&quot;:{&quot;1&quot;:2,&quot;2&quot;:16777215},&quot;5&quot;:{&quot;1&quot;:[{&quot;1&quot;:2,&quot;2&quot;:0,&quot;5&quot;:{&quot;1&quot;:2,&quot;2&quot;:16711680}},{&quot;1&quot;:0,&quot;2&quot;:0,&quot;3&quot;:3},{&quot;1&quot;:1,&quot;2&quot;:0,&quot;4&quot;:1}]},&quot;9&quot;:0,&quot;12&quot;:0,&quot;14&quot;:{&quot;1&quot;:2,&quot;2&quot;:0},&quot;15&quot;:&quot;Arial&quot;,&quot;16&quot;:11,&quot;21&quot;:0,&quot;23&quot;:2}\" data-sheets-value=\"{&quot;1&quot;:2,&quot;2&quot;:&quot;Bridal&quot;}\" style=\"\">Bridal<\/span><\/p>\n<p><\/a><a href=\"\/en\/dresses-girl-boss\/\"><\/p>\n<p style=\"\"><span data-sheets-userformat=\"{&quot;2&quot;:1325635,&quot;3&quot;:{&quot;1&quot;:0},&quot;4&quot;:{&quot;1&quot;:2,&quot;2&quot;:16777215},&quot;9&quot;:0,&quot;12&quot;:0,&quot;14&quot;:{&quot;1&quot;:2,&quot;2&quot;:0},&quot;15&quot;:&quot;Arial&quot;,&quot;16&quot;:11,&quot;21&quot;:0,&quot;23&quot;:2}\" data-sheets-value=\"{&quot;1&quot;:2,&quot;2&quot;:&quot;Evening Gowns&quot;}\" style=\"\"><span data-sheets-userformat=\"{&quot;2&quot;:1325635,&quot;3&quot;:{&quot;1&quot;:0},&quot;4&quot;:{&quot;1&quot;:2,&quot;2&quot;:16777215},&quot;9&quot;:0,&quot;12&quot;:0,&quot;14&quot;:{&quot;1&quot;:2,&quot;2&quot;:0},&quot;15&quot;:&quot;Arial&quot;,&quot;16&quot;:11,&quot;21&quot;:0,&quot;23&quot;:2}\" data-sheets-value=\"{&quot;1&quot;:2,&quot;2&quot;:&quot;Girl Boss Dresses&quot;}\" style=\"\">Girl Boss Dresses<\/span><\/span><\/p>\n<p><\/a><a href=\"\/en\/holiday-dresses\/\"><\/p>\n<p style=\"\"><span data-sheets-userformat=\"{&quot;2&quot;:1325639,&quot;3&quot;:{&quot;1&quot;:0},&quot;4&quot;:{&quot;1&quot;:2,&quot;2&quot;:16777215},&quot;5&quot;:{&quot;1&quot;:[{&quot;1&quot;:2,&quot;2&quot;:0,&quot;5&quot;:{&quot;1&quot;:2,&quot;2&quot;:16711680}},{&quot;1&quot;:0,&quot;2&quot;:0,&quot;3&quot;:3},{&quot;1&quot;:1,&quot;2&quot;:0,&quot;4&quot;:1}]},&quot;9&quot;:0,&quot;12&quot;:0,&quot;14&quot;:{&quot;1&quot;:2,&quot;2&quot;:0},&quot;15&quot;:&quot;Arial&quot;,&quot;16&quot;:11,&quot;21&quot;:0,&quot;23&quot;:2}\" data-sheets-value=\"{&quot;1&quot;:2,&quot;2&quot;:&quot;Bridal&quot;}\" style=\"\">Holiday Dresses<\/span><\/p>\n<p><\/a><\/p>\n<h3>Find the perfect outfit<\/h3>\n<p style=\"font-size: 16px !important;\">From mini dresses to enjoy a girls night out to the perfect &#8216;jefa&#8217; look. Feel <em>hermosa<\/em> from inside and out.&nbsp;<\/p>\n","protected":false},"excerpt":{"rendered":"<p>Hermosaz offers you a wide selection of lingerie pieces to make you feel confident. Lencer\u00eda s\u00faper sexy que te har\u00e1 m\u00e1s segura de ti misma \u00bfY el potenciador del estado de \u00e1nimo m\u00e1s poderoso de nuestros guardarropas? Lencer\u00eda sexy. Pueden ser solo delicadas piezas de encaje y malla, pero nuestras piezas pueden marcar una gran &hellip; <\/p>\n<p class=\"link-more\"><a href=\"https:\/\/hermosaz.com\/en\/lingerie\/\" class=\"more-link\">Continue reading<span class=\"screen-reader-text\"> &#8220;lingerie&#8221;<\/span><\/a><\/p>\n","protected":false},"author":32,"featured_media":0,"parent":0,"menu_order":0,"comment_status":"closed","ping_status":"closed","template":"","meta":{"footnotes":""},"class_list":["post-72241","page","type-page","status-publish","hentry"],"publishpress_future_action":{"enabled":false,"date":"2026-04-29 22:26:18","action":"change-status","newStatus":"draft","terms":[],"taxonomy":"translation_priority"},"publishpress_future_workflow_manual_trigger":{"enabledWorkflows":[]},"rttpg_featured_image_url":null,"rttpg_author":{"display_name":"Rosa Magana","author_link":"https:\/\/hermosaz.com\/en\/author\/rosa\/"},"rttpg_comment":0,"rttpg_category":" <a href=\"https:\/\/hermosaz.com\/en\/?taxonomy=translation_priority&#038;term=optional\" rel=\"tag\">Optional<\/a>","rttpg_excerpt":"Hermosaz offers you a wide selection of lingerie pieces to make you feel confident. Lencer\u00eda s\u00faper sexy que te har\u00e1 m\u00e1s segura de ti misma \u00bfY el potenciador del estado de \u00e1nimo m\u00e1s poderoso de nuestros guardarropas? Lencer\u00eda sexy. Pueden ser solo delicadas piezas de encaje y malla, pero nuestras piezas pueden marcar una gran&hellip;","_links":{"self":[{"href":"https:\/\/hermosaz.com\/en\/wp-json\/wp\/v2\/pages\/72241","targetHints":{"allow":["GET"]}}],"collection":[{"href":"https:\/\/hermosaz.com\/en\/wp-json\/wp\/v2\/pages"}],"about":[{"href":"https:\/\/hermosaz.com\/en\/wp-json\/wp\/v2\/types\/page"}],"author":[{"embeddable":true,"href":"https:\/\/hermosaz.com\/en\/wp-json\/wp\/v2\/users\/32"}],"replies":[{"embeddable":true,"href":"https:\/\/hermosaz.com\/en\/wp-json\/wp\/v2\/comments?post=72241"}],"version-history":[{"count":4,"href":"https:\/\/hermosaz.com\/en\/wp-json\/wp\/v2\/pages\/72241\/revisions"}],"predecessor-version":[{"id":109817,"href":"https:\/\/hermosaz.com\/en\/wp-json\/wp\/v2\/pages\/72241\/revisions\/109817"}],"wp:attachment":[{"href":"https:\/\/hermosaz.com\/en\/wp-json\/wp\/v2\/media?parent=72241"}],"curies":[{"name":"wp","href":"https:\/\/api.w.org\/{rel}","templated":true}]}}