{"id":73017,"date":"2020-12-06T11:28:01","date_gmt":"2020-12-06T19:28:01","guid":{"rendered":"https:\/\/hermosaz.com\/?page_id=73017"},"modified":"2025-02-11T15:13:39","modified_gmt":"2025-02-11T23:13:39","slug":"shoes-heels","status":"publish","type":"page","link":"https:\/\/hermosaz.com\/en\/shoes-heels\/","title":{"rendered":"Shoes Heels"},"content":{"rendered":"<p><span><img decoding=\"async\" alt=\"\" data-id=\"108749\" width=\"1140\" data-init-width=\"1600\" height=\"600\" data-init-height=\"600\" title=\"winter-6\" loading=\"lazy\" src=\"https:\/\/hermosaz.com\/wp-content\/uploads\/2025\/02\/winter-6.jpg\" data-width=\"1140\"><\/span><span><img decoding=\"async\" alt=\"Heels x Hermosaz\" data-id=\"83618\" width=\"0\" data-init-width=\"917\" height=\"0\" data-init-height=\"648\" title=\"Heels x Hermosaz\" loading=\"lazy\" src=\"https:\/\/hermosaz.com\/wp-content\/uploads\/2021\/04\/14.png\" data-width=\"0\" data-height=\"0\"><\/span><\/p>\n<p dir=\"ltr\" style=\"\">La magia de los tacones no solo involucra el aspecto elegante, sino que tambi\u00e9n tienen el potencial de levantar tus gl\u00fateos entre un 20% y un 30%, hacen que las piernas se vean m\u00e1s largas y cambian el paso de una mujer a un estilo que los hombres consideran m\u00e1s atractivo. \u00bfQuieres saber m\u00e1s ventajas?<\/p>\n<p>[tcb-script id=&#8221;hermosaz-embedder&#8221; src=&#8221;\/js\/embedder.js&#8221; data-list-id=&#8221;sitelist\/SHOES_STYLE_Heels&#8221;][\/tcb-script]   <\/p>\n<p dir=\"ltr\">Hermosaz te ofrece una amplia gama de los<a href=\"https:\/\/www.macys.com\/shop\/product\/inc-international-concepts-womens-kenina-crystal-ornament-slingback-heels-created-for-macys?ID=11225149&amp;ranMID=3184&amp;ranEAID=Fqp5SOy33II&amp;ranSiteID=Fqp5SOy33II-mt0LBG6jOmyTKb0HDUeCAg&amp;LinkshareID=Fqp5SOy33II-mt0LBG6jOmyTKb0HDUeCAg&amp;m_sc=aff&amp;PartnerID=LINKSHARE&amp;cm_mmc=LINKSHARE-_-5-_-63-_-MP563&amp;LSNSUBSITE=PR&amp;intnl=true\"> tacones<\/a> m\u00e1s lindos, todo en un solo lugar. Podr\u00e1s encontrar tacones de m\u00e1s de 200 marcas a los mejores precios.<\/p>\n<p dir=\"ltr\">Los tacones no solo elevan tu apariencia, sino que cuando sales a la calle, haces que la habitaci\u00f3n se detenga y te mire. Ese es el tipo de representaci\u00f3n e impresi\u00f3n que queremos dar, especialmente en una reuni\u00f3n o, \u00a1incluso en un d\u00eda con tus amigas!<\/p>\n<p dir=\"ltr\">Hermosaz quiere que la experiencia de compra sea divertida y asequible para ti. Ya sea que te gusten los tacones de sandalia cortos o los tacones altos, tenemos muchos tipos de tacones y todo lo dem\u00e1s.<\/p>\n<p dir=\"ltr\">Nuestras fashionistas latinas personales tambi\u00e9n est\u00e1n al tanto de las \u00faltimas tendencias en <a href=\"https:\/\/www.tbdress.com\/product\/Open-Toe-Line-Style-Buckle-Stiletto-Heel-Heel-Covering-Banquet-Sandals-30180059.html?ref=linkshare&amp;siteID=Fqp5SOy33II-q1xLoJneeaop5EJKiD03FQ&amp;utm_source=affiliatemarketing&amp;utm_medium=ls&amp;utm_campaign=7897\">tacones<\/a>, por lo que es m\u00e1s f\u00e1cil para ti encontrar el tal\u00f3n actual que debes tener. Por ejemplo, si no has agregado tacones de punta cuadrada a tu colecci\u00f3n de tacones, este es el momento de hacerlo.<\/p>\n<h2 dir=\"ltr\" style=\"text-align: left;\"><span style=\"font-size: 27px;\">Ventajas de usar tacones<\/span><\/h2>\n<p ltr\"\"=\"\">\n<ol>\n<li dir=\"ltr\">Los tacones hacen m\u00e1s atractivo nuestro andar<\/li>\n<li dir=\"ltr\">Nos hacen parecer m\u00e1s femeninas<\/li>\n<li dir=\"ltr\">Los tacones son c\u00f3digo de vestimenta de la oficina<\/li>\n<li dir=\"ltr\">Est\u00e1n arraigados culturalmente<\/li>\n<li dir=\"ltr\">Los tacones fortalecen las pantorrillas<\/li>\n<li dir=\"ltr\">Los tacones atraen m\u00e1s la atenci\u00f3n masculina<\/li>\n<li dir=\"ltr\">Simbolizan el poder<\/li>\n<li dir=\"ltr\">Los tacones son un impulso instant\u00e1neo de confianza<\/li>\n<\/ol>\n<h2 dir=\"ltr\"><\/h2>\n<h2 dir=\"ltr\" style=\"text-align: left;\">\u00a1Compra tacones y los mejores calzados en Hermosaz!<\/h2>\n<p dir=\"ltr\"><a href=\"https:\/\/hermosaz.com\/\" style=\"outline: none;\">Hermosaz <\/a>es el sitio dedicado a celebrar el estilo, la belleza y cultura Latina a nivel mundial mediante nuestra revista en l\u00ednea y un sitio de compras. Dise\u00f1ado por mujeres Latinas para Latinas.<\/p>\n<p dir=\"ltr\">En nuestra tienda de ropa, productos de belleza online y accesorios para mujer, podr\u00e1s descubrir las \u00faltimas tendencias + comprar tus productos favoritos. Hermosaz.com est\u00e1 afiliada a m\u00e1s de 200 tiendas que ofrecen env\u00edos a todo el mundo.<\/p>\n<p><a href=\"\/en\/dresses-mini\/\"><\/p>\n<p><span data-sheets-userformat=\"{&quot;2&quot;:1325635,&quot;3&quot;:{&quot;1&quot;:0},&quot;4&quot;:{&quot;1&quot;:2,&quot;2&quot;:16777215},&quot;9&quot;:0,&quot;12&quot;:0,&quot;14&quot;:{&quot;1&quot;:2,&quot;2&quot;:0},&quot;15&quot;:&quot;Arial&quot;,&quot;16&quot;:11,&quot;21&quot;:0,&quot;23&quot;:2}\" data-sheets-value=\"{&quot;1&quot;:2,&quot;2&quot;:&quot;Cocktail&quot;}\">Mini Dresses<\/span><\/p>\n<p><\/a><a href=\"\/en\/dresses-cocktail\/\"><\/p>\n<p style=\"\"><span data-sheets-userformat=\"{&quot;2&quot;:1325635,&quot;3&quot;:{&quot;1&quot;:0},&quot;4&quot;:{&quot;1&quot;:2,&quot;2&quot;:16777215},&quot;9&quot;:0,&quot;12&quot;:0,&quot;14&quot;:{&quot;1&quot;:2,&quot;2&quot;:0},&quot;15&quot;:&quot;Arial&quot;,&quot;16&quot;:11,&quot;21&quot;:0,&quot;23&quot;:2}\" data-sheets-value=\"{&quot;1&quot;:2,&quot;2&quot;:&quot;Cocktail&quot;}\" style=\"\">Cocktail<\/span><\/p>\n<p><\/a><a href=\"\/en\/dresses-evening-gowns\/\"><\/p>\n<p style=\"\"><span data-sheets-userformat=\"{&quot;2&quot;:1325635,&quot;3&quot;:{&quot;1&quot;:0},&quot;4&quot;:{&quot;1&quot;:2,&quot;2&quot;:16777215},&quot;9&quot;:0,&quot;12&quot;:0,&quot;14&quot;:{&quot;1&quot;:2,&quot;2&quot;:0},&quot;15&quot;:&quot;Arial&quot;,&quot;16&quot;:11,&quot;21&quot;:0,&quot;23&quot;:2}\" data-sheets-value=\"{&quot;1&quot;:2,&quot;2&quot;:&quot;Evening Gowns&quot;}\" style=\"\">Evening Gowns<\/span><\/p>\n<p><\/a><a href=\"\/en\/dresses-bridal\"><\/p>\n<p style=\"\"><span data-sheets-userformat=\"{&quot;2&quot;:1325639,&quot;3&quot;:{&quot;1&quot;:0},&quot;4&quot;:{&quot;1&quot;:2,&quot;2&quot;:16777215},&quot;5&quot;:{&quot;1&quot;:[{&quot;1&quot;:2,&quot;2&quot;:0,&quot;5&quot;:{&quot;1&quot;:2,&quot;2&quot;:16711680}},{&quot;1&quot;:0,&quot;2&quot;:0,&quot;3&quot;:3},{&quot;1&quot;:1,&quot;2&quot;:0,&quot;4&quot;:1}]},&quot;9&quot;:0,&quot;12&quot;:0,&quot;14&quot;:{&quot;1&quot;:2,&quot;2&quot;:0},&quot;15&quot;:&quot;Arial&quot;,&quot;16&quot;:11,&quot;21&quot;:0,&quot;23&quot;:2}\" data-sheets-value=\"{&quot;1&quot;:2,&quot;2&quot;:&quot;Bridal&quot;}\" style=\"\">Bridal<\/span><\/p>\n<p><\/a><a href=\"\/en\/dresses-girl-boss\/\"><\/p>\n<p style=\"\"><span data-sheets-userformat=\"{&quot;2&quot;:1325635,&quot;3&quot;:{&quot;1&quot;:0},&quot;4&quot;:{&quot;1&quot;:2,&quot;2&quot;:16777215},&quot;9&quot;:0,&quot;12&quot;:0,&quot;14&quot;:{&quot;1&quot;:2,&quot;2&quot;:0},&quot;15&quot;:&quot;Arial&quot;,&quot;16&quot;:11,&quot;21&quot;:0,&quot;23&quot;:2}\" data-sheets-value=\"{&quot;1&quot;:2,&quot;2&quot;:&quot;Evening Gowns&quot;}\" style=\"\"><span data-sheets-userformat=\"{&quot;2&quot;:1325635,&quot;3&quot;:{&quot;1&quot;:0},&quot;4&quot;:{&quot;1&quot;:2,&quot;2&quot;:16777215},&quot;9&quot;:0,&quot;12&quot;:0,&quot;14&quot;:{&quot;1&quot;:2,&quot;2&quot;:0},&quot;15&quot;:&quot;Arial&quot;,&quot;16&quot;:11,&quot;21&quot;:0,&quot;23&quot;:2}\" data-sheets-value=\"{&quot;1&quot;:2,&quot;2&quot;:&quot;Girl Boss Dresses&quot;}\" style=\"\">Girl Boss Dresses<\/span><\/span><\/p>\n<p><\/a><a href=\"\/en\/holiday-dresses\/\" target=\"_blank\" rel=\"noopener\"><\/p>\n<p style=\"\"><span data-sheets-userformat=\"{&quot;2&quot;:1325639,&quot;3&quot;:{&quot;1&quot;:0},&quot;4&quot;:{&quot;1&quot;:2,&quot;2&quot;:16777215},&quot;5&quot;:{&quot;1&quot;:[{&quot;1&quot;:2,&quot;2&quot;:0,&quot;5&quot;:{&quot;1&quot;:2,&quot;2&quot;:16711680}},{&quot;1&quot;:0,&quot;2&quot;:0,&quot;3&quot;:3},{&quot;1&quot;:1,&quot;2&quot;:0,&quot;4&quot;:1}]},&quot;9&quot;:0,&quot;12&quot;:0,&quot;14&quot;:{&quot;1&quot;:2,&quot;2&quot;:0},&quot;15&quot;:&quot;Arial&quot;,&quot;16&quot;:11,&quot;21&quot;:0,&quot;23&quot;:2}\" data-sheets-value=\"{&quot;1&quot;:2,&quot;2&quot;:&quot;Bridal&quot;}\" style=\"\">Holiday Dresses<\/span><\/p>\n<p><\/a><\/p>\n<h3>Find the perfect outfit<\/h3>\n<p style=\"font-size: 16px !important;\">From mini dresses to enjoy a girls night out to the perfect &#8216;jefa&#8217; look. Feel <em>hermosa<\/em> from inside and out.&nbsp;<\/p>\n","protected":false},"excerpt":{"rendered":"<p>La magia de los tacones no solo involucra el aspecto elegante, sino que tambi\u00e9n tienen el potencial de levantar tus gl\u00fateos entre un 20% y un 30%, hacen que las piernas se vean m\u00e1s largas y cambian el paso de una mujer a un estilo que los hombres consideran m\u00e1s atractivo. \u00bfQuieres saber m\u00e1s ventajas? &hellip; <\/p>\n<p class=\"link-more\"><a href=\"https:\/\/hermosaz.com\/en\/shoes-heels\/\" class=\"more-link\">Continue reading<span class=\"screen-reader-text\"> &#8220;Shoes Heels&#8221;<\/span><\/a><\/p>\n","protected":false},"author":29,"featured_media":0,"parent":0,"menu_order":0,"comment_status":"closed","ping_status":"closed","template":"","meta":{"footnotes":""},"class_list":["post-73017","page","type-page","status-publish","hentry"],"publishpress_future_action":{"enabled":false,"date":"2026-04-22 11:55:54","action":"change-status","newStatus":"draft","terms":[],"taxonomy":"translation_priority"},"publishpress_future_workflow_manual_trigger":{"enabledWorkflows":[]},"rttpg_featured_image_url":null,"rttpg_author":{"display_name":"thrd admin","author_link":"https:\/\/hermosaz.com\/en\/author\/thrdadmin\/"},"rttpg_comment":0,"rttpg_category":" <a href=\"https:\/\/hermosaz.com\/en\/?taxonomy=translation_priority&#038;term=optional\" rel=\"tag\">Optional<\/a>","rttpg_excerpt":"La magia de los tacones no solo involucra el aspecto elegante, sino que tambi\u00e9n tienen el potencial de levantar tus gl\u00fateos entre un 20% y un 30%, hacen que las piernas se vean m\u00e1s largas y cambian el paso de una mujer a un estilo que los hombres consideran m\u00e1s atractivo. \u00bfQuieres saber m\u00e1s ventajas?&hellip;","_links":{"self":[{"href":"https:\/\/hermosaz.com\/en\/wp-json\/wp\/v2\/pages\/73017","targetHints":{"allow":["GET"]}}],"collection":[{"href":"https:\/\/hermosaz.com\/en\/wp-json\/wp\/v2\/pages"}],"about":[{"href":"https:\/\/hermosaz.com\/en\/wp-json\/wp\/v2\/types\/page"}],"author":[{"embeddable":true,"href":"https:\/\/hermosaz.com\/en\/wp-json\/wp\/v2\/users\/29"}],"replies":[{"embeddable":true,"href":"https:\/\/hermosaz.com\/en\/wp-json\/wp\/v2\/comments?post=73017"}],"version-history":[{"count":2,"href":"https:\/\/hermosaz.com\/en\/wp-json\/wp\/v2\/pages\/73017\/revisions"}],"predecessor-version":[{"id":108751,"href":"https:\/\/hermosaz.com\/en\/wp-json\/wp\/v2\/pages\/73017\/revisions\/108751"}],"wp:attachment":[{"href":"https:\/\/hermosaz.com\/en\/wp-json\/wp\/v2\/media?parent=73017"}],"curies":[{"name":"wp","href":"https:\/\/api.w.org\/{rel}","templated":true}]}}