{"id":73032,"date":"2020-12-06T11:35:59","date_gmt":"2020-12-06T19:35:59","guid":{"rendered":"https:\/\/hermosaz.com\/?page_id=73032"},"modified":"2025-01-17T10:37:17","modified_gmt":"2025-01-17T18:37:17","slug":"shoes-boots","status":"publish","type":"page","link":"https:\/\/hermosaz.com\/en\/shoes-boots\/","title":{"rendered":"Shoes Boots"},"content":{"rendered":"<p><span><img decoding=\"async\" alt=\"Botas\" data-id=\"108356\" width=\"1620\" data-init-width=\"1600\" height=\"600\" data-init-height=\"600\" title=\"boots\" loading=\"lazy\" src=\"https:\/\/hermosaz.com\/wp-content\/uploads\/2025\/01\/21.jpg\" data-width=\"1620\"><\/span><span><img decoding=\"async\" alt=\"Boots x Hermosaz\" data-id=\"86339\" width=\"917\" data-init-width=\"917\" height=\"648\" data-init-height=\"648\" title=\"76\" loading=\"lazy\" src=\"https:\/\/hermosaz.com\/wp-content\/uploads\/2021\/05\/76-1.png\" data-width=\"917\" data-height=\"648\"><\/span><\/p>\n<blockquote style=\"text-align: justify;\"><p><strong>Boots<\/strong> were made for walking and don&#8217;t we know it! Find stylish boots from over 200 brands for all occasions at Hermosaz.&nbsp;<\/p><\/blockquote>\n<h4><span data-sheets-userformat=\"{&quot;2&quot;:15357,&quot;3&quot;:{&quot;1&quot;:0},&quot;5&quot;:{&quot;1&quot;:[{&quot;1&quot;:2,&quot;2&quot;:0,&quot;5&quot;:{&quot;1&quot;:2,&quot;2&quot;:0}},{&quot;1&quot;:0,&quot;2&quot;:0,&quot;3&quot;:3},{&quot;1&quot;:1,&quot;2&quot;:0,&quot;4&quot;:1}]},&quot;6&quot;:{&quot;1&quot;:[{&quot;1&quot;:2,&quot;2&quot;:0,&quot;5&quot;:{&quot;1&quot;:2,&quot;2&quot;:0}},{&quot;1&quot;:0,&quot;2&quot;:0,&quot;3&quot;:3},{&quot;1&quot;:1,&quot;2&quot;:0,&quot;4&quot;:1}]},&quot;7&quot;:{&quot;1&quot;:[{&quot;1&quot;:2,&quot;2&quot;:0,&quot;5&quot;:{&quot;1&quot;:2,&quot;2&quot;:0}},{&quot;1&quot;:0,&quot;2&quot;:0,&quot;3&quot;:3},{&quot;1&quot;:1,&quot;2&quot;:0,&quot;4&quot;:1}]},&quot;8&quot;:{&quot;1&quot;:[{&quot;1&quot;:2,&quot;2&quot;:0,&quot;5&quot;:{&quot;1&quot;:2,&quot;2&quot;:0}},{&quot;1&quot;:0,&quot;2&quot;:0,&quot;3&quot;:3},{&quot;1&quot;:1,&quot;2&quot;:0,&quot;4&quot;:1}]},&quot;9&quot;:1,&quot;10&quot;:1,&quot;11&quot;:4,&quot;12&quot;:0,&quot;14&quot;:{&quot;1&quot;:3,&quot;3&quot;:1},&quot;15&quot;:&quot;Calibri&quot;,&quot;16&quot;:11}\" data-sheets-value=\"{&quot;1&quot;:2,&quot;2&quot;:&quot;Botas de las mejores marcas y dise\u00f1os&quot;}\">Botas de las mejores marcas y dise\u00f1os<\/span><\/h4>\n<p><span data-sheets-userformat=\"{&quot;2&quot;:15357,&quot;3&quot;:{&quot;1&quot;:0},&quot;5&quot;:{&quot;1&quot;:[{&quot;1&quot;:2,&quot;2&quot;:0,&quot;5&quot;:{&quot;1&quot;:2,&quot;2&quot;:0}},{&quot;1&quot;:0,&quot;2&quot;:0,&quot;3&quot;:3},{&quot;1&quot;:1,&quot;2&quot;:0,&quot;4&quot;:1}]},&quot;6&quot;:{&quot;1&quot;:[{&quot;1&quot;:2,&quot;2&quot;:0,&quot;5&quot;:{&quot;1&quot;:2,&quot;2&quot;:0}},{&quot;1&quot;:0,&quot;2&quot;:0,&quot;3&quot;:3},{&quot;1&quot;:1,&quot;2&quot;:0,&quot;4&quot;:1}]},&quot;7&quot;:{&quot;1&quot;:[{&quot;1&quot;:2,&quot;2&quot;:0,&quot;5&quot;:{&quot;1&quot;:2,&quot;2&quot;:0}},{&quot;1&quot;:0,&quot;2&quot;:0,&quot;3&quot;:3},{&quot;1&quot;:1,&quot;2&quot;:0,&quot;4&quot;:1}]},&quot;8&quot;:{&quot;1&quot;:[{&quot;1&quot;:2,&quot;2&quot;:0,&quot;5&quot;:{&quot;1&quot;:2,&quot;2&quot;:0}},{&quot;1&quot;:0,&quot;2&quot;:0,&quot;3&quot;:3},{&quot;1&quot;:1,&quot;2&quot;:0,&quot;4&quot;:1}]},&quot;9&quot;:1,&quot;10&quot;:1,&quot;11&quot;:4,&quot;12&quot;:0,&quot;14&quot;:{&quot;1&quot;:3,&quot;3&quot;:1},&quot;15&quot;:&quot;Calibri&quot;,&quot;16&quot;:11}\" data-sheets-value=\"{&quot;1&quot;:2,&quot;2&quot;:&quot;Botas de las mejores marcas y dise\u00f1os&quot;}\"><\/span><\/p>\n<p><span data-sheets-userformat=\"{&quot;2&quot;:15357,&quot;3&quot;:{&quot;1&quot;:0},&quot;5&quot;:{&quot;1&quot;:[{&quot;1&quot;:2,&quot;2&quot;:0,&quot;5&quot;:{&quot;1&quot;:2,&quot;2&quot;:0}},{&quot;1&quot;:0,&quot;2&quot;:0,&quot;3&quot;:3},{&quot;1&quot;:1,&quot;2&quot;:0,&quot;4&quot;:1}]},&quot;6&quot;:{&quot;1&quot;:[{&quot;1&quot;:2,&quot;2&quot;:0,&quot;5&quot;:{&quot;1&quot;:2,&quot;2&quot;:0}},{&quot;1&quot;:0,&quot;2&quot;:0,&quot;3&quot;:3},{&quot;1&quot;:1,&quot;2&quot;:0,&quot;4&quot;:1}]},&quot;7&quot;:{&quot;1&quot;:[{&quot;1&quot;:2,&quot;2&quot;:0,&quot;5&quot;:{&quot;1&quot;:2,&quot;2&quot;:0}},{&quot;1&quot;:0,&quot;2&quot;:0,&quot;3&quot;:3},{&quot;1&quot;:1,&quot;2&quot;:0,&quot;4&quot;:1}]},&quot;8&quot;:{&quot;1&quot;:[{&quot;1&quot;:2,&quot;2&quot;:0,&quot;5&quot;:{&quot;1&quot;:2,&quot;2&quot;:0}},{&quot;1&quot;:0,&quot;2&quot;:0,&quot;3&quot;:3},{&quot;1&quot;:1,&quot;2&quot;:0,&quot;4&quot;:1}]},&quot;9&quot;:1,&quot;10&quot;:1,&quot;11&quot;:4,&quot;12&quot;:0,&quot;14&quot;:{&quot;1&quot;:3,&quot;3&quot;:1},&quot;15&quot;:&quot;Calibri&quot;,&quot;16&quot;:11}\" data-sheets-value=\"{&quot;1&quot;:2,&quot;2&quot;:&quot;Botas de las mejores marcas y dise\u00f1os&quot;}\" style=\"text-transform: none;\">Compra botas de para mujer en l\u00ednea, entra a la p\u00e1gina de <strong>Hermosaz<\/strong> y encu\u00e9ntralas &nbsp;entre los cientos de opciones que ofrecemos. No te preocupes por nada &nbsp;Pero no te preocupes ya que nuestros especialistas &nbsp;de moda han seleccionado cuidadosamente esta <strong>lista de botas<\/strong> para que puedas ahorrar tiempo buscando en nuestro sitio. \u00a1P\u00eddelas ya!<\/span>[tcb-script id=&#8221;hermosaz-embedder&#8221; src=&#8221;\/js\/embedder.js&#8221; data-list-id=&#8221;sitelist\/SHOES_STYLE_Boots&#8221;][\/tcb-script]<\/p>\n<p style=\"text-align: justify;\">\n<p style=\"text-align: justify;\"><span style=\"font-weight: 400;\">No es necesario que sea oto\u00f1o o invierno para usar <\/span><b>botas<\/b><span style=\"font-weight: 400;\">. Las botas son una forma de <\/span><b>mejorar tu apariencia sin sacrificar la comodidad<\/b><span style=\"font-weight: 400;\">. Los tacones estampados, las <\/span><a href=\"https:\/\/www.macys.com\/shop\/product\/bcbgeneration-womens-marlo-wide-calf-slouch-to-the-knee-boot?ID=11298673&amp;ranMID=3184&amp;ranEAID=Fqp5SOy33II&amp;ranSiteID=Fqp5SOy33II-HjtWEy6U956W0HwiKXu5Xw&amp;LinkshareID=Fqp5SOy33II-HjtWEy6U956W0HwiKXu5Xw&amp;m_sc=aff&amp;PartnerID=LINKSHARE&amp;cm_mmc=LINKSHARE-_-5-_-63-_-MP563&amp;LSNSUBSITE=PR\"><b>botas de combate<\/b><\/a><span style=\"font-weight: 400;\"> y las botas por encima de la rodilla son actualmente los tipos de botas m\u00e1s de moda.<\/span><\/p>\n<p>        &nbsp;        <\/p>\n<p style=\"text-align: justify;\"><span style=\"font-weight: 400;\">Ya sea que te gusten las botas de tac\u00f3n alto o prefieras las botas de montar planas, <\/span><a href=\"https:\/\/hermosaz.com\/\"><b>Hermosaz<\/b><\/a><span style=\"font-weight: 400;\"> lo tiene cubierto <\/span><span style=\"font-weight: 400;\">con&nbsp; <\/span><span style=\"font-weight: 400;\">en t\u00e9rminos de comodidad,<\/span><span style=\"font-weight: 400;\"> estilo y color. <\/span><b>\u00a1No hay nada de malo en agregar un nuevo par de botas a tu guardarropa!<\/b><\/p>\n<p>        &nbsp;        <\/p>\n<p style=\"text-align: justify;\"><span style=\"font-weight: 400;\">Y, por supuesto, como latina, tal vez quieras un buen par de botas vaqueras. \u00a1Nosotros tambi\u00e9n las tenemos, lucir\u00e1s hermosa!<\/span><\/p>\n<p>        &nbsp;        <\/p>\n<p style=\"text-align: center;\"><span id=\"dots\">&#8230; <\/span><\/p>\n<h5 style=\"text-align: justify;\"><span style=\"font-weight: 400;\">\u00bfC\u00f3mo combinar botines?<\/span><\/h5>\n<p>        <img decoding=\"async\" src=\"https:\/\/hermosaz.com\/wp-content\/uploads\/2021\/12\/Botas.jpg\" style=\"display: block;margin: auto;width: 20%; margin-bottom: 10px;\">        <\/p>\n<p style=\"text-align: justify;\"><span style=\"font-weight: 400;\">Los botines est\u00e1n disponibles con y sin tac\u00f3n, lo que los hace f\u00e1ciles de vestir de arriba a abajo. Se ven incre\u00edblemente a la moda cuando se combinan con un vestido midi floral y una <\/span><b>chaqueta de mezclilla, o jeans ajustados y una blusa de sat\u00e9n<\/b><span style=\"font-weight: 400;\"> para ese estilo elegante e informal.<\/span><\/p>\n<p>        &nbsp;        <\/p>\n<h5 style=\"text-align: justify;\"><span style=\"font-weight: 400;\">\u00bfC\u00f3mo combinar botas a la rodilla?<\/span><\/h5>\n<p style=\"text-align: justify;\"><span style=\"font-weight: 400;\">Audaces pero sorprendentemente f\u00e1ciles de dise\u00f1ar, las <\/span><a href=\"https:\/\/www.saksoff5th.com\/product\/bcbgeneration-marlo-snakeskin-print-slouch-boots-0400013136645.html?ranMID=38801&amp;ranEAID=Fqp5SOy33II&amp;ranSiteID=Fqp5SOy33II-qgC0qecATkuECD90BaTOTQ&amp;site_refer=AFF001&amp;mid=38801&amp;siteID=Fqp5SOy33II-qgC0qecATkuECD90BaTOTQ\"><b>botas por encima de la rodilla<\/b><\/a><span style=\"font-weight: 400;\"> a\u00f1aden estilo a los conjuntos sencillos. No hace falta decir que este estilo de botas de mujer termina justo por encima de la rodilla, lo que las convierte en el complemento perfecto para <\/span><b>jeans ajustados, una linda camisola sedosa y una chaqueta de cuero.<\/b><\/p>\n<p>        &nbsp;        <\/p>\n<h5 style=\"text-align: justify;\"><span style=\"font-weight: 400;\">Compra botas en Hermosaz a excelentes precios<\/span><\/h5>\n<p style=\"text-align: justify;\"><span style=\"font-weight: 400;\">Cuando se trata de elegir un nuevo par de <\/span><b>botas de mujer<\/b><span style=\"font-weight: 400;\"> para agregar a tu colecci\u00f3n, en nuestra tienda en l\u00ednea no te faltan opciones.<\/span><\/p>\n<p>        &nbsp;        <\/p>\n<p style=\"text-align: justify;\"><span style=\"font-weight: 400;\">Encuentra desde <\/span><a href=\"https:\/\/www.bloomingdales.com\/shop\/product\/marc-jacobs-womens-the-stomper-boot-chelsea-boots?ID=3777981&amp;utm_source=rakuten&amp;utm_medium=affiliate&amp;utm_campaign=affiliates&amp;ranMID=13867&amp;ranEAID=Fqp5SOy33II&amp;ranSiteID=Fqp5SOy33II-G9MT.AWer99VV0t9GLZZHQ&amp;LinkshareID=Fqp5SOy33II-G9MT.AWer99VV0t9GLZZHQ&amp;m_sc=aff&amp;PartnerID=LINKSHARE&amp;cm_mmc=LINKSHARE-_-n-_-n-_-n&amp;ranPublisherID=Fqp5SOy33II&amp;ranLinkID=191267837697&amp;ranLinkTypeID=15&amp;pubNAME=hermosaz\"><b>botines estilo chelsea<\/b><\/a><span style=\"font-weight: 400;\"> hasta llamativos cortes hasta la rodilla, as\u00ed como pr\u00e1cticas <\/span><a href=\"https:\/\/www.macys.com\/shop\/product\/sugar-womens-panthea-fuzzy-winter-tall-boots?ID=11778484&amp;ranMID=3184&amp;ranEAID=Fqp5SOy33II&amp;ranSiteID=Fqp5SOy33II-CI4hfLNKFmiPLcm6tfUyzA&amp;LinkshareID=Fqp5SOy33II-CI4hfLNKFmiPLcm6tfUyzA&amp;m_sc=aff&amp;PartnerID=LINKSHARE&amp;cm_mmc=LINKSHARE-_-5-_-63-_-MP563&amp;LSNSUBSITE=PR\"><b>botas para el fr\u00edo <\/b><\/a><span style=\"font-weight: 400;\">o la nieve de invierno o para salir bien librado de la lluvia, hay un estilo que se adapta a cada ocasi\u00f3n.<\/span><\/p>\n<p>        &nbsp;        <\/p>\n<p style=\"text-align: justify;\"><span style=\"font-weight: 400;\">Si bien la variedad es excelente, descubrir <\/span><b>qu\u00e9 estilo responde a tus necesidades,<\/b><span style=\"font-weight: 400;\"> preferencias y forma corporal puede ser una haza\u00f1a alucinante incluso para la fashionista m\u00e1s experta. No temas, estamos a tu disposici\u00f3n para ayudarte a hacer esta elecci\u00f3n mucho m\u00e1s f\u00e1cil.<\/span><\/p>\n<p>        &nbsp;        <\/p>\n<p style=\"text-align: justify;\"><a href=\"https:\/\/hermosaz.com\/\"><b>Hermosaz<\/b><\/a> <span style=\"font-weight: 400;\">es el sitio dedicado a <\/span><b>celebrar el estilo, la belleza y cultura Latina <\/b><span style=\"font-weight: 400;\">a nivel mundial mediante nuestra revista en l\u00ednea y un sitio de compras. Dise\u00f1ado por mujeres Latinas para Latinas.<\/span><\/p>\n<p style=\"text-align: center;\"><span style=\"font-weight: 400;\">&nbsp;<\/span><\/p>\n<p style=\"text-align: center;\"><span style=\"font-weight: 400;\">\u00a1Enviamos tus botas hasta la puerta de tu casa en cualquier lugar de M\u00e9xico!<\/span><\/p>\n<p style=\"text-align: center;\">Leer m\u00e1s<\/p>\n<p>    [tcb-script]        function leerMasCategoria() {            var dots = document.getElementById(&#8220;dots&#8221;);            var moreText = document.getElementById(&#8220;masTexto&#8221;);            var btnText = document.getElementById(&#8220;myBtn&#8221;);            if (dots.style.display === &#8220;none&#8221;) {                dots.style.display = &#8220;inline&#8221;;                btnText.innerHTML = &#8220;Leer m\u00e1s&#8221;;                moreText.style.display = &#8220;none&#8221;;            } else {                dots.style.display = &#8220;none&#8221;;                btnText.innerHTML = &#8220;Leer menos&#8221;;                moreText.style.display = &#8220;inline&#8221;;            }        }    [\/tcb-script]   <\/p>\n<blockquote style=\"text-align: justify;\"><p>It does not need to be fall or winter to wear boots. Boots are one way to elevate your look while not sacrificing comfort.<\/p><\/blockquote>\n<blockquote style=\"text-align: justify;\"><p><span data-preserver-spaces=\"true\">Buy women boots online<\/span><span data-preserver-spaces=\"true\">&nbsp;from Hermosaz<\/span><span data-preserver-spaces=\"true\">&nbsp;<\/span><span data-preserver-spaces=\"true\">from the hundreds of choices we offer. But do not fret as our personal fashion stylists have carefully curated this list of boots so you can save time searching our site. Print heels, combat boots and over the knee boots are currently the most trendy kinds of boots.<\/span><\/p><\/blockquote>\n<blockquote style=\"text-align: justify;\"><p><span data-preserver-spaces=\"true\">Whether you like high-heeled boots or prefer flat, riding boots, Hermosaz has you covered in terms of comfort, style and color. There is nothing wrong with adding a new pair of boots to your wardrobe!<\/span><\/p><\/blockquote>\n<blockquote style=\"text-align: justify;\"><p><span data-preserver-spaces=\"true\">And of course, as a Latina, maybe you want a good ol&#8217; pair of cowgirl boots. We have those too, hermosa!<\/span><\/p><\/blockquote>\n<p><a href=\"http:\/\/www.macys.com\" target=\"_blank\" rel=\"nofollow noopener\" style=\"outline: none;\"><span data-sheets-userformat=\"{&quot;2&quot;:1325635,&quot;3&quot;:{&quot;1&quot;:0},&quot;4&quot;:{&quot;1&quot;:2,&quot;2&quot;:16777215},&quot;9&quot;:0,&quot;12&quot;:0,&quot;14&quot;:{&quot;1&quot;:2,&quot;2&quot;:0},&quot;15&quot;:&quot;Arial&quot;,&quot;16&quot;:11,&quot;21&quot;:0,&quot;23&quot;:2}\" data-sheets-value=\"{&quot;1&quot;:2,&quot;2&quot;:&quot;Cocktail&quot;}\">Mini Dresses<\/span><\/a><\/p>\n<p style=\"\"><span data-sheets-userformat=\"{&quot;2&quot;:1325635,&quot;3&quot;:{&quot;1&quot;:0},&quot;4&quot;:{&quot;1&quot;:2,&quot;2&quot;:16777215},&quot;9&quot;:0,&quot;12&quot;:0,&quot;14&quot;:{&quot;1&quot;:2,&quot;2&quot;:0},&quot;15&quot;:&quot;Arial&quot;,&quot;16&quot;:11,&quot;21&quot;:0,&quot;23&quot;:2}\" data-sheets-value=\"{&quot;1&quot;:2,&quot;2&quot;:&quot;Cocktail&quot;}\" style=\"\">Cocktail<\/span><\/p>\n<p style=\"\"><span data-sheets-userformat=\"{&quot;2&quot;:1325635,&quot;3&quot;:{&quot;1&quot;:0},&quot;4&quot;:{&quot;1&quot;:2,&quot;2&quot;:16777215},&quot;9&quot;:0,&quot;12&quot;:0,&quot;14&quot;:{&quot;1&quot;:2,&quot;2&quot;:0},&quot;15&quot;:&quot;Arial&quot;,&quot;16&quot;:11,&quot;21&quot;:0,&quot;23&quot;:2}\" data-sheets-value=\"{&quot;1&quot;:2,&quot;2&quot;:&quot;Evening Gowns&quot;}\" style=\"\">Evening Gowns<\/span><\/p>\n<p style=\"\"><span data-sheets-userformat=\"{&quot;2&quot;:1325639,&quot;3&quot;:{&quot;1&quot;:0},&quot;4&quot;:{&quot;1&quot;:2,&quot;2&quot;:16777215},&quot;5&quot;:{&quot;1&quot;:[{&quot;1&quot;:2,&quot;2&quot;:0,&quot;5&quot;:{&quot;1&quot;:2,&quot;2&quot;:16711680}},{&quot;1&quot;:0,&quot;2&quot;:0,&quot;3&quot;:3},{&quot;1&quot;:1,&quot;2&quot;:0,&quot;4&quot;:1}]},&quot;9&quot;:0,&quot;12&quot;:0,&quot;14&quot;:{&quot;1&quot;:2,&quot;2&quot;:0},&quot;15&quot;:&quot;Arial&quot;,&quot;16&quot;:11,&quot;21&quot;:0,&quot;23&quot;:2}\" data-sheets-value=\"{&quot;1&quot;:2,&quot;2&quot;:&quot;Bridal&quot;}\" style=\"\">Bridal<\/span><\/p>\n<p style=\"\"><span data-sheets-userformat=\"{&quot;2&quot;:1325635,&quot;3&quot;:{&quot;1&quot;:0},&quot;4&quot;:{&quot;1&quot;:2,&quot;2&quot;:16777215},&quot;9&quot;:0,&quot;12&quot;:0,&quot;14&quot;:{&quot;1&quot;:2,&quot;2&quot;:0},&quot;15&quot;:&quot;Arial&quot;,&quot;16&quot;:11,&quot;21&quot;:0,&quot;23&quot;:2}\" data-sheets-value=\"{&quot;1&quot;:2,&quot;2&quot;:&quot;Evening Gowns&quot;}\" style=\"\"><span data-sheets-userformat=\"{&quot;2&quot;:1325635,&quot;3&quot;:{&quot;1&quot;:0},&quot;4&quot;:{&quot;1&quot;:2,&quot;2&quot;:16777215},&quot;9&quot;:0,&quot;12&quot;:0,&quot;14&quot;:{&quot;1&quot;:2,&quot;2&quot;:0},&quot;15&quot;:&quot;Arial&quot;,&quot;16&quot;:11,&quot;21&quot;:0,&quot;23&quot;:2}\" data-sheets-value=\"{&quot;1&quot;:2,&quot;2&quot;:&quot;Girl Boss Dresses&quot;}\" style=\"\">Girl Boss Dresses<\/span><\/span><\/p>\n<p style=\"\"><span data-sheets-userformat=\"{&quot;2&quot;:1325639,&quot;3&quot;:{&quot;1&quot;:0},&quot;4&quot;:{&quot;1&quot;:2,&quot;2&quot;:16777215},&quot;5&quot;:{&quot;1&quot;:[{&quot;1&quot;:2,&quot;2&quot;:0,&quot;5&quot;:{&quot;1&quot;:2,&quot;2&quot;:16711680}},{&quot;1&quot;:0,&quot;2&quot;:0,&quot;3&quot;:3},{&quot;1&quot;:1,&quot;2&quot;:0,&quot;4&quot;:1}]},&quot;9&quot;:0,&quot;12&quot;:0,&quot;14&quot;:{&quot;1&quot;:2,&quot;2&quot;:0},&quot;15&quot;:&quot;Arial&quot;,&quot;16&quot;:11,&quot;21&quot;:0,&quot;23&quot;:2}\" data-sheets-value=\"{&quot;1&quot;:2,&quot;2&quot;:&quot;Bridal&quot;}\" style=\"\">Holiday Dresses<\/span><\/p>\n<h3>Find the perfect outfit<\/h3>\n<p style=\"font-size: 16px !important;\">From mini dresses to enjoy a girls night out to the perfect &#8216;jefa&#8217; look. Feel <em>hermosa<\/em> from inside and out.&nbsp;<\/p>\n","protected":false},"excerpt":{"rendered":"<p>Boots were made for walking and don&#8217;t we know it! Find stylish boots from over 200 brands for all occasions at Hermosaz.&nbsp; Botas de las mejores marcas y dise\u00f1os Compra botas de para mujer en l\u00ednea, entra a la p\u00e1gina de Hermosaz y encu\u00e9ntralas &nbsp;entre los cientos de opciones que ofrecemos. No te preocupes por &hellip; <\/p>\n<p class=\"link-more\"><a href=\"https:\/\/hermosaz.com\/en\/shoes-boots\/\" class=\"more-link\">Continue reading<span class=\"screen-reader-text\"> &#8220;Shoes Boots&#8221;<\/span><\/a><\/p>\n","protected":false},"author":29,"featured_media":0,"parent":0,"menu_order":0,"comment_status":"closed","ping_status":"closed","template":"","meta":{"footnotes":""},"class_list":["post-73032","page","type-page","status-publish","hentry"],"publishpress_future_action":{"enabled":false,"date":"2026-04-12 09:44:28","action":"change-status","newStatus":"draft","terms":[],"taxonomy":"translation_priority"},"publishpress_future_workflow_manual_trigger":{"enabledWorkflows":[]},"rttpg_featured_image_url":null,"rttpg_author":{"display_name":"thrd admin","author_link":"https:\/\/hermosaz.com\/en\/author\/thrdadmin\/"},"rttpg_comment":0,"rttpg_category":" <a href=\"https:\/\/hermosaz.com\/en\/?taxonomy=translation_priority&#038;term=optional\" rel=\"tag\">Optional<\/a>","rttpg_excerpt":"Boots were made for walking and don&#8217;t we know it! Find stylish boots from over 200 brands for all occasions at Hermosaz.&nbsp; Botas de las mejores marcas y dise\u00f1os Compra botas de para mujer en l\u00ednea, entra a la p\u00e1gina de Hermosaz y encu\u00e9ntralas &nbsp;entre los cientos de opciones que ofrecemos. No te preocupes por&hellip;","_links":{"self":[{"href":"https:\/\/hermosaz.com\/en\/wp-json\/wp\/v2\/pages\/73032","targetHints":{"allow":["GET"]}}],"collection":[{"href":"https:\/\/hermosaz.com\/en\/wp-json\/wp\/v2\/pages"}],"about":[{"href":"https:\/\/hermosaz.com\/en\/wp-json\/wp\/v2\/types\/page"}],"author":[{"embeddable":true,"href":"https:\/\/hermosaz.com\/en\/wp-json\/wp\/v2\/users\/29"}],"replies":[{"embeddable":true,"href":"https:\/\/hermosaz.com\/en\/wp-json\/wp\/v2\/comments?post=73032"}],"version-history":[{"count":1,"href":"https:\/\/hermosaz.com\/en\/wp-json\/wp\/v2\/pages\/73032\/revisions"}],"predecessor-version":[{"id":108358,"href":"https:\/\/hermosaz.com\/en\/wp-json\/wp\/v2\/pages\/73032\/revisions\/108358"}],"wp:attachment":[{"href":"https:\/\/hermosaz.com\/en\/wp-json\/wp\/v2\/media?parent=73032"}],"curies":[{"name":"wp","href":"https:\/\/api.w.org\/{rel}","templated":true}]}}