{"id":74876,"date":"2020-12-26T10:44:52","date_gmt":"2020-12-26T18:44:52","guid":{"rendered":"https:\/\/hermosaz.com\/?page_id=74876"},"modified":"2025-01-15T15:52:41","modified_gmt":"2025-01-15T23:52:41","slug":"accessories-sunglasses","status":"publish","type":"page","link":"https:\/\/hermosaz.com\/en\/accessories-sunglasses\/","title":{"rendered":"Accessories Sunglasses"},"content":{"rendered":"<p><span><img decoding=\"async\" alt=\"\" data-id=\"108347\" width=\"1620\" data-init-width=\"1600\" height=\"600\" data-init-height=\"600\" title=\"18\" loading=\"lazy\" src=\"https:\/\/hermosaz.com\/wp-content\/uploads\/2025\/01\/18-1.jpg\" data-width=\"1620\"><\/span><span><img decoding=\"async\" alt=\"SUNGLASSES\" data-id=\"101769\" width=\"917\" data-init-width=\"768\" height=\"648\" data-init-height=\"543\" title=\"HERMOSAZ\" loading=\"lazy\" src=\"https:\/\/hermosaz.com\/wp-content\/uploads\/2022\/04\/MAXI-VESTIDO.png\" data-width=\"917\" data-height=\"648\"><\/span><\/p>\n<p dir=\"ltr\" style=\"\">No hay nada como divertirse bajo el Sol con unos lentes de Sol perfectas. Son el accesorio #1 que toda latina necesita, no solo para completar su look sino tambi\u00e9n para proteger esos hermosos ojos de los rayos ultravioleta. \u00a1Conoce estos incre\u00edbles dise\u00f1os y luce incre\u00edble!<\/p>\n<p>[tcb-script id=&#8221;hermosaz-embedder&#8221; src=&#8221;\/js\/embedder.js&#8221; data-list-id=&#8221;sitelist\/ACCESSORIES_ALL_Sunglasses&#8221;][\/tcb-script]   <\/p>\n<h1><strong>Sunglasses for Women: Choose your favorites at Hermosaz!<\/strong><\/h1>\n<p><span>Remember that sunglasses for women are an incredible opportunity to express your personal style as they are a basic complement to your look. Regardless of how you like to dress, these are some of those accessories that you should always bring with you.<\/span><\/p>\n<p><span>It is important to find sunglasses for women that highlights your facial features instead of overshadowing them. Pay attention to the shape, color and quality of the frames when you are on Hermosaz .If you are thinking of renewing your old sunglasses for women for more modern ones you should consider our collection, surely you have seen them in all styles and colors. Small or XXL lenses, plastic or metallic, gradient, sixties and many more styles.We have all styles and colors of sunglasses for women!<\/span><\/p>\n<p style=\"text-align: center;\"><span id=\"dots\">&#8230;..<\/span><\/p>\n<p><!--INICIO DEL CONTENIDO CON BOT\u00d3N-->    <\/p>\n<h3 dir=\"ltr\" data-mce-fragment=\"1\">Sunglasses, more than a simple accessory<\/h3>\n<p dir=\"ltr\" data-mce-fragment=\"1\"><span data-mce-fragment=\"1\">Sunglasses for women may seem like a small detail in everyday clothing, but when you find the perfect pair, they become more than just a necessity to protect you from the sun. With the right glasses they can enhance your style, the shape of your face and give an instant boost of freshness to any look, combine them with your clothes to look amazing.<\/span><\/p>\n<p dir=\"ltr\" data-mce-fragment=\"1\"><span data-mce-fragment=\"1\">Keep in mind that not all trends and designs in sunglasses are suitable for all face types, as there are different styles that are ideal for each preference. Whether your face is heart-shaped, round, oval or square, at Hermosaz we have the best sunglasses for women that adapt to the shape of your face.<\/span><\/p>\n<h3 dir=\"ltr\" data-mce-fragment=\"1\">Where to buy original sunglasses for women?<\/h3>\n<p dir=\"ltr\" data-mce-fragment=\"1\">You can now shop<span data-mce-fragment=\"1\">&nbsp;<\/span><a href=\"https:\/\/www.shoptiques.com\/products\/top-coco-sunglasses-4?signalSource=linkshare&amp;utm_medium=affiliate&amp;utm_source=Fqp5SOy33II&amp;utm_campaign=Linkshare_15\" data-mce-fragment=\"1\" data-mce-href=\"https:\/\/www.shoptiques.com\/products\/top-coco-sunglasses-4?signalSource=linkshare&amp;utm_medium=affiliate&amp;utm_source=Fqp5SOy33II&amp;utm_campaign=Linkshare_15\">for women&#8217;s sunglasses<span data-mce-fragment=\"1\">&nbsp;<\/span><\/a>online at Hermosaz and have a wide variety of amazing styles and colors. Hermosaz has sunglasses for women in cat-eye styles and designs that are oversized, aviators and everything else you&#8217;ll find in our sunglass collection.<\/p>\n<p><span data-mce-fragment=\"1\"><img decoding=\"async\" alt=\"\" data-id=\"101405\" width=\"475\" data-init-width=\"1280\" height=\"713\" data-init-height=\"1920\" title=\"1.-sunglasses-for-women-1-1 (1)\" loading=\"lazy\" src=\"https:\/\/hermosaz.com\/wp-content\/uploads\/2022\/04\/1.-sunglasses-for-women-1-1-1-1.jpg\" data-width=\"475\" data-height=\"713\" data-mce-fragment=\"1\" data-mce-src=\"https:\/\/hermosaz.com\/wp-content\/uploads\/2022\/04\/1.-sunglasses-for-women-1-1-1-1.jpg\" ml-d=\"0\" mt-d=\"-64.125\"><\/span><\/p>\n<h3 dir=\"ltr\" data-mce-fragment=\"1\">Women&#8217;s sunglasses suitable for your face type<\/h3>\n<p dir=\"ltr\" data-mce-fragment=\"1\"><span data-mce-fragment=\"1\">Sunglasses for women are a basic accessory for taking care of your eyes because they are useful for taking care of your eyesight and protecting you from the sun&#8217;s rays. In addition to taking care of your eyes, sunglasses are a trendy accessory that complements your fashion style with any type of look. Having this type of accessories is necessary regardless of the weather or time of year.<\/span><\/p>\n<p dir=\"ltr\" data-mce-fragment=\"1\"><span data-mce-fragment=\"1\">Sunglasses for women are a perfect complement to have in your pocket, but you need to know the shape of your face so you can choose the perfect glasses. If you still do not know your type of face in Hermosaz, we share some recommendations:<\/span><\/p>\n<ul data-mce-fragment=\"1\">\n<li dir=\"ltr\" data-mce-fragment=\"1\">\n<p dir=\"ltr\" data-mce-fragment=\"1\"><span data-mce-fragment=\"1\"><strong data-mce-fragment=\"1\">&#8211;&nbsp;<\/strong>Heart-shaped face: If your face is heart-shaped, you should consider sunglasses for women that are neither big nor small, but rather cover only a proportional part of your face to highlight your facial features such as nose, eyebrows, and cheeks. you might want some medium glasses.<\/span><\/p>\n<\/li>\n<li dir=\"ltr\" data-mce-fragment=\"1\">\n<p dir=\"ltr\" data-mce-fragment=\"1\"><span data-mce-fragment=\"1\">Square face: If your face type is square, you should consider oval or circular sunglasses for women to give a much slimmer perspective of the face that helps to attenuate the shape of the face.<\/span><\/p>\n<\/li>\n<li dir=\"ltr\" data-mce-fragment=\"1\">\n<p dir=\"ltr\" data-mce-fragment=\"1\"><span data-mce-fragment=\"1\"><strong data-mce-fragment=\"1\">&#8211;<\/strong>Oval face: For this type of face, any type of sunglasses for women suits them well, but as a recommendation they should consider medium glasses to highlight facial features.<\/span><\/p>\n<\/li>\n<li dir=\"ltr\" data-mce-fragment=\"1\">\n<p dir=\"ltr\" data-mce-fragment=\"1\"><span data-mce-fragment=\"1\">Rectangular face: If your face is rectangular, large sunglasses for women are an excellent option, since you can show off a more stylized face with proportional volume, this will help prevent it from looking too stylized.<\/span><\/p>\n<\/li>\n<li dir=\"ltr\" data-mce-fragment=\"1\">\n<p dir=\"ltr\" data-mce-fragment=\"1\"><span data-mce-fragment=\"1\"><strong data-mce-fragment=\"1\">&#8211;<\/strong>Round face: If you have a round face, big and long glasses are an excellent option to show off the beautiful shape of your face. Having a round or circular face opens up the options of wearing big, elongated women&#8217;s sunglasses , but you should avoid wearing round glasses so as not to create more volume but rather to reduce it.<\/span><\/p>\n<\/li>\n<\/ul>\n<p dir=\"ltr\" data-mce-fragment=\"1\"><span data-mce-fragment=\"1\">Wearing sunglasses for women is an excellent option to complement your style of look , no matter the type of weather, since you can use them to cover your eyes from the air, from intense lights or you can simply use them to cover the area of your eyes. Sunglasses are a basic accessory that are on trend, no matter what style you prefer.<\/span><\/p>\n<p dir=\"ltr\" data-mce-fragment=\"1\"><span data-mce-fragment=\"1\"><\/span><\/p>\n<p dir=\"ltr\" data-mce-fragment=\"1\"><span data-mce-fragment=\"1\">Choose the best sunglasses for women that you prefer and dare to use them with the fashion style that you prefer, remember that you can use them depending on your type of face. wear sunglasses for women is a trend since it is an accessory that helps you complement and show off a fashionable outfit.<\/span><\/p>\n<p><span data-mce-fragment=\"1\"><img decoding=\"async\" alt=\"\" data-id=\"101408\" width=\"520\" data-init-width=\"1708\" height=\"779\" data-init-height=\"2560\" title=\"2. sunglasses for women-2\" loading=\"lazy\" src=\"https:\/\/hermosaz.com\/wp-content\/uploads\/2022\/04\/2.-sunglasses-for-women-2-scaled.jpg\" data-width=\"520\" data-height=\"779\" data-mce-fragment=\"1\" data-mce-src=\"https:\/\/hermosaz.com\/wp-content\/uploads\/2022\/04\/2.-sunglasses-for-women-2-scaled.jpg\" mt-d=\"-32.85400000000004\" ml-d=\"0\"><\/span><\/p>\n<h3 dir=\"ltr\" data-mce-fragment=\"1\"><span data-mce-fragment=\"1\">Sunglasses for women and their advantages<\/span><\/h3>\n<p dir=\"ltr\" data-mce-fragment=\"1\"><span data-mce-fragment=\"1\">Sunglasses for women can be used in all kinds of occasions, it is a great advantage to carry sunglasses in your pocket or backpack. One of the main reasons for purchasing them is to take care of your eyes or simply to look good. have dark glasses It helps prevent damage to our eyes such as air, dust and sun exposure.<\/span><\/p>\n<p dir=\"ltr\" data-mce-fragment=\"1\"><span data-mce-fragment=\"1\">Sunglasses for women can be an accessory that helps prevent any type of damage to the eyes. Having sunglasses is a great advantage since you can use them on any type of occasion. On Hermosaz we have a large collection of glasses for women at unique prices that you can buy safely and easily.<\/span><\/p>\n<p dir=\"ltr\" data-mce-fragment=\"1\"><span data-mce-fragment=\"1\">Here we will share some of the advantages of using sunglasses for women for being a fashionable and useful accessory:<\/span><\/p>\n<ul data-mce-fragment=\"1\">\n<li dir=\"ltr\" data-mce-fragment=\"1\">\n<p dir=\"ltr\" data-mce-fragment=\"1\"><span data-mce-fragment=\"1\"><strong data-mce-fragment=\"1\">&#8211;<\/strong>Sun protection: Sunglasses for women are just a trend because, in addition to being part of a fashion style, they are accessories that help protect our eyes against UV rays. A great advantage of using them is that they help prevent eye diseases and avoid sunburn damage from sun exposure.<\/span><\/p>\n<\/li>\n<li dir=\"ltr\" data-mce-fragment=\"1\">\n<p dir=\"ltr\" data-mce-fragment=\"1\"><span data-mce-fragment=\"1\"><\/span><\/p>\n<\/li>\n<li dir=\"ltr\" data-mce-fragment=\"1\">\n<p dir=\"ltr\" data-mce-fragment=\"1\"><span data-mce-fragment=\"1\"><strong data-mce-fragment=\"1\">&#8211;<\/strong>Protection against nature : The sunglasses for women They also help protect the eyes from dust, sand, snow, sun exposure, wind or air, not just the sun&#8217;s UV rays.<\/span><\/p>\n<\/li>\n<li dir=\"ltr\" data-mce-fragment=\"1\">\n<p dir=\"ltr\" data-mce-fragment=\"1\"><span data-mce-fragment=\"1\">Prevent eye degeneration: Sunglasses for women In addition to being a fashion trend, they are ideal for preventing premature aging of the retina, as well as deterioration in the functioning of the sight.<\/span><\/p>\n<\/li>\n<li dir=\"ltr\" data-mce-fragment=\"1\">\n<p dir=\"ltr\" data-mce-fragment=\"1\"><span data-mce-fragment=\"1\"><\/span><\/p>\n<\/li>\n<\/ul>\n<p><span data-mce-fragment=\"1\"><strong data-mce-fragment=\"1\">&nbsp;&nbsp;<\/strong>-Driving safety: One of the most sensitive senses when driving is sight, that is why the Women&#8217;s sunglasses are an excellent option when driving, this will help protect against lights or flashes of light and have a better visual panorama to drive safely.<\/span><\/p>\n<p data-mce-fragment=\"1\">.<\/p>\n<p data-mce-fragment=\"1\">I<span data-mce-fragment=\"1\">n&nbsp;<a href=\"https:\/\/hermosaz.com\/\" data-mce-fragment=\"1\" data-mce-href=\"https:\/\/hermosaz.com\/\">Hermosaz&nbsp;<\/a>find the best sunglasses from the best brands and with excellent offers. You don&#8217;t have to spend a lot of money to buy yourself a trendy pair of sunglasses for women. Take advantage of the discounts on all our sunglasses for women!<\/span><\/p>\n<p style=\"text-align: center;\">Read more<\/p>\n<p>[tcb-script]    function leerMasCategoria() {        var dots = document.getElementById(&#8220;dots&#8221;);        var moreText = document.getElementById(&#8220;masTexto&#8221;);        var btnText = document.getElementById(&#8220;myBtn&#8221;);        if (dots.style.display === &#8220;none&#8221;) {            dots.style.display = &#8220;inline&#8221;;            btnText.innerHTML = &#8220;Read more&#8221;;            moreText.style.display = &#8220;none&#8221;;        } else {            dots.style.display = &#8220;none&#8221;;            btnText.innerHTML = &#8220;Read Less&#8221;;            moreText.style.display = &#8220;inline&#8221;;        }    }[\/tcb-script]<a href=\"\/en\/dresses-mini\/ \"><\/p>\n<p><span data-sheets-userformat=\"{&quot;2&quot;:1325635,&quot;3&quot;:{&quot;1&quot;:0},&quot;4&quot;:{&quot;1&quot;:2,&quot;2&quot;:16777215},&quot;9&quot;:0,&quot;12&quot;:0,&quot;14&quot;:{&quot;1&quot;:2,&quot;2&quot;:0},&quot;15&quot;:&quot;Arial&quot;,&quot;16&quot;:11,&quot;21&quot;:0,&quot;23&quot;:2}\" data-sheets-value=\"{&quot;1&quot;:2,&quot;2&quot;:&quot;Cocktail&quot;}\">Mini Dresses<\/span><\/p>\n<p><\/a><a href=\"\/en\/dresses-cocktail\/\"><\/p>\n<p style=\"\"><span data-sheets-userformat=\"{&quot;2&quot;:1325635,&quot;3&quot;:{&quot;1&quot;:0},&quot;4&quot;:{&quot;1&quot;:2,&quot;2&quot;:16777215},&quot;9&quot;:0,&quot;12&quot;:0,&quot;14&quot;:{&quot;1&quot;:2,&quot;2&quot;:0},&quot;15&quot;:&quot;Arial&quot;,&quot;16&quot;:11,&quot;21&quot;:0,&quot;23&quot;:2}\" data-sheets-value=\"{&quot;1&quot;:2,&quot;2&quot;:&quot;Cocktail&quot;}\" style=\"\">Cocktail<\/span><\/p>\n<p><\/a><a href=\"\/en\/dresses-evening-gowns\/\"><\/p>\n<p style=\"\"><span data-sheets-userformat=\"{&quot;2&quot;:1325635,&quot;3&quot;:{&quot;1&quot;:0},&quot;4&quot;:{&quot;1&quot;:2,&quot;2&quot;:16777215},&quot;9&quot;:0,&quot;12&quot;:0,&quot;14&quot;:{&quot;1&quot;:2,&quot;2&quot;:0},&quot;15&quot;:&quot;Arial&quot;,&quot;16&quot;:11,&quot;21&quot;:0,&quot;23&quot;:2}\" data-sheets-value=\"{&quot;1&quot;:2,&quot;2&quot;:&quot;Evening Gowns&quot;}\" style=\"\">Evening Gowns<\/span><\/p>\n<p><\/a><a href=\"\/en\/dresses-bridal\"><\/p>\n<p style=\"\"><span data-sheets-userformat=\"{&quot;2&quot;:1325639,&quot;3&quot;:{&quot;1&quot;:0},&quot;4&quot;:{&quot;1&quot;:2,&quot;2&quot;:16777215},&quot;5&quot;:{&quot;1&quot;:[{&quot;1&quot;:2,&quot;2&quot;:0,&quot;5&quot;:{&quot;1&quot;:2,&quot;2&quot;:16711680}},{&quot;1&quot;:0,&quot;2&quot;:0,&quot;3&quot;:3},{&quot;1&quot;:1,&quot;2&quot;:0,&quot;4&quot;:1}]},&quot;9&quot;:0,&quot;12&quot;:0,&quot;14&quot;:{&quot;1&quot;:2,&quot;2&quot;:0},&quot;15&quot;:&quot;Arial&quot;,&quot;16&quot;:11,&quot;21&quot;:0,&quot;23&quot;:2}\" data-sheets-value=\"{&quot;1&quot;:2,&quot;2&quot;:&quot;Bridal&quot;}\" style=\"\">Bridal<\/span><\/p>\n<p><\/a><a href=\"\/en\/dresses-girl-boss\/\"><\/p>\n<p style=\"\"><span data-sheets-userformat=\"{&quot;2&quot;:1325635,&quot;3&quot;:{&quot;1&quot;:0},&quot;4&quot;:{&quot;1&quot;:2,&quot;2&quot;:16777215},&quot;9&quot;:0,&quot;12&quot;:0,&quot;14&quot;:{&quot;1&quot;:2,&quot;2&quot;:0},&quot;15&quot;:&quot;Arial&quot;,&quot;16&quot;:11,&quot;21&quot;:0,&quot;23&quot;:2}\" data-sheets-value=\"{&quot;1&quot;:2,&quot;2&quot;:&quot;Evening Gowns&quot;}\" style=\"\"><span data-sheets-userformat=\"{&quot;2&quot;:1325635,&quot;3&quot;:{&quot;1&quot;:0},&quot;4&quot;:{&quot;1&quot;:2,&quot;2&quot;:16777215},&quot;9&quot;:0,&quot;12&quot;:0,&quot;14&quot;:{&quot;1&quot;:2,&quot;2&quot;:0},&quot;15&quot;:&quot;Arial&quot;,&quot;16&quot;:11,&quot;21&quot;:0,&quot;23&quot;:2}\" data-sheets-value=\"{&quot;1&quot;:2,&quot;2&quot;:&quot;Girl Boss Dresses&quot;}\" style=\"\">Girl Boss Dresses<\/span><\/span><\/p>\n<p><\/a><a href=\"\/en\/dresses-maxi\/ \u200e\"><\/p>\n<p style=\"\"><span data-sheets-userformat=\"{&quot;2&quot;:1325639,&quot;3&quot;:{&quot;1&quot;:0},&quot;4&quot;:{&quot;1&quot;:2,&quot;2&quot;:16777215},&quot;5&quot;:{&quot;1&quot;:[{&quot;1&quot;:2,&quot;2&quot;:0,&quot;5&quot;:{&quot;1&quot;:2,&quot;2&quot;:16711680}},{&quot;1&quot;:0,&quot;2&quot;:0,&quot;3&quot;:3},{&quot;1&quot;:1,&quot;2&quot;:0,&quot;4&quot;:1}]},&quot;9&quot;:0,&quot;12&quot;:0,&quot;14&quot;:{&quot;1&quot;:2,&quot;2&quot;:0},&quot;15&quot;:&quot;Arial&quot;,&quot;16&quot;:11,&quot;21&quot;:0,&quot;23&quot;:2}\" data-sheets-value=\"{&quot;1&quot;:2,&quot;2&quot;:&quot;Bridal&quot;}\" style=\"\">Holiday Dresses<\/span><\/p>\n<p><\/a><\/p>\n","protected":false},"excerpt":{"rendered":"<p>No hay nada como divertirse bajo el Sol con unos lentes de Sol perfectas. Son el accesorio #1 que toda latina necesita, no solo para completar su look sino tambi\u00e9n para proteger esos hermosos ojos de los rayos ultravioleta. \u00a1Conoce estos incre\u00edbles dise\u00f1os y luce incre\u00edble! [tcb-script id=&#8221;hermosaz-embedder&#8221; src=&#8221;\/js\/embedder.js&#8221; data-list-id=&#8221;sitelist\/ACCESSORIES_ALL_Sunglasses&#8221;][\/tcb-script] Sunglasses for Women: Choose your &hellip; <\/p>\n<p class=\"link-more\"><a href=\"https:\/\/hermosaz.com\/en\/accessories-sunglasses\/\" class=\"more-link\">Continue reading<span class=\"screen-reader-text\"> &#8220;Accessories Sunglasses&#8221;<\/span><\/a><\/p>\n","protected":false},"author":32,"featured_media":0,"parent":0,"menu_order":0,"comment_status":"closed","ping_status":"closed","template":"","meta":{"footnotes":""},"class_list":["post-74876","page","type-page","status-publish","hentry"],"publishpress_future_action":{"enabled":false,"date":"2026-04-12 01:01:35","action":"change-status","newStatus":"draft","terms":[],"taxonomy":"translation_priority"},"publishpress_future_workflow_manual_trigger":{"enabledWorkflows":[]},"rttpg_featured_image_url":null,"rttpg_author":{"display_name":"Rosa Magana","author_link":"https:\/\/hermosaz.com\/en\/author\/rosa\/"},"rttpg_comment":0,"rttpg_category":" <a href=\"https:\/\/hermosaz.com\/en\/?taxonomy=translation_priority&#038;term=optional\" rel=\"tag\">Optional<\/a>","rttpg_excerpt":"No hay nada como divertirse bajo el Sol con unos lentes de Sol perfectas. Son el accesorio #1 que toda latina necesita, no solo para completar su look sino tambi\u00e9n para proteger esos hermosos ojos de los rayos ultravioleta. \u00a1Conoce estos incre\u00edbles dise\u00f1os y luce incre\u00edble! [tcb-script id=&#8221;hermosaz-embedder&#8221; src=&#8221;\/js\/embedder.js&#8221; data-list-id=&#8221;sitelist\/ACCESSORIES_ALL_Sunglasses&#8221;][\/tcb-script] Sunglasses for Women: Choose your&hellip;","_links":{"self":[{"href":"https:\/\/hermosaz.com\/en\/wp-json\/wp\/v2\/pages\/74876","targetHints":{"allow":["GET"]}}],"collection":[{"href":"https:\/\/hermosaz.com\/en\/wp-json\/wp\/v2\/pages"}],"about":[{"href":"https:\/\/hermosaz.com\/en\/wp-json\/wp\/v2\/types\/page"}],"author":[{"embeddable":true,"href":"https:\/\/hermosaz.com\/en\/wp-json\/wp\/v2\/users\/32"}],"replies":[{"embeddable":true,"href":"https:\/\/hermosaz.com\/en\/wp-json\/wp\/v2\/comments?post=74876"}],"version-history":[{"count":24,"href":"https:\/\/hermosaz.com\/en\/wp-json\/wp\/v2\/pages\/74876\/revisions"}],"predecessor-version":[{"id":108349,"href":"https:\/\/hermosaz.com\/en\/wp-json\/wp\/v2\/pages\/74876\/revisions\/108349"}],"wp:attachment":[{"href":"https:\/\/hermosaz.com\/en\/wp-json\/wp\/v2\/media?parent=74876"}],"curies":[{"name":"wp","href":"https:\/\/api.w.org\/{rel}","templated":true}]}}