{"id":108934,"date":"2025-02-21T11:52:46","date_gmt":"2025-02-21T19:52:46","guid":{"rendered":"https:\/\/hermosaz.com\/?page_id=108934"},"modified":"2025-07-02T15:48:05","modified_gmt":"2025-07-02T22:48:05","slug":"articulos-de-tendencias","status":"publish","type":"page","link":"https:\/\/hermosaz.com\/es\/articulos-de-tendencias\/","title":{"rendered":"Articulos de Tendencias"},"content":{"rendered":"<p><span><img decoding=\"async\" alt=\"\" data-id=\"108938\" width=\"1888\" data-init-width=\"1800\" height=\"568\" data-init-height=\"568\" title=\"banners para posteos\" loading=\"lazy\" src=\"https:\/\/hermosaz.com\/wp-content\/uploads\/2025\/02\/banners-para-posteos.png\" data-width=\"1888\"><\/span><a href=\"https:\/\/hermosaz.com\/es\/salome-castro-trazos-que-celebran-lo-que-somos\/\" title=\"Salom\u00e9 Castro: Trazos que celebran lo que somos\" data-type-url=\"post_url\" data-type-display=\"default_image\" data-css=\"\" data-size=\"medium\" data-post_id=\"110751\" data-shortcode=\"tcb_post_featured_image\"><img width=\"300\" height=\"251\" src=\"https:\/\/hermosaz.com\/wp-content\/uploads\/2025\/06\/Valentines-sweaters-300x251.jpg\" alt=\"Salome Castro\" decoding=\"async\" loading=\"lazy\" sizes=\"auto, 100vw\" \/><\/a><\/p>\n<h4 style=\"font-size: 24px !important;\"><span data-attr-link=\"0\" data-attr-rel=\"0\" data-attr-target=\"0\" data-extra_key=\"\" data-option-inline=\"1\" data-shortcode=\"tcb_post_title\" data-shortcode-name=\"Post title\" style=\"\">Salom\u00e9 Castro: Trazos que celebran lo que somos<\/span> <\/h4>\n<p>Detr\u00e1s de cada ilustraci\u00f3n de Salom\u00e9 Castro hay una historia que late <a href=\"https:\/\/hermosaz.com\/es\/salome-castro-trazos-que-celebran-lo-que-somos\/#more-110751\"><\/a><\/p>\n<p><a href=\"https:\/\/hermosaz.com\/es\/salome-castro-trazos-que-celebran-lo-que-somos\/\"><span><span>Read More<\/span><\/span><\/a><a href=\"https:\/\/hermosaz.com\/es\/shorts-pero-no-tan-shortscomo-llevar-las-bermudas-esta-primavera-sin-fallar-en-el-intento\/\" title=\"Shorts pero no tan Shorts\u2026\u00bfC\u00f3mo llevar las bermudas esta primavera sin fallar en el intento?\" data-type-url=\"post_url\" data-type-display=\"default_image\" data-css=\"\" data-size=\"medium\" data-post_id=\"109904\" data-shortcode=\"tcb_post_featured_image\"><img width=\"300\" height=\"251\" src=\"https:\/\/hermosaz.com\/wp-content\/uploads\/2025\/04\/Valentines-sweaters-300x251.jpg\" alt=\"\" decoding=\"async\" loading=\"lazy\" sizes=\"auto, 100vw\" \/><\/a><\/p>\n<h4 style=\"font-size: 24px !important;\"><span data-attr-link=\"0\" data-attr-rel=\"0\" data-attr-target=\"0\" data-extra_key=\"\" data-option-inline=\"1\" data-shortcode=\"tcb_post_title\" data-shortcode-name=\"Post title\" style=\"\">Shorts pero no tan Shorts\u2026\u00bfC\u00f3mo llevar las bermudas esta primavera sin fallar en el intento?<\/span> <\/h4>\n<p>Las bermudas vienen con todo, &nbsp;la verdad es que no nos sorprende <a href=\"https:\/\/hermosaz.com\/es\/shorts-pero-no-tan-shortscomo-llevar-las-bermudas-esta-primavera-sin-fallar-en-el-intento\/#more-109904\"><\/a><\/p>\n<p><a href=\"https:\/\/hermosaz.com\/es\/shorts-pero-no-tan-shortscomo-llevar-las-bermudas-esta-primavera-sin-fallar-en-el-intento\/\"><span><span>Read More<\/span><\/span><\/a><a href=\"https:\/\/hermosaz.com\/es\/la-primavera-esta-a-tus-pies\/\" title=\"La primavera est\u00e1 a tus pies\" data-type-url=\"post_url\" data-type-display=\"default_image\" data-css=\"\" data-size=\"medium\" data-post_id=\"109523\" data-shortcode=\"tcb_post_featured_image\"><img width=\"300\" height=\"251\" src=\"https:\/\/hermosaz.com\/wp-content\/uploads\/2025\/03\/Valentines-sweaters-4-300x251.jpg\" alt=\"\" decoding=\"async\" loading=\"lazy\" sizes=\"auto, 100vw\" \/><\/a><\/p>\n<h4 style=\"font-size: 24px !important;\"><span data-attr-link=\"0\" data-attr-rel=\"0\" data-attr-target=\"0\" data-extra_key=\"\" data-option-inline=\"1\" data-shortcode=\"tcb_post_title\" data-shortcode-name=\"Post title\" style=\"\">La primavera est\u00e1 a tus pies<\/span> <\/h4>\n<p>Si algo aprendimos de Carrie Bradshaw en Hermosaz es que un look <a href=\"https:\/\/hermosaz.com\/es\/la-primavera-esta-a-tus-pies\/#more-109523\"><\/a><\/p>\n<p><a href=\"https:\/\/hermosaz.com\/es\/la-primavera-esta-a-tus-pies\/\"><span><span>Read More<\/span><\/span><\/a><a href=\"https:\/\/hermosaz.com\/es\/bye-bye-4-tendencias-que-estan-out-esta-primavera\/\" title=\"\u00a1Bye bye! 4 Tendencias que est\u00e1n out esta primavera\" data-type-url=\"post_url\" data-type-display=\"default_image\" data-css=\"\" data-size=\"medium\" data-post_id=\"109103\" data-shortcode=\"tcb_post_featured_image\"><img width=\"300\" height=\"251\" src=\"https:\/\/hermosaz.com\/wp-content\/uploads\/2025\/02\/Valentines-sweaters-4-300x251.jpg\" alt=\"\" decoding=\"async\" loading=\"lazy\" sizes=\"auto, 100vw\" \/><\/a><\/p>\n<h4 style=\"font-size: 24px !important;\"><span data-attr-link=\"0\" data-attr-rel=\"0\" data-attr-target=\"0\" data-extra_key=\"\" data-option-inline=\"1\" data-shortcode=\"tcb_post_title\" data-shortcode-name=\"Post title\" style=\"\">\u00a1Bye bye! 4 Tendencias que est\u00e1n out esta primavera<\/span> <\/h4>\n<p>\u00a1Bye bye! 4 Tendencias que est\u00e1n out esta primaveraJunto con las flores, <a href=\"https:\/\/hermosaz.com\/es\/bye-bye-4-tendencias-que-estan-out-esta-primavera\/#more-109103\"><\/a><\/p>\n<p><a href=\"https:\/\/hermosaz.com\/es\/bye-bye-4-tendencias-que-estan-out-esta-primavera\/\"><span><span>Read More<\/span><\/span><\/a><\/p>\n","protected":false},"excerpt":{"rendered":"<p>Salom\u00e9 Castro: Trazos que celebran lo que somos Detr\u00e1s de cada ilustraci\u00f3n de Salom\u00e9 Castro hay una historia que late Read More Shorts pero no tan Shorts\u2026\u00bfC\u00f3mo llevar las bermudas esta primavera sin fallar en el intento? Las bermudas vienen con todo, &nbsp;la verdad es que no nos sorprende Read More La primavera est\u00e1 a &hellip; <\/p>\n<p class=\"link-more\"><a href=\"https:\/\/hermosaz.com\/es\/articulos-de-tendencias\/\" class=\"more-link\">Continue reading<span class=\"screen-reader-text\"> &#8220;Articulos de Tendencias&#8221;<\/span><\/a><\/p>\n","protected":false},"author":32,"featured_media":0,"parent":0,"menu_order":0,"comment_status":"closed","ping_status":"closed","template":"","meta":{"footnotes":""},"class_list":["post-108934","page","type-page","status-publish","hentry"],"publishpress_future_action":{"enabled":false,"date":"2026-04-23 00:54:49","action":"change-status","newStatus":"draft","terms":[],"taxonomy":"translation_priority"},"publishpress_future_workflow_manual_trigger":{"enabledWorkflows":[]},"rttpg_featured_image_url":null,"rttpg_author":{"display_name":"Rosa Magana","author_link":"https:\/\/hermosaz.com\/es\/author\/rosa\/"},"rttpg_comment":0,"rttpg_category":" <a href=\"https:\/\/hermosaz.com\/es\/?taxonomy=translation_priority&#038;term=opcional\" rel=\"tag\">Opcional<\/a>","rttpg_excerpt":"Salom\u00e9 Castro: Trazos que celebran lo que somos Detr\u00e1s de cada ilustraci\u00f3n de Salom\u00e9 Castro hay una historia que late Read More Shorts pero no tan Shorts\u2026\u00bfC\u00f3mo llevar las bermudas esta primavera sin fallar en el intento? Las bermudas vienen con todo, &nbsp;la verdad es que no nos sorprende Read More La primavera est\u00e1 a&hellip;","_links":{"self":[{"href":"https:\/\/hermosaz.com\/es\/wp-json\/wp\/v2\/pages\/108934","targetHints":{"allow":["GET"]}}],"collection":[{"href":"https:\/\/hermosaz.com\/es\/wp-json\/wp\/v2\/pages"}],"about":[{"href":"https:\/\/hermosaz.com\/es\/wp-json\/wp\/v2\/types\/page"}],"author":[{"embeddable":true,"href":"https:\/\/hermosaz.com\/es\/wp-json\/wp\/v2\/users\/32"}],"replies":[{"embeddable":true,"href":"https:\/\/hermosaz.com\/es\/wp-json\/wp\/v2\/comments?post=108934"}],"version-history":[{"count":11,"href":"https:\/\/hermosaz.com\/es\/wp-json\/wp\/v2\/pages\/108934\/revisions"}],"predecessor-version":[{"id":110787,"href":"https:\/\/hermosaz.com\/es\/wp-json\/wp\/v2\/pages\/108934\/revisions\/110787"}],"wp:attachment":[{"href":"https:\/\/hermosaz.com\/es\/wp-json\/wp\/v2\/media?parent=108934"}],"curies":[{"name":"wp","href":"https:\/\/api.w.org\/{rel}","templated":true}]}}