{"id":33097,"date":"2018-04-19T17:15:30","date_gmt":"2018-04-20T00:15:30","guid":{"rendered":"https:\/\/hermosaz.com\/?page_id=33097"},"modified":"2018-06-11T16:40:20","modified_gmt":"2018-06-11T23:40:20","slug":"amantes-de-moda","status":"publish","type":"page","link":"https:\/\/hermosaz.com\/es\/amantes-de-moda\/","title":{"rendered":"Amantes De Moda"},"content":{"rendered":"<p><a href=\"https:\/\/hermosaz.com\/es\/ivette-lopez\/\">Ivette Lopez<\/a>Featured Fashionista Ivette Lopez Name:\u00a0Ivette Lopez Residence:Indiana Nationality:Mexican Instagram:\u00a0@ivy_lc Blog:\u00a0www.simplelifemx.com\/ What do you like about being Latina? What I love[&#8230;]<a href=\"https:\/\/hermosaz.com\/es\/ivette-lopez\/\">Read More<\/a>\u00a0<a href=\"https:\/\/hermosaz.com\/es\/rosa-natalia-cardenas-gomez\/\">Rosa Natalia C\u00e1rdenas G\u00f3mez<\/a>Featured Fashionista Rosa Natalia C\u00e1rdenas G\u00f3mez Name:\u00a0Rosa Natalia C\u00e1rdenas G\u00f3mez Residence:Mexico City Nationality:Mexican Instagram:\u00a0@natalia_hates_you What do you like about being[&#8230;]<a href=\"https:\/\/hermosaz.com\/es\/rosa-natalia-cardenas-gomez\/\">Read More<\/a>\u00a0<a href=\"https:\/\/hermosaz.com\/es\/daisyre-alvarez\/\">Daisyre Alvarez<\/a>Featured FashionistaDaisyre AlvarezName:\u00a0Daisyre AlvarezResidence:Miami, FLNationality:DominicanInstagram:\u00a0@styledByDesiBlog: \u200bwww.simplydesi.co\/What do you like about being Latina?The culture, the music, our work ethic, and our[&#8230;]<a href=\"https:\/\/hermosaz.com\/es\/daisyre-alvarez\/\">Read More<\/a>\u00a0<a href=\"https:\/\/hermosaz.com\/es\/lygia-wong\/\">Lygia Wong<\/a>Featured Fashionista Lygia Wong Name:\u00a0Lygia Wong Residence:Tampa, Fl \/ Oaxaca, Mx. Nationality:Mexican Instagram:\u00a0@lygiawong What do you like about being Latina?[&#8230;]<a href=\"https:\/\/hermosaz.com\/es\/lygia-wong\/\">Read More<\/a>\u00a0<a href=\"https:\/\/hermosaz.com\/es\/daniela-peniche\/\">Daniela Peniche<\/a>Featured Fashion Blogger Daniela Peniche Name:\u00a0Daniela Peniche Residence:Texas Nationality:Mexican-American Instagram:\u00a0@dani_garnet What do you like about being Latina? I love our[&#8230;]<a href=\"https:\/\/hermosaz.com\/es\/daniela-peniche\/\">Read More<\/a>\u00a0<a href=\"https:\/\/hermosaz.com\/es\/summer-fashion-2\/\">Summer Fashion Picks<\/a>Summer Fashion FASHIONNOVA Just Hired Plaid Dress &#8211; Blue $27.98$34.99 Shop It FASHIONNOVA About Last Night Lace Up Top -[&#8230;]<a href=\"https:\/\/hermosaz.com\/es\/summer-fashion-2\/\">Read More<\/a><\/p>\n","protected":false},"excerpt":{"rendered":"<p>Ivette LopezFeatured Fashionista Ivette Lopez Name:\u00a0Ivette Lopez Residence:Indiana Nationality:Mexican Instagram:\u00a0@ivy_lc Blog:\u00a0www.simplelifemx.com\/ What do you like about being Latina? What I love[&#8230;]Read More\u00a0Rosa Natalia C\u00e1rdenas G\u00f3mezFeatured Fashionista Rosa Natalia C\u00e1rdenas G\u00f3mez Name:\u00a0Rosa Natalia C\u00e1rdenas G\u00f3mez Residence:Mexico City Nationality:Mexican Instagram:\u00a0@natalia_hates_you What do you like about being[&#8230;]Read More\u00a0Daisyre AlvarezFeatured FashionistaDaisyre AlvarezName:\u00a0Daisyre AlvarezResidence:Miami, FLNationality:DominicanInstagram:\u00a0@styledByDesiBlog: \u200bwww.simplydesi.co\/What do you like about &hellip; <\/p>\n<p class=\"link-more\"><a href=\"https:\/\/hermosaz.com\/es\/amantes-de-moda\/\" class=\"more-link\">Continue reading<span class=\"screen-reader-text\"> &#8220;Amantes De Moda&#8221;<\/span><\/a><\/p>\n","protected":false},"author":29,"featured_media":0,"parent":0,"menu_order":0,"comment_status":"closed","ping_status":"closed","template":"","meta":{"footnotes":""},"class_list":["post-33097","page","type-page","status-publish","hentry"],"publishpress_future_action":{"enabled":false,"date":"2026-05-23 04:51:23","action":"change-status","newStatus":"draft","terms":[],"taxonomy":"translation_priority"},"publishpress_future_workflow_manual_trigger":{"enabledWorkflows":[]},"rttpg_featured_image_url":null,"rttpg_author":{"display_name":"thrd admin","author_link":"https:\/\/hermosaz.com\/es\/author\/thrdadmin\/"},"rttpg_comment":0,"rttpg_category":false,"rttpg_excerpt":"Ivette LopezFeatured Fashionista Ivette Lopez Name:\u00a0Ivette Lopez Residence:Indiana Nationality:Mexican Instagram:\u00a0@ivy_lc Blog:\u00a0www.simplelifemx.com\/ What do you like about being Latina? What I love[&#8230;]Read More\u00a0Rosa Natalia C\u00e1rdenas G\u00f3mezFeatured Fashionista Rosa Natalia C\u00e1rdenas G\u00f3mez Name:\u00a0Rosa Natalia C\u00e1rdenas G\u00f3mez Residence:Mexico City Nationality:Mexican Instagram:\u00a0@natalia_hates_you What do you like about being[&#8230;]Read More\u00a0Daisyre AlvarezFeatured FashionistaDaisyre AlvarezName:\u00a0Daisyre AlvarezResidence:Miami, FLNationality:DominicanInstagram:\u00a0@styledByDesiBlog: \u200bwww.simplydesi.co\/What do you like about&hellip;","_links":{"self":[{"href":"https:\/\/hermosaz.com\/es\/wp-json\/wp\/v2\/pages\/33097","targetHints":{"allow":["GET"]}}],"collection":[{"href":"https:\/\/hermosaz.com\/es\/wp-json\/wp\/v2\/pages"}],"about":[{"href":"https:\/\/hermosaz.com\/es\/wp-json\/wp\/v2\/types\/page"}],"author":[{"embeddable":true,"href":"https:\/\/hermosaz.com\/es\/wp-json\/wp\/v2\/users\/29"}],"replies":[{"embeddable":true,"href":"https:\/\/hermosaz.com\/es\/wp-json\/wp\/v2\/comments?post=33097"}],"version-history":[{"count":0,"href":"https:\/\/hermosaz.com\/es\/wp-json\/wp\/v2\/pages\/33097\/revisions"}],"wp:attachment":[{"href":"https:\/\/hermosaz.com\/es\/wp-json\/wp\/v2\/media?parent=33097"}],"curies":[{"name":"wp","href":"https:\/\/api.w.org\/{rel}","templated":true}]}}