{"id":45369,"date":"2018-10-04T11:54:26","date_gmt":"2018-10-04T18:54:26","guid":{"rendered":"https:\/\/hermosaz.com\/about-us-hermosaz\/"},"modified":"2020-10-28T01:05:19","modified_gmt":"2020-10-28T08:05:19","slug":"about-us-hermosaz","status":"publish","type":"page","link":"https:\/\/hermosaz.com\/es\/about-us-hermosaz\/","title":{"rendered":"Sobre Nosotros \u2013 hermosaz"},"content":{"rendered":"<h2 style=\"text-align: center;\">Sobre Nosotros<\/h2>\n<p><span><img loading=\"lazy\" decoding=\"async\" alt=\"\" width=\"1400\" height=\"425\" title=\"2\" data-id=\"70834\" src=\"https:\/\/hermosaz.com\/wp-content\/uploads\/2020\/10\/2.png\"><\/span><\/p>\n<p>Hermosaz es el sitio dedicado a celebrar el estilo, la belleza y cultura Latina a nivel mundial mediante nuestra <strong>revista<\/strong> en l\u00ednea y un sitio de <strong>compras<\/strong>. Dise\u00f1ado por mujeres Latinas para Latinas, Hermosas es el sitio perfecto para ayudarte a descubrir las \u00faltimas tendencias en el mundo de la moda, as\u00ed como descubrir historias de Latinos triunfando alrededor del mundo.<\/p>\n<p>En Hermosaz puedes <strong>descubrir las \u00faltimas tendencias + comprar tus productos favoritos<\/strong>. Hermosaz.com est\u00e1 afiliada a m\u00e1s de 200 tiendas que ofrecen env\u00edos a todo el mundo. Lo que hace que tengamos casi cualquier marca que puedas imaginar &#8211; Gucci, Nike, Adidas, Kate Spade, Tory Burch, Michael Kors, Calvin Klein, Missguided, PrettyLittleThing, y muchas m\u00e1s!<\/p>\n<p><strong>Nosotros no vendemos los productos directamente<\/strong>, como afiliados, mostramos los productos m\u00e1s chic de las marcas m\u00e1s reconocidas y te ofrecemos una plataforma donde puedes explorar diferentes precios y estilos, &nbsp;y as\u00ed elegir tu favorito (y el mejor descuento disponible!).<\/p>\n<p>\u00bfPor qu\u00e9 empezar tus compras en Hermosaz.com?<\/p>\n<p><strong>Descuentos.<\/strong>&nbsp;Gracias a nuestro buscador, puedes seleccionar el estilo que mejor se acomode a tu presupuesto.<\/p>\n<p><strong>Estilo e Inspiraci\u00f3n.<\/strong>&nbsp;Nuestras editoras se encargan de presentarte las \u00faltimas tendencias en moda y belleza para que encuentres inspiraci\u00f3n y compres los looks m\u00e1s ic\u00f3nicos del momento. (Tip, tambi\u00e9n puedes inspirarte con los looks de m\u00e1s de 500 influencers Latinas que han colaborado con Hermosaz).<\/p>\n<p><strong>Apoya a la comunidad Latina.<\/strong> Cuando realizas una compra desde Hermosaz.com, nosotros ganamos una peque\u00f1a comisi\u00f3n y una parte de nuestras ganancias es dedicada a apoyar a emprendedores y negocios Latinos completamente gratis!<\/p>\n<p>Por \u00faltimo, Hermosaz es m\u00e1s que un sitio de compras. <strong>Hermosaz conecta a mujeres Latinas en cualquier parte del mundo.<\/strong> Te invitamos a leer nuestra revista en hermosazUSA.com para que te enteres de todo lo que est\u00e1 pasando en nuestra comunidad Latina alrededor del mundo.<\/p>\n<p><strong>Por que la representaci\u00f3n es importante,<\/strong>&nbsp;te invitamos a colaborar con nosotros.<\/p>\n<p dir=\"ltr\"><strong>\u00bfEres emprendedor o profesionista Latino<\/strong>&nbsp;y quieres promocionar tu negocio en Hermosaz?<\/p>\n<p dir=\"ltr\"><strong>\u00bfTe gusta escribir<\/strong>&nbsp;y quieres publicar tus art\u00edculos GRATIS en Hermosas?<\/p>\n<p>Contactanos en&nbsp;<a href=\"mailto:contacto@hermosaz.com\">contacto@hermosaz.com<\/a>&nbsp;para recibir m\u00e1s informaci\u00f3n.<\/p>\n<p>Esta plataforma es para ti, porque cuando nuestra comunidad Latina brilla, todos brillamos.<\/p><\/p>\n","protected":false},"excerpt":{"rendered":"<p>Sobre Nosotros Hermosaz es el sitio dedicado a celebrar el estilo, la belleza y cultura Latina a nivel mundial mediante nuestra revista en l\u00ednea y un sitio de compras. Dise\u00f1ado por mujeres Latinas para Latinas, Hermosas es el sitio perfecto para ayudarte a descubrir las \u00faltimas tendencias en el mundo de la moda, as\u00ed como &hellip; <\/p>\n<p class=\"link-more\"><a href=\"https:\/\/hermosaz.com\/es\/about-us-hermosaz\/\" class=\"more-link\">Continue reading<span class=\"screen-reader-text\"> &#8220;Sobre Nosotros \u2013 hermosaz&#8221;<\/span><\/a><\/p>\n","protected":false},"author":29,"featured_media":0,"parent":0,"menu_order":0,"comment_status":"closed","ping_status":"closed","template":"","meta":{"footnotes":""},"class_list":["post-45369","page","type-page","status-publish","hentry"],"publishpress_future_action":{"enabled":false,"date":"2026-04-24 07:53:05","action":"change-status","newStatus":"draft","terms":[],"taxonomy":"translation_priority"},"publishpress_future_workflow_manual_trigger":{"enabledWorkflows":[]},"rttpg_featured_image_url":null,"rttpg_author":{"display_name":"thrd admin","author_link":"https:\/\/hermosaz.com\/es\/author\/thrdadmin\/"},"rttpg_comment":0,"rttpg_category":" <a href=\"https:\/\/hermosaz.com\/es\/?taxonomy=translation_priority&#038;term=opcional\" rel=\"tag\">Opcional<\/a>","rttpg_excerpt":"Sobre Nosotros Hermosaz es el sitio dedicado a celebrar el estilo, la belleza y cultura Latina a nivel mundial mediante nuestra revista en l\u00ednea y un sitio de compras. Dise\u00f1ado por mujeres Latinas para Latinas, Hermosas es el sitio perfecto para ayudarte a descubrir las \u00faltimas tendencias en el mundo de la moda, as\u00ed como&hellip;","_links":{"self":[{"href":"https:\/\/hermosaz.com\/es\/wp-json\/wp\/v2\/pages\/45369","targetHints":{"allow":["GET"]}}],"collection":[{"href":"https:\/\/hermosaz.com\/es\/wp-json\/wp\/v2\/pages"}],"about":[{"href":"https:\/\/hermosaz.com\/es\/wp-json\/wp\/v2\/types\/page"}],"author":[{"embeddable":true,"href":"https:\/\/hermosaz.com\/es\/wp-json\/wp\/v2\/users\/29"}],"replies":[{"embeddable":true,"href":"https:\/\/hermosaz.com\/es\/wp-json\/wp\/v2\/comments?post=45369"}],"version-history":[{"count":0,"href":"https:\/\/hermosaz.com\/es\/wp-json\/wp\/v2\/pages\/45369\/revisions"}],"wp:attachment":[{"href":"https:\/\/hermosaz.com\/es\/wp-json\/wp\/v2\/media?parent=45369"}],"curies":[{"name":"wp","href":"https:\/\/api.w.org\/{rel}","templated":true}]}}