{"id":69178,"date":"2020-08-03T22:47:30","date_gmt":"2020-08-04T05:47:30","guid":{"rendered":"https:\/\/hermosaz.com\/fashionistas\/"},"modified":"2025-02-28T11:06:25","modified_gmt":"2025-02-28T19:06:25","slug":"fashionistas","status":"publish","type":"page","link":"https:\/\/hermosaz.com\/es\/fashionistas\/","title":{"rendered":"Fashionistas"},"content":{"rendered":"\n<div style=\"height:50px\" aria-hidden=\"true\" class=\"wp-block-spacer\"><\/div>\n\n\n\n<div class=\"wp-block-rttpg-row alignfull rttpg-block-postgrid rttpg-block-5d553b rttpg-block rttpg-row-wrap rttpg-block-frontend\" style=\"--d-gap-x:20px;--t-gap-x:20px;--m-gap-x:20px;--d-gap-y:20px;--t-gap-y:20px;--m-gap-y:20px\"><div class=\"rttpg-container\"><div class=\"rttpg-row\">\n<div class=\"wp-block-rttpg-column rttpg-block-postgrid rttpg-block-c42c14 rttpg-block rttpg-column rttpg-block-frontend\">\n<details class=\"wp-block-details is-layout-flow wp-block-details-is-layout-flow\"><summary><\/summary>        <div class=\"rttpg-block-postgrid rttpg-block-wrapper rttpg-block-fb349f tpg-filter-type-dropdown meta-visibility-show section-title-style-default img_hover_animation_default title-default title_position_default title_hover_border_enable meta_position_default tpg-is-author-icon-default author-image-visibility-icon tpg-category-position-default readmore-btn-default-style grid-hover-overlay-type-always grid-hover-overlay-height-full hover-overlay-height-default tpg-title-border-default filter-nex-prev-btn-visible tpg-cat-style1 slider-scroll-hide act-label-style-inline\">\n            <div class=\"rt-container-fluid rt-tpg-container tpg-el-main-wrapper clearfix grid_hover-layout1-main\"\n                 id=\"rt-tpg-container-4034695039\"\n                 data-layout=\"grid_hover-layout1\"\n                 data-grid-style=\"tpg-even\" data-sc-id=\"elementor\"\n                 data-el-settings=''\n                 data-el-query=''\n                 data-el-path=''>\n\t\t\t\t                <div class='tpg-header-wrapper '>\n\t\t\t\t\t\n        <div class=\"tpg-widget-heading-wrapper rt-clear heading-default \">\n            <span class=\"tpg-widget-heading-line line-left\"><\/span>\n\t\t\t<h2 class='tpg-widget-heading'>\n\t\t\t            <a href=\"#\"  >\n\t\t\t\t\n\t\t\t\t                    <span>\n\t\t\t\t\t\tTrending Now\t\t\t\t\t<\/span>\n\t\t\t\t\t\n\t\t\t\t            <\/a>\n\n\t\t\t\t\t<\/h2>            <span class=\"tpg-widget-heading-line line-right\"><\/span>\n\n\t\t\t\n        <\/div>\n\n\t\t\n\t\t                <\/div>\n                <div class=\"rt-row rt-content-loader gutenberg-inner grid_hover-layout1 tpg-even grid-behaviour grid_hover_layout_wrapper\">\n\t\t\t\t\t\n<div class=\"rt-col-md-4 rt-col-sm-6 rt-col-xs-12 default rt-grid-hover-item rt-grid-item\" data-id=\"110751\">\n\t<div class=\"rt-holder tpg-post-holder\">\n\t\t<div class=\"rt-detail rt-el-content-wrapper\">\n\t\t\t\t\t\t\t<div class=\"rt-img-holder tpg-el-image-wrap has-thumbnail\">\n\t\t\t\t\t<a data-id=\"110751\" href=\"https:\/\/hermosaz.com\/es\/salome-castro-trazos-que-celebran-lo-que-somos\/\" class=\"tpg-post-link\" target=\"_self\">                        <img loading=\"lazy\" decoding=\"async\" src=\"https:\/\/hermosaz.com\/wp-content\/uploads\/2025\/06\/Valentines-sweaters-768x644.jpg\"\n                             class=\"rt-img-responsive\"\n                             width=\"525\"\n                             height=\"440\"\n                             alt=\"Salome Castro\">\n\t\t\t\t\t\t\n\t\t\t\t\t\t\t\n\t\t<\/a>\n\t\t        <div class=\"overlay grid-hover-content\"><\/div>\n\t\t\t\t\t\t<\/div>\n\t\t\t\n\t\t\t<div class=\"grid-hover-content\">\n\n\t\t\t\t<div class=\"entry-title-wrapper\"><h3 class=\"entry-title\"><a data-id=\"110751\" href=\"https:\/\/hermosaz.com\/es\/salome-castro-trazos-que-celebran-lo-que-somos\/\" class=\"tpg-post-link\" target=\"_self\">Salom\u00e9 Castro: Trazos que celebran lo que somos<\/a><\/h3><\/div>\n\t\t\t\t\t\t\t\t\t<div class=\"post-meta-tags rt-el-post-meta\">\n\t\t\t\t\t\t            <span class='author '>\n\n\t\t\t\t<i class='fa fa-user '><\/i><span class='author-prefix'>By<\/span><a href=\"https:\/\/hermosaz.com\/es\/author\/rosa\/\">Rosa Magana<\/a>\t\t\t<\/span>\n\t\t\t            <span class='date'>\n\t\t\t\t<i class='far fa-calendar-alt '><\/i>\t\t\t\t                    <a href=\"https:\/\/hermosaz.com\/es\/2025\/06\/30\/\">\n\t\t\t\t\tJune 30, 2025\t\t\t\t<\/a>\n\t\t\t\t\t\t\t<\/span>\n\t\t\t\t\t\t\t\t<\/div>\n\t\t\t\t\n\t\t\t\t\t\t\t\t\t<div class=\"tpg-excerpt tpg-el-excerpt\">\n\t\t\t\t\t\t\t\t\t\t\t\t\t<div class=\"tpg-excerpt-inner\">\n\t\t\t\t\t\t\t\tDetr\u00e1s de cada ilustraci\u00f3n de Salom\u00e9 Castro hay una historia que late con fuerza: la historia de una&#8230;\t\t\t\t\t\t\t<\/div>\n\t\t\t\t\t\t\t\t\t\t\t\t\t\t\t\t\t<\/div>\n\t\t\t\t\n\t\t\t\t\t\t\t<\/div>\n\t\t<\/div>\n\t<\/div>\n<\/div>\n\n<div class=\"rt-col-md-4 rt-col-sm-6 rt-col-xs-12 default rt-grid-hover-item rt-grid-item\" data-id=\"109904\">\n\t<div class=\"rt-holder tpg-post-holder\">\n\t\t<div class=\"rt-detail rt-el-content-wrapper\">\n\t\t\t\t\t\t\t<div class=\"rt-img-holder tpg-el-image-wrap has-thumbnail\">\n\t\t\t\t\t<a data-id=\"109904\" href=\"https:\/\/hermosaz.com\/es\/shorts-pero-no-tan-shortscomo-llevar-las-bermudas-esta-primavera-sin-fallar-en-el-intento\/\" class=\"tpg-post-link\" target=\"_self\">                        <img loading=\"lazy\" decoding=\"async\" src=\"https:\/\/hermosaz.com\/wp-content\/uploads\/2025\/04\/Valentines-sweaters-768x644.jpg\"\n                             class=\"rt-img-responsive\"\n                             width=\"525\"\n                             height=\"440\"\n                             alt=\"Shorts pero no tan Shorts\u2026\u00bfC\u00f3mo llevar las bermudas esta primavera sin fallar en el intento?\">\n\t\t\t\t\t\t\n\t\t\t\t\t\t\t\n\t\t<\/a>\n\t\t        <div class=\"overlay grid-hover-content\"><\/div>\n\t\t\t\t\t\t<\/div>\n\t\t\t\n\t\t\t<div class=\"grid-hover-content\">\n\n\t\t\t\t<div class=\"entry-title-wrapper\"><h3 class=\"entry-title\"><a data-id=\"109904\" href=\"https:\/\/hermosaz.com\/es\/shorts-pero-no-tan-shortscomo-llevar-las-bermudas-esta-primavera-sin-fallar-en-el-intento\/\" class=\"tpg-post-link\" target=\"_self\">Shorts pero no tan Shorts\u2026\u00bfC\u00f3mo llevar las bermudas esta primavera sin fallar en el intento?<\/a><\/h3><\/div>\n\t\t\t\t\t\t\t\t\t<div class=\"post-meta-tags rt-el-post-meta\">\n\t\t\t\t\t\t            <span class='author '>\n\n\t\t\t\t<i class='fa fa-user '><\/i><span class='author-prefix'>By<\/span><a href=\"https:\/\/hermosaz.com\/es\/author\/rosa\/\">Rosa Magana<\/a>\t\t\t<\/span>\n\t\t\t            <span class='date'>\n\t\t\t\t<i class='far fa-calendar-alt '><\/i>\t\t\t\t                    <a href=\"https:\/\/hermosaz.com\/es\/2025\/04\/01\/\">\n\t\t\t\t\tApril 1, 2025\t\t\t\t<\/a>\n\t\t\t\t\t\t\t<\/span>\n\t\t\t\t\t\t\t\t<\/div>\n\t\t\t\t\n\t\t\t\t\t\t\t\t\t<div class=\"tpg-excerpt tpg-el-excerpt\">\n\t\t\t\t\t\t\t\t\t\t\t\t\t<div class=\"tpg-excerpt-inner\">\n\t\t\t\t\t\t\t\tLas bermudas vienen con todo, &nbsp;la verdad es que no nos sorprende ya que es una prenda s\u00faper&#8230;\t\t\t\t\t\t\t<\/div>\n\t\t\t\t\t\t\t\t\t\t\t\t\t\t\t\t\t<\/div>\n\t\t\t\t\n\t\t\t\t\t\t\t<\/div>\n\t\t<\/div>\n\t<\/div>\n<\/div>\n\n<div class=\"rt-col-md-4 rt-col-sm-6 rt-col-xs-12 default rt-grid-hover-item rt-grid-item\" data-id=\"109523\">\n\t<div class=\"rt-holder tpg-post-holder\">\n\t\t<div class=\"rt-detail rt-el-content-wrapper\">\n\t\t\t\t\t\t\t<div class=\"rt-img-holder tpg-el-image-wrap has-thumbnail\">\n\t\t\t\t\t<a data-id=\"109523\" href=\"https:\/\/hermosaz.com\/es\/la-primavera-esta-a-tus-pies\/\" class=\"tpg-post-link\" target=\"_self\">                        <img loading=\"lazy\" decoding=\"async\" src=\"https:\/\/hermosaz.com\/wp-content\/uploads\/2025\/03\/Valentines-sweaters-4-768x644.jpg\"\n                             class=\"rt-img-responsive\"\n                             width=\"525\"\n                             height=\"440\"\n                             alt=\"La primavera est\u00e1 a tus pies\">\n\t\t\t\t\t\t\n\t\t\t\t\t\t\t\n\t\t<\/a>\n\t\t        <div class=\"overlay grid-hover-content\"><\/div>\n\t\t\t\t\t\t<\/div>\n\t\t\t\n\t\t\t<div class=\"grid-hover-content\">\n\n\t\t\t\t<div class=\"entry-title-wrapper\"><h3 class=\"entry-title\"><a data-id=\"109523\" href=\"https:\/\/hermosaz.com\/es\/la-primavera-esta-a-tus-pies\/\" class=\"tpg-post-link\" target=\"_self\">La primavera est\u00e1 a tus pies<\/a><\/h3><\/div>\n\t\t\t\t\t\t\t\t\t<div class=\"post-meta-tags rt-el-post-meta\">\n\t\t\t\t\t\t            <span class='author '>\n\n\t\t\t\t<i class='fa fa-user '><\/i><span class='author-prefix'>By<\/span><a href=\"https:\/\/hermosaz.com\/es\/author\/rosa\/\">Rosa Magana<\/a>\t\t\t<\/span>\n\t\t\t            <span class='date'>\n\t\t\t\t<i class='far fa-calendar-alt '><\/i>\t\t\t\t                    <a href=\"https:\/\/hermosaz.com\/es\/2025\/03\/14\/\">\n\t\t\t\t\tMarch 14, 2025\t\t\t\t<\/a>\n\t\t\t\t\t\t\t<\/span>\n\t\t\t\t\t\t\t\t<\/div>\n\t\t\t\t\n\t\t\t\t\t\t\t\t\t<div class=\"tpg-excerpt tpg-el-excerpt\">\n\t\t\t\t\t\t\t\t\t\t\t\t\t<div class=\"tpg-excerpt-inner\">\n\t\t\t\t\t\t\t\tSi algo aprendimos de Carrie Bradshaw en Hermosaz es que un look no est\u00e1 completo sin un buen par de&#8230;\t\t\t\t\t\t\t<\/div>\n\t\t\t\t\t\t\t\t\t\t\t\t\t\t\t\t\t<\/div>\n\t\t\t\t\n\t\t\t\t\t\t\t<\/div>\n\t\t<\/div>\n\t<\/div>\n<\/div>\n\n<div class=\"rt-col-md-4 rt-col-sm-6 rt-col-xs-12 default rt-grid-hover-item rt-grid-item\" data-id=\"109103\">\n\t<div class=\"rt-holder tpg-post-holder\">\n\t\t<div class=\"rt-detail rt-el-content-wrapper\">\n\t\t\t\t\t\t\t<div class=\"rt-img-holder tpg-el-image-wrap has-thumbnail\">\n\t\t\t\t\t<a data-id=\"109103\" href=\"https:\/\/hermosaz.com\/es\/bye-bye-4-tendencias-que-estan-out-esta-primavera\/\" class=\"tpg-post-link\" target=\"_self\">                        <img loading=\"lazy\" decoding=\"async\" src=\"https:\/\/hermosaz.com\/wp-content\/uploads\/2025\/02\/Valentines-sweaters-4-768x644.jpg\"\n                             class=\"rt-img-responsive\"\n                             width=\"525\"\n                             height=\"440\"\n                             alt=\"\u00a1Bye bye! 4 Tendencias que est\u00e1n out esta primavera\">\n\t\t\t\t\t\t\n\t\t\t\t\t\t\t\n\t\t<\/a>\n\t\t        <div class=\"overlay grid-hover-content\"><\/div>\n\t\t\t\t\t\t<\/div>\n\t\t\t\n\t\t\t<div class=\"grid-hover-content\">\n\n\t\t\t\t<div class=\"entry-title-wrapper\"><h3 class=\"entry-title\"><a data-id=\"109103\" href=\"https:\/\/hermosaz.com\/es\/bye-bye-4-tendencias-que-estan-out-esta-primavera\/\" class=\"tpg-post-link\" target=\"_self\">\u00a1Bye bye! 4 Tendencias que est\u00e1n out esta primavera<\/a><\/h3><\/div>\n\t\t\t\t\t\t\t\t\t<div class=\"post-meta-tags rt-el-post-meta\">\n\t\t\t\t\t\t            <span class='author '>\n\n\t\t\t\t<i class='fa fa-user '><\/i><span class='author-prefix'>By<\/span><a href=\"https:\/\/hermosaz.com\/es\/author\/rosa\/\">Rosa Magana<\/a>\t\t\t<\/span>\n\t\t\t            <span class='date'>\n\t\t\t\t<i class='far fa-calendar-alt '><\/i>\t\t\t\t                    <a href=\"https:\/\/hermosaz.com\/es\/2025\/02\/25\/\">\n\t\t\t\t\tFebruary 25, 2025\t\t\t\t<\/a>\n\t\t\t\t\t\t\t<\/span>\n\t\t\t\t\t\t\t\t<\/div>\n\t\t\t\t\n\t\t\t\t\t\t\t\t\t<div class=\"tpg-excerpt tpg-el-excerpt\">\n\t\t\t\t\t\t\t\t\t\t\t\t\t<div class=\"tpg-excerpt-inner\">\n\t\t\t\t\t\t\t\t\u00a1Bye bye! 4 Tendencias que est\u00e1n out esta primavera Junto con las flores, las nuevas tendencias&#8230;\t\t\t\t\t\t\t<\/div>\n\t\t\t\t\t\t\t\t\t\t\t\t\t\t\t\t\t<\/div>\n\t\t\t\t\n\t\t\t\t\t\t\t<\/div>\n\t\t<\/div>\n\t<\/div>\n<\/div>\n\n<div class=\"rt-col-md-4 rt-col-sm-6 rt-col-xs-12 default rt-grid-hover-item rt-grid-item\" data-id=\"108912\">\n\t<div class=\"rt-holder tpg-post-holder\">\n\t\t<div class=\"rt-detail rt-el-content-wrapper\">\n\t\t\t\t\t\t\t<div class=\"rt-img-holder tpg-el-image-wrap has-thumbnail\">\n\t\t\t\t\t<a data-id=\"108912\" href=\"https:\/\/hermosaz.com\/es\/el-azul-marino-es-el-nuevo-negro\/\" class=\"tpg-post-link\" target=\"_self\">                        <img loading=\"lazy\" decoding=\"async\" src=\"https:\/\/hermosaz.com\/wp-content\/uploads\/2025\/02\/Valentines-sweaters-3-768x644.jpg\"\n                             class=\"rt-img-responsive\"\n                             width=\"525\"\n                             height=\"440\"\n                             alt=\"El azul marino es el nuevo negro\">\n\t\t\t\t\t\t\n\t\t\t\t\t\t\t\n\t\t<\/a>\n\t\t        <div class=\"overlay grid-hover-content\"><\/div>\n\t\t\t\t\t\t<\/div>\n\t\t\t\n\t\t\t<div class=\"grid-hover-content\">\n\n\t\t\t\t<div class=\"entry-title-wrapper\"><h3 class=\"entry-title\"><a data-id=\"108912\" href=\"https:\/\/hermosaz.com\/es\/el-azul-marino-es-el-nuevo-negro\/\" class=\"tpg-post-link\" target=\"_self\">El azul marino es el nuevo negro<\/a><\/h3><\/div>\n\t\t\t\t\t\t\t\t\t<div class=\"post-meta-tags rt-el-post-meta\">\n\t\t\t\t\t\t            <span class='author '>\n\n\t\t\t\t<i class='fa fa-user '><\/i><span class='author-prefix'>By<\/span><a href=\"https:\/\/hermosaz.com\/es\/author\/rosa\/\">Rosa Magana<\/a>\t\t\t<\/span>\n\t\t\t            <span class='date'>\n\t\t\t\t<i class='far fa-calendar-alt '><\/i>\t\t\t\t                    <a href=\"https:\/\/hermosaz.com\/es\/2025\/02\/19\/\">\n\t\t\t\t\tFebruary 19, 2025\t\t\t\t<\/a>\n\t\t\t\t\t\t\t<\/span>\n\t\t\t\t\t\t\t\t<\/div>\n\t\t\t\t\n\t\t\t\t\t\t\t\t\t<div class=\"tpg-excerpt tpg-el-excerpt\">\n\t\t\t\t\t\t\t\t\t\t\t\t\t<div class=\"tpg-excerpt-inner\">\n\t\t\t\t\t\t\t\tEl azul marino es el nuevo negro Este 2025 veremos un nuevo neutro apoderarse del streetstyle, el&#8230;\t\t\t\t\t\t\t<\/div>\n\t\t\t\t\t\t\t\t\t\t\t\t\t\t\t\t\t<\/div>\n\t\t\t\t\n\t\t\t\t\t\t\t<\/div>\n\t\t<\/div>\n\t<\/div>\n<\/div>\n\n<div class=\"rt-col-md-4 rt-col-sm-6 rt-col-xs-12 default rt-grid-hover-item rt-grid-item\" data-id=\"108881\">\n\t<div class=\"rt-holder tpg-post-holder\">\n\t\t<div class=\"rt-detail rt-el-content-wrapper\">\n\t\t\t\t\t\t\t<div class=\"rt-img-holder tpg-el-image-wrap has-thumbnail\">\n\t\t\t\t\t<a data-id=\"108881\" href=\"https:\/\/hermosaz.com\/es\/corp-core-incluso-si-haces-home-office\/\" class=\"tpg-post-link\" target=\"_self\">                        <img loading=\"lazy\" decoding=\"async\" src=\"https:\/\/hermosaz.com\/wp-content\/uploads\/2025\/02\/Valentines-sweaters-768x644.jpg\"\n                             class=\"rt-img-responsive\"\n                             width=\"525\"\n                             height=\"440\"\n                             alt=\"Corp-Core: Incluso si haces Home Office\">\n\t\t\t\t\t\t\n\t\t\t\t\t\t\t\n\t\t<\/a>\n\t\t        <div class=\"overlay grid-hover-content\"><\/div>\n\t\t\t\t\t\t<\/div>\n\t\t\t\n\t\t\t<div class=\"grid-hover-content\">\n\n\t\t\t\t<div class=\"entry-title-wrapper\"><h3 class=\"entry-title\"><a data-id=\"108881\" href=\"https:\/\/hermosaz.com\/es\/corp-core-incluso-si-haces-home-office\/\" class=\"tpg-post-link\" target=\"_self\">Corp-Core: Incluso si haces Home Office<\/a><\/h3><\/div>\n\t\t\t\t\t\t\t\t\t<div class=\"post-meta-tags rt-el-post-meta\">\n\t\t\t\t\t\t            <span class='author '>\n\n\t\t\t\t<i class='fa fa-user '><\/i><span class='author-prefix'>By<\/span><a href=\"https:\/\/hermosaz.com\/es\/author\/rosa\/\">Rosa Magana<\/a>\t\t\t<\/span>\n\t\t\t            <span class='date'>\n\t\t\t\t<i class='far fa-calendar-alt '><\/i>\t\t\t\t                    <a href=\"https:\/\/hermosaz.com\/es\/2025\/02\/18\/\">\n\t\t\t\t\tFebruary 18, 2025\t\t\t\t<\/a>\n\t\t\t\t\t\t\t<\/span>\n\t\t\t\t\t\t\t\t<\/div>\n\t\t\t\t\n\t\t\t\t\t\t\t\t\t<div class=\"tpg-excerpt tpg-el-excerpt\">\n\t\t\t\t\t\t\t\t\t\t\t\t\t<div class=\"tpg-excerpt-inner\">\n\t\t\t\t\t\t\t\tCorp-Core: Incluso si haces Home Office El momento de sacar los blazers y corbatas ha llegado, si&#8230;\t\t\t\t\t\t\t<\/div>\n\t\t\t\t\t\t\t\t\t\t\t\t\t\t\t\t\t<\/div>\n\t\t\t\t\n\t\t\t\t\t\t\t<\/div>\n\t\t<\/div>\n\t<\/div>\n<\/div>\n                <\/div>\n\n\t\t\t\t\n            <\/div>\n        <\/div>\n\t\t\n\n\n<div class=\"wp-block-columns is-layout-flex wp-container-core-columns-is-layout-1 wp-block-columns-is-layout-flex\"><\/div>\n<\/details>\n<\/div>\n<\/div><\/div><\/div>\n\n\n\n<div class=\"wp-block-rttpg-row alignfull rttpg-block-postgrid rttpg-block-a79668 rttpg-block rttpg-row-wrap rttpg-block-frontend\" style=\"--d-gap-x:50px;--t-gap-x:15px;--m-gap-x:20px;--d-gap-y:20px;--t-gap-y:20px;--m-gap-y:20px\"><div class=\"rttpg-container\"><div class=\"rttpg-row\">\n<div class=\"wp-block-rttpg-column rttpg-block-postgrid rttpg-block-c542c3 rttpg-block rttpg-column rttpg-block-frontend\"><\/div>\n\n\n\n<div class=\"wp-block-rttpg-column rttpg-block-postgrid rttpg-block-8ee08b rttpg-block rttpg-column rttpg-block-frontend\"><\/div>\n<\/div><\/div><\/div>\n\n\n\n<p><\/p>\n","protected":false},"excerpt":{"rendered":"","protected":false},"author":37,"featured_media":0,"parent":0,"menu_order":0,"comment_status":"closed","ping_status":"closed","template":"fashionistas.php","meta":{"footnotes":""},"class_list":["post-69178","page","type-page","status-publish","hentry"],"publishpress_future_action":{"enabled":false,"date":"2026-04-21 10:55:49","action":"change-status","newStatus":"draft","terms":[],"taxonomy":"translation_priority"},"publishpress_future_workflow_manual_trigger":{"enabledWorkflows":[]},"rttpg_featured_image_url":null,"rttpg_author":{"display_name":"andy","author_link":"https:\/\/hermosaz.com\/es\/author\/netgains\/"},"rttpg_comment":0,"rttpg_category":" <a href=\"https:\/\/hermosaz.com\/es\/?taxonomy=translation_priority&#038;term=opcional\" rel=\"tag\">Opcional<\/a><a href=\"https:\/\/hermosaz.com\/en\/?taxonomy=translation_priority&#038;term=optional\" rel=\"tag\">Optional<\/a>","rttpg_excerpt":null,"_links":{"self":[{"href":"https:\/\/hermosaz.com\/es\/wp-json\/wp\/v2\/pages\/69178","targetHints":{"allow":["GET"]}}],"collection":[{"href":"https:\/\/hermosaz.com\/es\/wp-json\/wp\/v2\/pages"}],"about":[{"href":"https:\/\/hermosaz.com\/es\/wp-json\/wp\/v2\/types\/page"}],"author":[{"embeddable":true,"href":"https:\/\/hermosaz.com\/es\/wp-json\/wp\/v2\/users\/37"}],"replies":[{"embeddable":true,"href":"https:\/\/hermosaz.com\/es\/wp-json\/wp\/v2\/comments?post=69178"}],"version-history":[{"count":5,"href":"https:\/\/hermosaz.com\/es\/wp-json\/wp\/v2\/pages\/69178\/revisions"}],"predecessor-version":[{"id":109168,"href":"https:\/\/hermosaz.com\/es\/wp-json\/wp\/v2\/pages\/69178\/revisions\/109168"}],"wp:attachment":[{"href":"https:\/\/hermosaz.com\/es\/wp-json\/wp\/v2\/media?parent=69178"}],"curies":[{"name":"wp","href":"https:\/\/api.w.org\/{rel}","templated":true}]}}