{"id":69515,"date":"2020-07-27T04:44:34","date_gmt":"2020-07-27T11:44:34","guid":{"rendered":"https:\/\/hermosaz.com\/mission\/"},"modified":"2020-10-28T00:41:32","modified_gmt":"2020-10-28T07:41:32","slug":"mision","status":"publish","type":"page","link":"https:\/\/hermosaz.com\/es\/mision\/","title":{"rendered":"Misi\u00f3n"},"content":{"rendered":"<h2>MISI\u00d3N<\/h2>\n<p dir=\"ltr\">Hermosaz es el principal buscador de compras y estilo de vida en ingl\u00e9s y espa\u00f1ol orientado a servir a los latinos en los Estados Unidos. El contenido de Hermosaz satisface las necesidades y deseos de los latinos biculturales. La compa\u00f1\u00eda se enfoca en cultivar una plataforma accesible para el segmento de mercado de m\u00e1s r\u00e1pido crecimiento.<\/p>\n<p><span><img loading=\"lazy\" decoding=\"async\" alt=\"\" data-id=\"70200\" width=\"2227\" height=\"285\" title=\"Flags\" src=\"https:\/\/hermosaz.com\/wp-content\/uploads\/2020\/09\/Flags.png\"><\/span><\/p>\n","protected":false},"excerpt":{"rendered":"<p>MISI\u00d3N Hermosaz es el principal buscador de compras y estilo de vida en ingl\u00e9s y espa\u00f1ol orientado a servir a los latinos en los Estados Unidos. El contenido de Hermosaz satisface las necesidades y deseos de los latinos biculturales. La compa\u00f1\u00eda se enfoca en cultivar una plataforma accesible para el segmento de mercado de m\u00e1s &hellip; <\/p>\n<p class=\"link-more\"><a href=\"https:\/\/hermosaz.com\/es\/mision\/\" class=\"more-link\">Continue reading<span class=\"screen-reader-text\"> &#8220;Misi\u00f3n&#8221;<\/span><\/a><\/p>\n","protected":false},"author":37,"featured_media":0,"parent":0,"menu_order":0,"comment_status":"closed","ping_status":"closed","template":"","meta":{"footnotes":""},"class_list":["post-69515","page","type-page","status-publish","hentry"],"publishpress_future_action":{"enabled":false,"date":"2026-05-03 18:06:18","action":"change-status","newStatus":"draft","terms":[],"taxonomy":"translation_priority"},"publishpress_future_workflow_manual_trigger":{"enabledWorkflows":[]},"rttpg_featured_image_url":null,"rttpg_author":{"display_name":"andy","author_link":"https:\/\/hermosaz.com\/es\/author\/netgains\/"},"rttpg_comment":0,"rttpg_category":false,"rttpg_excerpt":"MISI\u00d3N Hermosaz es el principal buscador de compras y estilo de vida en ingl\u00e9s y espa\u00f1ol orientado a servir a los latinos en los Estados Unidos. El contenido de Hermosaz satisface las necesidades y deseos de los latinos biculturales. La compa\u00f1\u00eda se enfoca en cultivar una plataforma accesible para el segmento de mercado de m\u00e1s&hellip;","_links":{"self":[{"href":"https:\/\/hermosaz.com\/es\/wp-json\/wp\/v2\/pages\/69515","targetHints":{"allow":["GET"]}}],"collection":[{"href":"https:\/\/hermosaz.com\/es\/wp-json\/wp\/v2\/pages"}],"about":[{"href":"https:\/\/hermosaz.com\/es\/wp-json\/wp\/v2\/types\/page"}],"author":[{"embeddable":true,"href":"https:\/\/hermosaz.com\/es\/wp-json\/wp\/v2\/users\/37"}],"replies":[{"embeddable":true,"href":"https:\/\/hermosaz.com\/es\/wp-json\/wp\/v2\/comments?post=69515"}],"version-history":[{"count":0,"href":"https:\/\/hermosaz.com\/es\/wp-json\/wp\/v2\/pages\/69515\/revisions"}],"wp:attachment":[{"href":"https:\/\/hermosaz.com\/es\/wp-json\/wp\/v2\/media?parent=69515"}],"curies":[{"name":"wp","href":"https:\/\/api.w.org\/{rel}","templated":true}]}}