{"id":69518,"date":"2020-07-27T04:45:11","date_gmt":"2020-07-27T11:45:11","guid":{"rendered":"https:\/\/hermosaz.com\/team\/"},"modified":"2022-04-27T03:08:54","modified_gmt":"2022-04-27T10:08:54","slug":"team","status":"publish","type":"page","link":"https:\/\/hermosaz.com\/es\/team\/","title":{"rendered":"Team"},"content":{"rendered":"<h2 style=\"text-align: center;\"><a href=\"https:\/\/hermosaz.com\/company\/team\" style=\"outline: none;\"><\/a><a href=\"https:\/\/hermosaz.com\/company\/team\" style=\"outline: none;\">Equipo<\/a><\/h2>\n<p><span><img loading=\"lazy\" decoding=\"async\" alt=\"Sherri | Hermosaz\" data-id=\"6871\" width=\"448\" height=\"781\" title=\"SHERRI\" src=\"https:\/\/hermosaz.com\/wp-content\/uploads\/2017\/10\/IMG_9423-1.jpg\" style=\"\"><\/span><\/p>\n<h5>Sherri<\/h5>\n<h6>Analista de Producto y Moda<\/h6>\n<p>Sherri es la fashionista estrella de Hermosaz. Es especialista en moda y estilo con m\u00e1s de 10 a\u00f1os de experiencia en la industria. Estudi\u00f3 en la Universidad de San Francisco obteniendo un t\u00edtulo y una maestr\u00eda en Pol\u00edtica. En su tiempo libre disfruta compartiendo con su familia, viajar, cocinar y, por supuesto, comprar ropa a la \u00faltima moda.<\/p>\n<p><span><img decoding=\"async\" alt=\"\" data-id=\"73920\" width=\"145\" height=\"230\" title=\"yazmin\" src=\"https:\/\/hermosaz.com\/wp-content\/uploads\/2020\/12\/yazmin.png\" style=\"\" data-width=\"145\" data-height=\"230\" data-init-width=\"816\" data-init-height=\"1040\" loading=\"lazy\"><\/span><\/p>\n<h5>Yazmin Maga\u00f1a<\/h5>\n<h6>Coordinadora de Marketing<\/h6>\n<p>Yazmin creci\u00f3 en California en una familia 100% Mexicana, haciendo de su cultura una parte muy importante de su vida. Yazmin estudi\u00f3 ciencias pol\u00edticas en la universidad de Berkeley, para despu\u00e9s estudiar una maestr\u00eda en Marketing en la Universidad de Manchester, Reino Unido. Como mujer Latina, Yazmin sabe lo importante que es la representaci\u00f3n de su cultura, a nivel pol\u00edtico, as\u00ed como en cualquier sector, como la educaci\u00f3n o el mundo de la moda. El objetivo de Yazmin siempre ha sido ayudar a su comunidad Latina y compartir su cultura con el mundo.<\/p>\n<p><span><img decoding=\"async\" alt=\"carolina\" data-id=\"102058\" width=\"339\" height=\"230\" title=\"carolina\" src=\"https:\/\/hermosaz.com\/wp-content\/uploads\/2022\/04\/IMG_0435.jpg\" style=\"\" data-width=\"339\" data-height=\"230\" data-init-width=\"1125\" data-init-height=\"1126\" loading=\"lazy\"><\/span><\/p>\n<h5>Carolina Carrada<\/h5>\n<h6>Coordinadora de Contenido y Marketing<\/h6>\n<p><strong>Carolina<\/strong>&nbsp;creci\u00f3 en el estado de Tabasco, M\u00e9xico, estudi\u00f3 dise\u00f1o textil en la Universidad Iberoamericana, despu\u00e9s concluy\u00f3 una maestr\u00eda en el Istituto Marangoni, en Londres. Cuenta con diplomados en comunicaci\u00f3n de moda por parte de la Cond\u00e9 Nast College en Londres, y la Universidad complutense de Madrid. Ha tenido la oportunidad de colaborar con marcas como Prada, Burberry, Dockers entre otras.<\/p>\n<p>Carolina considera importante impulsar la representaci\u00f3n de la comunidad latina en la industria de la moda y busca generar un parteaguas a trav\u00e9s de Hermosaz.<\/p>\n<p><span><img decoding=\"async\" alt=\"\" data-id=\"73916\" width=\"145\" height=\"230\" title=\"Myra\" src=\"https:\/\/hermosaz.com\/wp-content\/uploads\/2020\/12\/Myra.jpg\" style=\"\" data-width=\"145\" data-height=\"230\" data-init-width=\"518\" data-init-height=\"726\" loading=\"lazy\"><\/span><\/p>\n<h5>Myra Ambriz<\/h5>\n<h6>Directora Creativa<\/h6>\n<p>Myra creci\u00f3 en California en una familia 100% mexicana, lo que hizo de su cultura una parte importante de su vida. Myra sigui\u00f3 su carrera como cantante a los 9 a\u00f1os. Como ni\u00f1a latina, Myra se aferr\u00f3 a sus ra\u00edces cantando m\u00fasica de g\u00e9nero Mariachi, lanz\u00f3 su primer \u00e1lbum Mariachi en 1998. Myra salt\u00f3 a la fama en 2001 siendo la primera latina en firmar con Disney Records y luego lanz\u00f3 su \u00e1lbum hom\u00f3nimo como su pas\u00f3 al g\u00e9nero pop estadounidense y poco despu\u00e9s lanz\u00f3 una versi\u00f3n traducida en espa\u00f1ol, por la que gan\u00f3 un disco de oro. La pasi\u00f3n de Myra desde los 5 a\u00f1os es mantener vivas sus ra\u00edces, inspirar y marcar la diferencia a trav\u00e9s de su don de la palabra y la m\u00fasica.<\/p>\n<p><span><img loading=\"lazy\" decoding=\"async\" alt=\"\" data-id=\"70356\" width=\"117\" height=\"132\" title=\"mary\" src=\"https:\/\/hermosaz.com\/wp-content\/uploads\/2020\/09\/mary.png\" style=\"\"><\/span><\/p>\n<h5>Mary<\/h5>\n<h6>Dise\u00f1adora Gr\u00e1fica<\/h6>\n<p>Mary le da el toque visual a toda la plataforma de Hermosaz. Tiene m\u00e1s de 20 a\u00f1os de experiencia en el \u00e1rea y su estilo est\u00e1 influenciado principalmente por el tiempo en que fue Directora de Arte en Meredith Corporation. Es licenciada en Artes y Dise\u00f1o Gr\u00e1fico de la Universidad de Iowa en Ames. En su tiempo libre bucea, viaja, comparte con sus amigos viendo partidos, especialmente los de sus equipos favoritos, los Cachorros y los Osos de Chicago.<\/p>\n<p><span><img decoding=\"async\" alt=\"\" data-id=\"73922\" width=\"145\" height=\"230\" title=\"masha\" src=\"https:\/\/hermosaz.com\/wp-content\/uploads\/2020\/12\/masha.jpg\" style=\"\" data-width=\"145\" data-height=\"230\" data-init-width=\"713\" data-init-height=\"713\" loading=\"lazy\"><\/span><\/p>\n<h5>Masha<\/h5>\n<h6>Consultora de Estrategia de Negocios<\/h6>\n<p>Masha tiene experiencia e-commerce, moda, marketing y an\u00e1lisis de datos con un enfoque en los mercados hispanos en los EE. UU. Creci\u00f3 en Barcelona, Espa\u00f1a y est\u00e1 profundamente conectada con la lengua y la cultura espa\u00f1olas. Masha fue directora de marketing en IGIGI y actualmente trabaja en AccelerateChange con empresas enfocadas en hispanos.<\/p>\n","protected":false},"excerpt":{"rendered":"<p>Equipo Sherri Analista de Producto y Moda Sherri es la fashionista estrella de Hermosaz. Es especialista en moda y estilo con m\u00e1s de 10 a\u00f1os de experiencia en la industria. Estudi\u00f3 en la Universidad de San Francisco obteniendo un t\u00edtulo y una maestr\u00eda en Pol\u00edtica. En su tiempo libre disfruta compartiendo con su familia, viajar, &hellip; <\/p>\n<p class=\"link-more\"><a href=\"https:\/\/hermosaz.com\/es\/team\/\" class=\"more-link\">Continue reading<span class=\"screen-reader-text\"> &#8220;Team&#8221;<\/span><\/a><\/p>\n","protected":false},"author":37,"featured_media":0,"parent":0,"menu_order":0,"comment_status":"closed","ping_status":"closed","template":"","meta":{"footnotes":""},"class_list":["post-69518","page","type-page","status-publish","hentry"],"publishpress_future_action":{"enabled":false,"date":"2026-04-12 19:49:04","action":"change-status","newStatus":"draft","terms":[],"taxonomy":"translation_priority"},"publishpress_future_workflow_manual_trigger":{"enabledWorkflows":[]},"rttpg_featured_image_url":null,"rttpg_author":{"display_name":"andy","author_link":"https:\/\/hermosaz.com\/es\/author\/netgains\/"},"rttpg_comment":0,"rttpg_category":" <a href=\"https:\/\/hermosaz.com\/es\/?taxonomy=translation_priority&#038;term=opcional\" rel=\"tag\">Opcional<\/a>","rttpg_excerpt":"Equipo Sherri Analista de Producto y Moda Sherri es la fashionista estrella de Hermosaz. Es especialista en moda y estilo con m\u00e1s de 10 a\u00f1os de experiencia en la industria. Estudi\u00f3 en la Universidad de San Francisco obteniendo un t\u00edtulo y una maestr\u00eda en Pol\u00edtica. En su tiempo libre disfruta compartiendo con su familia, viajar,&hellip;","_links":{"self":[{"href":"https:\/\/hermosaz.com\/es\/wp-json\/wp\/v2\/pages\/69518","targetHints":{"allow":["GET"]}}],"collection":[{"href":"https:\/\/hermosaz.com\/es\/wp-json\/wp\/v2\/pages"}],"about":[{"href":"https:\/\/hermosaz.com\/es\/wp-json\/wp\/v2\/types\/page"}],"author":[{"embeddable":true,"href":"https:\/\/hermosaz.com\/es\/wp-json\/wp\/v2\/users\/37"}],"replies":[{"embeddable":true,"href":"https:\/\/hermosaz.com\/es\/wp-json\/wp\/v2\/comments?post=69518"}],"version-history":[{"count":2,"href":"https:\/\/hermosaz.com\/es\/wp-json\/wp\/v2\/pages\/69518\/revisions"}],"predecessor-version":[{"id":102061,"href":"https:\/\/hermosaz.com\/es\/wp-json\/wp\/v2\/pages\/69518\/revisions\/102061"}],"wp:attachment":[{"href":"https:\/\/hermosaz.com\/es\/wp-json\/wp\/v2\/media?parent=69518"}],"curies":[{"name":"wp","href":"https:\/\/api.w.org\/{rel}","templated":true}]}}