{"id":69528,"date":"2020-07-27T04:45:23","date_gmt":"2020-07-27T11:45:23","guid":{"rendered":"https:\/\/hermosaz.com\/investors\/"},"modified":"2020-11-06T22:11:12","modified_gmt":"2020-11-07T06:11:12","slug":"inversionistas","status":"publish","type":"page","link":"https:\/\/hermosaz.com\/es\/inversionistas\/","title":{"rendered":"Inversionistas"},"content":{"rendered":"<h2>Inversionistas<\/h2>\n<h6 style=\"text-align: center;\">Para oportunidades de inversi\u00f3n en Hermosas, por favor llena la siguiente forma y ser\u00e1s contactado a la mayor brevedad posible. Tu informaci\u00f3n es confidencial y no ser\u00e1 compartida.<\/h6>\n\n<div class=\"wpcf7 no-js\" id=\"wpcf7-f70276-o1\" lang=\"en-US\" dir=\"ltr\" data-wpcf7-id=\"70276\">\n<div class=\"screen-reader-response\"><p role=\"status\" aria-live=\"polite\" aria-atomic=\"true\"><\/p> <ul><\/ul><\/div>\n<form action=\"\/es\/wp-json\/wp\/v2\/pages\/69528#wpcf7-f70276-o1\" method=\"post\" class=\"wpcf7-form init\" aria-label=\"Contact form\" novalidate=\"novalidate\" data-status=\"init\">\n<div style=\"display: none;\">\n<input type=\"hidden\" name=\"_wpcf7\" value=\"70276\" \/>\n<input type=\"hidden\" name=\"_wpcf7_version\" value=\"6.0.4\" \/>\n<input type=\"hidden\" name=\"_wpcf7_locale\" value=\"en_US\" \/>\n<input type=\"hidden\" name=\"_wpcf7_unit_tag\" value=\"wpcf7-f70276-o1\" \/>\n<input type=\"hidden\" name=\"_wpcf7_container_post\" value=\"0\" \/>\n<input type=\"hidden\" name=\"_wpcf7_posted_data_hash\" value=\"\" \/>\n<\/div>\n<div class=\"invst-form\">\n\t<p><span class=\"contact-name\"><br \/>\n<label> Nombre<\/label><br \/>\n<span class=\"wpcf7-form-control-wrap\" data-name=\"your-name\"><input size=\"40\" maxlength=\"400\" class=\"wpcf7-form-control wpcf7-text\" aria-invalid=\"false\" value=\"\" type=\"text\" name=\"your-name\" \/><\/span><br \/>\n<\/span><br \/>\n<span class=\"contact-name\"><br \/>\n<label> Apellido<\/label><br \/>\n<span class=\"wpcf7-form-control-wrap\" data-name=\"last-name\"><input size=\"40\" maxlength=\"400\" class=\"wpcf7-form-control wpcf7-text\" aria-invalid=\"false\" value=\"\" type=\"text\" name=\"last-name\" \/><\/span><br \/>\n<\/span><br \/>\n<span class=\"contact-phone\"><br \/>\n<label> Telefono<\/label><br \/>\n<span class=\"wpcf7-form-control-wrap\" data-name=\"phone\"><input size=\"40\" maxlength=\"400\" class=\"wpcf7-form-control wpcf7-tel wpcf7-text wpcf7-validates-as-tel\" aria-invalid=\"false\" value=\"\" type=\"tel\" name=\"phone\" \/><\/span><br \/>\n<\/span><br \/>\n<span class=\"contact-phone\"><br \/>\n<label> Email<\/label><br \/>\n<span class=\"wpcf7-form-control-wrap\" data-name=\"email\"><input size=\"40\" maxlength=\"400\" class=\"wpcf7-form-control wpcf7-email wpcf7-text wpcf7-validates-as-email\" aria-invalid=\"false\" value=\"\" type=\"email\" name=\"email\" \/><\/span><br \/>\n<\/span><br \/>\n<span class=\"contact-sub\"><br \/>\n<label> Sujeto<\/label><br \/>\n<span class=\"wpcf7-form-control-wrap\" data-name=\"subject\"><input size=\"40\" maxlength=\"400\" class=\"wpcf7-form-control wpcf7-text\" aria-invalid=\"false\" value=\"\" type=\"text\" name=\"subject\" \/><\/span><br \/>\n<\/span><br \/>\n<span class=\"contact-msg\"><br \/>\n<label> Mensaje <\/label><br \/>\n<span class=\"wpcf7-form-control-wrap\" data-name=\"message\"><textarea cols=\"40\" rows=\"10\" maxlength=\"2000\" class=\"wpcf7-form-control wpcf7-textarea\" aria-invalid=\"false\" name=\"message\"><\/textarea><\/span><br \/>\n<\/span><br \/>\n<input class=\"wpcf7-form-control wpcf7-submit has-spinner\" type=\"submit\" value=\"Enviar\" \/>\n\t<\/p>\n<\/div><div class=\"wpcf7-response-output\" aria-hidden=\"true\"><\/div>\n<\/form>\n<\/div>\n\n","protected":false},"excerpt":{"rendered":"<p>Inversionistas Para oportunidades de inversi\u00f3n en Hermosas, por favor llena la siguiente forma y ser\u00e1s contactado a la mayor brevedad posible. Tu informaci\u00f3n es confidencial y no ser\u00e1 compartida.<\/p>\n","protected":false},"author":37,"featured_media":0,"parent":0,"menu_order":0,"comment_status":"closed","ping_status":"closed","template":"","meta":{"footnotes":""},"class_list":["post-69528","page","type-page","status-publish","hentry"],"publishpress_future_action":{"enabled":false,"date":"2026-04-28 09:33:19","action":"change-status","newStatus":"draft","terms":[],"taxonomy":"translation_priority"},"publishpress_future_workflow_manual_trigger":{"enabledWorkflows":[]},"rttpg_featured_image_url":null,"rttpg_author":{"display_name":"andy","author_link":"https:\/\/hermosaz.com\/es\/author\/netgains\/"},"rttpg_comment":0,"rttpg_category":false,"rttpg_excerpt":"Inversionistas Para oportunidades de inversi\u00f3n en Hermosas, por favor llena la siguiente forma y ser\u00e1s contactado a la mayor brevedad posible. Tu informaci\u00f3n es confidencial y no ser\u00e1 compartida.","_links":{"self":[{"href":"https:\/\/hermosaz.com\/es\/wp-json\/wp\/v2\/pages\/69528","targetHints":{"allow":["GET"]}}],"collection":[{"href":"https:\/\/hermosaz.com\/es\/wp-json\/wp\/v2\/pages"}],"about":[{"href":"https:\/\/hermosaz.com\/es\/wp-json\/wp\/v2\/types\/page"}],"author":[{"embeddable":true,"href":"https:\/\/hermosaz.com\/es\/wp-json\/wp\/v2\/users\/37"}],"replies":[{"embeddable":true,"href":"https:\/\/hermosaz.com\/es\/wp-json\/wp\/v2\/comments?post=69528"}],"version-history":[{"count":0,"href":"https:\/\/hermosaz.com\/es\/wp-json\/wp\/v2\/pages\/69528\/revisions"}],"wp:attachment":[{"href":"https:\/\/hermosaz.com\/es\/wp-json\/wp\/v2\/media?parent=69528"}],"curies":[{"name":"wp","href":"https:\/\/api.w.org\/{rel}","templated":true}]}}