{"id":71909,"date":"2020-11-27T14:36:40","date_gmt":"2020-11-27T22:36:40","guid":{"rendered":"https:\/\/hermosaz.com\/holiday-dresses\/"},"modified":"2025-02-11T15:07:49","modified_gmt":"2025-02-11T23:07:49","slug":"holiday-dresses","status":"publish","type":"page","link":"https:\/\/hermosaz.com\/es\/holiday-dresses\/","title":{"rendered":"holiday dresses"},"content":{"rendered":"<p><span><img decoding=\"async\" alt=\"\" data-id=\"108745\" data-init-width=\"1600\" data-init-height=\"600\" title=\"winter-5\" loading=\"lazy\" src=\"https:\/\/hermosaz.com\/wp-content\/uploads\/2025\/02\/winter-5.jpg\" data-width=\"1140\" width=\"1140\" height=\"600\" style=\"\"><\/span><span><img decoding=\"async\" alt=\"HERMOSAZ\" data-id=\"99722\" data-init-width=\"768\" data-init-height=\"543\" title=\"vestidos de fiesta esp\" loading=\"lazy\" src=\"https:\/\/hermosaz.com\/wp-content\/uploads\/2022\/02\/vestidos-de-fiesta-esp.png\" data-width=\"917\" data-height=\"648\" width=\"917\" height=\"648\"><\/span><\/p>\n<h4 style=\"text-align: center;\"><span data-sheets-userformat=\"{&quot;2&quot;:15357,&quot;3&quot;:{&quot;1&quot;:0},&quot;5&quot;:{&quot;1&quot;:[{&quot;1&quot;:2,&quot;2&quot;:0,&quot;5&quot;:{&quot;1&quot;:2,&quot;2&quot;:0}},{&quot;1&quot;:0,&quot;2&quot;:0,&quot;3&quot;:3},{&quot;1&quot;:1,&quot;2&quot;:0,&quot;4&quot;:1}]},&quot;6&quot;:{&quot;1&quot;:[{&quot;1&quot;:2,&quot;2&quot;:0,&quot;5&quot;:{&quot;1&quot;:2,&quot;2&quot;:0}},{&quot;1&quot;:0,&quot;2&quot;:0,&quot;3&quot;:3},{&quot;1&quot;:1,&quot;2&quot;:0,&quot;4&quot;:1}]},&quot;7&quot;:{&quot;1&quot;:[{&quot;1&quot;:2,&quot;2&quot;:0,&quot;5&quot;:{&quot;1&quot;:2,&quot;2&quot;:0}},{&quot;1&quot;:0,&quot;2&quot;:0,&quot;3&quot;:3},{&quot;1&quot;:1,&quot;2&quot;:0,&quot;4&quot;:1}]},&quot;8&quot;:{&quot;1&quot;:[{&quot;1&quot;:2,&quot;2&quot;:0,&quot;5&quot;:{&quot;1&quot;:2,&quot;2&quot;:0}},{&quot;1&quot;:0,&quot;2&quot;:0,&quot;3&quot;:3},{&quot;1&quot;:1,&quot;2&quot;:0,&quot;4&quot;:1}]},&quot;9&quot;:1,&quot;10&quot;:1,&quot;11&quot;:4,&quot;12&quot;:0,&quot;14&quot;:{&quot;1&quot;:3,&quot;3&quot;:1},&quot;15&quot;:&quot;Calibri&quot;,&quot;16&quot;:11}\" data-sheets-value=\"{&quot;1&quot;:2,&quot;2&quot;:&quot;Vestidos de Fiesta en descuento para una gran celebraci\u00f3n&quot;}\"><span data-sheets-userformat=\"{&quot;2&quot;:11201,&quot;3&quot;:{&quot;1&quot;:0,&quot;3&quot;:1},&quot;9&quot;:0,&quot;10&quot;:1,&quot;11&quot;:4,&quot;12&quot;:0,&quot;14&quot;:{&quot;1&quot;:3,&quot;3&quot;:1},&quot;16&quot;:12}\" data-sheets-value=\"{&quot;1&quot;:2,&quot;2&quot;:&quot;Vestidos de Fiesta para que tengas la noche perfecta&quot;}\">Vestidos de Fiesta para que tengas la noche perfecta<\/span><\/span><\/h4>\n<p style=\"text-align: justify;\"><span data-sheets-userformat=\"{&quot;2&quot;:15357,&quot;3&quot;:{&quot;1&quot;:0},&quot;5&quot;:{&quot;1&quot;:[{&quot;1&quot;:2,&quot;2&quot;:0,&quot;5&quot;:{&quot;1&quot;:2,&quot;2&quot;:0}},{&quot;1&quot;:0,&quot;2&quot;:0,&quot;3&quot;:3},{&quot;1&quot;:1,&quot;2&quot;:0,&quot;4&quot;:1}]},&quot;6&quot;:{&quot;1&quot;:[{&quot;1&quot;:2,&quot;2&quot;:0,&quot;5&quot;:{&quot;1&quot;:2,&quot;2&quot;:0}},{&quot;1&quot;:0,&quot;2&quot;:0,&quot;3&quot;:3},{&quot;1&quot;:1,&quot;2&quot;:0,&quot;4&quot;:1}]},&quot;7&quot;:{&quot;1&quot;:[{&quot;1&quot;:2,&quot;2&quot;:0,&quot;5&quot;:{&quot;1&quot;:2,&quot;2&quot;:0}},{&quot;1&quot;:0,&quot;2&quot;:0,&quot;3&quot;:3},{&quot;1&quot;:1,&quot;2&quot;:0,&quot;4&quot;:1}]},&quot;8&quot;:{&quot;1&quot;:[{&quot;1&quot;:2,&quot;2&quot;:0,&quot;5&quot;:{&quot;1&quot;:2,&quot;2&quot;:0}},{&quot;1&quot;:0,&quot;2&quot;:0,&quot;3&quot;:3},{&quot;1&quot;:1,&quot;2&quot;:0,&quot;4&quot;:1}]},&quot;9&quot;:1,&quot;10&quot;:1,&quot;11&quot;:4,&quot;12&quot;:0,&quot;14&quot;:{&quot;1&quot;:3,&quot;3&quot;:1},&quot;15&quot;:&quot;Calibri&quot;,&quot;16&quot;:11}\" data-sheets-value=\"{&quot;1&quot;:2,&quot;2&quot;:&quot;Vestidos de Fiesta en descuento para una gran celebraci\u00f3n&quot;}\" style=\"font-size: 15px; text-transform: none; color: rgb(0, 0, 0);\">Luce radiante llegando a esa celebraci\u00f3n con el hermoso <strong>vestido de fiesta<\/strong> que encontrar\u00e1s en <strong>Hermosaz<\/strong>, no importa la fiesta o la ocasi\u00f3n, siempre encontrar\u00e1s uno hecho especialmente para ti. M\u00e1s de 200 marcas en vestidos de fiesta, \u00bfya elegiste el tuyo?<\/span><\/p>\n<p>[tcb-script id=&#8221;hermosaz-embedder&#8221; src=&#8221;\/js\/embedder.js&#8221; data-list-id=&#8221;sitelist\/DRESSES_ALL_Holiday_Dresses&#8221;][\/tcb-script]<\/p>\n<p style=\"text-align: justify;\">\n<p style=\"text-align: justify;\"><span style=\"font-weight: 400;\">Todas queremos <\/span><b>lucir lo m\u00e1s a la moda posible<\/b><span style=\"font-weight: 400;\"> en cualquier celebraci\u00f3n, pero tambi\u00e9n queremos sentirnos c\u00f3modas con prendas que deslumbren y favorezcan a la vez, por eso, es importante elegir <\/span><a href=\"https:\/\/www.nordstrom.com\/s\/js-collections-sequin-flutter-sleeve-trumpet-gown\/5892641?siteid=Fqp5SOy33II-mxwgwMtNRsqGJ8JJR_QleA&amp;color=SPEARMINT%20SILVER&amp;utm_source=rakuten&amp;utm_medium=affiliate&amp;utm_campaign=Fqp5SOy33II&amp;utm_content=34861928&amp;utm_term=772822&amp;utm_channel=low_nd_affiliates&amp;sp_source=rakuten&amp;sp_campaign=Fqp5SOy33II\"><b>vestidos de fiesta perfectos<\/b><\/a><span style=\"font-weight: 400;\">.<\/span><\/p>\n<p>        &nbsp;        <\/p>\n<p style=\"text-align: justify;\"><span style=\"font-weight: 400;\">Cuando se trata de comprar el look de fiesta perfecto, es f\u00e1cil sentirse estresada y elegir el vestido m\u00e1s cercano que sea el m\u00e1s moderno, el m\u00e1s asequible o el m\u00e1s b\u00e1sico sin considerar c\u00f3mo se ajustar\u00e1 realmente a tu forma, eso es un error.<\/span><\/p>\n<p>        &nbsp;        <\/p>\n<p style=\"text-align: justify;\"><span style=\"font-weight: 400;\">Y si bien es posible que te sientas atra\u00edda por siluetas espec\u00edficas, pero podr\u00eda valer la pena tomarte un momento para <\/span><b>considerar si realmente acent\u00faan tus mejores caracter\u00edsticas.<\/b><\/p>\n<p>        &nbsp;        <\/p>\n<p style=\"text-align: center;\"><span id=\"dots\">&#8230; <\/span><\/p>\n<h5 style=\"text-align: justify;\"><b>\u00a1<\/b><span style=\"font-weight: 400;\">Compra vestidos de fiesta en Hermosaz a excelentes precios!<\/span><\/h5>\n<p>        <img decoding=\"async\" src=\"https:\/\/hermosaz.com\/wp-content\/uploads\/2021\/12\/Vestidos-de-fiesta.jpg\" style=\"display: block; margin: auto; width: 20%; margin-bottom: 10px;\">        <\/p>\n<p style=\"text-align: justify;\"><span style=\"font-weight: 400;\">Para encontrar tu talla perfecta<\/span><span style=\"font-weight: 400;\">, necesitas saber m\u00e1s que tu peso y la altura para comprar en l\u00ednea. Acude a una costurera profesional y m\u00eddete. Es importante <\/span><b>pedirle <\/b><b>a alguien que lo haga por ti<\/b><span style=\"font-weight: 400;\"> para que puedas pararte derecha e inm\u00f3vil para garantizar mediciones precisas.<\/span><\/p>\n<p>        &nbsp;        <\/p>\n<p style=\"text-align: justify;\"><span style=\"font-weight: 400;\">A la hora de comprar<\/span><a href=\"https:\/\/hermosaz.com\/\"><b> vestidos de fiesta en l\u00ednea<\/b><\/a><span style=\"font-weight: 400;\">, hay medidas espec\u00edficas debes saber para determinar el modelo perfecto:<\/span><\/p>\n<ul style=\"text-align: justify;\">\n<li style=\"font-weight: 400;\" aria-level=\"1\"><span style=\"font-weight: 400;\">busto<\/span><\/li>\n<li style=\"font-weight: 400;\" aria-level=\"1\"><span style=\"font-weight: 400;\">cintura<\/span><\/li>\n<li style=\"font-weight: 400;\" aria-level=\"1\"><span style=\"font-weight: 400;\">caderas<\/span><\/li>\n<li style=\"font-weight: 400;\" aria-level=\"1\"><span style=\"font-weight: 400;\">hueco para el dobladillo            <\/span><\/li>\n<\/ul>\n<h5 style=\"text-align: justify;\"><span style=\"font-weight: 400;\">Vestido de fiesta seg\u00fan la ocasi\u00f3n<\/span><\/h5>\n<p style=\"text-align: justify;\"><span style=\"font-weight: 400;\">La formalidad de la ocasi\u00f3n es lo primero a considerar a la hora de <\/span><b>elegir un vestido para cualquier fiesta.<\/b><span style=\"font-weight: 400;\"> A veces los c\u00f3digos de vestimenta pueden ser r\u00edgidos, las mujeres generalmente tienen un poco m\u00e1s de flexibilidad al elegir un vestido.<\/span><\/p>\n<p>        &nbsp;        <\/p>\n<p style=\"text-align: justify;\"><span style=\"font-weight: 400;\">Existen algunas <\/span><b>reglas b\u00e1sicas<\/b><span style=\"font-weight: 400;\"> que determinan la formalidad de un vestido de fiesta:<\/span><\/p>\n<p style=\"text-align: justify;\"><span style=\"font-weight: 400;\">El <\/span><b>largo, el color y la tela<\/b><span style=\"font-weight: 400;\"> son factores que determinan qu\u00e9 tan formal es un vestido. En general, los eventos m\u00e1s formales requieren <\/span><a href=\"https:\/\/hermosaz.com\/es\/dresses-evening-gowns\/\"><b>vestidos de noche<\/b><\/a><span style=\"font-weight: 400;\"> hasta el suelo.<\/span><\/p>\n<p>        &nbsp;        <\/p>\n<p style=\"text-align: justify;\"><span style=\"font-weight: 400;\">Los vestidos hasta la rodilla est\u00e1n bien para las fiestas m\u00e1s informales. Los c\u00f3cteles caen en alg\u00fan lugar intermedio y semiformal.<\/span><\/p>\n<p>        &nbsp;        <\/p>\n<h5 style=\"text-align: justify;\"><span style=\"font-weight: 400;\">Color del vestido de fiesta<\/span><\/h5>\n<p style=\"text-align: justify;\"><b>Un color tambi\u00e9n es un factor de informalidad.<\/b><span style=\"font-weight: 400;\"> Los colores oscuros y s\u00f3lidos suelen ser ropa de noche, mientras que los estampados suelen ser m\u00e1s casuales. Los colores neutros como el marr\u00f3n o el gris son vers\u00e1tiles y adecuados para muchos tipos diferentes de eventos.<\/span><\/p>\n<p>        &nbsp;        <\/p>\n<p style=\"text-align: justify;\"><span style=\"font-weight: 400;\">Por supuesto, el vestido m\u00e1s vers\u00e1til de todos es el <\/span><a href=\"https:\/\/www.shoptiques.com\/products\/black-lace-off-shoulder-long-formal-dress?signalSource=linkshare&amp;utm_medium=affiliate&amp;utm_source=Fqp5SOy33II&amp;utm_campaign=Linkshare_15\"><b>vestido negro<\/b><\/a><span style=\"font-weight: 400;\">, que es lo suficientemente formal para la mayor\u00eda de los eventos y sigue siendo elegante.<\/span><\/p>\n<p>        &nbsp;        <\/p>\n<h5 style=\"text-align: justify;\"><span style=\"font-weight: 400;\">Tela del vestido de fiesta<\/span><\/h5>\n<p style=\"text-align: justify;\"><b>Es importante poner atenci\u00f3n a la tela del vestido<\/b><span style=\"font-weight: 400;\">. Las telas como el algod\u00f3n (especialmente el denim) son muy casuales y no son apropiadas para c\u00f3cteles o cualquier otro evento semiformal.<\/span><\/p>\n<p>        &nbsp;        <\/p>\n<p style=\"text-align: justify;\"><span style=\"font-weight: 400;\">Los vestidos de fiesta formales suelen ser de seda, sat\u00e9n o telas sint\u00e9ticas brillantes. <\/span><b>La calidad de la tela est\u00e1 en la ca\u00edda y la textura<\/b><span style=\"font-weight: 400;\"> de la tela, por lo que puede valer la pena gastar un poco m\u00e1s si la fiesta es formal.<\/span><\/p>\n<p style=\"text-align: center;\">Leer m\u00e1s<\/p>\n<p>    [tcb-script]        function leerMasCategoria() {            var dots = document.getElementById(&#8220;dots&#8221;);            var moreText = document.getElementById(&#8220;masTexto&#8221;);            var btnText = document.getElementById(&#8220;myBtn&#8221;);            if (dots.style.display === &#8220;none&#8221;) {                dots.style.display = &#8220;inline&#8221;;                btnText.innerHTML = &#8220;Leer m\u00e1s&#8221;;                moreText.style.display = &#8220;none&#8221;;            } else {                dots.style.display = &#8220;none&#8221;;                btnText.innerHTML = &#8220;Leer menos&#8221;;                moreText.style.display = &#8220;inline&#8221;;            }        }    [\/tcb-script]   <\/p>\n<p dir=\"ltr\">Luce radiante llegando a esa fiesta con el hermoso vestido especial que encontrar\u00e1s en Hermosaz, no importa la fiesta o la ocasi\u00f3n, siempre encontrar\u00e1s uno hecho especialmente para ti.<\/p>\n<p dir=\"ltr\">M\u00e1s de 200 marcas en vestidos de fiesta, Hermosaz siempre contigo.<\/p>\n<blockquote><p>.<\/p><\/blockquote>\n<p><a href=\"\/es\/dresses-mini\/ \"><\/p>\n<p><span data-sheets-userformat=\"{&quot;2&quot;:1325635,&quot;3&quot;:{&quot;1&quot;:0},&quot;4&quot;:{&quot;1&quot;:2,&quot;2&quot;:16777215},&quot;9&quot;:0,&quot;12&quot;:0,&quot;14&quot;:{&quot;1&quot;:2,&quot;2&quot;:0},&quot;15&quot;:&quot;Arial&quot;,&quot;16&quot;:11,&quot;21&quot;:0,&quot;23&quot;:2}\" data-sheets-value=\"{&quot;1&quot;:2,&quot;2&quot;:&quot;Cocktail&quot;}\">Vestidos mini<\/span><\/p>\n<p><\/a><a href=\"\/es\/dresses-cocktail\/\"><\/p>\n<p style=\"\"><span data-sheets-userformat=\"{&quot;2&quot;:1325635,&quot;3&quot;:{&quot;1&quot;:0},&quot;4&quot;:{&quot;1&quot;:2,&quot;2&quot;:16777215},&quot;9&quot;:0,&quot;12&quot;:0,&quot;14&quot;:{&quot;1&quot;:2,&quot;2&quot;:0},&quot;15&quot;:&quot;Arial&quot;,&quot;16&quot;:11,&quot;21&quot;:0,&quot;23&quot;:2}\" data-sheets-value=\"{&quot;1&quot;:2,&quot;2&quot;:&quot;Cocktail&quot;}\" style=\"\">Cocktail<\/span><\/p>\n<p><\/a><a href=\"\/es\/dresses-evening-gowns\/\"><\/p>\n<p style=\"\"><span data-sheets-userformat=\"{&quot;2&quot;:1325635,&quot;3&quot;:{&quot;1&quot;:0},&quot;4&quot;:{&quot;1&quot;:2,&quot;2&quot;:16777215},&quot;9&quot;:0,&quot;12&quot;:0,&quot;14&quot;:{&quot;1&quot;:2,&quot;2&quot;:0},&quot;15&quot;:&quot;Arial&quot;,&quot;16&quot;:11,&quot;21&quot;:0,&quot;23&quot;:2}\" data-sheets-value=\"{&quot;1&quot;:2,&quot;2&quot;:&quot;Evening Gowns&quot;}\" style=\"\">vestidos de noche<\/span><\/p>\n<p><\/a><a href=\"\/es\/dresses-bridal\"><\/p>\n<p style=\"\"><span data-sheets-userformat=\"{&quot;2&quot;:1325639,&quot;3&quot;:{&quot;1&quot;:0},&quot;4&quot;:{&quot;1&quot;:2,&quot;2&quot;:16777215},&quot;5&quot;:{&quot;1&quot;:[{&quot;1&quot;:2,&quot;2&quot;:0,&quot;5&quot;:{&quot;1&quot;:2,&quot;2&quot;:16711680}},{&quot;1&quot;:0,&quot;2&quot;:0,&quot;3&quot;:3},{&quot;1&quot;:1,&quot;2&quot;:0,&quot;4&quot;:1}]},&quot;9&quot;:0,&quot;12&quot;:0,&quot;14&quot;:{&quot;1&quot;:2,&quot;2&quot;:0},&quot;15&quot;:&quot;Arial&quot;,&quot;16&quot;:11,&quot;21&quot;:0,&quot;23&quot;:2}\" data-sheets-value=\"{&quot;1&quot;:2,&quot;2&quot;:&quot;Bridal&quot;}\" style=\"\">vestidos de novia<\/span><\/p>\n<p><\/a><a href=\"\/es\/dresses-girl-boss\/\"><\/p>\n<p style=\"\"><span data-sheets-userformat=\"{&quot;2&quot;:1325635,&quot;3&quot;:{&quot;1&quot;:0},&quot;4&quot;:{&quot;1&quot;:2,&quot;2&quot;:16777215},&quot;9&quot;:0,&quot;12&quot;:0,&quot;14&quot;:{&quot;1&quot;:2,&quot;2&quot;:0},&quot;15&quot;:&quot;Arial&quot;,&quot;16&quot;:11,&quot;21&quot;:0,&quot;23&quot;:2}\" data-sheets-value=\"{&quot;1&quot;:2,&quot;2&quot;:&quot;Evening Gowns&quot;}\" style=\"\"><span data-sheets-userformat=\"{&quot;2&quot;:1325635,&quot;3&quot;:{&quot;1&quot;:0},&quot;4&quot;:{&quot;1&quot;:2,&quot;2&quot;:16777215},&quot;9&quot;:0,&quot;12&quot;:0,&quot;14&quot;:{&quot;1&quot;:2,&quot;2&quot;:0},&quot;15&quot;:&quot;Arial&quot;,&quot;16&quot;:11,&quot;21&quot;:0,&quot;23&quot;:2}\" data-sheets-value=\"{&quot;1&quot;:2,&quot;2&quot;:&quot;Girl Boss Dresses&quot;}\" style=\"\">vestidos de Girl Boss&nbsp;<\/span><\/span><\/p>\n<p><\/a><a href=\"\/es\/holiday-dresses\/\"><\/p>\n<p style=\"\"><span data-sheets-userformat=\"{&quot;2&quot;:1325639,&quot;3&quot;:{&quot;1&quot;:0},&quot;4&quot;:{&quot;1&quot;:2,&quot;2&quot;:16777215},&quot;5&quot;:{&quot;1&quot;:[{&quot;1&quot;:2,&quot;2&quot;:0,&quot;5&quot;:{&quot;1&quot;:2,&quot;2&quot;:16711680}},{&quot;1&quot;:0,&quot;2&quot;:0,&quot;3&quot;:3},{&quot;1&quot;:1,&quot;2&quot;:0,&quot;4&quot;:1}]},&quot;9&quot;:0,&quot;12&quot;:0,&quot;14&quot;:{&quot;1&quot;:2,&quot;2&quot;:0},&quot;15&quot;:&quot;Arial&quot;,&quot;16&quot;:11,&quot;21&quot;:0,&quot;23&quot;:2}\" data-sheets-value=\"{&quot;1&quot;:2,&quot;2&quot;:&quot;Bridal&quot;}\" style=\"\">vestidos de fiesta<\/span><\/p>\n<p><\/a><\/p>\n<h3>Encuentra el vestido perfecto<\/h3>\n<p style=\"font-size: 16px !important;\">Desde vestidos cortos para disfrutar de una noche de chicas hasta encontrar el look de jefa perfecto. Si\u00e9ntete hermosa por dentro y por fuera.<\/p>\n","protected":false},"excerpt":{"rendered":"<p>Vestidos de Fiesta para que tengas la noche perfecta Luce radiante llegando a esa celebraci\u00f3n con el hermoso vestido de fiesta que encontrar\u00e1s en Hermosaz, no importa la fiesta o la ocasi\u00f3n, siempre encontrar\u00e1s uno hecho especialmente para ti. M\u00e1s de 200 marcas en vestidos de fiesta, \u00bfya elegiste el tuyo? [tcb-script id=&#8221;hermosaz-embedder&#8221; src=&#8221;\/js\/embedder.js&#8221; data-list-id=&#8221;sitelist\/DRESSES_ALL_Holiday_Dresses&#8221;][\/tcb-script] &hellip; <\/p>\n<p class=\"link-more\"><a href=\"https:\/\/hermosaz.com\/es\/holiday-dresses\/\" class=\"more-link\">Continue reading<span class=\"screen-reader-text\"> &#8220;holiday dresses&#8221;<\/span><\/a><\/p>\n","protected":false},"author":32,"featured_media":0,"parent":0,"menu_order":0,"comment_status":"closed","ping_status":"closed","template":"","meta":{"footnotes":""},"class_list":["post-71909","page","type-page","status-publish","hentry"],"publishpress_future_action":{"enabled":false,"date":"2026-04-24 07:53:02","action":"change-status","newStatus":"draft","terms":[],"taxonomy":"translation_priority"},"publishpress_future_workflow_manual_trigger":{"enabledWorkflows":[]},"rttpg_featured_image_url":null,"rttpg_author":{"display_name":"Rosa Magana","author_link":"https:\/\/hermosaz.com\/es\/author\/rosa\/"},"rttpg_comment":0,"rttpg_category":" <a href=\"https:\/\/hermosaz.com\/es\/?taxonomy=translation_priority&#038;term=opcional\" rel=\"tag\">Opcional<\/a>","rttpg_excerpt":"Vestidos de Fiesta para que tengas la noche perfecta Luce radiante llegando a esa celebraci\u00f3n con el hermoso vestido de fiesta que encontrar\u00e1s en Hermosaz, no importa la fiesta o la ocasi\u00f3n, siempre encontrar\u00e1s uno hecho especialmente para ti. M\u00e1s de 200 marcas en vestidos de fiesta, \u00bfya elegiste el tuyo? [tcb-script id=&#8221;hermosaz-embedder&#8221; src=&#8221;\/js\/embedder.js&#8221; data-list-id=&#8221;sitelist\/DRESSES_ALL_Holiday_Dresses&#8221;][\/tcb-script]&hellip;","_links":{"self":[{"href":"https:\/\/hermosaz.com\/es\/wp-json\/wp\/v2\/pages\/71909","targetHints":{"allow":["GET"]}}],"collection":[{"href":"https:\/\/hermosaz.com\/es\/wp-json\/wp\/v2\/pages"}],"about":[{"href":"https:\/\/hermosaz.com\/es\/wp-json\/wp\/v2\/types\/page"}],"author":[{"embeddable":true,"href":"https:\/\/hermosaz.com\/es\/wp-json\/wp\/v2\/users\/32"}],"replies":[{"embeddable":true,"href":"https:\/\/hermosaz.com\/es\/wp-json\/wp\/v2\/comments?post=71909"}],"version-history":[{"count":2,"href":"https:\/\/hermosaz.com\/es\/wp-json\/wp\/v2\/pages\/71909\/revisions"}],"predecessor-version":[{"id":108747,"href":"https:\/\/hermosaz.com\/es\/wp-json\/wp\/v2\/pages\/71909\/revisions\/108747"}],"wp:attachment":[{"href":"https:\/\/hermosaz.com\/es\/wp-json\/wp\/v2\/media?parent=71909"}],"curies":[{"name":"wp","href":"https:\/\/api.w.org\/{rel}","templated":true}]}}