{"id":71921,"date":"2020-11-27T14:46:57","date_gmt":"2020-11-27T22:46:57","guid":{"rendered":"https:\/\/hermosaz.com\/clothing-tops\/"},"modified":"2025-03-19T13:08:44","modified_gmt":"2025-03-19T20:08:44","slug":"clothing-tops","status":"publish","type":"page","link":"https:\/\/hermosaz.com\/es\/clothing-tops\/","title":{"rendered":"clothing tops"},"content":{"rendered":"<p><span><img decoding=\"async\" alt=\"\" data-id=\"109743\" width=\"2580\" data-init-width=\"1600\" height=\"600\" data-init-height=\"600\" title=\"NEW IN-8\" loading=\"lazy\" src=\"https:\/\/hermosaz.com\/wp-content\/uploads\/2025\/03\/NEW-IN-8.jpg\" data-width=\"2580\"><\/span><\/p>\n<h2 dir=\"ltr\" style=\"text-align: center;\"><span data-sheets-userformat=\"{&quot;2&quot;:11201,&quot;3&quot;:{&quot;1&quot;:0,&quot;3&quot;:1},&quot;9&quot;:0,&quot;10&quot;:1,&quot;11&quot;:4,&quot;12&quot;:0,&quot;14&quot;:{&quot;1&quot;:3,&quot;3&quot;:1},&quot;16&quot;:12}\" data-sheets-value=\"{&quot;1&quot;:2,&quot;2&quot;:&quot;Blusas para cualquier ocasi\u00f3n&quot;}\" style=\"\">Blusas para cualquier ocasi\u00f3n<\/span><\/h2>\n<p dir=\"ltr\" style=\"\">\u00a1Las blusas y los tops son lo de hoy! Y Hermosaz te ofrece la mejor l\u00ednea para darle un toque \u00fanico a tu outfit, aqu\u00ed podr\u00e1s encontrar infinidad de modelos que se adaptan a tus gustos. Hermosaz es uno de los lugares donde encontrar\u00e1s las prendas perfectas a un super precio, \u00a1no lo pienses m\u00e1s y empieza a lucir fenomenal!<\/p>\n<p><span><img decoding=\"async\" alt=\"\" data-id=\"109743\" width=\"917\" data-init-width=\"1600\" height=\"648\" data-init-height=\"600\" title=\"NEW IN-8\" loading=\"lazy\" src=\"https:\/\/hermosaz.com\/wp-content\/uploads\/2025\/03\/NEW-IN-8.jpg\" data-width=\"917\" data-height=\"648\"><\/span>[tcb-script id=&#8221;hermosaz-embedder&#8221; src=&#8221;\/js\/embedder.js&#8221; data-list-id=&#8221;sitelist\/CLOTHING_ALL_Tops&#8221;][\/tcb-script]   <\/p>\n<h2 dir=\"ltr\" style=\"\">Blusas de moda para mujer de las mejores marcas, solo en Hermozas<\/h2>\n<p dir=\"ltr\" style=\"text-align: justify;\">A continuaci\u00f3n, mencionaremos algunos dise\u00f1os de blusas para ayudarte a comprender mejor el vasto mundo de las blusas, as\u00ed como las caracter\u00edsticas que acent\u00faan en ti:<\/p>\n<h3 dir=\"ltr\" style=\"text-align: justify;\">Blusa de manga larga<\/h3>\n<p dir=\"ltr\" style=\"text-align: justify;\">Este tipo de blusas son aptas para alguien con brazos largos, estas <a href=\"https:\/\/www.shoptiques.com\/products\/harper_wren-sandra-top?signalSource=linkshare&amp;utm_medium=affiliate&amp;utm_source=Fqp5SOy33II&amp;utm_campaign=Linkshare_15\">blusas de manga larga <\/a>juran que nunca fallar\u00e1n. Incluso se puede jugar un poco con las mangas para agregarles un ligero giro, como si fueran acampanadas, por ejemplo.<\/p>\n<h3 dir=\"ltr\" style=\"text-align: justify;\">Blusa holgadas<\/h3>\n<p dir=\"ltr\" style=\"text-align: justify;\">Si tienes una figura voluptuosa y quieres quitarles la atenci\u00f3n no deseada, entonces las <a href=\"https:\/\/www.macys.com\/shop\/product\/1.state-off-the-shoulder-solid-top?ID=4488930&amp;ranMID=3184&amp;ranEAID=Fqp5SOy33II&amp;ranSiteID=Fqp5SOy33II-vERKzYTmubcWqpfN1FWrfA&amp;LinkshareID=Fqp5SOy33II-vERKzYTmubcWqpfN1FWrfA&amp;m_sc=aff&amp;PartnerID=LINKSHARE&amp;cm_mmc=LINKSHARE-_-5-_-63-_-MP563&amp;LSNSUBSITE=PR\">blusas holgadas<\/a> son las que est\u00e1s buscando. Este tipo de blusas est\u00e1n hechas con dos o m\u00e1s telas cosidas para darle un estilo peculiar. Ev\u00edtalas si tienes poco busto.<\/p>\n<h3 dir=\"ltr\" style=\"text-align: justify;\">Blusa de cuello alto<\/h3>\n<p dir=\"ltr\" style=\"text-align: justify;\">Las <a href=\"https:\/\/www.bloomingdales.com\/shop\/product\/fore-turtleneck-top?ID=4202029&amp;utm_source=rakuten&amp;utm_medium=affiliate&amp;utm_campaign=affiliates&amp;ranMID=13867&amp;ranEAID=Fqp5SOy33II&amp;ranSiteID=Fqp5SOy33II-7TWESz4dJOx2G1HOagdLSQ&amp;LinkshareID=Fqp5SOy33II-7TWESz4dJOx2G1HOagdLSQ&amp;m_sc=aff&amp;PartnerID=LINKSHARE&amp;cm_mmc=LINKSHARE-_-n-_-n-_-n&amp;ranPublisherID=Fqp5SOy33II&amp;ranLinkID=810073584266&amp;ranLinkTypeID=15&amp;pubNAME=hermosaz\">blusas de cuello alto <\/a>son una blusa menos escandalosas, sin mucho espect\u00e1culo de piel o escote, estas blusas est\u00e1n pensadas para cualquier persona con un cuello largo y delgado.<\/p>\n<h3 dir=\"ltr\" style=\"text-align: justify;\">Blusa de encaje<\/h3>\n<p dir=\"ltr\" style=\"text-align: justify;\">Dado que el encaje es sin\u00f3nimo de feminidad, no se requiere mucho para coser una<a href=\"https:\/\/www.shoptiques.com\/products\/olivaceous-eyelet-ruffled-top?signalSource=linkshare&amp;utm_medium=affiliate&amp;utm_source=Fqp5SOy33II&amp;utm_campaign=Linkshare_15\"> blusa de encaje,<\/a> solo trata de evitar demasiadas lentejuelas y grandes parches de bordados, en otras palabras, mantenerlo lo m\u00e1s simple posible ser\u00e1 suficiente.&nbsp;<\/p>\n<h3 dir=\"ltr\" style=\"text-align: justify;\">Blusa transparente<\/h3>\n<p dir=\"ltr\" style=\"text-align: justify;\">Las <a href=\"https:\/\/www.nordstrom.com\/s\/cinq-a-sept-marion-tie-waist-organza-silk-blouse\/5765561?siteid=Fqp5SOy33II-u3.0Os.5exS0lorQsuELXA&amp;color=LILAC%20SMOKE&amp;utm_source=rakuten&amp;utm_medium=affiliate&amp;utm_campaign=Fqp5SOy33II&amp;utm_content=32307174&amp;utm_term=772822&amp;utm_channel=low_nd_affiliates&amp;sp_source=rakuten&amp;sp_campaign=Fqp5SOy33II\" style=\"outline: none;\">blusas transparentes<\/a> est\u00e1n en todas partes, gracias a las Kardashians. Aunque para la tendencia de las blusas transparentes, en realidad no necesitas un cuerpo como el de ellas.<\/p>\n<h2 dir=\"ltr\" style=\"text-align: justify;\"><span style=\"font-size: 27px;\">\u00a1Compra tu nueva colecci\u00f3n de blusas en Hermosaz!<\/span><\/h2>\n<p dir=\"ltr\" style=\"text-align: justify;\"><a href=\"https:\/\/hermosaz.com\/\" style=\"outline: none;\">Hermosaz<\/a> es el sitio dedicado a celebrar el estilo, la belleza y cultura Latina a nivel mundial mediante nuestra revista en l\u00ednea y un sitio de compras. Dise\u00f1ado por mujeres Latinas para Latinas.<\/p>\n<p dir=\"ltr\" style=\"text-align: justify;\">En nuestra tienda de ropa, productos de belleza online y accesorios para mujer, podr\u00e1s descubrir las \u00faltimas tendencias + comprar tus productos favoritos. Hermosaz.com est\u00e1 afiliada a m\u00e1s de 200 tiendas que ofrecen env\u00edos a todo el mundo.<\/p>\n<p><a href=\"\/es\/dresses-mini\/ \"><\/p>\n<p><span data-sheets-userformat=\"{&quot;2&quot;:1325635,&quot;3&quot;:{&quot;1&quot;:0},&quot;4&quot;:{&quot;1&quot;:2,&quot;2&quot;:16777215},&quot;9&quot;:0,&quot;12&quot;:0,&quot;14&quot;:{&quot;1&quot;:2,&quot;2&quot;:0},&quot;15&quot;:&quot;Arial&quot;,&quot;16&quot;:11,&quot;21&quot;:0,&quot;23&quot;:2}\" data-sheets-value=\"{&quot;1&quot;:2,&quot;2&quot;:&quot;Cocktail&quot;}\">vestidos mini<\/span><\/p>\n<p><\/a><a href=\"\/es\/dresses-cocktail\/\"><\/p>\n<p style=\"\"><span data-sheets-userformat=\"{&quot;2&quot;:1325635,&quot;3&quot;:{&quot;1&quot;:0},&quot;4&quot;:{&quot;1&quot;:2,&quot;2&quot;:16777215},&quot;9&quot;:0,&quot;12&quot;:0,&quot;14&quot;:{&quot;1&quot;:2,&quot;2&quot;:0},&quot;15&quot;:&quot;Arial&quot;,&quot;16&quot;:11,&quot;21&quot;:0,&quot;23&quot;:2}\" data-sheets-value=\"{&quot;1&quot;:2,&quot;2&quot;:&quot;Cocktail&quot;}\" style=\"\">Cocktail<\/span><\/p>\n<p><\/a><a href=\"https:\/\/hermosaz.com\/es\/dresses-evening-gowns\/\"><\/p>\n<p style=\"\"><span data-sheets-userformat=\"{&quot;2&quot;:1325635,&quot;3&quot;:{&quot;1&quot;:0},&quot;4&quot;:{&quot;1&quot;:2,&quot;2&quot;:16777215},&quot;9&quot;:0,&quot;12&quot;:0,&quot;14&quot;:{&quot;1&quot;:2,&quot;2&quot;:0},&quot;15&quot;:&quot;Arial&quot;,&quot;16&quot;:11,&quot;21&quot;:0,&quot;23&quot;:2}\" data-sheets-value=\"{&quot;1&quot;:2,&quot;2&quot;:&quot;Evening Gowns&quot;}\" style=\"\">vestidos de noche<\/span><\/p>\n<p><\/a><a href=\"https:\/\/hermosaz.com\/es\/dresses-bridal\/\"><\/p>\n<p style=\"\"><span data-sheets-userformat=\"{&quot;2&quot;:1325639,&quot;3&quot;:{&quot;1&quot;:0},&quot;4&quot;:{&quot;1&quot;:2,&quot;2&quot;:16777215},&quot;5&quot;:{&quot;1&quot;:[{&quot;1&quot;:2,&quot;2&quot;:0,&quot;5&quot;:{&quot;1&quot;:2,&quot;2&quot;:16711680}},{&quot;1&quot;:0,&quot;2&quot;:0,&quot;3&quot;:3},{&quot;1&quot;:1,&quot;2&quot;:0,&quot;4&quot;:1}]},&quot;9&quot;:0,&quot;12&quot;:0,&quot;14&quot;:{&quot;1&quot;:2,&quot;2&quot;:0},&quot;15&quot;:&quot;Arial&quot;,&quot;16&quot;:11,&quot;21&quot;:0,&quot;23&quot;:2}\" data-sheets-value=\"{&quot;1&quot;:2,&quot;2&quot;:&quot;Bridal&quot;}\" style=\"\">vestidos de novia<\/span><\/p>\n<p><\/a><a href=\"https:\/\/hermosaz.com\/es\/dresses-girl-boss\/\"><\/p>\n<p style=\"\"><span data-sheets-userformat=\"{&quot;2&quot;:1325635,&quot;3&quot;:{&quot;1&quot;:0},&quot;4&quot;:{&quot;1&quot;:2,&quot;2&quot;:16777215},&quot;9&quot;:0,&quot;12&quot;:0,&quot;14&quot;:{&quot;1&quot;:2,&quot;2&quot;:0},&quot;15&quot;:&quot;Arial&quot;,&quot;16&quot;:11,&quot;21&quot;:0,&quot;23&quot;:2}\" data-sheets-value=\"{&quot;1&quot;:2,&quot;2&quot;:&quot;Evening Gowns&quot;}\" style=\"\"><span data-sheets-userformat=\"{&quot;2&quot;:1325635,&quot;3&quot;:{&quot;1&quot;:0},&quot;4&quot;:{&quot;1&quot;:2,&quot;2&quot;:16777215},&quot;9&quot;:0,&quot;12&quot;:0,&quot;14&quot;:{&quot;1&quot;:2,&quot;2&quot;:0},&quot;15&quot;:&quot;Arial&quot;,&quot;16&quot;:11,&quot;21&quot;:0,&quot;23&quot;:2}\" data-sheets-value=\"{&quot;1&quot;:2,&quot;2&quot;:&quot;Girl Boss Dresses&quot;}\" style=\"\">vestidos de Girl Boss&nbsp;<\/span><\/span><\/p>\n<p><\/a><a href=\"https:\/\/hermosaz.com\/es\/holiday-dresses\/\"><\/p>\n<p style=\"\"><span data-sheets-userformat=\"{&quot;2&quot;:1325639,&quot;3&quot;:{&quot;1&quot;:0},&quot;4&quot;:{&quot;1&quot;:2,&quot;2&quot;:16777215},&quot;5&quot;:{&quot;1&quot;:[{&quot;1&quot;:2,&quot;2&quot;:0,&quot;5&quot;:{&quot;1&quot;:2,&quot;2&quot;:16711680}},{&quot;1&quot;:0,&quot;2&quot;:0,&quot;3&quot;:3},{&quot;1&quot;:1,&quot;2&quot;:0,&quot;4&quot;:1}]},&quot;9&quot;:0,&quot;12&quot;:0,&quot;14&quot;:{&quot;1&quot;:2,&quot;2&quot;:0},&quot;15&quot;:&quot;Arial&quot;,&quot;16&quot;:11,&quot;21&quot;:0,&quot;23&quot;:2}\" data-sheets-value=\"{&quot;1&quot;:2,&quot;2&quot;:&quot;Bridal&quot;}\" style=\"\">vestidos de fiesta<\/span><\/p>\n<p><\/a><\/p>\n<h3>Encuentra el vestido perfecto<\/h3>\n<p style=\"font-size: 16px !important;\"><span data-sheets-userformat=\"{&quot;2&quot;:513,&quot;3&quot;:{&quot;1&quot;:0},&quot;12&quot;:0}\" data-sheets-value=\"{&quot;1&quot;:2,&quot;2&quot;:&quot;Desde vestidos cortos para disfrutar de una noche de chicas hasta encontrar el look de jefa perfecto. Si\u00e9ntete hermosa por dentro y por fuera.&quot;}\">Desde vestidos cortos para disfrutar de una noche de chicas hasta encontrar el look de jefa perfecto. Si\u00e9ntete hermosa por dentro y por fuera.<\/span><\/p>\n","protected":false},"excerpt":{"rendered":"<p>Blusas para cualquier ocasi\u00f3n \u00a1Las blusas y los tops son lo de hoy! Y Hermosaz te ofrece la mejor l\u00ednea para darle un toque \u00fanico a tu outfit, aqu\u00ed podr\u00e1s encontrar infinidad de modelos que se adaptan a tus gustos. Hermosaz es uno de los lugares donde encontrar\u00e1s las prendas perfectas a un super precio, &hellip; <\/p>\n<p class=\"link-more\"><a href=\"https:\/\/hermosaz.com\/es\/clothing-tops\/\" class=\"more-link\">Continue reading<span class=\"screen-reader-text\"> &#8220;clothing tops&#8221;<\/span><\/a><\/p>\n","protected":false},"author":32,"featured_media":0,"parent":0,"menu_order":0,"comment_status":"closed","ping_status":"closed","template":"","meta":{"footnotes":""},"class_list":["post-71921","page","type-page","status-publish","hentry"],"publishpress_future_action":{"enabled":false,"date":"2026-05-02 10:30:09","action":"change-status","newStatus":"draft","terms":[],"taxonomy":"translation_priority"},"publishpress_future_workflow_manual_trigger":{"enabledWorkflows":[]},"rttpg_featured_image_url":null,"rttpg_author":{"display_name":"Rosa Magana","author_link":"https:\/\/hermosaz.com\/es\/author\/rosa\/"},"rttpg_comment":0,"rttpg_category":" <a href=\"https:\/\/hermosaz.com\/en\/?taxonomy=translation_priority&#038;term=optional\" rel=\"tag\">Optional<\/a>","rttpg_excerpt":"Blusas para cualquier ocasi\u00f3n \u00a1Las blusas y los tops son lo de hoy! Y Hermosaz te ofrece la mejor l\u00ednea para darle un toque \u00fanico a tu outfit, aqu\u00ed podr\u00e1s encontrar infinidad de modelos que se adaptan a tus gustos. Hermosaz es uno de los lugares donde encontrar\u00e1s las prendas perfectas a un super precio,&hellip;","_links":{"self":[{"href":"https:\/\/hermosaz.com\/es\/wp-json\/wp\/v2\/pages\/71921","targetHints":{"allow":["GET"]}}],"collection":[{"href":"https:\/\/hermosaz.com\/es\/wp-json\/wp\/v2\/pages"}],"about":[{"href":"https:\/\/hermosaz.com\/es\/wp-json\/wp\/v2\/types\/page"}],"author":[{"embeddable":true,"href":"https:\/\/hermosaz.com\/es\/wp-json\/wp\/v2\/users\/32"}],"replies":[{"embeddable":true,"href":"https:\/\/hermosaz.com\/es\/wp-json\/wp\/v2\/comments?post=71921"}],"version-history":[{"count":3,"href":"https:\/\/hermosaz.com\/es\/wp-json\/wp\/v2\/pages\/71921\/revisions"}],"predecessor-version":[{"id":109746,"href":"https:\/\/hermosaz.com\/es\/wp-json\/wp\/v2\/pages\/71921\/revisions\/109746"}],"wp:attachment":[{"href":"https:\/\/hermosaz.com\/es\/wp-json\/wp\/v2\/media?parent=71921"}],"curies":[{"name":"wp","href":"https:\/\/api.w.org\/{rel}","templated":true}]}}