{"id":71930,"date":"2020-11-27T14:53:25","date_gmt":"2020-11-27T22:53:25","guid":{"rendered":"https:\/\/hermosaz.com\/clothing-graphic-tees\/"},"modified":"2022-09-02T18:23:57","modified_gmt":"2022-09-03T01:23:57","slug":"clothing-graphic-tees","status":"publish","type":"page","link":"https:\/\/hermosaz.com\/es\/clothing-graphic-tees\/","title":{"rendered":"clothing Graphic Tees"},"content":{"rendered":"<p><span><img decoding=\"async\" alt=\"hermosaz\" data-id=\"103631\" data-init-width=\"2050\" data-init-height=\"600\" title=\"hermosaz\" loading=\"lazy\" src=\"https:\/\/hermosaz.com\/wp-content\/uploads\/2022\/09\/NEW-Hermosaz-Banner-Resized-19-2.jpg\" data-width=\"2348\" data-height=\"688\" width=\"2348\" height=\"688\"><\/span><span><img decoding=\"async\" alt=\"Graphic Tees x Hermosaz\" data-id=\"85163\" data-init-width=\"917\" data-init-height=\"648\" title=\"Graphic Tees x Hermosaz\" loading=\"lazy\" src=\"https:\/\/hermosaz.com\/wp-content\/uploads\/2021\/05\/TEE-2-EN.png\" data-width=\"917\" data-height=\"648\" width=\"917\" height=\"648\"><\/span><\/p>\n<h2 dir=\"ltr\" style=\"text-align: center;\"><span data-sheets-userformat=\"{&quot;2&quot;:11201,&quot;3&quot;:{&quot;1&quot;:0,&quot;3&quot;:1},&quot;9&quot;:0,&quot;10&quot;:1,&quot;11&quot;:4,&quot;12&quot;:0,&quot;14&quot;:{&quot;1&quot;:3,&quot;3&quot;:1},&quot;16&quot;:12}\" data-sheets-value=\"{&quot;1&quot;:2,&quot;2&quot;:&quot;Playeras estampadas llenas de estilo&quot;}\" style=\"\">Playeras estampadas llenas de estilo<\/span><\/h2>\n<p dir=\"ltr\" style=\"\">Encuentra tu estilo con Hermosaz, muestra tus gustos en playeras al m\u00e1ximo esplendor, \u00a1nosotros te ayudamos! Tenemos una colecci\u00f3n con m\u00e1s de 200 marcas que har\u00e1n que luzcas a la moda de manera diferente, siempre siendo tu.<\/p>\n<p>[tcb-script id=&#8221;hermosaz-embedder&#8221; src=&#8221;\/js\/embedder.js&#8221; data-list-id=&#8221;sitelist\/CLOTHING_ALL_Graphic_Tees&#8221;][\/tcb-script]   <\/p>\n<p dir=\"ltr\" style=\"text-align: justify;\"><span style=\"font-size: 18px;\">Hoy en d\u00eda, muchas personas prefieren usar camisetas estampadas, porque se ven a la moda. Adem\u00e1s, las <a href=\"https:\/\/www.macys.com\/shop\/product\/spongebob-group-squares-mens-graphic-t-shirt?ID=10421033&amp;ranMID=3184&amp;ranEAID=Fqp5SOy33II&amp;ranSiteID=Fqp5SOy33II-k78zdWr_39nb2Mw7VtVFSQ&amp;LinkshareID=Fqp5SOy33II-k78zdWr_39nb2Mw7VtVFSQ&amp;m_sc=aff&amp;PartnerID=LINKSHARE&amp;cm_mmc=LINKSHARE-_-5-_-63-_-MP563&amp;LSNSUBSITE=PR\">playeras<\/a> estampadas forman parte de un dise\u00f1o \u00fanico y hablan mucho de tu estilo tanto en hombres como en mujeres.<\/span><\/p>\n<p dir=\"ltr\" style=\"text-align: justify;\"><span style=\"font-size: 18px;\">Los profesionales gr\u00e1ficos de marcas reconocidas brindan los dise\u00f1os a los dise\u00f1adores de moda. Pueden consistir en logotipo, texto o im\u00e1genes. Las im\u00e1genes son de alta calidad y el dise\u00f1o que est\u00e1 impreso en la camiseta es realmente \u00fanico.<\/span><\/p>\n<p dir=\"ltr\" style=\"text-align: justify;\"><span style=\"font-size: 18px;\">Al momento de elegir qu\u00e9 prendas usar, deseamos encontrar una que nos identifique, que nos guste y nos quede bien. Encuentra la playera perfecta y disfruta con tu nuevo accesorio, sac\u00e1ndole el m\u00e1ximo provecho y sinti\u00e9ndote con confianza y seguridad.<\/span><\/p>\n<h2 dir=\"ltr\" style=\"text-align: justify;\">\u00a1Compra tus playeras estampadas en Hermozas!<\/h2>\n<p dir=\"ltr\" style=\"text-align: justify;\"><span style=\"font-size: 18px;\">En Hermozas, encuentra divertidos y geniales dise\u00f1os de playeras estampadas que est\u00e1s buscando, ya sea de tu banda de rock favorita, de la mejor serie de tu infancia o de marcas de prestigio como <a href=\"https:\/\/www.macys.com\/shop\/product\/guess-logo-graphic-t-shirt?ID=10961616&amp;ranMID=3184&amp;ranEAID=Fqp5SOy33II&amp;ranSiteID=Fqp5SOy33II-Jr7d_2BxLLXvS1IYCUZYaw&amp;LinkshareID=Fqp5SOy33II-Jr7d_2BxLLXvS1IYCUZYaw&amp;m_sc=aff&amp;PartnerID=LINKSHARE&amp;cm_mmc=LINKSHARE-_-5-_-63-_-MP563&amp;LSNSUBSITE=PR\">Guess<\/a>, <a href=\"https:\/\/www.macys.com\/shop\/product\/calvin-klein-logo-graphic-t-shirt?ID=12024575&amp;ranMID=3184&amp;ranEAID=Fqp5SOy33II&amp;ranSiteID=Fqp5SOy33II-Jxj1Fh5PyhqtQh1DOfxugg&amp;LinkshareID=Fqp5SOy33II-Jxj1Fh5PyhqtQh1DOfxugg&amp;m_sc=aff&amp;PartnerID=LINKSHARE&amp;cm_mmc=LINKSHARE-_-5-_-63-_-MP563&amp;LSNSUBSITE=PR\">Calvin Clain<\/a>,<a href=\"https:\/\/www.macys.com\/shop\/product\/dkny-sport-womens-city-skyline-graphic-t-shirt?ID=12250812&amp;ranMID=3184&amp;ranEAID=Fqp5SOy33II&amp;ranSiteID=Fqp5SOy33II-peIM8.hT2QnBYFbBZ2KFAw&amp;LinkshareID=Fqp5SOy33II-peIM8.hT2QnBYFbBZ2KFAw&amp;m_sc=aff&amp;PartnerID=LINKSHARE&amp;cm_mmc=LINKSHARE-_-5-_-63-_-MP563&amp;LSNSUBSITE=PR\"> DKNY<\/a>, <a href=\"https:\/\/www.shoptiques.com\/products\/graphic-tee-19?signalSource=linkshare&amp;utm_medium=affiliate&amp;utm_source=Fqp5SOy33II&amp;utm_campaign=Linkshare_15\" style=\"outline: none;\">Channel<\/a>, <a href=\"https:\/\/www.macys.com\/shop\/product\/puma-cotton-logo-graphic-t-shirt?ID=11286564&amp;ranMID=3184&amp;ranEAID=Fqp5SOy33II&amp;ranSiteID=Fqp5SOy33II-BZUCKboTniBtRvtyfIcMnw&amp;LinkshareID=Fqp5SOy33II-BZUCKboTniBtRvtyfIcMnw&amp;m_sc=aff&amp;PartnerID=LINKSHARE&amp;cm_mmc=LINKSHARE-_-5-_-63-_-MP563&amp;LSNSUBSITE=PR\">Puma<\/a> \u00a1y m\u00e1s!<\/span><\/p>\n<p dir=\"ltr\" style=\"text-align: justify;\"><span style=\"font-size: 18px;\">Con una playera estampada siempre ir\u00e1s c\u00f3moda y con estilo. Nuestras playeras estampadas para mujer y hombre son geniales para todas las situaciones. &nbsp;Ofrecemos accesorios de calidad que satisfar\u00e1n su gusto por la moda. Reinvente su closet y ll\u00e1menos hoy mismo.<\/span><\/p>\n<h2 dir=\"ltr\" style=\"text-align: justify;\">\u00bfPor qu\u00e9 comprar playeras en Hermosaz?<\/h2>\n<p dir=\"ltr\" style=\"text-align: justify;\"><span style=\"font-size: 18px;\">Hermosaz es el sitio dedicado a celebrar el estilo, la belleza y cultura Latina a nivel mundial mediante nuestra revista en l\u00ednea y un sitio de compras. Dise\u00f1ado por mujeres Latinas para Latinas.<\/span><\/p>\n<p dir=\"ltr\" style=\"text-align: justify;\"><span style=\"font-size: 18px;\">En nuestra tienda de ropa, productos de belleza online y accesorios para mujer, podr\u00e1s descubrir las \u00faltimas tendencias + comprar tus productos favoritos. Hermosaz.com est\u00e1 afiliada a m\u00e1s de 200 tiendas que ofrecen env\u00edos a todo el mundo.<\/span><\/p>\n<p dir=\"ltr\" style=\"text-align: justify;\"><span style=\"font-size: 18px;\">Nosotros no vendemos los productos directamente, como afiliados, mostramos los productos m\u00e1s chic de las marcas m\u00e1s reconocidas y te ofrecemos una plataforma donde puedes explorar diferentes precios y estilos, y as\u00ed elegir tu favorito (\u00a1y el mejor descuento disponible!).<\/span><\/p>\n<p><a href=\"\/es\/dresses-mini\/ \"><\/p>\n<p><span data-sheets-userformat=\"{&quot;2&quot;:1325635,&quot;3&quot;:{&quot;1&quot;:0},&quot;4&quot;:{&quot;1&quot;:2,&quot;2&quot;:16777215},&quot;9&quot;:0,&quot;12&quot;:0,&quot;14&quot;:{&quot;1&quot;:2,&quot;2&quot;:0},&quot;15&quot;:&quot;Arial&quot;,&quot;16&quot;:11,&quot;21&quot;:0,&quot;23&quot;:2}\" data-sheets-value=\"{&quot;1&quot;:2,&quot;2&quot;:&quot;Cocktail&quot;}\">Vestidos Mini<\/span><\/p>\n<p><\/a><a href=\"\/es\/dresses-cocktail\/\"><\/p>\n<p style=\"\"><span data-sheets-userformat=\"{&quot;2&quot;:1325635,&quot;3&quot;:{&quot;1&quot;:0},&quot;4&quot;:{&quot;1&quot;:2,&quot;2&quot;:16777215},&quot;9&quot;:0,&quot;12&quot;:0,&quot;14&quot;:{&quot;1&quot;:2,&quot;2&quot;:0},&quot;15&quot;:&quot;Arial&quot;,&quot;16&quot;:11,&quot;21&quot;:0,&quot;23&quot;:2}\" data-sheets-value=\"{&quot;1&quot;:2,&quot;2&quot;:&quot;Cocktail&quot;}\" style=\"\">Cocktail<\/span><\/p>\n<p><\/a><a href=\"\/es\/dresses-evening-gowns\/\"><\/p>\n<p style=\"\"><span data-sheets-userformat=\"{&quot;2&quot;:1325635,&quot;3&quot;:{&quot;1&quot;:0},&quot;4&quot;:{&quot;1&quot;:2,&quot;2&quot;:16777215},&quot;9&quot;:0,&quot;12&quot;:0,&quot;14&quot;:{&quot;1&quot;:2,&quot;2&quot;:0},&quot;15&quot;:&quot;Arial&quot;,&quot;16&quot;:11,&quot;21&quot;:0,&quot;23&quot;:2}\" data-sheets-value=\"{&quot;1&quot;:2,&quot;2&quot;:&quot;Evening Gowns&quot;}\" style=\"\">Vestidos de Noche<\/span><\/p>\n<p><\/a><a href=\"\/es\/dresses-bridal\"><\/p>\n<p style=\"\"><span data-sheets-userformat=\"{&quot;2&quot;:1325639,&quot;3&quot;:{&quot;1&quot;:0},&quot;4&quot;:{&quot;1&quot;:2,&quot;2&quot;:16777215},&quot;5&quot;:{&quot;1&quot;:[{&quot;1&quot;:2,&quot;2&quot;:0,&quot;5&quot;:{&quot;1&quot;:2,&quot;2&quot;:16711680}},{&quot;1&quot;:0,&quot;2&quot;:0,&quot;3&quot;:3},{&quot;1&quot;:1,&quot;2&quot;:0,&quot;4&quot;:1}]},&quot;9&quot;:0,&quot;12&quot;:0,&quot;14&quot;:{&quot;1&quot;:2,&quot;2&quot;:0},&quot;15&quot;:&quot;Arial&quot;,&quot;16&quot;:11,&quot;21&quot;:0,&quot;23&quot;:2}\" data-sheets-value=\"{&quot;1&quot;:2,&quot;2&quot;:&quot;Bridal&quot;}\" style=\"\">Vestidos de Novia<\/span><\/p>\n<p><\/a><a href=\"\/es\/dresses-girl-boss\/\"><\/p>\n<p style=\"\"><span data-sheets-userformat=\"{&quot;2&quot;:1325635,&quot;3&quot;:{&quot;1&quot;:0},&quot;4&quot;:{&quot;1&quot;:2,&quot;2&quot;:16777215},&quot;9&quot;:0,&quot;12&quot;:0,&quot;14&quot;:{&quot;1&quot;:2,&quot;2&quot;:0},&quot;15&quot;:&quot;Arial&quot;,&quot;16&quot;:11,&quot;21&quot;:0,&quot;23&quot;:2}\" data-sheets-value=\"{&quot;1&quot;:2,&quot;2&quot;:&quot;Evening Gowns&quot;}\" style=\"\"><span data-sheets-userformat=\"{&quot;2&quot;:1325635,&quot;3&quot;:{&quot;1&quot;:0},&quot;4&quot;:{&quot;1&quot;:2,&quot;2&quot;:16777215},&quot;9&quot;:0,&quot;12&quot;:0,&quot;14&quot;:{&quot;1&quot;:2,&quot;2&quot;:0},&quot;15&quot;:&quot;Arial&quot;,&quot;16&quot;:11,&quot;21&quot;:0,&quot;23&quot;:2}\" data-sheets-value=\"{&quot;1&quot;:2,&quot;2&quot;:&quot;Girl Boss Dresses&quot;}\" style=\"\">Vestidos de Girl Boss&nbsp;<\/span><\/span><\/p>\n<p><\/a><a href=\"\/es\/holiday-dresses\/\"><\/p>\n<p style=\"\"><span data-sheets-userformat=\"{&quot;2&quot;:1325639,&quot;3&quot;:{&quot;1&quot;:0},&quot;4&quot;:{&quot;1&quot;:2,&quot;2&quot;:16777215},&quot;5&quot;:{&quot;1&quot;:[{&quot;1&quot;:2,&quot;2&quot;:0,&quot;5&quot;:{&quot;1&quot;:2,&quot;2&quot;:16711680}},{&quot;1&quot;:0,&quot;2&quot;:0,&quot;3&quot;:3},{&quot;1&quot;:1,&quot;2&quot;:0,&quot;4&quot;:1}]},&quot;9&quot;:0,&quot;12&quot;:0,&quot;14&quot;:{&quot;1&quot;:2,&quot;2&quot;:0},&quot;15&quot;:&quot;Arial&quot;,&quot;16&quot;:11,&quot;21&quot;:0,&quot;23&quot;:2}\" data-sheets-value=\"{&quot;1&quot;:2,&quot;2&quot;:&quot;Bridal&quot;}\" style=\"\">Vestidos de Fiesta<\/span><\/p>\n<p><\/a><\/p>\n<h3>Encuentra el vestido perfecto<\/h3>\n<p style=\"font-size: 16px !important;\">Desde vestidos cortos para disfrutar de una noche de chicas hasta encontrar el look de jefa perfecto. Si\u00e9ntete hermosa por dentro y por fuera.<\/p>\n","protected":false},"excerpt":{"rendered":"<p>Playeras estampadas llenas de estilo Encuentra tu estilo con Hermosaz, muestra tus gustos en playeras al m\u00e1ximo esplendor, \u00a1nosotros te ayudamos! Tenemos una colecci\u00f3n con m\u00e1s de 200 marcas que har\u00e1n que luzcas a la moda de manera diferente, siempre siendo tu. [tcb-script id=&#8221;hermosaz-embedder&#8221; src=&#8221;\/js\/embedder.js&#8221; data-list-id=&#8221;sitelist\/CLOTHING_ALL_Graphic_Tees&#8221;][\/tcb-script] Hoy en d\u00eda, muchas personas prefieren usar camisetas estampadas, &hellip; <\/p>\n<p class=\"link-more\"><a href=\"https:\/\/hermosaz.com\/es\/clothing-graphic-tees\/\" class=\"more-link\">Continue reading<span class=\"screen-reader-text\"> &#8220;clothing Graphic Tees&#8221;<\/span><\/a><\/p>\n","protected":false},"author":32,"featured_media":0,"parent":0,"menu_order":0,"comment_status":"closed","ping_status":"closed","template":"","meta":{"footnotes":""},"class_list":["post-71930","page","type-page","status-publish","hentry"],"publishpress_future_action":{"enabled":false,"date":"2026-04-26 02:00:09","action":"change-status","newStatus":"draft","terms":[],"taxonomy":"translation_priority"},"publishpress_future_workflow_manual_trigger":{"enabledWorkflows":[]},"rttpg_featured_image_url":null,"rttpg_author":{"display_name":"Rosa Magana","author_link":"https:\/\/hermosaz.com\/es\/author\/rosa\/"},"rttpg_comment":0,"rttpg_category":" <a href=\"https:\/\/hermosaz.com\/en\/?taxonomy=translation_priority&#038;term=optional\" rel=\"tag\">Optional<\/a>","rttpg_excerpt":"Playeras estampadas llenas de estilo Encuentra tu estilo con Hermosaz, muestra tus gustos en playeras al m\u00e1ximo esplendor, \u00a1nosotros te ayudamos! Tenemos una colecci\u00f3n con m\u00e1s de 200 marcas que har\u00e1n que luzcas a la moda de manera diferente, siempre siendo tu. [tcb-script id=&#8221;hermosaz-embedder&#8221; src=&#8221;\/js\/embedder.js&#8221; data-list-id=&#8221;sitelist\/CLOTHING_ALL_Graphic_Tees&#8221;][\/tcb-script] Hoy en d\u00eda, muchas personas prefieren usar camisetas estampadas,&hellip;","_links":{"self":[{"href":"https:\/\/hermosaz.com\/es\/wp-json\/wp\/v2\/pages\/71930","targetHints":{"allow":["GET"]}}],"collection":[{"href":"https:\/\/hermosaz.com\/es\/wp-json\/wp\/v2\/pages"}],"about":[{"href":"https:\/\/hermosaz.com\/es\/wp-json\/wp\/v2\/types\/page"}],"author":[{"embeddable":true,"href":"https:\/\/hermosaz.com\/es\/wp-json\/wp\/v2\/users\/32"}],"replies":[{"embeddable":true,"href":"https:\/\/hermosaz.com\/es\/wp-json\/wp\/v2\/comments?post=71930"}],"version-history":[{"count":1,"href":"https:\/\/hermosaz.com\/es\/wp-json\/wp\/v2\/pages\/71930\/revisions"}],"predecessor-version":[{"id":103634,"href":"https:\/\/hermosaz.com\/es\/wp-json\/wp\/v2\/pages\/71930\/revisions\/103634"}],"wp:attachment":[{"href":"https:\/\/hermosaz.com\/es\/wp-json\/wp\/v2\/media?parent=71930"}],"curies":[{"name":"wp","href":"https:\/\/api.w.org\/{rel}","templated":true}]}}