{"id":72036,"date":"2020-11-27T15:11:48","date_gmt":"2020-11-27T23:11:48","guid":{"rendered":"https:\/\/hermosaz.com\/clothing-jackets\/"},"modified":"2025-01-15T15:55:58","modified_gmt":"2025-01-15T23:55:58","slug":"clothing-jackets","status":"publish","type":"page","link":"https:\/\/hermosaz.com\/es\/clothing-jackets\/","title":{"rendered":"Clothing Jackets"},"content":{"rendered":"<p><span><img decoding=\"async\" alt=\"\" data-id=\"108350\" data-init-width=\"1600\" data-init-height=\"600\" title=\"20\" loading=\"lazy\" src=\"https:\/\/hermosaz.com\/wp-content\/uploads\/2025\/01\/20.jpg\" data-width=\"1620\" width=\"1620\" height=\"600\"><\/span><\/p>\n<h2 dir=\"ltr\" style=\"text-align: center;\"><span data-sheets-userformat=\"{&quot;2&quot;:11203,&quot;3&quot;:{&quot;1&quot;:0,&quot;3&quot;:1},&quot;4&quot;:{&quot;1&quot;:2,&quot;2&quot;:65280},&quot;9&quot;:0,&quot;10&quot;:1,&quot;11&quot;:4,&quot;12&quot;:0,&quot;14&quot;:{&quot;1&quot;:3,&quot;3&quot;:1},&quot;16&quot;:12}\" data-sheets-value=\"{&quot;1&quot;:2,&quot;2&quot;:&quot;Chamarras con mucho estilo para este invierno&quot;}\" style=\"\">Chamarras con mucho estilo para este invierno<\/span><\/h2>\n<p dir=\"ltr\" style=\"\">La mejor selecci\u00f3n de chamarras est\u00e1 aqu\u00ed en tu sitio favorito, Hermosaz. Las chamarras en la actualidad han tenido m\u00e1s valor para el estilo que para tapar el fr\u00edo, por eso nuestra selecci\u00f3n es especialmente estricta en cumplir las necesidades que m\u00e1s son frecuentes, como lo es cuidar de ti y de tu estilo.<\/p>\n<p><span><img decoding=\"async\" alt=\"Jackets x Hermosaz\" data-id=\"85105\" data-init-width=\"917\" data-init-height=\"648\" title=\"Jackets x Hermosaz\" loading=\"lazy\" src=\"https:\/\/hermosaz.com\/wp-content\/uploads\/2021\/05\/JACKETS-2-ES.png\" data-width=\"917\" data-height=\"648\" width=\"917\" height=\"648\"><\/span>[tcb-script id=&#8221;hermosaz-embedder&#8221; src=&#8221;\/js\/embedder.js&#8221; data-list-id=&#8221;sitelist\/CLOTHING_ALL_Jackets&#8221;][\/tcb-script]   <\/p>\n<p dir=\"ltr\" style=\"text-align: justify;\">Ya sea que desees abrigarte con <a href=\"https:\/\/www.shoptiques.com\/products\/bb_dakota-reversible-bomber-jacket-2?signalSource=linkshare&amp;utm_medium=affiliate&amp;utm_source=Fqp5SOy33II&amp;utm_campaign=Linkshare_15\" style=\"outline: none;\">chamarras<\/a>, grandes abrigos de invierno, incorporar un poco de extravagancia de textura divertida con diferentes dise\u00f1os. O agregar algunos adornos elegantes a atuendos simples, \u00a1tenemos las chamarras y abrigos justo para ti!<\/p>\n<h2 dir=\"ltr\" style=\"text-align: justify;\">\u00bfC\u00f3mo combinar tu chamarra?<\/h2>\n<p dir=\"ltr\" style=\"text-align: justify;\">Prueba una chamarra de cuero sobre un cuello alto para un estilo elegante y vanguardista, o por qu\u00e9 no una chamarra sobre una camiseta sin mangas corta o un <a href=\"https:\/\/www.berrylook.com\/en\/Products\/plus-size-fox-fur-coat-252198.html?color=same_as_photo&amp;utm_source=affiliates&amp;utm_medium=rakuten&amp;utm_campaign=3472185&amp;utm_content=15&amp;utm_term=US_Network&amp;ranMID=44303&amp;ranEAID=3472185&amp;ranSiteID=Fqp5SOy33II-Ss.XOeleCf8RoTQ8v4AosA\" style=\"outline: none;\">abrigo elegante<\/a> sobre un vestido de c\u00f3ctel para un look dispuesto a salir por la noche.<\/p>\n<p dir=\"ltr\" style=\"text-align: justify;\">Desde luchar contra las condiciones clim\u00e1ticas con abrigos de lana, <a href=\"https:\/\/www.bloomingdales.com\/shop\/product\/t-tahari-trench-jacket?ID=3986222&amp;utm_source=rakuten&amp;utm_medium=affiliate&amp;utm_campaign=affiliates&amp;ranMID=13867&amp;ranEAID=Fqp5SOy33II&amp;ranSiteID=Fqp5SOy33II-H8fgSyTgNF6SivUu5ZGk1A&amp;LinkshareID=Fqp5SOy33II-H8fgSyTgNF6SivUu5ZGk1A&amp;m_sc=aff&amp;PartnerID=LINKSHARE&amp;cm_mmc=LINKSHARE-_-n-_-n-_-n&amp;ranPublisherID=Fqp5SOy33II&amp;ranLinkID=884484621520&amp;ranLinkTypeID=15&amp;pubNAME=hermosaz\" style=\"outline: none;\">gabardinas <\/a>e impermeables hasta dise\u00f1ar piezas divertidas como chamarras de felpa y plumeros, y prendas b\u00e1sicas de moda como chamarras de mezclilla, de cuero, blazers y m\u00e1s.<\/p>\n<p dir=\"ltr\" style=\"text-align: justify;\">\u00a1Siempre encontrar\u00e1s algo lindo y a la moda cuando compres en Hermosaz!<\/p>\n<p dir=\"ltr\" style=\"text-align: justify;\">Un estilo de capas simple pero flexible es un su\u00e9ter ligero o un c\u00e1rdigan combinado con una chamarra de mezclilla. Mejora la textura usando un c\u00e1rdigan difuso en su lugar y tal vez incluso coloc\u00e1ndote un abrigo de lana.<\/p>\n<p dir=\"ltr\" style=\"text-align: justify;\">\u00bfNecesitas algo un poco m\u00e1s profesional o m\u00e1s elaborado? Cambia la chamarra de mezclilla o de cuero por una elegante y agrega una gabardina para obtener m\u00e1s calidez para completarlo.<\/p>\n<h2 dir=\"ltr\" style=\"text-align: justify;\">Chamarras de moda para mujer de hoy<\/h2>\n<p dir=\"ltr\" style=\"text-align: justify;\">Las chamarras y blazers ligeros son la elecci\u00f3n perfecta para el verano cuando quieres un poco de abrigo y mucho estilo. Son livianas, ligeras y totalmente elegantes para el verano. \u00a1Date tambi\u00e9n un poco de protecci\u00f3n solar adicional con una prenda ligera y fresca!<\/p>\n<h2 dir=\"ltr\" style=\"text-align: justify;\"><span style=\"font-size: 27px;\">\u00a1Abr\u00edgate bien con chamarras de marca en Hermosaz!<\/span><\/h2>\n<p dir=\"ltr\" style=\"text-align: justify;\"><a href=\"https:\/\/hermosaz.com\/\">Hermosaz<\/a> es el sitio dedicado a celebrar el estilo, la belleza y cultura Latina a nivel mundial mediante nuestra revista en l\u00ednea y un sitio de compras. Dise\u00f1ado por mujeres Latinas para Latinas.<\/p>\n<p dir=\"ltr\" style=\"text-align: justify;\">En nuestra tienda de ropa, productos de belleza online y accesorios para mujer, podr\u00e1s descubrir las \u00faltimas tendencias + comprar tus productos favoritos. Hermosaz.com est\u00e1 afiliada a m\u00e1s de 200 tiendas que ofrecen env\u00edos a todo el mundo.<\/p>\n<blockquote><p><span data-sheets-userformat=\"{&quot;2&quot;:13245,&quot;3&quot;:{&quot;1&quot;:0},&quot;5&quot;:{&quot;1&quot;:[{&quot;1&quot;:2,&quot;2&quot;:0,&quot;5&quot;:{&quot;1&quot;:2,&quot;2&quot;:0}},{&quot;1&quot;:0,&quot;2&quot;:0,&quot;3&quot;:3},{&quot;1&quot;:1,&quot;2&quot;:0,&quot;4&quot;:1}]},&quot;6&quot;:{&quot;1&quot;:[{&quot;1&quot;:2,&quot;2&quot;:0,&quot;5&quot;:{&quot;1&quot;:2,&quot;2&quot;:0}},{&quot;1&quot;:0,&quot;2&quot;:0,&quot;3&quot;:3},{&quot;1&quot;:1,&quot;2&quot;:0,&quot;4&quot;:1}]},&quot;7&quot;:{&quot;1&quot;:[{&quot;1&quot;:2,&quot;2&quot;:0,&quot;5&quot;:{&quot;1&quot;:2,&quot;2&quot;:0}},{&quot;1&quot;:0,&quot;2&quot;:0,&quot;3&quot;:3},{&quot;1&quot;:1,&quot;2&quot;:0,&quot;4&quot;:1}]},&quot;8&quot;:{&quot;1&quot;:[{&quot;1&quot;:2,&quot;2&quot;:0,&quot;5&quot;:{&quot;1&quot;:2,&quot;2&quot;:0}},{&quot;1&quot;:0,&quot;2&quot;:0,&quot;3&quot;:3},{&quot;1&quot;:1,&quot;2&quot;:0,&quot;4&quot;:1}]},&quot;10&quot;:2,&quot;11&quot;:0,&quot;12&quot;:0,&quot;15&quot;:&quot;Calibri&quot;,&quot;16&quot;:11}\" data-sheets-value=\"{&quot;1&quot;:2,&quot;2&quot;:&quot;Los mejores dise\u00f1os de chaquetas en un solo sitio. Encuentra Chaquetas de m\u00e1s de 200 marcas en Hermosaz. Los abrigos y chaquetas de mujer no solo son una manera excelente de mantenernos del fr\u00edo, sino que tambi\u00e9n son perfectos para hacer cualquier atuendo verdaderamente elegante. Ya sea para cubrirte del fr\u00edo, la lluvia o solo para hacer tu atuendo brillar a\u00fan m\u00e1s, las chaquetas siempre ser\u00e1n parte esencial de nuestro armario. Cualquiera que sea la raz\u00f3n para llevar un abrigo o una chaqueta, vale la pena seleccionarla con cuidado porque tiene una gran influencia en el look. En Hermosaz hemos seleccionado una gran variedad de chaquetas, todas elegidas por fashionistas Latinas que aman la moda tanto como tu. Encuentra chaquetas de cuero, abrigos de invierno, abrigos de piel vegana, cualquiera que sea tu gusto y talla, seguro lo encontrar\u00e1s en Hermosaz. Haz que tus compras de chaquetas de mujer en l\u00ednea sean divertidas y pasa un buen momento eligiendo tus estilos favoritos. &quot;}\">&nbsp;<\/span><\/p><\/blockquote>\n<p><a href=\"\/es\/dresses-mini\/ \"><\/p>\n<p><span data-sheets-userformat=\"{&quot;2&quot;:1325635,&quot;3&quot;:{&quot;1&quot;:0},&quot;4&quot;:{&quot;1&quot;:2,&quot;2&quot;:16777215},&quot;9&quot;:0,&quot;12&quot;:0,&quot;14&quot;:{&quot;1&quot;:2,&quot;2&quot;:0},&quot;15&quot;:&quot;Arial&quot;,&quot;16&quot;:11,&quot;21&quot;:0,&quot;23&quot;:2}\" data-sheets-value=\"{&quot;1&quot;:2,&quot;2&quot;:&quot;Cocktail&quot;}\">Vestidos Mini<\/span><\/p>\n<p><\/a><a href=\"\/es\/dresses-cocktail\/\"><\/p>\n<p style=\"\"><span data-sheets-userformat=\"{&quot;2&quot;:1325635,&quot;3&quot;:{&quot;1&quot;:0},&quot;4&quot;:{&quot;1&quot;:2,&quot;2&quot;:16777215},&quot;9&quot;:0,&quot;12&quot;:0,&quot;14&quot;:{&quot;1&quot;:2,&quot;2&quot;:0},&quot;15&quot;:&quot;Arial&quot;,&quot;16&quot;:11,&quot;21&quot;:0,&quot;23&quot;:2}\" data-sheets-value=\"{&quot;1&quot;:2,&quot;2&quot;:&quot;Cocktail&quot;}\" style=\"\">Cocktail<\/span><\/p>\n<p><\/a><a href=\"\/es\/dresses-evening-gowns\/\"><\/p>\n<p style=\"\"><span data-sheets-userformat=\"{&quot;2&quot;:1325635,&quot;3&quot;:{&quot;1&quot;:0},&quot;4&quot;:{&quot;1&quot;:2,&quot;2&quot;:16777215},&quot;9&quot;:0,&quot;12&quot;:0,&quot;14&quot;:{&quot;1&quot;:2,&quot;2&quot;:0},&quot;15&quot;:&quot;Arial&quot;,&quot;16&quot;:11,&quot;21&quot;:0,&quot;23&quot;:2}\" data-sheets-value=\"{&quot;1&quot;:2,&quot;2&quot;:&quot;Evening Gowns&quot;}\" style=\"\">Vestidos de Noche<\/span><\/p>\n<p><\/a><a href=\"\/es\/dresses-bridal\"><\/p>\n<p style=\"\"><span data-sheets-userformat=\"{&quot;2&quot;:1325639,&quot;3&quot;:{&quot;1&quot;:0},&quot;4&quot;:{&quot;1&quot;:2,&quot;2&quot;:16777215},&quot;5&quot;:{&quot;1&quot;:[{&quot;1&quot;:2,&quot;2&quot;:0,&quot;5&quot;:{&quot;1&quot;:2,&quot;2&quot;:16711680}},{&quot;1&quot;:0,&quot;2&quot;:0,&quot;3&quot;:3},{&quot;1&quot;:1,&quot;2&quot;:0,&quot;4&quot;:1}]},&quot;9&quot;:0,&quot;12&quot;:0,&quot;14&quot;:{&quot;1&quot;:2,&quot;2&quot;:0},&quot;15&quot;:&quot;Arial&quot;,&quot;16&quot;:11,&quot;21&quot;:0,&quot;23&quot;:2}\" data-sheets-value=\"{&quot;1&quot;:2,&quot;2&quot;:&quot;Bridal&quot;}\" style=\"\">Vestidos de Novia<\/span><\/p>\n<p><\/a><a href=\"\/es\/dresses-girl-boss\/\"><\/p>\n<p style=\"\"><span data-sheets-userformat=\"{&quot;2&quot;:1325635,&quot;3&quot;:{&quot;1&quot;:0},&quot;4&quot;:{&quot;1&quot;:2,&quot;2&quot;:16777215},&quot;9&quot;:0,&quot;12&quot;:0,&quot;14&quot;:{&quot;1&quot;:2,&quot;2&quot;:0},&quot;15&quot;:&quot;Arial&quot;,&quot;16&quot;:11,&quot;21&quot;:0,&quot;23&quot;:2}\" data-sheets-value=\"{&quot;1&quot;:2,&quot;2&quot;:&quot;Evening Gowns&quot;}\" style=\"\"><span data-sheets-userformat=\"{&quot;2&quot;:1325635,&quot;3&quot;:{&quot;1&quot;:0},&quot;4&quot;:{&quot;1&quot;:2,&quot;2&quot;:16777215},&quot;9&quot;:0,&quot;12&quot;:0,&quot;14&quot;:{&quot;1&quot;:2,&quot;2&quot;:0},&quot;15&quot;:&quot;Arial&quot;,&quot;16&quot;:11,&quot;21&quot;:0,&quot;23&quot;:2}\" data-sheets-value=\"{&quot;1&quot;:2,&quot;2&quot;:&quot;Girl Boss Dresses&quot;}\" style=\"\">Vestidos de Girl Boss&nbsp;<\/span><\/span><\/p>\n<p><\/a><a href=\"\/es\/holiday-dresses\/\"><\/p>\n<p style=\"\"><span data-sheets-userformat=\"{&quot;2&quot;:1325639,&quot;3&quot;:{&quot;1&quot;:0},&quot;4&quot;:{&quot;1&quot;:2,&quot;2&quot;:16777215},&quot;5&quot;:{&quot;1&quot;:[{&quot;1&quot;:2,&quot;2&quot;:0,&quot;5&quot;:{&quot;1&quot;:2,&quot;2&quot;:16711680}},{&quot;1&quot;:0,&quot;2&quot;:0,&quot;3&quot;:3},{&quot;1&quot;:1,&quot;2&quot;:0,&quot;4&quot;:1}]},&quot;9&quot;:0,&quot;12&quot;:0,&quot;14&quot;:{&quot;1&quot;:2,&quot;2&quot;:0},&quot;15&quot;:&quot;Arial&quot;,&quot;16&quot;:11,&quot;21&quot;:0,&quot;23&quot;:2}\" data-sheets-value=\"{&quot;1&quot;:2,&quot;2&quot;:&quot;Bridal&quot;}\" style=\"\">Vestidos de Fiesta<\/span><\/p>\n<p><\/a><\/p>\n<h3>Encuentra el vestido perfecto<\/h3>\n<p style=\"font-size: 16px !important;\">Desde vestidos cortos para disfrutar de una noche de chicas hasta encontrar el look de jefa perfecto. Si\u00e9ntete hermosa por dentro y por fuera.<\/p>\n","protected":false},"excerpt":{"rendered":"<p>Chamarras con mucho estilo para este invierno La mejor selecci\u00f3n de chamarras est\u00e1 aqu\u00ed en tu sitio favorito, Hermosaz. Las chamarras en la actualidad han tenido m\u00e1s valor para el estilo que para tapar el fr\u00edo, por eso nuestra selecci\u00f3n es especialmente estricta en cumplir las necesidades que m\u00e1s son frecuentes, como lo es cuidar &hellip; <\/p>\n<p class=\"link-more\"><a href=\"https:\/\/hermosaz.com\/es\/clothing-jackets\/\" class=\"more-link\">Continue reading<span class=\"screen-reader-text\"> &#8220;Clothing Jackets&#8221;<\/span><\/a><\/p>\n","protected":false},"author":32,"featured_media":0,"parent":0,"menu_order":0,"comment_status":"closed","ping_status":"closed","template":"","meta":{"footnotes":""},"class_list":["post-72036","page","type-page","status-publish","hentry"],"publishpress_future_action":{"enabled":false,"date":"2026-04-25 11:38:54","action":"change-status","newStatus":"draft","terms":[],"taxonomy":"translation_priority"},"publishpress_future_workflow_manual_trigger":{"enabledWorkflows":[]},"rttpg_featured_image_url":null,"rttpg_author":{"display_name":"Rosa Magana","author_link":"https:\/\/hermosaz.com\/es\/author\/rosa\/"},"rttpg_comment":0,"rttpg_category":" <a href=\"https:\/\/hermosaz.com\/es\/?taxonomy=translation_priority&#038;term=opcional\" rel=\"tag\">Opcional<\/a>","rttpg_excerpt":"Chamarras con mucho estilo para este invierno La mejor selecci\u00f3n de chamarras est\u00e1 aqu\u00ed en tu sitio favorito, Hermosaz. Las chamarras en la actualidad han tenido m\u00e1s valor para el estilo que para tapar el fr\u00edo, por eso nuestra selecci\u00f3n es especialmente estricta en cumplir las necesidades que m\u00e1s son frecuentes, como lo es cuidar&hellip;","_links":{"self":[{"href":"https:\/\/hermosaz.com\/es\/wp-json\/wp\/v2\/pages\/72036","targetHints":{"allow":["GET"]}}],"collection":[{"href":"https:\/\/hermosaz.com\/es\/wp-json\/wp\/v2\/pages"}],"about":[{"href":"https:\/\/hermosaz.com\/es\/wp-json\/wp\/v2\/types\/page"}],"author":[{"embeddable":true,"href":"https:\/\/hermosaz.com\/es\/wp-json\/wp\/v2\/users\/32"}],"replies":[{"embeddable":true,"href":"https:\/\/hermosaz.com\/es\/wp-json\/wp\/v2\/comments?post=72036"}],"version-history":[{"count":2,"href":"https:\/\/hermosaz.com\/es\/wp-json\/wp\/v2\/pages\/72036\/revisions"}],"predecessor-version":[{"id":108352,"href":"https:\/\/hermosaz.com\/es\/wp-json\/wp\/v2\/pages\/72036\/revisions\/108352"}],"wp:attachment":[{"href":"https:\/\/hermosaz.com\/es\/wp-json\/wp\/v2\/media?parent=72036"}],"curies":[{"name":"wp","href":"https:\/\/api.w.org\/{rel}","templated":true}]}}