{"id":72167,"date":"2020-11-27T15:22:30","date_gmt":"2020-11-27T23:22:30","guid":{"rendered":"https:\/\/hermosaz.com\/clothing-loungewear\/"},"modified":"2025-03-21T15:44:20","modified_gmt":"2025-03-21T22:44:20","slug":"clothing-loungewear","status":"publish","type":"page","link":"https:\/\/hermosaz.com\/es\/clothing-loungewear\/","title":{"rendered":"Clothing Loungewear"},"content":{"rendered":"<p><span><img decoding=\"async\" alt=\"\" data-id=\"109797\" width=\"2050\" data-init-width=\"1600\" height=\"600\" data-init-height=\"600\" title=\"NEW IN-7\" loading=\"lazy\" src=\"https:\/\/hermosaz.com\/wp-content\/uploads\/2025\/03\/NEW-IN-7-1.jpg\" data-width=\"2050\"><\/span><\/p>\n<h2 style=\"text-align: center;\"><span data-sheets-userformat=\"{&quot;2&quot;:15357,&quot;3&quot;:{&quot;1&quot;:0},&quot;5&quot;:{&quot;1&quot;:[{&quot;1&quot;:2,&quot;2&quot;:0,&quot;5&quot;:{&quot;1&quot;:2,&quot;2&quot;:0}},{&quot;1&quot;:0,&quot;2&quot;:0,&quot;3&quot;:3},{&quot;1&quot;:1,&quot;2&quot;:0,&quot;4&quot;:1}]},&quot;6&quot;:{&quot;1&quot;:[{&quot;1&quot;:2,&quot;2&quot;:0,&quot;5&quot;:{&quot;1&quot;:2,&quot;2&quot;:0}},{&quot;1&quot;:0,&quot;2&quot;:0,&quot;3&quot;:3},{&quot;1&quot;:1,&quot;2&quot;:0,&quot;4&quot;:1}]},&quot;7&quot;:{&quot;1&quot;:[{&quot;1&quot;:2,&quot;2&quot;:0,&quot;5&quot;:{&quot;1&quot;:2,&quot;2&quot;:0}},{&quot;1&quot;:0,&quot;2&quot;:0,&quot;3&quot;:3},{&quot;1&quot;:1,&quot;2&quot;:0,&quot;4&quot;:1}]},&quot;8&quot;:{&quot;1&quot;:[{&quot;1&quot;:2,&quot;2&quot;:0,&quot;5&quot;:{&quot;1&quot;:2,&quot;2&quot;:0}},{&quot;1&quot;:0,&quot;2&quot;:0,&quot;3&quot;:3},{&quot;1&quot;:1,&quot;2&quot;:0,&quot;4&quot;:1}]},&quot;9&quot;:1,&quot;10&quot;:1,&quot;11&quot;:4,&quot;12&quot;:0,&quot;14&quot;:{&quot;1&quot;:3,&quot;3&quot;:1},&quot;15&quot;:&quot;Calibri&quot;,&quot;16&quot;:11}\" data-sheets-value=\"{&quot;1&quot;:2,&quot;2&quot;:&quot;Pijama que necesitas para descansar mejor \u00a1Aqu\u00ed la tenemos!&quot;}\"><span data-sheets-userformat=\"{&quot;2&quot;:11201,&quot;3&quot;:{&quot;1&quot;:0,&quot;3&quot;:1},&quot;9&quot;:0,&quot;10&quot;:1,&quot;11&quot;:4,&quot;12&quot;:0,&quot;14&quot;:{&quot;1&quot;:3,&quot;3&quot;:1},&quot;16&quot;:12}\" data-sheets-value=\"{&quot;1&quot;:2,&quot;2&quot;:&quot;Pijamas que te har\u00e1n descansar mejor&quot;}\">Pijamas que te har\u00e1n descansar mejor<\/span><\/span><\/h2>\n<p><span data-sheets-userformat=\"{&quot;2&quot;:15357,&quot;3&quot;:{&quot;1&quot;:0},&quot;5&quot;:{&quot;1&quot;:[{&quot;1&quot;:2,&quot;2&quot;:0,&quot;5&quot;:{&quot;1&quot;:2,&quot;2&quot;:0}},{&quot;1&quot;:0,&quot;2&quot;:0,&quot;3&quot;:3},{&quot;1&quot;:1,&quot;2&quot;:0,&quot;4&quot;:1}]},&quot;6&quot;:{&quot;1&quot;:[{&quot;1&quot;:2,&quot;2&quot;:0,&quot;5&quot;:{&quot;1&quot;:2,&quot;2&quot;:0}},{&quot;1&quot;:0,&quot;2&quot;:0,&quot;3&quot;:3},{&quot;1&quot;:1,&quot;2&quot;:0,&quot;4&quot;:1}]},&quot;7&quot;:{&quot;1&quot;:[{&quot;1&quot;:2,&quot;2&quot;:0,&quot;5&quot;:{&quot;1&quot;:2,&quot;2&quot;:0}},{&quot;1&quot;:0,&quot;2&quot;:0,&quot;3&quot;:3},{&quot;1&quot;:1,&quot;2&quot;:0,&quot;4&quot;:1}]},&quot;8&quot;:{&quot;1&quot;:[{&quot;1&quot;:2,&quot;2&quot;:0,&quot;5&quot;:{&quot;1&quot;:2,&quot;2&quot;:0}},{&quot;1&quot;:0,&quot;2&quot;:0,&quot;3&quot;:3},{&quot;1&quot;:1,&quot;2&quot;:0,&quot;4&quot;:1}]},&quot;9&quot;:1,&quot;10&quot;:1,&quot;11&quot;:4,&quot;12&quot;:0,&quot;14&quot;:{&quot;1&quot;:3,&quot;3&quot;:1},&quot;15&quot;:&quot;Calibri&quot;,&quot;16&quot;:11}\" data-sheets-value=\"{&quot;1&quot;:2,&quot;2&quot;:&quot;Pijama que necesitas para descansar mejor \u00a1Aqu\u00ed la tenemos!&quot;}\">Encuentra los mejores loungewear o pijama, tenemos m\u00e1s de 200 marcas para ti. Luce relajada y a la moda con <strong>Hermosaz<\/strong>. Dado que los pijamas ahora est\u00e1n hechos para verse fuera de las cuatro paredes de su dormitorio. <strong>\u00bfPor qu\u00e9 no regalarse una linda pijama?<\/strong><\/span>[tcb-script id=&#8221;hermosaz-embedder&#8221; src=&#8221;\/js\/embedder.js&#8221; data-list-id=&#8221;sitelist\/CLOTHING_ALL_Loungewear&#8221;][\/tcb-script]<\/p>\n<p style=\"text-align: justify;\">\n<p style=\"text-align: justify;\"><span style=\"font-weight: 400;\">Las mejores <\/span><b>pijamas<\/b><span style=\"font-weight: 400;\"> no s\u00f3lo son elegantes, sino que tambi\u00e9n <\/span><b>son c\u00f3modas<\/b><span style=\"font-weight: 400;\">. Ahora m\u00e1s que nunca tenemos una buena raz\u00f3n para invertir en un pijama decente, porque realmente el invierno ser\u00e1 fr\u00edo y con la a\u00fan presente pandemia, seguramente <\/span><b>pasaremos m\u00e1s tiempo en casa de lo que imaginamos.<\/b><\/p>\n<p>        &nbsp;        <\/p>\n<p style=\"text-align: justify;\"><span style=\"font-weight: 400;\">Todos tenemos nuestro gusto \u00fanico en ropa de dormir, ya sean lindas pijamas, un camis\u00f3n sexy o simplemente una camiseta c\u00f3moda, <\/span><b>\u00a1pero hay ciertos modelos que se adaptan a todos!<\/b><\/p>\n<p>        &nbsp;        <\/p>\n<p style=\"text-align: justify;\"><span style=\"font-weight: 400;\">Estos &#8216;cl\u00e1sicos&#8217; de ropa de dormir se ven muy bien en todas las formas y tama\u00f1os de cuerpo, \u00a1y hay una ocasi\u00f3n en la vida de cada mujer para usarlos!<\/span><\/p>\n<p>        &nbsp;        <\/p>\n<p style=\"text-align: center;\"><span id=\"dots\">&#8230; <\/span><\/p>\n<h5 style=\"text-align: justify;\"><span style=\"font-weight: 400;\">Tipos de pijama<\/span><\/h5>\n<p>        <img decoding=\"async\" src=\"https:\/\/hermosaz.com\/wp-content\/uploads\/2021\/12\/Pijama.webp\" style=\"display: block; margin: auto; width: 20%; margin-bottom: 10px;\">        <\/p>\n<p style=\"text-align: justify;\"><span style=\"font-weight: 400;\">Elegir el tipo adecuado de <\/span><b>pijama o ropa de dormir<\/b><span style=\"font-weight: 400;\"> har\u00e1 que tu experiencia de sue\u00f1o sea m\u00e1s relajada. Abre tu cl\u00f3set y haz un espacio especial para todos los diferentes tipos de ropa de dormir que encontrar\u00e1s en <\/span><b>Hermosaz.<\/b><\/p>\n<p>        &nbsp;        <\/p>\n<h5 style=\"text-align: justify;\"><span style=\"font-weight: 400;\">Conjuntos de pijamas<\/span><\/h5>\n<p style=\"text-align: justify;\"><span style=\"font-weight: 400;\">\u00bfYa est\u00e1s bostezando? Una <\/span><a href=\"https:\/\/www.shoptiques.com\/products\/animal-print-loungewear?signalSource=linkshare&amp;utm_medium=affiliate&amp;utm_source=Fqp5SOy33II&amp;utm_campaign=Linkshare_15\"><b>pijama c\u00f3moda para mujer<\/b><\/a><span style=\"font-weight: 400;\"> es un elemento b\u00e1sico para dormir bien por la noche. Este tipo de ropa de dormir para damas es igual a la comida reconfortante, perfecta para relajarte y consentirte un poco m\u00e1s y mejor.<\/span><\/p>\n<p>        &nbsp;        <\/p>\n<p style=\"text-align: justify;\"><span style=\"font-weight: 400;\">Descansar en <\/span><b>pijama y camiseta<\/b><span style=\"font-weight: 400;\"> es una excelente manera de desconectar y relajarse despu\u00e9s de un largo d\u00eda<\/span><\/p>\n<p>        &nbsp;        <\/p>\n<h5 style=\"text-align: justify;\"><span style=\"font-weight: 400;\">Camisas o batas de dormir<\/span><\/h5>\n<p style=\"text-align: justify;\"><span style=\"font-weight: 400;\">\u00a1Una<\/span><a href=\"https:\/\/www.macys.com\/shop\/product\/alfani-ultra-soft-racerback-nightgown-created-for-macys?ID=10561029&amp;ranMID=3184&amp;ranEAID=Fqp5SOy33II&amp;ranSiteID=Fqp5SOy33II-fWTCfmdhB17IODlYKKV1TQ&amp;LinkshareID=Fqp5SOy33II-fWTCfmdhB17IODlYKKV1TQ&amp;m_sc=aff&amp;PartnerID=LINKSHARE&amp;cm_mmc=LINKSHARE-_-5-_-63-_-MP563&amp;LSNSUBSITE=PR\"><b> bata de dormir<\/b><\/a><span style=\"font-weight: 400;\"> es todo lo que necesitas! Estos tipos de ropa de dormir son f\u00e1ciles, ligeros para tener un sue\u00f1o tranquilo. Ponte una <\/span><b>camisa de dormir, rel\u00e1jate y deja que tu piel respire<\/b><span style=\"font-weight: 400;\">. Este tipo de ropa de dormir para damas es una delicia en las calurosas noches de verano.<\/span><\/p>\n<p>        &nbsp;        <\/p>\n<h5 style=\"text-align: justify;\"><span style=\"font-weight: 400;\">Camis\u00f3n sensual<\/span><\/h5>\n<p style=\"text-align: justify;\"><span style=\"font-weight: 400;\">Crea el ambiente de la noche sensual con un camis\u00f3n sofisticado. Puedes encontrarlo en una amplia gama de estilos, <\/span><b>desde tierno hasta atrevido<\/b><span style=\"font-weight: 400;\">, puedes elegir el que sea adecuado para ti.<\/span><\/p>\n<p>        &nbsp;        <\/p>\n<p style=\"text-align: justify;\"><span style=\"font-weight: 400;\">Los materiales del camis\u00f3n juegan un papel importante a la hora de decidir <\/span><b>la ocasi\u00f3n en la que puedes usarlo<\/b><span style=\"font-weight: 400;\">. Puede encontrar dise\u00f1os sexys con encaje, hasta ropa c\u00f3moda de algod\u00f3n en el mismo tipo de ropa de dormir.<\/span><\/p>\n<p>        &nbsp;        <\/p>\n<h5 style=\"text-align: justify;\"><span style=\"font-weight: 400;\">Shorts y camisetas para dormir<\/span><\/h5>\n<p style=\"text-align: justify;\"><span style=\"font-weight: 400;\">Los m\u00fasculos relajados y los ojos cansados necesitan la comodidad adicional de una tranquila brisa de verano, un <\/span><a href=\"https:\/\/www.macys.com\/shop\/product\/roudelain-ribbed-henley-t-shirt-shorts-loungewear-set?ID=12218526&amp;ranMID=3184&amp;ranEAID=Fqp5SOy33II&amp;ranSiteID=Fqp5SOy33II-uo_ZnbfVcPyIDeH.W06F.g&amp;LinkshareID=Fqp5SOy33II-uo_ZnbfVcPyIDeH.W06F.g&amp;m_sc=aff&amp;PartnerID=LINKSHARE&amp;cm_mmc=LINKSHARE-_-5-_-63-_-MP563&amp;LSNSUBSITE=PR\"><b>short y una camiseta<\/b><\/a><span style=\"font-weight: 400;\">. Una <\/span><b>elegante combinaci\u00f3n de comodidad y sensualidad<\/b><span style=\"font-weight: 400;\">, este tipo de ropa de dormir es imprescindible en tu armario.<\/span><\/p>\n<p>        &nbsp;        <\/p>\n<h5 style=\"text-align: justify;\"><span style=\"font-weight: 400;\">\u00bfPor qu\u00e9 comprar pijamas en Hermosaz?<\/span><\/h5>\n<p style=\"text-align: justify;\"><a href=\"https:\/\/hermosaz.com\/\"><b>Hermosaz<\/b><\/a> <span style=\"font-weight: 400;\">es el sitio dedicado a <\/span><b>celebrar el estilo, la belleza y cultura Latina <\/b><span style=\"font-weight: 400;\">a nivel mundial mediante nuestra revista en l\u00ednea y un sitio de compras. Dise\u00f1ado por mujeres Latinas para Latinas.<\/span><\/p>\n<p>        &nbsp;        <\/p>\n<p style=\"text-align: justify;\"><span style=\"font-weight: 400;\">En nuestra<\/span><a href=\"https:\/\/hermosaz.com\/es\/clothing-loungewear\/\"> <b>tienda de&nbsp; ropa<\/b><span style=\"font-weight: 400;\">,<\/span><\/a><span style=\"font-weight: 400;\"> productos de belleza online y accesorios para mujer, podr\u00e1s descubrir las <\/span><b>\u00faltimas tendencias + comprar tus productos favoritos<\/b><span style=\"font-weight: 400;\">. Hermosaz.com est\u00e1 afiliada a m\u00e1s de 200 tiendas que ofrecen env\u00edos a todo el mundo.<\/span><\/p>\n<p>        &nbsp;        <\/p>\n<p style=\"text-align: justify;\"><span style=\"font-weight: 400;\">Nosotros no vendemos los productos directamente, como afiliados, <\/span><b>mostramos los productos m\u00e1s chic de las marcas m\u00e1s reconocidas<\/b><span style=\"font-weight: 400;\"> y te ofrecemos una plataforma donde puedes explorar diferentes precios y estilos, y as\u00ed elegir tu favorito (\u00a1y el mejor descuento disponible!).<\/span><\/p>\n<p style=\"text-align: center;\">Leer m\u00e1s<\/p>\n<p>    [tcb-script]        function leerMasCategoria() {            var dots = document.getElementById(&#8220;dots&#8221;);            var moreText = document.getElementById(&#8220;masTexto&#8221;);            var btnText = document.getElementById(&#8220;myBtn&#8221;);            if (dots.style.display === &#8220;none&#8221;) {                dots.style.display = &#8220;inline&#8221;;                btnText.innerHTML = &#8220;Leer m\u00e1s&#8221;;                moreText.style.display = &#8220;none&#8221;;            } else {                dots.style.display = &#8220;none&#8221;;                btnText.innerHTML = &#8220;Leer menos&#8221;;                moreText.style.display = &#8220;inline&#8221;;            }        }    [\/tcb-script]   <\/p>\n<p><span data-sheets-userformat=\"{&quot;2&quot;:12989,&quot;3&quot;:{&quot;1&quot;:0},&quot;5&quot;:{&quot;1&quot;:[{&quot;1&quot;:2,&quot;2&quot;:0,&quot;5&quot;:{&quot;1&quot;:2,&quot;2&quot;:0}},{&quot;1&quot;:0,&quot;2&quot;:0,&quot;3&quot;:3},{&quot;1&quot;:1,&quot;2&quot;:0,&quot;4&quot;:1}]},&quot;6&quot;:{&quot;1&quot;:[{&quot;1&quot;:2,&quot;2&quot;:0,&quot;5&quot;:{&quot;1&quot;:2,&quot;2&quot;:0}},{&quot;1&quot;:0,&quot;2&quot;:0,&quot;3&quot;:3},{&quot;1&quot;:1,&quot;2&quot;:0,&quot;4&quot;:1}]},&quot;7&quot;:{&quot;1&quot;:[{&quot;1&quot;:2,&quot;2&quot;:0,&quot;5&quot;:{&quot;1&quot;:2,&quot;2&quot;:0}},{&quot;1&quot;:0,&quot;2&quot;:0,&quot;3&quot;:3},{&quot;1&quot;:1,&quot;2&quot;:0,&quot;4&quot;:1}]},&quot;8&quot;:{&quot;1&quot;:[{&quot;1&quot;:2,&quot;2&quot;:0,&quot;5&quot;:{&quot;1&quot;:2,&quot;2&quot;:0}},{&quot;1&quot;:0,&quot;2&quot;:0,&quot;3&quot;:3},{&quot;1&quot;:1,&quot;2&quot;:0,&quot;4&quot;:1}]},&quot;10&quot;:2,&quot;12&quot;:0,&quot;15&quot;:&quot;Calibri&quot;,&quot;16&quot;:11}\" data-sheets-value=\"{&quot;1&quot;:2,&quot;2&quot;:&quot;Rel\u00e1jate con los mejores dise\u00f1os de loungewear en un solo sitio. Encuentra loungewear de m\u00e1s de 200 marcas en un solo sitio. Encuentra loungewear de una gran variedad, estilos, precio y buena calidad. El corte loungewear se ha convertido invariablemente en una de las prendas imprescindibles para las mujeres en la vida diaria. En Hermosaz encuentras una selecci\u00f3n de ropa c\u00f3moda y dise\u00f1os que te har\u00e1n lucir incre\u00edble incluso cuando est\u00e9s en casa. Existe una gran variedad de estilos de loungewear, uno de los m\u00e1s populares son los famosos sets, que combinan los mismos colores y patrones en la blusa tanto como en el pantal\u00f3n o short. Contamos con varios sets de loungewear de distintos colores, telas y dise\u00f1os. Sin duda Hermosaz ofrece la mejor calidad de ropa de loungewear, ya que contamos con varias marcas y dise\u00f1os para todos los gustos. Para lo que necesites tus mejores estilos de loungewear, ya sea dormir, como ropa interior c\u00f3moda o incluso disfraces, Hermosaz complacer tus necesidades. Desde materiales frescos, transparentes, a ropa t\u00e9rmica para climas fr\u00edos. Hermosaz es uno de los mejores lugares para comprar loungewear, por su gran variedad de estilos, dise\u00f1os y patrones. Te permite lucir hermosa desde casa.&quot;}\">Encuentra los mejores loungewewar, tenemos m\u00e1s de 200 marcas para ti. Los mejores dise\u00f1os en un mismo sitio. Luce relajada y a la moda con Hermosaz. <\/span><\/p>\n<p><a href=\"\/es\/dresses-mini\/ \"><\/p>\n<p><span data-sheets-userformat=\"{&quot;2&quot;:1325635,&quot;3&quot;:{&quot;1&quot;:0},&quot;4&quot;:{&quot;1&quot;:2,&quot;2&quot;:16777215},&quot;9&quot;:0,&quot;12&quot;:0,&quot;14&quot;:{&quot;1&quot;:2,&quot;2&quot;:0},&quot;15&quot;:&quot;Arial&quot;,&quot;16&quot;:11,&quot;21&quot;:0,&quot;23&quot;:2}\" data-sheets-value=\"{&quot;1&quot;:2,&quot;2&quot;:&quot;Cocktail&quot;}\">Vestidos Mini<\/span><\/p>\n<p><\/a><a href=\"\/es\/dresses-cocktail\/\"><\/p>\n<p style=\"\"><span data-sheets-userformat=\"{&quot;2&quot;:1325635,&quot;3&quot;:{&quot;1&quot;:0},&quot;4&quot;:{&quot;1&quot;:2,&quot;2&quot;:16777215},&quot;9&quot;:0,&quot;12&quot;:0,&quot;14&quot;:{&quot;1&quot;:2,&quot;2&quot;:0},&quot;15&quot;:&quot;Arial&quot;,&quot;16&quot;:11,&quot;21&quot;:0,&quot;23&quot;:2}\" data-sheets-value=\"{&quot;1&quot;:2,&quot;2&quot;:&quot;Cocktail&quot;}\" style=\"\">Cocktail<\/span><\/p>\n<p><\/a><a href=\"https:\/\/hermosaz.com\/es\/dresses-evening-gowns\/\"><\/p>\n<p style=\"\"><span data-sheets-userformat=\"{&quot;2&quot;:1325635,&quot;3&quot;:{&quot;1&quot;:0},&quot;4&quot;:{&quot;1&quot;:2,&quot;2&quot;:16777215},&quot;9&quot;:0,&quot;12&quot;:0,&quot;14&quot;:{&quot;1&quot;:2,&quot;2&quot;:0},&quot;15&quot;:&quot;Arial&quot;,&quot;16&quot;:11,&quot;21&quot;:0,&quot;23&quot;:2}\" data-sheets-value=\"{&quot;1&quot;:2,&quot;2&quot;:&quot;Evening Gowns&quot;}\" style=\"\">Vestidos de Noche<\/span><\/p>\n<p><\/a><a href=\"https:\/\/hermosaz.com\/es\/dresses-bridal\/\"><\/p>\n<p style=\"\"><span data-sheets-userformat=\"{&quot;2&quot;:1325639,&quot;3&quot;:{&quot;1&quot;:0},&quot;4&quot;:{&quot;1&quot;:2,&quot;2&quot;:16777215},&quot;5&quot;:{&quot;1&quot;:[{&quot;1&quot;:2,&quot;2&quot;:0,&quot;5&quot;:{&quot;1&quot;:2,&quot;2&quot;:16711680}},{&quot;1&quot;:0,&quot;2&quot;:0,&quot;3&quot;:3},{&quot;1&quot;:1,&quot;2&quot;:0,&quot;4&quot;:1}]},&quot;9&quot;:0,&quot;12&quot;:0,&quot;14&quot;:{&quot;1&quot;:2,&quot;2&quot;:0},&quot;15&quot;:&quot;Arial&quot;,&quot;16&quot;:11,&quot;21&quot;:0,&quot;23&quot;:2}\" data-sheets-value=\"{&quot;1&quot;:2,&quot;2&quot;:&quot;Bridal&quot;}\" style=\"\">Vestidos de Novia<\/span><\/p>\n<p><\/a><a href=\"https:\/\/hermosaz.com\/es\/dresses-girl-boss\/\"><\/p>\n<p style=\"\"><span data-sheets-userformat=\"{&quot;2&quot;:1325635,&quot;3&quot;:{&quot;1&quot;:0},&quot;4&quot;:{&quot;1&quot;:2,&quot;2&quot;:16777215},&quot;9&quot;:0,&quot;12&quot;:0,&quot;14&quot;:{&quot;1&quot;:2,&quot;2&quot;:0},&quot;15&quot;:&quot;Arial&quot;,&quot;16&quot;:11,&quot;21&quot;:0,&quot;23&quot;:2}\" data-sheets-value=\"{&quot;1&quot;:2,&quot;2&quot;:&quot;Evening Gowns&quot;}\" style=\"\"><span data-sheets-userformat=\"{&quot;2&quot;:1325635,&quot;3&quot;:{&quot;1&quot;:0},&quot;4&quot;:{&quot;1&quot;:2,&quot;2&quot;:16777215},&quot;9&quot;:0,&quot;12&quot;:0,&quot;14&quot;:{&quot;1&quot;:2,&quot;2&quot;:0},&quot;15&quot;:&quot;Arial&quot;,&quot;16&quot;:11,&quot;21&quot;:0,&quot;23&quot;:2}\" data-sheets-value=\"{&quot;1&quot;:2,&quot;2&quot;:&quot;Girl Boss Dresses&quot;}\" style=\"\">Vestidos de Girl Boss&nbsp;<\/span><\/span><\/p>\n<p><\/a><a href=\"https:\/\/hermosaz.com\/es\/holiday-dresses\/\"><\/p>\n<p style=\"\"><span data-sheets-userformat=\"{&quot;2&quot;:1325639,&quot;3&quot;:{&quot;1&quot;:0},&quot;4&quot;:{&quot;1&quot;:2,&quot;2&quot;:16777215},&quot;5&quot;:{&quot;1&quot;:[{&quot;1&quot;:2,&quot;2&quot;:0,&quot;5&quot;:{&quot;1&quot;:2,&quot;2&quot;:16711680}},{&quot;1&quot;:0,&quot;2&quot;:0,&quot;3&quot;:3},{&quot;1&quot;:1,&quot;2&quot;:0,&quot;4&quot;:1}]},&quot;9&quot;:0,&quot;12&quot;:0,&quot;14&quot;:{&quot;1&quot;:2,&quot;2&quot;:0},&quot;15&quot;:&quot;Arial&quot;,&quot;16&quot;:11,&quot;21&quot;:0,&quot;23&quot;:2}\" data-sheets-value=\"{&quot;1&quot;:2,&quot;2&quot;:&quot;Bridal&quot;}\" style=\"\">Vestidos de Fiesta<\/span><\/p>\n<p><\/a><\/p>\n<h3>Encuentra el vestido perfecto<\/h3>\n<p style=\"font-size: 16px !important;\">Desde vestidos cortos para disfrutar de una noche de chicas hasta encontrar el look de jefa perfecto. Si\u00e9ntete hermosa por dentro y por fuera.<\/p>\n","protected":false},"excerpt":{"rendered":"<p>Pijamas que te har\u00e1n descansar mejor Encuentra los mejores loungewear o pijama, tenemos m\u00e1s de 200 marcas para ti. Luce relajada y a la moda con Hermosaz. Dado que los pijamas ahora est\u00e1n hechos para verse fuera de las cuatro paredes de su dormitorio. \u00bfPor qu\u00e9 no regalarse una linda pijama?[tcb-script id=&#8221;hermosaz-embedder&#8221; src=&#8221;\/js\/embedder.js&#8221; data-list-id=&#8221;sitelist\/CLOTHING_ALL_Loungewear&#8221;][\/tcb-script] Las &hellip; <\/p>\n<p class=\"link-more\"><a href=\"https:\/\/hermosaz.com\/es\/clothing-loungewear\/\" class=\"more-link\">Continue reading<span class=\"screen-reader-text\"> &#8220;Clothing Loungewear&#8221;<\/span><\/a><\/p>\n","protected":false},"author":32,"featured_media":0,"parent":0,"menu_order":0,"comment_status":"closed","ping_status":"closed","template":"","meta":{"footnotes":""},"class_list":["post-72167","page","type-page","status-publish","hentry"],"publishpress_future_action":{"enabled":false,"date":"2026-04-16 11:57:15","action":"change-status","newStatus":"draft","terms":[],"taxonomy":"translation_priority"},"publishpress_future_workflow_manual_trigger":{"enabledWorkflows":[]},"rttpg_featured_image_url":null,"rttpg_author":{"display_name":"Rosa Magana","author_link":"https:\/\/hermosaz.com\/es\/author\/rosa\/"},"rttpg_comment":0,"rttpg_category":" <a href=\"https:\/\/hermosaz.com\/en\/?taxonomy=translation_priority&#038;term=optional\" rel=\"tag\">Optional<\/a>","rttpg_excerpt":"Pijamas que te har\u00e1n descansar mejor Encuentra los mejores loungewear o pijama, tenemos m\u00e1s de 200 marcas para ti. Luce relajada y a la moda con Hermosaz. Dado que los pijamas ahora est\u00e1n hechos para verse fuera de las cuatro paredes de su dormitorio. \u00bfPor qu\u00e9 no regalarse una linda pijama?[tcb-script id=&#8221;hermosaz-embedder&#8221; src=&#8221;\/js\/embedder.js&#8221; data-list-id=&#8221;sitelist\/CLOTHING_ALL_Loungewear&#8221;][\/tcb-script] Las&hellip;","_links":{"self":[{"href":"https:\/\/hermosaz.com\/es\/wp-json\/wp\/v2\/pages\/72167","targetHints":{"allow":["GET"]}}],"collection":[{"href":"https:\/\/hermosaz.com\/es\/wp-json\/wp\/v2\/pages"}],"about":[{"href":"https:\/\/hermosaz.com\/es\/wp-json\/wp\/v2\/types\/page"}],"author":[{"embeddable":true,"href":"https:\/\/hermosaz.com\/es\/wp-json\/wp\/v2\/users\/32"}],"replies":[{"embeddable":true,"href":"https:\/\/hermosaz.com\/es\/wp-json\/wp\/v2\/comments?post=72167"}],"version-history":[{"count":1,"href":"https:\/\/hermosaz.com\/es\/wp-json\/wp\/v2\/pages\/72167\/revisions"}],"predecessor-version":[{"id":109799,"href":"https:\/\/hermosaz.com\/es\/wp-json\/wp\/v2\/pages\/72167\/revisions\/109799"}],"wp:attachment":[{"href":"https:\/\/hermosaz.com\/es\/wp-json\/wp\/v2\/media?parent=72167"}],"curies":[{"name":"wp","href":"https:\/\/api.w.org\/{rel}","templated":true}]}}