{"id":72541,"date":"2020-11-27T15:37:14","date_gmt":"2020-11-27T23:37:14","guid":{"rendered":"https:\/\/hermosaz.com\/clothing-swimsuits\/"},"modified":"2025-03-19T11:00:11","modified_gmt":"2025-03-19T18:00:11","slug":"clothing-swimsuits","status":"publish","type":"page","link":"https:\/\/hermosaz.com\/es\/clothing-swimsuits\/","title":{"rendered":"Clothing Swimsuits"},"content":{"rendered":"<p><span><img decoding=\"async\" alt=\"\" data-id=\"109737\" width=\"2580\" data-init-width=\"1600\" height=\"600\" data-init-height=\"600\" title=\"39\" loading=\"lazy\" src=\"https:\/\/hermosaz.com\/wp-content\/uploads\/2025\/03\/39.jpg\" data-width=\"2580\"><\/span><span><img decoding=\"async\" alt=\"\" data-id=\"109737\" width=\"0\" data-init-width=\"1600\" height=\"600\" data-init-height=\"600\" title=\"39\" loading=\"lazy\" src=\"https:\/\/hermosaz.com\/wp-content\/uploads\/2025\/03\/39.jpg\" data-width=\"0\"><\/span><\/p>\n<h4 style=\"text-align: center;\"><span data-sheets-userformat=\"{&quot;2&quot;:15233,&quot;3&quot;:{&quot;1&quot;:0},&quot;10&quot;:1,&quot;11&quot;:4,&quot;12&quot;:0,&quot;14&quot;:{&quot;1&quot;:2,&quot;2&quot;:0},&quot;15&quot;:&quot;Calibri, sans-serif&quot;,&quot;16&quot;:11}\" data-sheets-value=\"{&quot;1&quot;:2,&quot;2&quot;:&quot;Trajes de Ba\u00f1o listos para el verano&quot;}\">Trajes de Ba\u00f1o listos para el verano<\/span><\/h4>\n<p style=\"text-align: justify;\">Prep\u00e1rate para tus vacaciones acu\u00e1ticas (en la playa) &nbsp;con <a href=\"https:\/\/hermosaz.com\/\" style=\"outline: none;\">Hermosaz<\/a>, encuentra dise\u00f1os de <strong>trajes de ba\u00f1o<\/strong> de las mejores marcas y sum\u00e9rgete en la piscina con estilo y glamour. Contamos con m\u00e1s de 200 marcas acompa\u00f1an tu experiencia de compras. <strong>Los mejores trajes de ba\u00f1o<\/strong> en un mismo sitio. \u00a1Pide el tuyo!<\/p>\n<p>[tcb-script id=&#8221;hermosaz-embedder&#8221; src=&#8221;\/js\/embedder.js&#8221; data-list-id=&#8221;sitelist\/CLOTHING_ALL_Swimsuits&#8221;][\/tcb-script]<\/p>\n<p style=\"text-align: justify;\">\n<p style=\"text-align: justify;\"><span style=\"font-weight: 400;\">Sabemos que con el calor vienen las ganas de disfrutar en la piscina o escaparte a la playa, para lo cual necesitas <\/span><a href=\"https:\/\/www.macys.com\/shop\/product\/salt-cove-juniors-studded-bikini-bottoms-created-for-macys?ID=10380589&amp;ranMID=3184&amp;ranEAID=Fqp5SOy33II&amp;ranSiteID=Fqp5SOy33II-WeOLHaZWw769Bp_qUu9dKg&amp;LinkshareID=Fqp5SOy33II-WeOLHaZWw769Bp_qUu9dKg&amp;m_sc=aff&amp;PartnerID=LINKSHARE&amp;cm_mmc=LINKSHARE-_-5-_-63-_-MP563&amp;LSNSUBSITE=PR\"><b>trajes de ba\u00f1o<\/b><\/a><b>.<\/b><span style=\"font-weight: 400;\"> A pesar de que muchas mujeres creen que es mejor estar en forma para usar uno, la verdad es <\/span><b>que hay muchos estilos diferentes que se pueden adaptar<\/b><span style=\"font-weight: 400;\"> a las distintas figuras de cada una.<\/span><\/p>\n<p>        &nbsp;        <\/p>\n<p style=\"text-align: center;\"><span id=\"dots\">&#8230; <\/span><\/p>\n<h5 style=\"text-align: justify;\"><span style=\"font-weight: 400;\">\u00bfSab\u00edas que hay modelos de trajes de ba\u00f1o y bikinis para todo?<\/span><\/h5>\n<p>        <img decoding=\"async\" src=\"https:\/\/hermosaz.com\/wp-content\/uploads\/2021\/12\/Trajes-de-bano.webp\" style=\"display: block; margin: auto; width: 20%; margin-bottom: 10px;\">        <\/p>\n<p style=\"text-align: justify;\"><span style=\"font-weight: 400;\">Tanto si quieres usarlo para un fin <\/span><span style=\"font-weight: 400;\">(casual y quieres que sea c\u00f3modo)<\/span> <span style=\"font-weight: 400;\">pr\u00e1ctico y para que te sea m\u00e1s c\u00f3modo mojarte<\/span><span style=\"font-weight: 400;\">, o si tu fin es deslumbrar a todos con tu figura en la piscina. <\/span><b>Elegir el <\/b><a href=\"https:\/\/www.lanecrawford.com\/product\/reina-olga\/-miami-multi-strap-bikini-set\/_\/BLH848\/product.lc?utm_source=Affiliates&amp;utm_medium=Affiliates&amp;utm_campaign=Linkshare_US\"><b>traje de ba\u00f1o <\/b><\/a><b>perfecto<\/b><span style=\"font-weight: 400;\"> requiere algo de tiempo y paciencia, \u00a1y una mente abierta!<\/span><\/p>\n<p>        &nbsp;        <\/p>\n<p style=\"text-align: justify;\"><span style=\"font-weight: 400;\">Con tantos estilos maravillosamente favorecedores disponibles, puede ser f\u00e1cil perderse. Es posible que te sientas tentado por varios de ellos, o puede que te preocupe seleccionar <\/span><b>el estilo que mejor favorezca tu figura<\/b><span style=\"font-weight: 400;\">. Todas estas consideraciones son igualmente comprensibles.<\/span><\/p>\n<p>        &nbsp;        <\/p>\n<h5 style=\"text-align: justify;\"><span style=\"font-weight: 400;\">\u00bfC\u00f3mo elegir trajes de ba\u00f1o que favorezcan tu figura?<\/span><\/h5>\n<p style=\"text-align: justify;\"><b>El torso habla<\/b><\/p>\n<p style=\"text-align: justify;\"><span style=\"font-weight: 400;\">Hasta cierto punto<\/span><b>, tu tipo de torso determina el estilo de traje de ba\u00f1o<\/b><span style=\"font-weight: 400;\"> m\u00e1s apropiado y favorecedor para tu cuerpo. Si tienes un torso corto, entonces la distancia desde la axila hasta la parte m\u00e1s estrecha de la cintura, justo por encima del ombligo, es menor que la distancia desde la cintura hasta el hueso de la cadera.<\/span><\/p>\n<p>        &nbsp;        <\/p>\n<p style=\"text-align: justify;\"><span style=\"font-weight: 400;\">Estas distinciones son importantes porque <\/span><b>pueden ayudarte a tomar la decisi\u00f3n m\u00e1s adecuada para tu cuerpo.<\/b><span style=\"font-weight: 400;\"> Con un torso corto, es posible que quieras decidirte por algo que d\u00e9 la ilusi\u00f3n de un marco m\u00e1s alargado.<\/span><\/p>\n<p>        &nbsp;        <\/p>\n<p style=\"text-align: justify;\"><span style=\"font-weight: 400;\">Un <\/span><b>traje de ba\u00f1o de una pieza<\/b><span style=\"font-weight: 400;\"> es una excelente opci\u00f3n, especialmente si presenta bloques de color asim\u00e9tricos o <\/span><a href=\"https:\/\/www.macys.com\/shop\/product\/roxy-juniors-striped-one-piece-swimsuit?ID=11649570&amp;ranMID=3184&amp;ranEAID=Fqp5SOy33II&amp;ranSiteID=Fqp5SOy33II-6_ppfimYRS4mspqmVv1GCg&amp;LinkshareID=Fqp5SOy33II-6_ppfimYRS4mspqmVv1GCg&amp;m_sc=aff&amp;PartnerID=LINKSHARE&amp;cm_mmc=LINKSHARE-_-5-_-63-_-MP563&amp;LSNSUBSITE=PR\"><b>verticales<\/b><\/a><span style=\"font-weight: 400;\">, lo que ayuda a transmitir una apariencia m\u00e1s larga, por ejemplo.<\/span><\/p>\n<p>        &nbsp;        <\/p>\n<p style=\"text-align: justify;\"><b>La forma importa<\/b><\/p>\n<p style=\"text-align: justify;\"><span style=\"font-weight: 400;\">Piensa en las \u00e1reas de tu cuerpo sobre las que m\u00e1s deseas llamar la atenci\u00f3n y aquellas que quiz\u00e1s desees ocultar un poco. \u00a1<\/span><b>El traje de ba\u00f1o adecuado puede ayudarte a lograr esos objetivos f\u00e1cilmente!<\/b><span style=\"font-weight: 400;\"> Si la parte superior de tu cuerpo es m\u00e1s ancha que tus caderas, debes llevar la atenci\u00f3n hacia abajo para establecer un efecto m\u00e1s equilibrado.<\/span><\/p>\n<p>        &nbsp;        <\/p>\n<p style=\"text-align: justify;\"><span style=\"font-weight: 400;\">Para que eso suceda f\u00e1cilmente, opta por un traje con alg\u00fan tipo de detalle llamativo en la parte inferior; los <\/span><a href=\"https:\/\/www.shoptiques.com\/products\/tie-dye-3pc-swimsuit?signalSource=linkshare&amp;utm_medium=affiliate&amp;utm_source=Fqp5SOy33II&amp;utm_campaign=Linkshare_15\"><b>trajes de ba\u00f1o con falda<\/b><\/a> <span style=\"font-weight: 400;\">son una excelente alternativa a los pantalones tradicionales cuando el objetivo es equilibrar la apariencia.<\/span><\/p>\n<p>        &nbsp;        <\/p>\n<p style=\"text-align: justify;\"><b>Parte superior del cuerpo<\/b><\/p>\n<p style=\"text-align: justify;\"><span style=\"font-weight: 400;\">La parte superior de tu cuerpo tambi\u00e9n juega un papel en la determinaci\u00f3n del traje m\u00e1s elegante y favorecedor para tu tipo de cuerpo. Si es m\u00e1s peque\u00f1o en la parte superior, elige uno con caracter\u00edsticas que <\/span><b>brinden algunas curvas adicionales<\/b><span style=\"font-weight: 400;\">, como acolchado o levantamiento. Los detalles como volantes y rayas horizontales tambi\u00e9n enga\u00f1an a la vista y dan la apariencia de un busto m\u00e1s completo.<\/span><\/p>\n<p style=\"text-align: justify;\"><span style=\"font-weight: 400;\">&nbsp;<\/span><\/p>\n<p style=\"text-align: justify;\"><span style=\"font-weight: 400;\">Te esperamos en <\/span><b>Hermosaz<\/b><span style=\"font-weight: 400;\"> con la mejor selecci\u00f3n de trajes de ba\u00f1o, \u00a1luce siempre hermosa!<\/span><\/p>\n<p style=\"text-align: center;\">Leer m\u00e1s<\/p>\n<p>    [tcb-script]        function leerMasCategoria() {            var dots = document.getElementById(&#8220;dots&#8221;);            var moreText = document.getElementById(&#8220;masTexto&#8221;);            var btnText = document.getElementById(&#8220;myBtn&#8221;);            if (dots.style.display === &#8220;none&#8221;) {                dots.style.display = &#8220;inline&#8221;;                btnText.innerHTML = &#8220;Leer m\u00e1s&#8221;;                moreText.style.display = &#8220;none&#8221;;            } else {                dots.style.display = &#8220;none&#8221;;                btnText.innerHTML = &#8220;Leer menos&#8221;;                moreText.style.display = &#8220;inline&#8221;;            }        }    [\/tcb-script]   <\/p>\n<blockquote><p><span data-sheets-userformat=\"{&quot;2&quot;:12989,&quot;3&quot;:{&quot;1&quot;:0},&quot;5&quot;:{&quot;1&quot;:[{&quot;1&quot;:2,&quot;2&quot;:0,&quot;5&quot;:{&quot;1&quot;:2,&quot;2&quot;:0}},{&quot;1&quot;:0,&quot;2&quot;:0,&quot;3&quot;:3},{&quot;1&quot;:1,&quot;2&quot;:0,&quot;4&quot;:1}]},&quot;6&quot;:{&quot;1&quot;:[{&quot;1&quot;:2,&quot;2&quot;:0,&quot;5&quot;:{&quot;1&quot;:2,&quot;2&quot;:0}},{&quot;1&quot;:0,&quot;2&quot;:0,&quot;3&quot;:3},{&quot;1&quot;:1,&quot;2&quot;:0,&quot;4&quot;:1}]},&quot;7&quot;:{&quot;1&quot;:[{&quot;1&quot;:2,&quot;2&quot;:0,&quot;5&quot;:{&quot;1&quot;:2,&quot;2&quot;:0}},{&quot;1&quot;:0,&quot;2&quot;:0,&quot;3&quot;:3},{&quot;1&quot;:1,&quot;2&quot;:0,&quot;4&quot;:1}]},&quot;8&quot;:{&quot;1&quot;:[{&quot;1&quot;:2,&quot;2&quot;:0,&quot;5&quot;:{&quot;1&quot;:2,&quot;2&quot;:0}},{&quot;1&quot;:0,&quot;2&quot;:0,&quot;3&quot;:3},{&quot;1&quot;:1,&quot;2&quot;:0,&quot;4&quot;:1}]},&quot;10&quot;:2,&quot;12&quot;:0,&quot;15&quot;:&quot;Calibri&quot;,&quot;16&quot;:11}\" data-sheets-value=\"{&quot;1&quot;:2,&quot;2&quot;:&quot;Los mejores dise\u00f1os de trajes de ba\u00f1o en un solo sitio. \u00bfLista para la playa o la piscina? Encuentra trajes de ba\u00f1o de m\u00e1s de 200 marcas en un solo sitio. En Hermosaz contamos con diversos tipos de trajes de ba\u00f1o, desde bikinis, sets de una sola pieza, shorts, dise\u00f1os m\u00e1s atrevidos y tambi\u00e9n dise\u00f1os m\u00e1s reservados para cualquier gusto. Es por eso que Hermosaz es uno de los mejores lugares para comprar trajes de ba\u00f1o en l\u00ednea. En Hermosaz tambi\u00e9n encontrar\u00e1s una variedad de talles, desde chico hasta extra grande, de acuerdo a cualquier tipo de cuerpo y tus necesidades. Compra las \u00faltimas tendencias de trajes de ba\u00f1o y bikinis en Hermosaz y adquiere tu talla adecuada. En Hermosaz contamos con m\u00e1s de 200 de las mejores marcas, as\u00ed que seguro encontrar\u00e1s un traje de ba\u00f1o perfecto para ti. No olvides agregar tu correo electr\u00f3nico a nuestro newsletter para obtener descuentos exclusivos y las \u00faltimas tendencias. Compra el traje de ba\u00f1o perfecto para ti, en Hermosaz.&quot;}\">Prep\u00e1rate para tus vacaciones con hermosaz, encuentra los mejores dise\u00f1os de trajes de ba\u00f1o y sum\u00e9rgete a la piscina con estilo. M\u00e1s de 200 marcas acompa\u00f1an tu experiencia de compras. Todo lo mejor en un mismo sitio.<\/span><\/p><\/blockquote>\n<p><a href=\"\/es\/dresses-mini\/ \"><\/p>\n<p><span data-sheets-userformat=\"{&quot;2&quot;:1325635,&quot;3&quot;:{&quot;1&quot;:0},&quot;4&quot;:{&quot;1&quot;:2,&quot;2&quot;:16777215},&quot;9&quot;:0,&quot;12&quot;:0,&quot;14&quot;:{&quot;1&quot;:2,&quot;2&quot;:0},&quot;15&quot;:&quot;Arial&quot;,&quot;16&quot;:11,&quot;21&quot;:0,&quot;23&quot;:2}\" data-sheets-value=\"{&quot;1&quot;:2,&quot;2&quot;:&quot;Cocktail&quot;}\">Vestidos Mini<\/span><\/p>\n<p><\/a><a href=\"\/es\/dresses-cocktail\/\"><\/p>\n<p style=\"\"><span data-sheets-userformat=\"{&quot;2&quot;:1325635,&quot;3&quot;:{&quot;1&quot;:0},&quot;4&quot;:{&quot;1&quot;:2,&quot;2&quot;:16777215},&quot;9&quot;:0,&quot;12&quot;:0,&quot;14&quot;:{&quot;1&quot;:2,&quot;2&quot;:0},&quot;15&quot;:&quot;Arial&quot;,&quot;16&quot;:11,&quot;21&quot;:0,&quot;23&quot;:2}\" data-sheets-value=\"{&quot;1&quot;:2,&quot;2&quot;:&quot;Cocktail&quot;}\" style=\"\">Cocktail<\/span><\/p>\n<p><\/a><a href=\"\/es\/dresses-evening-gowns\/\"><\/p>\n<p style=\"\"><span data-sheets-userformat=\"{&quot;2&quot;:1325635,&quot;3&quot;:{&quot;1&quot;:0},&quot;4&quot;:{&quot;1&quot;:2,&quot;2&quot;:16777215},&quot;9&quot;:0,&quot;12&quot;:0,&quot;14&quot;:{&quot;1&quot;:2,&quot;2&quot;:0},&quot;15&quot;:&quot;Arial&quot;,&quot;16&quot;:11,&quot;21&quot;:0,&quot;23&quot;:2}\" data-sheets-value=\"{&quot;1&quot;:2,&quot;2&quot;:&quot;Evening Gowns&quot;}\" style=\"\">Vestidos de Noche<\/span><\/p>\n<p><\/a><a href=\"\/es\/dresses-bridal\"><\/p>\n<p style=\"\"><span data-sheets-userformat=\"{&quot;2&quot;:1325639,&quot;3&quot;:{&quot;1&quot;:0},&quot;4&quot;:{&quot;1&quot;:2,&quot;2&quot;:16777215},&quot;5&quot;:{&quot;1&quot;:[{&quot;1&quot;:2,&quot;2&quot;:0,&quot;5&quot;:{&quot;1&quot;:2,&quot;2&quot;:16711680}},{&quot;1&quot;:0,&quot;2&quot;:0,&quot;3&quot;:3},{&quot;1&quot;:1,&quot;2&quot;:0,&quot;4&quot;:1}]},&quot;9&quot;:0,&quot;12&quot;:0,&quot;14&quot;:{&quot;1&quot;:2,&quot;2&quot;:0},&quot;15&quot;:&quot;Arial&quot;,&quot;16&quot;:11,&quot;21&quot;:0,&quot;23&quot;:2}\" data-sheets-value=\"{&quot;1&quot;:2,&quot;2&quot;:&quot;Bridal&quot;}\" style=\"\">Vestidos de Novia<\/span><\/p>\n<p><\/a><a href=\"\/es\/dresses-girl-boss\/\"><\/p>\n<p style=\"\"><span data-sheets-userformat=\"{&quot;2&quot;:1325635,&quot;3&quot;:{&quot;1&quot;:0},&quot;4&quot;:{&quot;1&quot;:2,&quot;2&quot;:16777215},&quot;9&quot;:0,&quot;12&quot;:0,&quot;14&quot;:{&quot;1&quot;:2,&quot;2&quot;:0},&quot;15&quot;:&quot;Arial&quot;,&quot;16&quot;:11,&quot;21&quot;:0,&quot;23&quot;:2}\" data-sheets-value=\"{&quot;1&quot;:2,&quot;2&quot;:&quot;Evening Gowns&quot;}\" style=\"\"><span data-sheets-userformat=\"{&quot;2&quot;:1325635,&quot;3&quot;:{&quot;1&quot;:0},&quot;4&quot;:{&quot;1&quot;:2,&quot;2&quot;:16777215},&quot;9&quot;:0,&quot;12&quot;:0,&quot;14&quot;:{&quot;1&quot;:2,&quot;2&quot;:0},&quot;15&quot;:&quot;Arial&quot;,&quot;16&quot;:11,&quot;21&quot;:0,&quot;23&quot;:2}\" data-sheets-value=\"{&quot;1&quot;:2,&quot;2&quot;:&quot;Girl Boss Dresses&quot;}\" style=\"\">Vestidos de Girl Boss&nbsp;<\/span><\/span><\/p>\n<p><\/a><a href=\"\/es\/holiday-dresses\/\"><\/p>\n<p style=\"\"><span data-sheets-userformat=\"{&quot;2&quot;:1325639,&quot;3&quot;:{&quot;1&quot;:0},&quot;4&quot;:{&quot;1&quot;:2,&quot;2&quot;:16777215},&quot;5&quot;:{&quot;1&quot;:[{&quot;1&quot;:2,&quot;2&quot;:0,&quot;5&quot;:{&quot;1&quot;:2,&quot;2&quot;:16711680}},{&quot;1&quot;:0,&quot;2&quot;:0,&quot;3&quot;:3},{&quot;1&quot;:1,&quot;2&quot;:0,&quot;4&quot;:1}]},&quot;9&quot;:0,&quot;12&quot;:0,&quot;14&quot;:{&quot;1&quot;:2,&quot;2&quot;:0},&quot;15&quot;:&quot;Arial&quot;,&quot;16&quot;:11,&quot;21&quot;:0,&quot;23&quot;:2}\" data-sheets-value=\"{&quot;1&quot;:2,&quot;2&quot;:&quot;Bridal&quot;}\" style=\"\">Vestidos de Fiesta<\/span><\/p>\n<p><\/a><\/p>\n<h3>Encuentra el vestido perfecto<\/h3>\n<p style=\"font-size: 16px !important;\">Desde vestidos cortos para disfrutar de una noche de chicas hasta encontrar el look de jefa perfecto. Si\u00e9ntete hermosa por dentro y por fuera.<\/p>\n","protected":false},"excerpt":{"rendered":"<p>Trajes de Ba\u00f1o listos para el verano Prep\u00e1rate para tus vacaciones acu\u00e1ticas (en la playa) &nbsp;con Hermosaz, encuentra dise\u00f1os de trajes de ba\u00f1o de las mejores marcas y sum\u00e9rgete en la piscina con estilo y glamour. Contamos con m\u00e1s de 200 marcas acompa\u00f1an tu experiencia de compras. Los mejores trajes de ba\u00f1o en un mismo &hellip; <\/p>\n<p class=\"link-more\"><a href=\"https:\/\/hermosaz.com\/es\/clothing-swimsuits\/\" class=\"more-link\">Continue reading<span class=\"screen-reader-text\"> &#8220;Clothing Swimsuits&#8221;<\/span><\/a><\/p>\n","protected":false},"author":32,"featured_media":0,"parent":0,"menu_order":0,"comment_status":"closed","ping_status":"closed","template":"","meta":{"footnotes":""},"class_list":["post-72541","page","type-page","status-publish","hentry"],"publishpress_future_action":{"enabled":false,"date":"2026-04-27 07:24:14","action":"change-status","newStatus":"draft","terms":[],"taxonomy":"translation_priority"},"publishpress_future_workflow_manual_trigger":{"enabledWorkflows":[]},"rttpg_featured_image_url":null,"rttpg_author":{"display_name":"Rosa Magana","author_link":"https:\/\/hermosaz.com\/es\/author\/rosa\/"},"rttpg_comment":0,"rttpg_category":" <a href=\"https:\/\/hermosaz.com\/es\/?taxonomy=translation_priority&#038;term=opcional\" rel=\"tag\">Opcional<\/a>","rttpg_excerpt":"Trajes de Ba\u00f1o listos para el verano Prep\u00e1rate para tus vacaciones acu\u00e1ticas (en la playa) &nbsp;con Hermosaz, encuentra dise\u00f1os de trajes de ba\u00f1o de las mejores marcas y sum\u00e9rgete en la piscina con estilo y glamour. Contamos con m\u00e1s de 200 marcas acompa\u00f1an tu experiencia de compras. Los mejores trajes de ba\u00f1o en un mismo&hellip;","_links":{"self":[{"href":"https:\/\/hermosaz.com\/es\/wp-json\/wp\/v2\/pages\/72541","targetHints":{"allow":["GET"]}}],"collection":[{"href":"https:\/\/hermosaz.com\/es\/wp-json\/wp\/v2\/pages"}],"about":[{"href":"https:\/\/hermosaz.com\/es\/wp-json\/wp\/v2\/types\/page"}],"author":[{"embeddable":true,"href":"https:\/\/hermosaz.com\/es\/wp-json\/wp\/v2\/users\/32"}],"replies":[{"embeddable":true,"href":"https:\/\/hermosaz.com\/es\/wp-json\/wp\/v2\/comments?post=72541"}],"version-history":[{"count":3,"href":"https:\/\/hermosaz.com\/es\/wp-json\/wp\/v2\/pages\/72541\/revisions"}],"predecessor-version":[{"id":109741,"href":"https:\/\/hermosaz.com\/es\/wp-json\/wp\/v2\/pages\/72541\/revisions\/109741"}],"wp:attachment":[{"href":"https:\/\/hermosaz.com\/es\/wp-json\/wp\/v2\/media?parent=72541"}],"curies":[{"name":"wp","href":"https:\/\/api.w.org\/{rel}","templated":true}]}}