{"id":72782,"date":"2020-12-05T06:17:42","date_gmt":"2020-12-05T14:17:42","guid":{"rendered":"https:\/\/hermosaz.com\/beauty-foundation\/"},"modified":"2025-02-12T10:59:21","modified_gmt":"2025-02-12T18:59:21","slug":"beauty-foundation","status":"publish","type":"page","link":"https:\/\/hermosaz.com\/es\/beauty-foundation\/","title":{"rendered":"Beauty Foundation"},"content":{"rendered":"<p><span><img decoding=\"async\" alt=\"\" data-id=\"108767\" data-init-width=\"1600\" data-init-height=\"600\" title=\"winter-13\" loading=\"lazy\" src=\"https:\/\/hermosaz.com\/wp-content\/uploads\/2025\/02\/winter-13.jpg\" data-width=\"1140\" width=\"1140\" height=\"600\"><\/span><span><img decoding=\"async\" alt=\"Foundation x Hermosaz\" data-id=\"85047\" data-init-width=\"917\" data-init-height=\"648\" title=\"Foundation x Hermosaz\" loading=\"lazy\" src=\"https:\/\/hermosaz.com\/wp-content\/uploads\/2021\/05\/BASE3.png\" data-width=\"917\" data-height=\"648\" width=\"917\" height=\"648\"><\/span><\/p>\n<h4 style=\"color: rgb(0, 0, 0) !important; --tcb-applied-color:rgb(0, 0, 0)  !important; text-align: center;\"><span data-sheets-userformat=\"{&quot;2&quot;:15357,&quot;3&quot;:{&quot;1&quot;:0},&quot;5&quot;:{&quot;1&quot;:[{&quot;1&quot;:2,&quot;2&quot;:0,&quot;5&quot;:{&quot;1&quot;:2,&quot;2&quot;:0}},{&quot;1&quot;:0,&quot;2&quot;:0,&quot;3&quot;:3},{&quot;1&quot;:1,&quot;2&quot;:0,&quot;4&quot;:1}]},&quot;6&quot;:{&quot;1&quot;:[{&quot;1&quot;:2,&quot;2&quot;:0,&quot;5&quot;:{&quot;1&quot;:2,&quot;2&quot;:0}},{&quot;1&quot;:0,&quot;2&quot;:0,&quot;3&quot;:3},{&quot;1&quot;:1,&quot;2&quot;:0,&quot;4&quot;:1}]},&quot;7&quot;:{&quot;1&quot;:[{&quot;1&quot;:2,&quot;2&quot;:0,&quot;5&quot;:{&quot;1&quot;:2,&quot;2&quot;:0}},{&quot;1&quot;:0,&quot;2&quot;:0,&quot;3&quot;:3},{&quot;1&quot;:1,&quot;2&quot;:0,&quot;4&quot;:1}]},&quot;8&quot;:{&quot;1&quot;:[{&quot;1&quot;:2,&quot;2&quot;:0,&quot;5&quot;:{&quot;1&quot;:2,&quot;2&quot;:0}},{&quot;1&quot;:0,&quot;2&quot;:0,&quot;3&quot;:3},{&quot;1&quot;:1,&quot;2&quot;:0,&quot;4&quot;:1}]},&quot;9&quot;:1,&quot;10&quot;:1,&quot;11&quot;:4,&quot;12&quot;:0,&quot;14&quot;:{&quot;1&quot;:3,&quot;3&quot;:1},&quot;15&quot;:&quot;Calibri&quot;,&quot;16&quot;:11}\" data-sheets-value=\"{&quot;1&quot;:2,&quot;2&quot;:&quot;Maquillaje de las mejores marcas, hasta tu casa&quot;}\" style=\"--tcb-applied-color:rgb(0, 0, 0)  !important;\"><span data-sheets-userformat=\"{&quot;2&quot;:15233,&quot;3&quot;:{&quot;1&quot;:0},&quot;10&quot;:1,&quot;11&quot;:4,&quot;12&quot;:0,&quot;14&quot;:{&quot;1&quot;:2,&quot;2&quot;:0},&quot;15&quot;:&quot;Calibri, sans-serif&quot;,&quot;16&quot;:11}\" data-sheets-value=\"{&quot;1&quot;:2,&quot;2&quot;:&quot;Maquillaje de las mejores marcas&quot;}\">Maquillaje de las mejores marcas<\/span><\/span><\/h4>\n<p style=\"text-align: justify;\"><span data-sheets-userformat=\"{&quot;2&quot;:15357,&quot;3&quot;:{&quot;1&quot;:0},&quot;5&quot;:{&quot;1&quot;:[{&quot;1&quot;:2,&quot;2&quot;:0,&quot;5&quot;:{&quot;1&quot;:2,&quot;2&quot;:0}},{&quot;1&quot;:0,&quot;2&quot;:0,&quot;3&quot;:3},{&quot;1&quot;:1,&quot;2&quot;:0,&quot;4&quot;:1}]},&quot;6&quot;:{&quot;1&quot;:[{&quot;1&quot;:2,&quot;2&quot;:0,&quot;5&quot;:{&quot;1&quot;:2,&quot;2&quot;:0}},{&quot;1&quot;:0,&quot;2&quot;:0,&quot;3&quot;:3},{&quot;1&quot;:1,&quot;2&quot;:0,&quot;4&quot;:1}]},&quot;7&quot;:{&quot;1&quot;:[{&quot;1&quot;:2,&quot;2&quot;:0,&quot;5&quot;:{&quot;1&quot;:2,&quot;2&quot;:0}},{&quot;1&quot;:0,&quot;2&quot;:0,&quot;3&quot;:3},{&quot;1&quot;:1,&quot;2&quot;:0,&quot;4&quot;:1}]},&quot;8&quot;:{&quot;1&quot;:[{&quot;1&quot;:2,&quot;2&quot;:0,&quot;5&quot;:{&quot;1&quot;:2,&quot;2&quot;:0}},{&quot;1&quot;:0,&quot;2&quot;:0,&quot;3&quot;:3},{&quot;1&quot;:1,&quot;2&quot;:0,&quot;4&quot;:1}]},&quot;9&quot;:1,&quot;10&quot;:1,&quot;11&quot;:4,&quot;12&quot;:0,&quot;14&quot;:{&quot;1&quot;:3,&quot;3&quot;:1},&quot;15&quot;:&quot;Calibri&quot;,&quot;16&quot;:11}\" data-sheets-value=\"{&quot;1&quot;:2,&quot;2&quot;:&quot;Maquillaje de las mejores marcas, hasta tu casa&quot;}\">Si\u00e9ntete doblemente hermosa &nbsp;Expresa tu belleza con las mejores marcas de <a href=\"https:\/\/www.macys.com\/shop\/product\/elizabeth-arden-prevage-anti-aging-foundation-spf-30-1-fl.-oz.?ID=2825669&amp;ranMID=3184&amp;ranEAID=Fqp5SOy33II&amp;ranSiteID=Fqp5SOy33II-P44A78fx1qtsaztwTATwvQ&amp;LinkshareID=Fqp5SOy33II-P44A78fx1qtsaztwTATwvQ&amp;m_sc=aff&amp;PartnerID=LINKSHARE&amp;cm_mmc=LINKSHARE-_-5-_-63-_-MP563&amp;LSNSUBSITE=PR\" style=\"outline: none;\"><span style=\"text-decoration: underline;\">maquillaje<\/span><\/a> y de la mejor calidad, que no solo cuidan tu piel, sino que le dan brillo y naturalidad. En <strong>Hermosaz<\/strong> hemos seleccionado para ti los mejores productos de belleza. <strong>\u00a1Que tu d\u00eda sea tan impecable y sensacional como tu maquillaje!<\/strong><\/span><\/p>\n<p>[tcb-script id=&#8221;hermosaz-embedder&#8221; src=&#8221;\/js\/embedder.js&#8221; data-list-id=&#8221;sitelist\/BEAUTY_MAKEUP_Foundation&#8221;][\/tcb-script]<\/p>\n<p style=\"text-align: justify;\">\n<p style=\"text-align: justify;\"><span style=\"font-weight: 400;\">El objetivo final es encontrar una base de <\/span><b>maquillaje<\/b> <span style=\"font-weight: 400;\">que se parezca a tu propia piel, solo que mejor<\/span><span style=\"font-weight: 400;\">. Pero esto puede ser dif\u00edcil de lograr cuando no se tiene la experiencia necesaria, pero tranquila, no es una decisi\u00f3n imposible de tomar. Sobre todo, cuando sabes que cualquier<\/span> <a href=\"https:\/\/www.macys.com\/shop\/product\/black-up-full-coverage-cream-foundation-1-oz.?ID=8435215&amp;ranMID=3184&amp;ranEAID=Fqp5SOy33II&amp;ranSiteID=Fqp5SOy33II-NV.ZG8mPjLrbCYiaB3dErg&amp;LinkshareID=Fqp5SOy33II-NV.ZG8mPjLrbCYiaB3dErg&amp;m_sc=aff&amp;PartnerID=LINKSHARE&amp;cm_mmc=LINKSHARE-_-5-_-63-_-MP563&amp;LSNSUBSITE=PR\"><b>base de maquillaje<\/b><\/a><span style=\"font-weight: 400;\"> que compres en nuestra tienda online es de la mejor calidad.<\/span><\/p>\n<p style=\"text-align: center;\"><span id=\"dots\">&#8230; <\/span><\/p>\n<p>            &nbsp;        <\/p>\n<h5 style=\"text-align: justify;\"><span style=\"font-weight: 400;\">\u00bfC\u00f3mo elegir una base de maquillaje?<\/span><\/h5>\n<p>        <img decoding=\"async\" src=\"https:\/\/hermosaz.com\/wp-content\/uploads\/2021\/12\/Maquillaje.jpg\" style=\"display: block; margin: auto; width: 20%;\">        <\/p>\n<ol style=\"text-align: justify;\">\n<li><b> Adapta tu sombra a la temporada actual<\/b><\/li>\n<\/ol>\n<p style=\"text-align: justify;\"><b>\u00bfSab\u00edas que no podr\u00e1s<\/b><b> ce\u00f1irte<\/b><b> a un tono de base durante todo el a\u00f1o?<\/b><span style=\"font-weight: 400;\"> Nuestra piel tiende a calentarse en la primavera-verano mientras estamos m\u00e1s activos al aire libre y bajo la luz solar directa. Incluso si usas bloqueador solar todos los d\u00edas, el tono se calienta&nbsp; y cambia.<\/span><\/p>\n<p>        &nbsp;        <\/p>\n<ol style=\"text-align: justify;\" start=\"2\">\n<li><b> No te olvides de los matices de tu piel<\/b><\/li>\n<\/ol>\n<p style=\"text-align: justify;\"><span style=\"font-weight: 400;\">A menos que quieras corregir el color, <\/span><b>no luches contra los matices naturales de tu piel<\/b><span style=\"font-weight: 400;\">. Si tienes una tez c\u00e1lida, elige un tono de <\/span><a href=\"https:\/\/www.bloomingdales.com\/shop\/product\/clarins-everlasting-foundation?ID=462564&amp;utm_source=rakuten&amp;utm_medium=affiliate&amp;utm_campaign=affiliates&amp;ranMID=13867&amp;ranEAID=Fqp5SOy33II&amp;ranSiteID=Fqp5SOy33II-s1sPOp_qP3NBi29cTQvg9w&amp;LinkshareID=Fqp5SOy33II-s1sPOp_qP3NBi29cTQvg9w&amp;m_sc=aff&amp;PartnerID=LINKSHARE&amp;cm_mmc=LINKSHARE-_-n-_-n-_-n&amp;ranPublisherID=Fqp5SOy33II&amp;ranLinkID=3380814071906&amp;ranLinkTypeID=15&amp;pubNAME=hermosaz\"><b>maquillaje<\/b><\/a><span style=\"font-weight: 400;\"> que tenga matices amarillos, y si tu tez es fr\u00eda, una base con matices rosados es tu mejor opci\u00f3n.<\/span><\/p>\n<p>        &nbsp;        <\/p>\n<ol style=\"text-align: justify;\" start=\"3\">\n<li><b> Encuentra tu sombra perfecta<\/b><\/li>\n<\/ol>\n<p style=\"text-align: justify;\"><span style=\"font-weight: 400;\">Claro, hay mucho espacio para mostrar las bases en tu antebrazo, pero la piel de esta parte de tu cuerpo es mucho m\u00e1s oscura que tu cara. Esto no tiene que ser una coincidencia exacta, pero quiz\u00e1s un poco m\u00e1s claro porque el color va a cambiar a lo largo del d\u00eda.<\/span><\/p>\n<p>        &nbsp;        <\/p>\n<p style=\"text-align: center;\"><span style=\"font-weight: 400;\">Enviamos a domicilio a todo el pa\u00eds, \u00a1pide ya tus productos de maquillaje!<\/span><\/p>\n<p>        &nbsp;        <\/p>\n<ol style=\"text-align: justify;\" start=\"4\">\n<li><b> Considera tu tipo de piel<\/b><\/li>\n<\/ol>\n<p style=\"text-align: justify;\"><span style=\"font-weight: 400;\">\u00bfMate o brilloso? Esa es la pregunta que debes hacerte antes de cambiar los tonos de base. Y t\u00fa tipo de piel es un factor importante a la hora de elegir los acabados. Las bases de roc\u00edo tienden a funcionar mejor en tipos de piel normal a seca. Demasiado brillo en este tipo de piel se ve a\u00fan m\u00e1s grasoso y no es una buena sensaci\u00f3n en el rostro.<\/span><\/p>\n<p>        &nbsp;        <\/p>\n<ol style=\"text-align: justify;\" start=\"5\">\n<li><b> Conoce qu\u00e9 nivel de cobertura necesitas<\/b><\/li>\n<\/ol>\n<p style=\"text-align: justify;\"><span style=\"font-weight: 400;\">Si odias usar maquillaje, pensar\u00e1s que una base de cobertura completa se siente pesada. Es por eso que comprender el aspecto de cada nivel de cobertura es la clave para elegir el m\u00e1s adecuado para sus necesidades.<\/span><\/p>\n<p>        &nbsp;        <\/p>\n<h5 style=\"text-align: justify;\"><span style=\"font-weight: 400;\">\u00bfD\u00f3nde comprar maquillaje online?<\/span><\/h5>\n<p style=\"text-align: justify;\"><b>Hermosaz <\/b><span style=\"font-weight: 400;\">tiene los mejores productos de <\/span><a href=\"https:\/\/hermosaz.com\/es\/beauty-foundation\/\"><b>base para maquillaje para mujeres en l\u00ednea<\/b><\/a><span style=\"font-weight: 400;\">, con un protector UVA \/ UVB de amplia gama natural <\/span><a href=\"https:\/\/www.neimanmarcus.com\/en-mx\/p\/bobbi-brown-skin-foundation-spf-15-prod232850159?ecid=NMAF__hermosaz&amp;CS_003=5630585&amp;utm_medium=affiliate&amp;utm_source=NMAF__hermosaz\"><b>SPF 15<\/b><\/a><span style=\"font-weight: 400;\">. <\/span><b>\u00a1Pide tus productos y rec\u00edbelos en casa!<\/b><\/p>\n<p style=\"text-align: center;\">Leer m\u00e1s<\/p>\n<p>    [tcb-script]        function leerMasCategoria() {            var dots = document.getElementById(&#8220;dots&#8221;);            var moreText = document.getElementById(&#8220;masTexto&#8221;);            var btnText = document.getElementById(&#8220;myBtn&#8221;);            if (dots.style.display === &#8220;none&#8221;) {                dots.style.display = &#8220;inline&#8221;;                btnText.innerHTML = &#8220;Leer m\u00e1s&#8221;;                moreText.style.display = &#8220;none&#8221;;            } else {                dots.style.display = &#8220;none&#8221;;                btnText.innerHTML = &#8220;Leer menos&#8221;;                moreText.style.display = &#8220;inline&#8221;;            }        }    [\/tcb-script]   <\/p>\n<p dir=\"ltr\">\u00a1Que tu d\u00eda sea tan impecable y sensacional como tu maquillaje!<\/p>\n<p dir=\"ltr\">Si\u00e9ntete el doblemente hermosa con las mejores marcas de maquillaje y de la mejor calidad, cuidando tu piel y tu brillo Hermosaz ha seleccionado para ti los mejores productos, todo desde tu sitio web favorito.<\/p>\n<p dir=\"ltr\">&nbsp;Hermosaz ha sido la mejor base para mujeres en l\u00ednea, con un protector UVA \/ UVB de amplia gama natural SPF 15.<\/p>\n<p><a href=\"\/es\/dresses-mini\/ \"><\/p>\n<p><span data-sheets-userformat=\"{&quot;2&quot;:1325635,&quot;3&quot;:{&quot;1&quot;:0},&quot;4&quot;:{&quot;1&quot;:2,&quot;2&quot;:16777215},&quot;9&quot;:0,&quot;12&quot;:0,&quot;14&quot;:{&quot;1&quot;:2,&quot;2&quot;:0},&quot;15&quot;:&quot;Arial&quot;,&quot;16&quot;:11,&quot;21&quot;:0,&quot;23&quot;:2}\" data-sheets-value=\"{&quot;1&quot;:2,&quot;2&quot;:&quot;Cocktail&quot;}\">Vestidos Mini<\/span><\/p>\n<p><\/a><a href=\"\/es\/dresses-cocktail\/\"><\/p>\n<p style=\"\"><span data-sheets-userformat=\"{&quot;2&quot;:1325635,&quot;3&quot;:{&quot;1&quot;:0},&quot;4&quot;:{&quot;1&quot;:2,&quot;2&quot;:16777215},&quot;9&quot;:0,&quot;12&quot;:0,&quot;14&quot;:{&quot;1&quot;:2,&quot;2&quot;:0},&quot;15&quot;:&quot;Arial&quot;,&quot;16&quot;:11,&quot;21&quot;:0,&quot;23&quot;:2}\" data-sheets-value=\"{&quot;1&quot;:2,&quot;2&quot;:&quot;Cocktail&quot;}\" style=\"\">Cocktail<\/span><\/p>\n<p><\/a><a href=\"\/es\/dresses-evening-gowns\/\"><\/p>\n<p style=\"\"><span data-sheets-userformat=\"{&quot;2&quot;:1325635,&quot;3&quot;:{&quot;1&quot;:0},&quot;4&quot;:{&quot;1&quot;:2,&quot;2&quot;:16777215},&quot;9&quot;:0,&quot;12&quot;:0,&quot;14&quot;:{&quot;1&quot;:2,&quot;2&quot;:0},&quot;15&quot;:&quot;Arial&quot;,&quot;16&quot;:11,&quot;21&quot;:0,&quot;23&quot;:2}\" data-sheets-value=\"{&quot;1&quot;:2,&quot;2&quot;:&quot;Evening Gowns&quot;}\" style=\"\">Vestidos de Noche<\/span><\/p>\n<p><\/a><a href=\"\/es\/dresses-bridal\"><\/p>\n<p style=\"\"><span data-sheets-userformat=\"{&quot;2&quot;:1325639,&quot;3&quot;:{&quot;1&quot;:0},&quot;4&quot;:{&quot;1&quot;:2,&quot;2&quot;:16777215},&quot;5&quot;:{&quot;1&quot;:[{&quot;1&quot;:2,&quot;2&quot;:0,&quot;5&quot;:{&quot;1&quot;:2,&quot;2&quot;:16711680}},{&quot;1&quot;:0,&quot;2&quot;:0,&quot;3&quot;:3},{&quot;1&quot;:1,&quot;2&quot;:0,&quot;4&quot;:1}]},&quot;9&quot;:0,&quot;12&quot;:0,&quot;14&quot;:{&quot;1&quot;:2,&quot;2&quot;:0},&quot;15&quot;:&quot;Arial&quot;,&quot;16&quot;:11,&quot;21&quot;:0,&quot;23&quot;:2}\" data-sheets-value=\"{&quot;1&quot;:2,&quot;2&quot;:&quot;Bridal&quot;}\" style=\"\">Vestidos de Novia<\/span><\/p>\n<p><\/a><a href=\"\/es\/dresses-girl-boss\/\"><\/p>\n<p style=\"\"><span data-sheets-userformat=\"{&quot;2&quot;:1325635,&quot;3&quot;:{&quot;1&quot;:0},&quot;4&quot;:{&quot;1&quot;:2,&quot;2&quot;:16777215},&quot;9&quot;:0,&quot;12&quot;:0,&quot;14&quot;:{&quot;1&quot;:2,&quot;2&quot;:0},&quot;15&quot;:&quot;Arial&quot;,&quot;16&quot;:11,&quot;21&quot;:0,&quot;23&quot;:2}\" data-sheets-value=\"{&quot;1&quot;:2,&quot;2&quot;:&quot;Evening Gowns&quot;}\" style=\"\"><span data-sheets-userformat=\"{&quot;2&quot;:1325635,&quot;3&quot;:{&quot;1&quot;:0},&quot;4&quot;:{&quot;1&quot;:2,&quot;2&quot;:16777215},&quot;9&quot;:0,&quot;12&quot;:0,&quot;14&quot;:{&quot;1&quot;:2,&quot;2&quot;:0},&quot;15&quot;:&quot;Arial&quot;,&quot;16&quot;:11,&quot;21&quot;:0,&quot;23&quot;:2}\" data-sheets-value=\"{&quot;1&quot;:2,&quot;2&quot;:&quot;Girl Boss Dresses&quot;}\" style=\"\">Vestidos de Girl Boss&nbsp;<\/span><\/span><\/p>\n<p><\/a><a href=\"\/es\/holiday-dresses\/\"><\/p>\n<p style=\"\"><span data-sheets-userformat=\"{&quot;2&quot;:1325639,&quot;3&quot;:{&quot;1&quot;:0},&quot;4&quot;:{&quot;1&quot;:2,&quot;2&quot;:16777215},&quot;5&quot;:{&quot;1&quot;:[{&quot;1&quot;:2,&quot;2&quot;:0,&quot;5&quot;:{&quot;1&quot;:2,&quot;2&quot;:16711680}},{&quot;1&quot;:0,&quot;2&quot;:0,&quot;3&quot;:3},{&quot;1&quot;:1,&quot;2&quot;:0,&quot;4&quot;:1}]},&quot;9&quot;:0,&quot;12&quot;:0,&quot;14&quot;:{&quot;1&quot;:2,&quot;2&quot;:0},&quot;15&quot;:&quot;Arial&quot;,&quot;16&quot;:11,&quot;21&quot;:0,&quot;23&quot;:2}\" data-sheets-value=\"{&quot;1&quot;:2,&quot;2&quot;:&quot;Bridal&quot;}\" style=\"\">Vestidos de Fiesta<\/span><\/p>\n<p><\/a><\/p>\n<h3>Encuentra el vestido perfecto<\/h3>\n<p style=\"font-size: 16px !important;\">Desde vestidos cortos para disfrutar de una noche de chicas hasta encontrar el look de jefa perfecto. Si\u00e9ntete hermosa por dentro y por fuera.<\/p>\n","protected":false},"excerpt":{"rendered":"<p>Maquillaje de las mejores marcas Si\u00e9ntete doblemente hermosa &nbsp;Expresa tu belleza con las mejores marcas de maquillaje y de la mejor calidad, que no solo cuidan tu piel, sino que le dan brillo y naturalidad. En Hermosaz hemos seleccionado para ti los mejores productos de belleza. \u00a1Que tu d\u00eda sea tan impecable y sensacional como &hellip; <\/p>\n<p class=\"link-more\"><a href=\"https:\/\/hermosaz.com\/es\/beauty-foundation\/\" class=\"more-link\">Continue reading<span class=\"screen-reader-text\"> &#8220;Beauty Foundation&#8221;<\/span><\/a><\/p>\n","protected":false},"author":32,"featured_media":0,"parent":0,"menu_order":0,"comment_status":"closed","ping_status":"closed","template":"","meta":{"footnotes":""},"class_list":["post-72782","page","type-page","status-publish","hentry"],"publishpress_future_action":{"enabled":false,"date":"2026-05-06 00:21:14","action":"change-status","newStatus":"draft","terms":[],"taxonomy":"translation_priority"},"publishpress_future_workflow_manual_trigger":{"enabledWorkflows":[]},"rttpg_featured_image_url":null,"rttpg_author":{"display_name":"Rosa Magana","author_link":"https:\/\/hermosaz.com\/es\/author\/rosa\/"},"rttpg_comment":0,"rttpg_category":" <a href=\"https:\/\/hermosaz.com\/es\/?taxonomy=translation_priority&#038;term=opcional\" rel=\"tag\">Opcional<\/a>","rttpg_excerpt":"Maquillaje de las mejores marcas Si\u00e9ntete doblemente hermosa &nbsp;Expresa tu belleza con las mejores marcas de maquillaje y de la mejor calidad, que no solo cuidan tu piel, sino que le dan brillo y naturalidad. En Hermosaz hemos seleccionado para ti los mejores productos de belleza. \u00a1Que tu d\u00eda sea tan impecable y sensacional como&hellip;","_links":{"self":[{"href":"https:\/\/hermosaz.com\/es\/wp-json\/wp\/v2\/pages\/72782","targetHints":{"allow":["GET"]}}],"collection":[{"href":"https:\/\/hermosaz.com\/es\/wp-json\/wp\/v2\/pages"}],"about":[{"href":"https:\/\/hermosaz.com\/es\/wp-json\/wp\/v2\/types\/page"}],"author":[{"embeddable":true,"href":"https:\/\/hermosaz.com\/es\/wp-json\/wp\/v2\/users\/32"}],"replies":[{"embeddable":true,"href":"https:\/\/hermosaz.com\/es\/wp-json\/wp\/v2\/comments?post=72782"}],"version-history":[{"count":2,"href":"https:\/\/hermosaz.com\/es\/wp-json\/wp\/v2\/pages\/72782\/revisions"}],"predecessor-version":[{"id":108771,"href":"https:\/\/hermosaz.com\/es\/wp-json\/wp\/v2\/pages\/72782\/revisions\/108771"}],"wp:attachment":[{"href":"https:\/\/hermosaz.com\/es\/wp-json\/wp\/v2\/media?parent=72782"}],"curies":[{"name":"wp","href":"https:\/\/api.w.org\/{rel}","templated":true}]}}