{"id":73399,"date":"2020-12-07T23:58:07","date_gmt":"2020-12-08T07:58:07","guid":{"rendered":"https:\/\/hermosaz.com\/?page_id=73399"},"modified":"2025-03-19T10:34:51","modified_gmt":"2025-03-19T17:34:51","slug":"clothing-jeans","status":"publish","type":"page","link":"https:\/\/hermosaz.com\/es\/clothing-jeans\/","title":{"rendered":"Clothing Jeans"},"content":{"rendered":"<p><span><img decoding=\"async\" alt=\"\" data-id=\"109732\" width=\"2580\" data-init-width=\"1600\" height=\"600\" data-init-height=\"600\" title=\"NEW IN-7\" loading=\"lazy\" src=\"https:\/\/hermosaz.com\/wp-content\/uploads\/2025\/03\/NEW-IN-7.jpg\" data-width=\"2580\"><\/span><span><img decoding=\"async\" alt=\"Jeans x Hermosaz\" data-id=\"85111\" width=\"917\" data-init-width=\"917\" height=\"648\" data-init-height=\"648\" title=\"Jeans x Hermosaz\" loading=\"lazy\" src=\"https:\/\/hermosaz.com\/wp-content\/uploads\/2021\/05\/JEANS-1.png\" data-width=\"917\" data-height=\"648\"><\/span><\/p>\n<h2 style=\"text-align: center;\"><span data-sheets-userformat=\"{&quot;2&quot;:11201,&quot;3&quot;:{&quot;1&quot;:0,&quot;3&quot;:1},&quot;9&quot;:0,&quot;10&quot;:1,&quot;11&quot;:4,&quot;12&quot;:0,&quot;14&quot;:{&quot;1&quot;:3,&quot;3&quot;:1},&quot;16&quot;:12}\" data-sheets-value=\"{&quot;1&quot;:2,&quot;2&quot;:&quot;Pantalones de mezclilla de todas las marcas&quot;}\" style=\"\"><span data-sheets-userformat=\"{&quot;2&quot;:11201,&quot;3&quot;:{&quot;1&quot;:0,&quot;3&quot;:1},&quot;9&quot;:0,&quot;10&quot;:1,&quot;11&quot;:4,&quot;12&quot;:0,&quot;14&quot;:{&quot;1&quot;:3,&quot;3&quot;:1},&quot;16&quot;:12}\" data-sheets-value=\"{&quot;1&quot;:2,&quot;2&quot;:&quot;Chamarras con mucho estilo para este invierno&quot;}\">Chamarras con mucho estilo para este invierno<\/span><\/span><\/h2>\n<p>[tcb-script id=&#8221;hermosaz-embedder&#8221; src=&#8221;\/js\/embedder.js&#8221; data-list-id=&#8221;sitelist\/CLOTHING_ALL_Jeans&#8221;][\/tcb-script]   <\/p>\n<blockquote><p>Te ofrece una l\u00ednea de Pantalones para Dama donde encontrar\u00e1s variedad de modelos para cada Outfit que puedas crear! Visita nuestro sitio web y ah\u00ed encontrar\u00e1s tu modelo ideal al mejor precio, siempre contando con variedad de tallas y marcas.<\/p><\/blockquote>\n<p><a href=\"\/es\/dresses-mini\/ \"><\/p>\n<p><span data-sheets-userformat=\"{&quot;2&quot;:1325635,&quot;3&quot;:{&quot;1&quot;:0},&quot;4&quot;:{&quot;1&quot;:2,&quot;2&quot;:16777215},&quot;9&quot;:0,&quot;12&quot;:0,&quot;14&quot;:{&quot;1&quot;:2,&quot;2&quot;:0},&quot;15&quot;:&quot;Arial&quot;,&quot;16&quot;:11,&quot;21&quot;:0,&quot;23&quot;:2}\" data-sheets-value=\"{&quot;1&quot;:2,&quot;2&quot;:&quot;Cocktail&quot;}\">Vestidos Mini<\/span><\/p>\n<p><\/a><a href=\"\/es\/dresses-cocktail\/\"><\/p>\n<p style=\"\"><span data-sheets-userformat=\"{&quot;2&quot;:1325635,&quot;3&quot;:{&quot;1&quot;:0},&quot;4&quot;:{&quot;1&quot;:2,&quot;2&quot;:16777215},&quot;9&quot;:0,&quot;12&quot;:0,&quot;14&quot;:{&quot;1&quot;:2,&quot;2&quot;:0},&quot;15&quot;:&quot;Arial&quot;,&quot;16&quot;:11,&quot;21&quot;:0,&quot;23&quot;:2}\" data-sheets-value=\"{&quot;1&quot;:2,&quot;2&quot;:&quot;Cocktail&quot;}\" style=\"\">Cocktail<\/span><\/p>\n<p><\/a><a href=\"https:\/\/hermosaz.com\/es\/dresses-evening-gowns\/\"><\/p>\n<p style=\"\"><span data-sheets-userformat=\"{&quot;2&quot;:1325635,&quot;3&quot;:{&quot;1&quot;:0},&quot;4&quot;:{&quot;1&quot;:2,&quot;2&quot;:16777215},&quot;9&quot;:0,&quot;12&quot;:0,&quot;14&quot;:{&quot;1&quot;:2,&quot;2&quot;:0},&quot;15&quot;:&quot;Arial&quot;,&quot;16&quot;:11,&quot;21&quot;:0,&quot;23&quot;:2}\" data-sheets-value=\"{&quot;1&quot;:2,&quot;2&quot;:&quot;Evening Gowns&quot;}\" style=\"\">Vestidos de Noche<\/span><\/p>\n<p><\/a><a href=\"https:\/\/hermosaz.com\/es\/dresses-bridal\/\"><\/p>\n<p style=\"\"><span data-sheets-userformat=\"{&quot;2&quot;:1325639,&quot;3&quot;:{&quot;1&quot;:0},&quot;4&quot;:{&quot;1&quot;:2,&quot;2&quot;:16777215},&quot;5&quot;:{&quot;1&quot;:[{&quot;1&quot;:2,&quot;2&quot;:0,&quot;5&quot;:{&quot;1&quot;:2,&quot;2&quot;:16711680}},{&quot;1&quot;:0,&quot;2&quot;:0,&quot;3&quot;:3},{&quot;1&quot;:1,&quot;2&quot;:0,&quot;4&quot;:1}]},&quot;9&quot;:0,&quot;12&quot;:0,&quot;14&quot;:{&quot;1&quot;:2,&quot;2&quot;:0},&quot;15&quot;:&quot;Arial&quot;,&quot;16&quot;:11,&quot;21&quot;:0,&quot;23&quot;:2}\" data-sheets-value=\"{&quot;1&quot;:2,&quot;2&quot;:&quot;Bridal&quot;}\" style=\"\">Vestidos de Novia<\/span><\/p>\n<p><\/a><a href=\"https:\/\/hermosaz.com\/es\/dresses-girl-boss\/\"><\/p>\n<p style=\"\"><span data-sheets-userformat=\"{&quot;2&quot;:1325635,&quot;3&quot;:{&quot;1&quot;:0},&quot;4&quot;:{&quot;1&quot;:2,&quot;2&quot;:16777215},&quot;9&quot;:0,&quot;12&quot;:0,&quot;14&quot;:{&quot;1&quot;:2,&quot;2&quot;:0},&quot;15&quot;:&quot;Arial&quot;,&quot;16&quot;:11,&quot;21&quot;:0,&quot;23&quot;:2}\" data-sheets-value=\"{&quot;1&quot;:2,&quot;2&quot;:&quot;Evening Gowns&quot;}\" style=\"\"><span data-sheets-userformat=\"{&quot;2&quot;:1325635,&quot;3&quot;:{&quot;1&quot;:0},&quot;4&quot;:{&quot;1&quot;:2,&quot;2&quot;:16777215},&quot;9&quot;:0,&quot;12&quot;:0,&quot;14&quot;:{&quot;1&quot;:2,&quot;2&quot;:0},&quot;15&quot;:&quot;Arial&quot;,&quot;16&quot;:11,&quot;21&quot;:0,&quot;23&quot;:2}\" data-sheets-value=\"{&quot;1&quot;:2,&quot;2&quot;:&quot;Girl Boss Dresses&quot;}\" style=\"\">Vestidos de Girl Boss&nbsp;<\/span><\/span><\/p>\n<p><\/a><a href=\"https:\/\/hermosaz.com\/es\/holiday-dresses\/\"><\/p>\n<p style=\"\"><span data-sheets-userformat=\"{&quot;2&quot;:1325639,&quot;3&quot;:{&quot;1&quot;:0},&quot;4&quot;:{&quot;1&quot;:2,&quot;2&quot;:16777215},&quot;5&quot;:{&quot;1&quot;:[{&quot;1&quot;:2,&quot;2&quot;:0,&quot;5&quot;:{&quot;1&quot;:2,&quot;2&quot;:16711680}},{&quot;1&quot;:0,&quot;2&quot;:0,&quot;3&quot;:3},{&quot;1&quot;:1,&quot;2&quot;:0,&quot;4&quot;:1}]},&quot;9&quot;:0,&quot;12&quot;:0,&quot;14&quot;:{&quot;1&quot;:2,&quot;2&quot;:0},&quot;15&quot;:&quot;Arial&quot;,&quot;16&quot;:11,&quot;21&quot;:0,&quot;23&quot;:2}\" data-sheets-value=\"{&quot;1&quot;:2,&quot;2&quot;:&quot;Bridal&quot;}\" style=\"\">Vestidos de Fiesta<\/span><\/p>\n<p><\/a><\/p>\n<h3>Encuentra el vestido perfecto<\/h3>\n<p style=\"font-size: 16px !important;\">Desde vestidos cortos para disfrutar de una noche de chicas hasta encontrar el look de jefa perfecto. Si\u00e9ntete hermosa por dentro y por fuera.<\/p>\n","protected":false},"excerpt":{"rendered":"<p>Chamarras con mucho estilo para este invierno [tcb-script id=&#8221;hermosaz-embedder&#8221; src=&#8221;\/js\/embedder.js&#8221; data-list-id=&#8221;sitelist\/CLOTHING_ALL_Jeans&#8221;][\/tcb-script] Te ofrece una l\u00ednea de Pantalones para Dama donde encontrar\u00e1s variedad de modelos para cada Outfit que puedas crear! Visita nuestro sitio web y ah\u00ed encontrar\u00e1s tu modelo ideal al mejor precio, siempre contando con variedad de tallas y marcas. Vestidos Mini Cocktail Vestidos &hellip; <\/p>\n<p class=\"link-more\"><a href=\"https:\/\/hermosaz.com\/es\/clothing-jeans\/\" class=\"more-link\">Continue reading<span class=\"screen-reader-text\"> &#8220;Clothing Jeans&#8221;<\/span><\/a><\/p>\n","protected":false},"author":29,"featured_media":0,"parent":0,"menu_order":0,"comment_status":"closed","ping_status":"closed","template":"","meta":{"footnotes":""},"class_list":["post-73399","page","type-page","status-publish","hentry"],"publishpress_future_action":{"enabled":false,"date":"2026-04-24 00:24:56","action":"change-status","newStatus":"draft","terms":[],"taxonomy":"translation_priority"},"publishpress_future_workflow_manual_trigger":{"enabledWorkflows":[]},"rttpg_featured_image_url":null,"rttpg_author":{"display_name":"thrd admin","author_link":"https:\/\/hermosaz.com\/es\/author\/thrdadmin\/"},"rttpg_comment":0,"rttpg_category":" <a href=\"https:\/\/hermosaz.com\/es\/?taxonomy=translation_priority&#038;term=opcional\" rel=\"tag\">Opcional<\/a>","rttpg_excerpt":"Chamarras con mucho estilo para este invierno [tcb-script id=&#8221;hermosaz-embedder&#8221; src=&#8221;\/js\/embedder.js&#8221; data-list-id=&#8221;sitelist\/CLOTHING_ALL_Jeans&#8221;][\/tcb-script] Te ofrece una l\u00ednea de Pantalones para Dama donde encontrar\u00e1s variedad de modelos para cada Outfit que puedas crear! Visita nuestro sitio web y ah\u00ed encontrar\u00e1s tu modelo ideal al mejor precio, siempre contando con variedad de tallas y marcas. Vestidos Mini Cocktail Vestidos&hellip;","_links":{"self":[{"href":"https:\/\/hermosaz.com\/es\/wp-json\/wp\/v2\/pages\/73399","targetHints":{"allow":["GET"]}}],"collection":[{"href":"https:\/\/hermosaz.com\/es\/wp-json\/wp\/v2\/pages"}],"about":[{"href":"https:\/\/hermosaz.com\/es\/wp-json\/wp\/v2\/types\/page"}],"author":[{"embeddable":true,"href":"https:\/\/hermosaz.com\/es\/wp-json\/wp\/v2\/users\/29"}],"replies":[{"embeddable":true,"href":"https:\/\/hermosaz.com\/es\/wp-json\/wp\/v2\/comments?post=73399"}],"version-history":[{"count":2,"href":"https:\/\/hermosaz.com\/es\/wp-json\/wp\/v2\/pages\/73399\/revisions"}],"predecessor-version":[{"id":109734,"href":"https:\/\/hermosaz.com\/es\/wp-json\/wp\/v2\/pages\/73399\/revisions\/109734"}],"wp:attachment":[{"href":"https:\/\/hermosaz.com\/es\/wp-json\/wp\/v2\/media?parent=73399"}],"curies":[{"name":"wp","href":"https:\/\/api.w.org\/{rel}","templated":true}]}}