{"id":74865,"date":"2020-12-06T11:33:53","date_gmt":"2020-12-06T19:33:53","guid":{"rendered":"https:\/\/hermosaz.com\/shoes-booties\/"},"modified":"2022-09-06T07:35:30","modified_gmt":"2022-09-06T14:35:30","slug":"shoes-booties","status":"publish","type":"page","link":"https:\/\/hermosaz.com\/es\/shoes-booties\/","title":{"rendered":"Shoes Booties"},"content":{"rendered":"<p><span><img decoding=\"async\" alt=\"hermosaz\" data-id=\"103672\" data-init-width=\"2050\" data-init-height=\"600\" title=\"hermosaz\" loading=\"lazy\" src=\"https:\/\/hermosaz.com\/wp-content\/uploads\/2022\/09\/106.jpg\" data-width=\"2348\" data-height=\"688\" width=\"2348\" height=\"688\"><\/span><span><img decoding=\"async\" alt=\"Botines x Hermosaz\" data-id=\"86336\" data-init-width=\"917\" data-init-height=\"648\" title=\"75\" loading=\"lazy\" src=\"https:\/\/hermosaz.com\/wp-content\/uploads\/2021\/05\/75-1.png\" data-width=\"917\" data-height=\"648\" width=\"917\" height=\"648\"><\/span>[tcb-script id=&#8221;hermosaz-embedder&#8221; src=&#8221;\/js\/embedder.js&#8221; data-list-id=&#8221;sitelist\/SHOES_STYLE_Booties&#8221;][\/tcb-script]   <\/p>\n<p dir=\"ltr\">Tendencia, estilo, calidad y comodidad en un solo art\u00edculo. Hermosaz te muestra la selecci\u00f3n de botines m\u00e1s populares para que siempre est\u00e9s c\u00f3moda y a la moda, encontrar\u00e1s en nuestra colecci\u00f3n distintos estilos, listos para llegar a la puerta de tu casa, sin importar la ocasi\u00f3n siempre resaltaras con estos botines.<\/p>\n<p><a href=\"\/es\/dresses-mini\/ \"><\/p>\n<p><span data-sheets-userformat=\"{&quot;2&quot;:1325635,&quot;3&quot;:{&quot;1&quot;:0},&quot;4&quot;:{&quot;1&quot;:2,&quot;2&quot;:16777215},&quot;9&quot;:0,&quot;12&quot;:0,&quot;14&quot;:{&quot;1&quot;:2,&quot;2&quot;:0},&quot;15&quot;:&quot;Arial&quot;,&quot;16&quot;:11,&quot;21&quot;:0,&quot;23&quot;:2}\" data-sheets-value=\"{&quot;1&quot;:2,&quot;2&quot;:&quot;Cocktail&quot;}\">Vestidos Mini<\/span><\/p>\n<p><\/a><a href=\"\/es\/dresses-cocktail\/\"><\/p>\n<p style=\"\"><span data-sheets-userformat=\"{&quot;2&quot;:1325635,&quot;3&quot;:{&quot;1&quot;:0},&quot;4&quot;:{&quot;1&quot;:2,&quot;2&quot;:16777215},&quot;9&quot;:0,&quot;12&quot;:0,&quot;14&quot;:{&quot;1&quot;:2,&quot;2&quot;:0},&quot;15&quot;:&quot;Arial&quot;,&quot;16&quot;:11,&quot;21&quot;:0,&quot;23&quot;:2}\" data-sheets-value=\"{&quot;1&quot;:2,&quot;2&quot;:&quot;Cocktail&quot;}\" style=\"\">Cocktail<\/span><\/p>\n<p><\/a><a href=\"\/es\/dresses-evening-gowns\/\"><\/p>\n<p style=\"\"><span data-sheets-userformat=\"{&quot;2&quot;:1325635,&quot;3&quot;:{&quot;1&quot;:0},&quot;4&quot;:{&quot;1&quot;:2,&quot;2&quot;:16777215},&quot;9&quot;:0,&quot;12&quot;:0,&quot;14&quot;:{&quot;1&quot;:2,&quot;2&quot;:0},&quot;15&quot;:&quot;Arial&quot;,&quot;16&quot;:11,&quot;21&quot;:0,&quot;23&quot;:2}\" data-sheets-value=\"{&quot;1&quot;:2,&quot;2&quot;:&quot;Evening Gowns&quot;}\" style=\"\">vestidos de noche<\/span><\/p>\n<p><\/a><a href=\"\/es\/dresses-bridal\"><\/p>\n<p style=\"\"><span data-sheets-userformat=\"{&quot;2&quot;:1325639,&quot;3&quot;:{&quot;1&quot;:0},&quot;4&quot;:{&quot;1&quot;:2,&quot;2&quot;:16777215},&quot;5&quot;:{&quot;1&quot;:[{&quot;1&quot;:2,&quot;2&quot;:0,&quot;5&quot;:{&quot;1&quot;:2,&quot;2&quot;:16711680}},{&quot;1&quot;:0,&quot;2&quot;:0,&quot;3&quot;:3},{&quot;1&quot;:1,&quot;2&quot;:0,&quot;4&quot;:1}]},&quot;9&quot;:0,&quot;12&quot;:0,&quot;14&quot;:{&quot;1&quot;:2,&quot;2&quot;:0},&quot;15&quot;:&quot;Arial&quot;,&quot;16&quot;:11,&quot;21&quot;:0,&quot;23&quot;:2}\" data-sheets-value=\"{&quot;1&quot;:2,&quot;2&quot;:&quot;Bridal&quot;}\" style=\"\">vestidos de novia<\/span><\/p>\n<p><\/a><a href=\"\/es\/dresses-girl-boss\/\"><\/p>\n<p style=\"\"><span data-sheets-userformat=\"{&quot;2&quot;:1325635,&quot;3&quot;:{&quot;1&quot;:0},&quot;4&quot;:{&quot;1&quot;:2,&quot;2&quot;:16777215},&quot;9&quot;:0,&quot;12&quot;:0,&quot;14&quot;:{&quot;1&quot;:2,&quot;2&quot;:0},&quot;15&quot;:&quot;Arial&quot;,&quot;16&quot;:11,&quot;21&quot;:0,&quot;23&quot;:2}\" data-sheets-value=\"{&quot;1&quot;:2,&quot;2&quot;:&quot;Evening Gowns&quot;}\" style=\"\"><span data-sheets-userformat=\"{&quot;2&quot;:1325635,&quot;3&quot;:{&quot;1&quot;:0},&quot;4&quot;:{&quot;1&quot;:2,&quot;2&quot;:16777215},&quot;9&quot;:0,&quot;12&quot;:0,&quot;14&quot;:{&quot;1&quot;:2,&quot;2&quot;:0},&quot;15&quot;:&quot;Arial&quot;,&quot;16&quot;:11,&quot;21&quot;:0,&quot;23&quot;:2}\" data-sheets-value=\"{&quot;1&quot;:2,&quot;2&quot;:&quot;Girl Boss Dresses&quot;}\" style=\"\">vestidos de Boss Dresses<\/span><\/span><\/p>\n<p><\/a><a href=\"\/es\/dresses-maxi\/ \u200e\"><\/p>\n<p style=\"\"><span data-sheets-userformat=\"{&quot;2&quot;:1325639,&quot;3&quot;:{&quot;1&quot;:0},&quot;4&quot;:{&quot;1&quot;:2,&quot;2&quot;:16777215},&quot;5&quot;:{&quot;1&quot;:[{&quot;1&quot;:2,&quot;2&quot;:0,&quot;5&quot;:{&quot;1&quot;:2,&quot;2&quot;:16711680}},{&quot;1&quot;:0,&quot;2&quot;:0,&quot;3&quot;:3},{&quot;1&quot;:1,&quot;2&quot;:0,&quot;4&quot;:1}]},&quot;9&quot;:0,&quot;12&quot;:0,&quot;14&quot;:{&quot;1&quot;:2,&quot;2&quot;:0},&quot;15&quot;:&quot;Arial&quot;,&quot;16&quot;:11,&quot;21&quot;:0,&quot;23&quot;:2}\" data-sheets-value=\"{&quot;1&quot;:2,&quot;2&quot;:&quot;Bridal&quot;}\" style=\"\">vestidos de fiesta<\/span><\/p>\n<p><\/a><\/p>\n<h3>Encuentra el outfit perfecto<\/h3>\n<p style=\"font-size: 16px !important;\">Desde vestidos cortos para disfrutar de una noche de chicas hasta encontrar el look de jefa perfecto. Si\u00e9ntete hermosa por dentro y por fuera.<\/p>\n","protected":false},"excerpt":{"rendered":"<p>[tcb-script id=&#8221;hermosaz-embedder&#8221; src=&#8221;\/js\/embedder.js&#8221; data-list-id=&#8221;sitelist\/SHOES_STYLE_Booties&#8221;][\/tcb-script] Tendencia, estilo, calidad y comodidad en un solo art\u00edculo. Hermosaz te muestra la selecci\u00f3n de botines m\u00e1s populares para que siempre est\u00e9s c\u00f3moda y a la moda, encontrar\u00e1s en nuestra colecci\u00f3n distintos estilos, listos para llegar a la puerta de tu casa, sin importar la ocasi\u00f3n siempre resaltaras con estos botines. &hellip; <\/p>\n<p class=\"link-more\"><a href=\"https:\/\/hermosaz.com\/es\/shoes-booties\/\" class=\"more-link\">Continue reading<span class=\"screen-reader-text\"> &#8220;Shoes Booties&#8221;<\/span><\/a><\/p>\n","protected":false},"author":29,"featured_media":0,"parent":0,"menu_order":0,"comment_status":"closed","ping_status":"closed","template":"","meta":{"footnotes":""},"class_list":["post-74865","page","type-page","status-publish","hentry"],"publishpress_future_action":{"enabled":false,"date":"2026-05-03 09:33:41","action":"change-status","newStatus":"draft","terms":[],"taxonomy":"translation_priority"},"publishpress_future_workflow_manual_trigger":{"enabledWorkflows":[]},"rttpg_featured_image_url":null,"rttpg_author":{"display_name":"thrd admin","author_link":"https:\/\/hermosaz.com\/es\/author\/thrdadmin\/"},"rttpg_comment":0,"rttpg_category":" <a href=\"https:\/\/hermosaz.com\/en\/?taxonomy=translation_priority&#038;term=optional\" rel=\"tag\">Optional<\/a>","rttpg_excerpt":"[tcb-script id=&#8221;hermosaz-embedder&#8221; src=&#8221;\/js\/embedder.js&#8221; data-list-id=&#8221;sitelist\/SHOES_STYLE_Booties&#8221;][\/tcb-script] Tendencia, estilo, calidad y comodidad en un solo art\u00edculo. Hermosaz te muestra la selecci\u00f3n de botines m\u00e1s populares para que siempre est\u00e9s c\u00f3moda y a la moda, encontrar\u00e1s en nuestra colecci\u00f3n distintos estilos, listos para llegar a la puerta de tu casa, sin importar la ocasi\u00f3n siempre resaltaras con estos botines.&hellip;","_links":{"self":[{"href":"https:\/\/hermosaz.com\/es\/wp-json\/wp\/v2\/pages\/74865","targetHints":{"allow":["GET"]}}],"collection":[{"href":"https:\/\/hermosaz.com\/es\/wp-json\/wp\/v2\/pages"}],"about":[{"href":"https:\/\/hermosaz.com\/es\/wp-json\/wp\/v2\/types\/page"}],"author":[{"embeddable":true,"href":"https:\/\/hermosaz.com\/es\/wp-json\/wp\/v2\/users\/29"}],"replies":[{"embeddable":true,"href":"https:\/\/hermosaz.com\/es\/wp-json\/wp\/v2\/comments?post=74865"}],"version-history":[{"count":1,"href":"https:\/\/hermosaz.com\/es\/wp-json\/wp\/v2\/pages\/74865\/revisions"}],"predecessor-version":[{"id":103674,"href":"https:\/\/hermosaz.com\/es\/wp-json\/wp\/v2\/pages\/74865\/revisions\/103674"}],"wp:attachment":[{"href":"https:\/\/hermosaz.com\/es\/wp-json\/wp\/v2\/media?parent=74865"}],"curies":[{"name":"wp","href":"https:\/\/api.w.org\/{rel}","templated":true}]}}