{"id":74867,"date":"2020-12-06T11:35:59","date_gmt":"2020-12-06T19:35:59","guid":{"rendered":"https:\/\/hermosaz.com\/shoes-boots\/"},"modified":"2025-01-17T10:38:49","modified_gmt":"2025-01-17T18:38:49","slug":"shoes-boots","status":"publish","type":"page","link":"https:\/\/hermosaz.com\/es\/shoes-boots\/","title":{"rendered":"Shoes Boots"},"content":{"rendered":"<p><span><img decoding=\"async\" alt=\"Hermosaz\" data-id=\"108359\" data-init-width=\"1600\" data-init-height=\"600\" title=\"Hermosaz\" loading=\"lazy\" src=\"https:\/\/hermosaz.com\/wp-content\/uploads\/2025\/01\/22.jpg\" data-width=\"1620\" width=\"1620\" height=\"600\"><\/span><span><img decoding=\"async\" alt=\"Botas x Hermosaz\" data-id=\"86340\" data-init-width=\"917\" data-init-height=\"648\" title=\"77\" loading=\"lazy\" src=\"https:\/\/hermosaz.com\/wp-content\/uploads\/2021\/05\/77-1.png\" data-width=\"917\" data-height=\"648\" width=\"917\" height=\"648\"><\/span><\/p>\n<h2 style=\"text-align: center;\"><span data-sheets-userformat=\"{&quot;2&quot;:11201,&quot;3&quot;:{&quot;1&quot;:0,&quot;3&quot;:1},&quot;9&quot;:0,&quot;10&quot;:1,&quot;11&quot;:4,&quot;12&quot;:0,&quot;14&quot;:{&quot;1&quot;:3,&quot;3&quot;:1},&quot;16&quot;:12}\" data-sheets-value=\"{&quot;1&quot;:2,&quot;2&quot;:&quot;Botas para cada d\u00eda de la semana&quot;}\" style=\"\">Botas para cada d\u00eda de la semana<\/span><\/h2>\n<p>[tcb-script id=&#8221;hermosaz-embedder&#8221; src=&#8221;\/js\/embedder.js&#8221; data-list-id=&#8221;sitelist\/SHOES_STYLE_Boots&#8221;][\/tcb-script]   <\/p>\n<p dir=\"ltr\">Jamas subestimes lo que puedes llegar a hacer con unas botas, arma outfits diferentes y destacados con nuestra colecci\u00f3n de botas, elegidas para cualquier tipo de ocasi\u00f3n.<\/p>\n<p dir=\"ltr\">Elige tus combinaciones y atr\u00e9vete a ser diferente, estar\u00e1s m\u00e1s que a la moda en las pr\u00f3ximas fechas.<\/p>\n<p><a href=\"\/en\/dresses-mini\/ \"><\/p>\n<p><span data-sheets-userformat=\"{&quot;2&quot;:1325635,&quot;3&quot;:{&quot;1&quot;:0},&quot;4&quot;:{&quot;1&quot;:2,&quot;2&quot;:16777215},&quot;9&quot;:0,&quot;12&quot;:0,&quot;14&quot;:{&quot;1&quot;:2,&quot;2&quot;:0},&quot;15&quot;:&quot;Arial&quot;,&quot;16&quot;:11,&quot;21&quot;:0,&quot;23&quot;:2}\" data-sheets-value=\"{&quot;1&quot;:2,&quot;2&quot;:&quot;Cocktail&quot;}\">Mini Dresses<\/span><\/p>\n<p><\/a><a href=\"\/en\/dresses-cocktail\/\"><\/p>\n<p style=\"\"><span data-sheets-userformat=\"{&quot;2&quot;:1325635,&quot;3&quot;:{&quot;1&quot;:0},&quot;4&quot;:{&quot;1&quot;:2,&quot;2&quot;:16777215},&quot;9&quot;:0,&quot;12&quot;:0,&quot;14&quot;:{&quot;1&quot;:2,&quot;2&quot;:0},&quot;15&quot;:&quot;Arial&quot;,&quot;16&quot;:11,&quot;21&quot;:0,&quot;23&quot;:2}\" data-sheets-value=\"{&quot;1&quot;:2,&quot;2&quot;:&quot;Cocktail&quot;}\" style=\"\">Cocktail<\/span><\/p>\n<p><\/a><a href=\"\/en\/dresses-evening-gowns\/\"><\/p>\n<p style=\"\"><span data-sheets-userformat=\"{&quot;2&quot;:1325635,&quot;3&quot;:{&quot;1&quot;:0},&quot;4&quot;:{&quot;1&quot;:2,&quot;2&quot;:16777215},&quot;9&quot;:0,&quot;12&quot;:0,&quot;14&quot;:{&quot;1&quot;:2,&quot;2&quot;:0},&quot;15&quot;:&quot;Arial&quot;,&quot;16&quot;:11,&quot;21&quot;:0,&quot;23&quot;:2}\" data-sheets-value=\"{&quot;1&quot;:2,&quot;2&quot;:&quot;Evening Gowns&quot;}\" style=\"\">Evening Gowns<\/span><\/p>\n<p><\/a><a href=\"\/en\/dresses-bridal\"><\/p>\n<p style=\"\"><span data-sheets-userformat=\"{&quot;2&quot;:1325639,&quot;3&quot;:{&quot;1&quot;:0},&quot;4&quot;:{&quot;1&quot;:2,&quot;2&quot;:16777215},&quot;5&quot;:{&quot;1&quot;:[{&quot;1&quot;:2,&quot;2&quot;:0,&quot;5&quot;:{&quot;1&quot;:2,&quot;2&quot;:16711680}},{&quot;1&quot;:0,&quot;2&quot;:0,&quot;3&quot;:3},{&quot;1&quot;:1,&quot;2&quot;:0,&quot;4&quot;:1}]},&quot;9&quot;:0,&quot;12&quot;:0,&quot;14&quot;:{&quot;1&quot;:2,&quot;2&quot;:0},&quot;15&quot;:&quot;Arial&quot;,&quot;16&quot;:11,&quot;21&quot;:0,&quot;23&quot;:2}\" data-sheets-value=\"{&quot;1&quot;:2,&quot;2&quot;:&quot;Bridal&quot;}\" style=\"\">Bridal<\/span><\/p>\n<p><\/a><a href=\"\/en\/dresses-girl-boss\/\"><\/p>\n<p style=\"\"><span data-sheets-userformat=\"{&quot;2&quot;:1325635,&quot;3&quot;:{&quot;1&quot;:0},&quot;4&quot;:{&quot;1&quot;:2,&quot;2&quot;:16777215},&quot;9&quot;:0,&quot;12&quot;:0,&quot;14&quot;:{&quot;1&quot;:2,&quot;2&quot;:0},&quot;15&quot;:&quot;Arial&quot;,&quot;16&quot;:11,&quot;21&quot;:0,&quot;23&quot;:2}\" data-sheets-value=\"{&quot;1&quot;:2,&quot;2&quot;:&quot;Evening Gowns&quot;}\" style=\"\"><span data-sheets-userformat=\"{&quot;2&quot;:1325635,&quot;3&quot;:{&quot;1&quot;:0},&quot;4&quot;:{&quot;1&quot;:2,&quot;2&quot;:16777215},&quot;9&quot;:0,&quot;12&quot;:0,&quot;14&quot;:{&quot;1&quot;:2,&quot;2&quot;:0},&quot;15&quot;:&quot;Arial&quot;,&quot;16&quot;:11,&quot;21&quot;:0,&quot;23&quot;:2}\" data-sheets-value=\"{&quot;1&quot;:2,&quot;2&quot;:&quot;Girl Boss Dresses&quot;}\" style=\"\">Girl Boss Dresses<\/span><\/span><\/p>\n<p><\/a><a href=\"https:\/\/hermosaz.com\/en\/holiday-dresses\/\"><\/p>\n<p style=\"\"><span data-sheets-userformat=\"{&quot;2&quot;:1325639,&quot;3&quot;:{&quot;1&quot;:0},&quot;4&quot;:{&quot;1&quot;:2,&quot;2&quot;:16777215},&quot;5&quot;:{&quot;1&quot;:[{&quot;1&quot;:2,&quot;2&quot;:0,&quot;5&quot;:{&quot;1&quot;:2,&quot;2&quot;:16711680}},{&quot;1&quot;:0,&quot;2&quot;:0,&quot;3&quot;:3},{&quot;1&quot;:1,&quot;2&quot;:0,&quot;4&quot;:1}]},&quot;9&quot;:0,&quot;12&quot;:0,&quot;14&quot;:{&quot;1&quot;:2,&quot;2&quot;:0},&quot;15&quot;:&quot;Arial&quot;,&quot;16&quot;:11,&quot;21&quot;:0,&quot;23&quot;:2}\" data-sheets-value=\"{&quot;1&quot;:2,&quot;2&quot;:&quot;Bridal&quot;}\" style=\"\">Holiday Dresses<\/span><\/p>\n<p><\/a><\/p>\n<h3>Find the perfect outfit<\/h3>\n<p style=\"font-size: 16px !important;\">From mini dresses to enjoy a girls night out to the perfect &#8216;jefa&#8217; look. Feel <em>hermosa<\/em> from inside and out.&nbsp;<\/p>\n","protected":false},"excerpt":{"rendered":"<p>Botas para cada d\u00eda de la semana [tcb-script id=&#8221;hermosaz-embedder&#8221; src=&#8221;\/js\/embedder.js&#8221; data-list-id=&#8221;sitelist\/SHOES_STYLE_Boots&#8221;][\/tcb-script] Jamas subestimes lo que puedes llegar a hacer con unas botas, arma outfits diferentes y destacados con nuestra colecci\u00f3n de botas, elegidas para cualquier tipo de ocasi\u00f3n. Elige tus combinaciones y atr\u00e9vete a ser diferente, estar\u00e1s m\u00e1s que a la moda en las pr\u00f3ximas &hellip; <\/p>\n<p class=\"link-more\"><a href=\"https:\/\/hermosaz.com\/es\/shoes-boots\/\" class=\"more-link\">Continue reading<span class=\"screen-reader-text\"> &#8220;Shoes Boots&#8221;<\/span><\/a><\/p>\n","protected":false},"author":29,"featured_media":0,"parent":0,"menu_order":0,"comment_status":"closed","ping_status":"closed","template":"","meta":{"footnotes":""},"class_list":["post-74867","page","type-page","status-publish","hentry"],"publishpress_future_action":{"enabled":false,"date":"2026-04-26 01:42:08","action":"change-status","newStatus":"draft","terms":[],"taxonomy":"translation_priority"},"publishpress_future_workflow_manual_trigger":{"enabledWorkflows":[]},"rttpg_featured_image_url":null,"rttpg_author":{"display_name":"thrd admin","author_link":"https:\/\/hermosaz.com\/es\/author\/thrdadmin\/"},"rttpg_comment":0,"rttpg_category":" <a href=\"https:\/\/hermosaz.com\/en\/?taxonomy=translation_priority&#038;term=optional\" rel=\"tag\">Optional<\/a>","rttpg_excerpt":"Botas para cada d\u00eda de la semana [tcb-script id=&#8221;hermosaz-embedder&#8221; src=&#8221;\/js\/embedder.js&#8221; data-list-id=&#8221;sitelist\/SHOES_STYLE_Boots&#8221;][\/tcb-script] Jamas subestimes lo que puedes llegar a hacer con unas botas, arma outfits diferentes y destacados con nuestra colecci\u00f3n de botas, elegidas para cualquier tipo de ocasi\u00f3n. Elige tus combinaciones y atr\u00e9vete a ser diferente, estar\u00e1s m\u00e1s que a la moda en las pr\u00f3ximas&hellip;","_links":{"self":[{"href":"https:\/\/hermosaz.com\/es\/wp-json\/wp\/v2\/pages\/74867","targetHints":{"allow":["GET"]}}],"collection":[{"href":"https:\/\/hermosaz.com\/es\/wp-json\/wp\/v2\/pages"}],"about":[{"href":"https:\/\/hermosaz.com\/es\/wp-json\/wp\/v2\/types\/page"}],"author":[{"embeddable":true,"href":"https:\/\/hermosaz.com\/es\/wp-json\/wp\/v2\/users\/29"}],"replies":[{"embeddable":true,"href":"https:\/\/hermosaz.com\/es\/wp-json\/wp\/v2\/comments?post=74867"}],"version-history":[{"count":4,"href":"https:\/\/hermosaz.com\/es\/wp-json\/wp\/v2\/pages\/74867\/revisions"}],"predecessor-version":[{"id":108361,"href":"https:\/\/hermosaz.com\/es\/wp-json\/wp\/v2\/pages\/74867\/revisions\/108361"}],"wp:attachment":[{"href":"https:\/\/hermosaz.com\/es\/wp-json\/wp\/v2\/media?parent=74867"}],"curies":[{"name":"wp","href":"https:\/\/api.w.org\/{rel}","templated":true}]}}