{"id":74893,"date":"2020-12-26T10:48:03","date_gmt":"2020-12-26T18:48:03","guid":{"rendered":"https:\/\/hermosaz.com\/accessories-face-masks\/"},"modified":"2021-12-15T07:28:23","modified_gmt":"2021-12-15T15:28:23","slug":"accessories-face-masks","status":"publish","type":"page","link":"https:\/\/hermosaz.com\/es\/accessories-face-masks\/","title":{"rendered":"Accessories Face Masks"},"content":{"rendered":"<p><span><img decoding=\"async\" alt=\"Cubrebocas x Hermosaz\" data-id=\"84004\" width=\"1140\" data-init-width=\"2050\" height=\"434\" data-init-height=\"780\" title=\"Cubrebocas x Hermosaz\" loading=\"lazy\" src=\"https:\/\/hermosaz.com\/wp-content\/uploads\/2021\/04\/DESKTOP-LANDING-PAGES-MARIA-BAUTISTA-12-2.png\" data-width=\"1140\" data-height=\"434\"><\/span><span><img decoding=\"async\" alt=\"Cubrebocas x Hermosaz\" data-id=\"84006\" width=\"917\" data-init-width=\"917\" height=\"648\" data-init-height=\"648\" title=\"Cubrebocas x Hermosaz\" loading=\"lazy\" src=\"https:\/\/hermosaz.com\/wp-content\/uploads\/2021\/04\/MOBILE-LANDING-PAGES-MARIA-BAUTISTA-9.png\" data-width=\"917\" data-height=\"648\"><\/span><\/p>\n<h4 style=\"text-align: center;\"><span data-sheets-userformat=\"{&quot;2&quot;:15357,&quot;3&quot;:{&quot;1&quot;:0},&quot;5&quot;:{&quot;1&quot;:[{&quot;1&quot;:2,&quot;2&quot;:0,&quot;5&quot;:{&quot;1&quot;:2,&quot;2&quot;:0}},{&quot;1&quot;:0,&quot;2&quot;:0,&quot;3&quot;:3},{&quot;1&quot;:1,&quot;2&quot;:0,&quot;4&quot;:1}]},&quot;6&quot;:{&quot;1&quot;:[{&quot;1&quot;:2,&quot;2&quot;:0,&quot;5&quot;:{&quot;1&quot;:2,&quot;2&quot;:0}},{&quot;1&quot;:0,&quot;2&quot;:0,&quot;3&quot;:3},{&quot;1&quot;:1,&quot;2&quot;:0,&quot;4&quot;:1}]},&quot;7&quot;:{&quot;1&quot;:[{&quot;1&quot;:2,&quot;2&quot;:0,&quot;5&quot;:{&quot;1&quot;:2,&quot;2&quot;:0}},{&quot;1&quot;:0,&quot;2&quot;:0,&quot;3&quot;:3},{&quot;1&quot;:1,&quot;2&quot;:0,&quot;4&quot;:1}]},&quot;8&quot;:{&quot;1&quot;:[{&quot;1&quot;:2,&quot;2&quot;:0,&quot;5&quot;:{&quot;1&quot;:2,&quot;2&quot;:0}},{&quot;1&quot;:0,&quot;2&quot;:0,&quot;3&quot;:3},{&quot;1&quot;:1,&quot;2&quot;:0,&quot;4&quot;:1}]},&quot;9&quot;:1,&quot;10&quot;:1,&quot;11&quot;:4,&quot;12&quot;:0,&quot;14&quot;:{&quot;1&quot;:3,&quot;3&quot;:1},&quot;15&quot;:&quot;Calibri&quot;,&quot;16&quot;:11}\" data-sheets-value=\"{&quot;1&quot;:2,&quot;2&quot;:&quot;Cubrebocas con dise\u00f1os geniales para llevar con tu outfit&quot;}\"><span data-sheets-userformat=\"{&quot;2&quot;:15233,&quot;3&quot;:{&quot;1&quot;:0},&quot;10&quot;:1,&quot;11&quot;:4,&quot;12&quot;:0,&quot;14&quot;:{&quot;1&quot;:2,&quot;2&quot;:0},&quot;15&quot;:&quot;Calibri, sans-serif&quot;,&quot;16&quot;:11}\" data-sheets-value=\"{&quot;1&quot;:2,&quot;2&quot;:&quot;Cubrebocas con los mejores dise\u00f1os; combina estilo y protecci\u00f3n&quot;}\">Cubrebocas con los mejores dise\u00f1os; combina estilo y protecci\u00f3n<\/span><\/span><\/h4>\n<p style=\"\">Los <a href=\"https:\/\/www.neimanmarcus.com\/en-mx\/p\/eugenia-kim-sculpted-flip-sequin-cloth-mask-face-covering-prod234640147?ecid=NMAF__hermosaz&amp;CS_003=5630585&amp;utm_medium=affiliate&amp;utm_source=NMAF__hermosaz\" target=\"_blank\" style=\"outline: none;\" rel=\"noopener\">cubrebocas<\/a> se han vuelto una necesidad para salvaguardar nuestra vida, es por eso que en <strong>Hermosaz<\/strong> te ofrecemos una amplia variedad de mascarillas faciales. Encuentra tu aliado en la mejor tienda online, contamos con diferentes dise\u00f1os, colores y estampados. Adem\u00e1s, ll\u00e9vate <strong>cubrebocas exclusivos de dise\u00f1ador<\/strong> a un precio \u00fanico. <strong>\u00bfCu\u00e1l te gusta m\u00e1s?<\/strong><\/p>\n<p>[tcb-script id=&#8221;hermosaz-embedder&#8221; src=&#8221;\/js\/embedder.js&#8221; data-list-id=&#8221;sitelist\/ACCESSORIES_ALL_Face_Masks&#8221;][\/tcb-script]<\/p>\n<p style=\"text-align: justify;\">\n<p style=\"text-align: justify;\"><span style=\"font-weight: 400;\">Los <\/span><b>cubrebocas <\/b><b>se han convertido en el <\/b><b>son <\/b><b>el accesorio de moda de moda<\/b><span style=\"font-weight: 400;\"> que est\u00e1 arrasando en el mundo. Hoy en d\u00eda, cuando salimos en p\u00fablico, es extremadamente com\u00fan ver a muchas personas usando mascarillas todos los d\u00edas. Las mascarillas faciales se usan para retardar la propagaci\u00f3n de COVID-19 y proteger a quienes lo rodean.<\/span><\/p>\n<p>        &nbsp;        <\/p>\n<p style=\"text-align: justify;\"><span style=\"font-weight: 400;\">La realidad inevitable es que <\/span><b>usaremos <\/b><a href=\"https:\/\/www.shoptiques.com\/products\/sequin-face-mask-11?signalSource=linkshare&amp;utm_medium=affiliate&amp;utm_source=Fqp5SOy33II&amp;utm_campaign=Linkshare_15\"><b>cubrebocas<\/b><\/a><b> en el futuro previsible<\/b><span style=\"font-weight: 400;\"> y, como cualquier otro accesorio esencial del outfit, algunas personas se inclinar\u00e1n por uno que sea <\/span><b>est\u00e9ticamente agradable<\/b><span style=\"font-weight: 400;\">.<\/span><\/p>\n<p>        &nbsp;        <\/p>\n<p style=\"text-align: center;\"><span id=\"dots\">&#8230; <\/span><\/p>\n<h5 style=\"text-align: justify;\"><span style=\"font-weight: 400;\">Compara cubrebocas con dise\u00f1os modernos en Hermosaz<\/span><\/h5>\n<p>        <img decoding=\"async\" src=\"https:\/\/hermosaz.com\/wp-content\/uploads\/2021\/12\/8a04fb05-21ba-419a-a708-8b975897285c.jpeg\" style=\"display: block; margin:auto; width: 15%;\">        <\/p>\n<p style=\"text-align: justify;\"><span style=\"font-weight: 400;\">A diferencia de la mayor\u00eda de las <\/span><b>tendencias de la moda<\/b><span style=\"font-weight: 400;\">, donde solo siguen los adultos j\u00f3venes, todos usan <\/span><a href=\"https:\/\/www.shoptiques.com\/products\/wild_lilies_jewelry-paisley-face-mask?signalSource=linkshare&amp;utm_medium=affiliate&amp;utm_source=Fqp5SOy33II&amp;utm_campaign=Linkshare_15\"><b>cubrebocas<\/b><\/a><span style=\"font-weight: 400;\"> como una necesidad para ayudar a proteger a los dem\u00e1s. Muchos dise\u00f1adores usan esto para crear m\u00e1scaras faciales para adaptarse a la est\u00e9tica de sus marcas.<\/span><\/p>\n<p>        &nbsp;        <\/p>\n<p style=\"text-align: justify;\"><span style=\"font-weight: 400;\">Como nuevo accesorio de moda en esta temporada festiva, los cubrebocas est\u00e1n siendo <\/span><b>parte esencial de la industria de la moda<\/b><span style=\"font-weight: 400;\">. A pesar de ello, es muy importante aclarar que <\/span><b>usar cubrebocas no debe ser pretexto para descuidar nuestros looks<\/b><span style=\"font-weight: 400;\"> o sin\u00f3nimo de perder el estilo, sino todo lo contrario.<\/span><\/p>\n<p>        &nbsp;        <\/p>\n<p style=\"text-align: justify;\"><span style=\"font-weight: 400;\">Es posible dar un mayor potencial a nuestros outfits. <\/span><b>Combinar los cubrebocas con tus outfits <\/b><span style=\"font-weight: 400;\">es cada vez m\u00e1s f\u00e1cil y las tendencias de 2022 nos encantan.<\/span><\/p>\n<p>        &nbsp;        <\/p>\n<p style=\"text-align: justify;\"><span style=\"font-weight: 400;\">Los cubrebocas con dise\u00f1os pueden ser creativos y <\/span><b>usarse como una forma de autoexpresi\u00f3n<\/b><span style=\"font-weight: 400;\"> sin dejar de seguir las pautas de seguridad recomendadas. A la hora de vestirte no olvides <\/span><b>incorporar el accesorio m\u00e1s importante del a\u00f1o: el cubrebocas<\/b><span style=\"font-weight: 400;\">.<\/span><\/p>\n<p>        &nbsp;        <\/p>\n<p style=\"text-align: justify;\"><span style=\"font-weight: 400;\">En <\/span><b>Hermozas<\/b><span style=\"font-weight: 400;\"> encuentra dise\u00f1os de cubrebocas para todos los gustos y ocasiones. Hay uno para cada <\/span><b>outfit de la semana<\/b><span style=\"font-weight: 400;\">, ll\u00e9valos al <\/span><a href=\"https:\/\/www.saksoff5th.com\/product\/marcus-adler-2-pack-animal-print-face-mask-set-0400012762544.html?ranMID=38801&amp;ranEAID=Fqp5SOy33II&amp;ranSiteID=Fqp5SOy33II-fPD_56AiON8xtEFz4yGVBw&amp;site_refer=AFF001&amp;mid=38801&amp;siteID=Fqp5SOy33II-fPD_56AiON8xtEFz4yGVBw\"><b>trabajo<\/b><\/a><span style=\"font-weight: 400;\">, a una<\/span> <a href=\"https:\/\/www.neimanmarcus.com\/en-mx\/p\/heroine-sport-h-mask-metallic-face-mask-coverings-3-pack-prod245620301?ecid=NMAF__hermosaz&amp;CS_003=5630585&amp;utm_medium=affiliate&amp;utm_source=NMAF__hermosaz\"><b>fiesta<\/b><\/a><span style=\"font-weight: 400;\">, para <\/span><a href=\"https:\/\/www.macys.com\/shop\/product\/the-phluid-project-unisex-smile-fabric-face-masks-pack-of-4?ID=11338655&amp;ranMID=3184&amp;ranEAID=Fqp5SOy33II&amp;ranSiteID=Fqp5SOy33II-lPLekw16iUPJHAEyT5BlKg&amp;LinkshareID=Fqp5SOy33II-lPLekw16iUPJHAEyT5BlKg&amp;m_sc=aff&amp;PartnerID=LINKSHARE&amp;cm_mmc=LINKSHARE-_-5-_-63-_-MP563&amp;LSNSUBSITE=PR\"><b>uso diario<\/b><\/a><span style=\"font-weight: 400;\"> y \u00a1hasta al <\/span><a href=\"https:\/\/www.shoptiques.com\/products\/kitsch-face-mask-set-1?signalSource=linkshare&amp;utm_medium=affiliate&amp;utm_source=Fqp5SOy33II&amp;utm_campaign=Linkshare_15\"><b>gimnasio<\/b><\/a><span style=\"font-weight: 400;\">!<\/span><\/p>\n<p>        &nbsp;        <\/p>\n<h5 style=\"text-align: justify;\"><span style=\"font-weight: 400;\">\u00bfPor qu\u00e9 comprar cubrebocas en Hermosaz?<\/span><\/h5>\n<p style=\"text-align: justify;\"><b>Hermosaz <\/b><span style=\"font-weight: 400;\">es el sitio dedicado a <\/span><b>celebrar el estilo, la belleza y cultura Latina <\/b><span style=\"font-weight: 400;\">a nivel mundial mediante nuestra revista en l\u00ednea y un sitio de compras. Dise\u00f1ado por mujeres Latinas para Latinas.<\/span><\/p>\n<p>        &nbsp;        <\/p>\n<p style=\"text-align: justify;\"><span style=\"font-weight: 400;\">En nuestra tienda de productos de belleza online y accesorios para mujer, podr\u00e1s descubrir las <\/span><b>\u00faltimas tendencias + comprar tus productos favoritos<\/b><span style=\"font-weight: 400;\">. Hermosaz.com est\u00e1 afiliada a m\u00e1s de 200 tiendas que ofrecen env\u00edos a todo el mundo.<\/span><\/p>\n<p>        &nbsp;        <\/p>\n<p style=\"text-align: center;\"><b>\u00a1Conoce nuestros incre\u00edbles descuentos!<\/b><\/p>\n<p style=\"text-align: center;\">Leer m\u00e1s<\/p>\n<p>    [tcb-script]        function leerMasCategoria() {            var dots = document.getElementById(&#8220;dots&#8221;);            var moreText = document.getElementById(&#8220;masTexto&#8221;);            var btnText = document.getElementById(&#8220;myBtn&#8221;);            if (dots.style.display === &#8220;none&#8221;) {                dots.style.display = &#8220;inline&#8221;;                btnText.innerHTML = &#8220;Leer m\u00e1s&#8221;;                moreText.style.display = &#8220;none&#8221;;            } else {                dots.style.display = &#8220;none&#8221;;                btnText.innerHTML = &#8220;Leer menos&#8221;;                moreText.style.display = &#8220;inline&#8221;;            }        }    [\/tcb-script]<\/p>\n<h5>Cubrebocas | Hermosaz<\/h5>\n<p dir=\"ltr\">La mascarilla facial se ha vuelto una necesidad para salvaguardar nuestra vida, es por eso que hermosaz te ofrece una amplia variedad de mascarillas. Encuentra tu mejor aliado en la mejor plataforma online, diferentes dise\u00f1os, diferentes colores y variedad de estampados. Adem\u00e1s de poder adquirir mascarillas exclusivas de dise\u00f1ador a un precio \u00fanico.Visita nuestro sitio y consulta nuestro gran cat\u00e1logo.En Hermosaz sabemos que necesitamos cuidarnos y lucir incre\u00edbles a la vez.<\/p>\n<p><a href=\"\/es\/dresses-mini\/ \"><\/p>\n<p><span data-sheets-userformat=\"{&quot;2&quot;:1325635,&quot;3&quot;:{&quot;1&quot;:0},&quot;4&quot;:{&quot;1&quot;:2,&quot;2&quot;:16777215},&quot;9&quot;:0,&quot;12&quot;:0,&quot;14&quot;:{&quot;1&quot;:2,&quot;2&quot;:0},&quot;15&quot;:&quot;Arial&quot;,&quot;16&quot;:11,&quot;21&quot;:0,&quot;23&quot;:2}\" data-sheets-value=\"{&quot;1&quot;:2,&quot;2&quot;:&quot;Cocktail&quot;}\">Vestidos Mini<\/span><\/p>\n<p><\/a><a href=\"\/es\/dresses-cocktail\/\"><\/p>\n<p style=\"\"><span data-sheets-userformat=\"{&quot;2&quot;:1325635,&quot;3&quot;:{&quot;1&quot;:0},&quot;4&quot;:{&quot;1&quot;:2,&quot;2&quot;:16777215},&quot;9&quot;:0,&quot;12&quot;:0,&quot;14&quot;:{&quot;1&quot;:2,&quot;2&quot;:0},&quot;15&quot;:&quot;Arial&quot;,&quot;16&quot;:11,&quot;21&quot;:0,&quot;23&quot;:2}\" data-sheets-value=\"{&quot;1&quot;:2,&quot;2&quot;:&quot;Cocktail&quot;}\" style=\"\">Cocktail<\/span><\/p>\n<p><\/a><a href=\"\/es\/dresses-evening-gowns\/\"><\/p>\n<p style=\"\"><span data-sheets-userformat=\"{&quot;2&quot;:1325635,&quot;3&quot;:{&quot;1&quot;:0},&quot;4&quot;:{&quot;1&quot;:2,&quot;2&quot;:16777215},&quot;9&quot;:0,&quot;12&quot;:0,&quot;14&quot;:{&quot;1&quot;:2,&quot;2&quot;:0},&quot;15&quot;:&quot;Arial&quot;,&quot;16&quot;:11,&quot;21&quot;:0,&quot;23&quot;:2}\" data-sheets-value=\"{&quot;1&quot;:2,&quot;2&quot;:&quot;Evening Gowns&quot;}\" style=\"\">vestidos de noche<\/span><\/p>\n<p><\/a><a href=\"\/es\/dresses-bridal\"><\/p>\n<p style=\"\"><span data-sheets-userformat=\"{&quot;2&quot;:1325639,&quot;3&quot;:{&quot;1&quot;:0},&quot;4&quot;:{&quot;1&quot;:2,&quot;2&quot;:16777215},&quot;5&quot;:{&quot;1&quot;:[{&quot;1&quot;:2,&quot;2&quot;:0,&quot;5&quot;:{&quot;1&quot;:2,&quot;2&quot;:16711680}},{&quot;1&quot;:0,&quot;2&quot;:0,&quot;3&quot;:3},{&quot;1&quot;:1,&quot;2&quot;:0,&quot;4&quot;:1}]},&quot;9&quot;:0,&quot;12&quot;:0,&quot;14&quot;:{&quot;1&quot;:2,&quot;2&quot;:0},&quot;15&quot;:&quot;Arial&quot;,&quot;16&quot;:11,&quot;21&quot;:0,&quot;23&quot;:2}\" data-sheets-value=\"{&quot;1&quot;:2,&quot;2&quot;:&quot;Bridal&quot;}\" style=\"\">vestidos de novia<\/span><\/p>\n<p><\/a><a href=\"\/es\/dresses-girl-boss\/\"><\/p>\n<p style=\"\"><span data-sheets-userformat=\"{&quot;2&quot;:1325635,&quot;3&quot;:{&quot;1&quot;:0},&quot;4&quot;:{&quot;1&quot;:2,&quot;2&quot;:16777215},&quot;9&quot;:0,&quot;12&quot;:0,&quot;14&quot;:{&quot;1&quot;:2,&quot;2&quot;:0},&quot;15&quot;:&quot;Arial&quot;,&quot;16&quot;:11,&quot;21&quot;:0,&quot;23&quot;:2}\" data-sheets-value=\"{&quot;1&quot;:2,&quot;2&quot;:&quot;Evening Gowns&quot;}\" style=\"\"><span data-sheets-userformat=\"{&quot;2&quot;:1325635,&quot;3&quot;:{&quot;1&quot;:0},&quot;4&quot;:{&quot;1&quot;:2,&quot;2&quot;:16777215},&quot;9&quot;:0,&quot;12&quot;:0,&quot;14&quot;:{&quot;1&quot;:2,&quot;2&quot;:0},&quot;15&quot;:&quot;Arial&quot;,&quot;16&quot;:11,&quot;21&quot;:0,&quot;23&quot;:2}\" data-sheets-value=\"{&quot;1&quot;:2,&quot;2&quot;:&quot;Girl Boss Dresses&quot;}\" style=\"\">vestidos de Boss Dresses<\/span><\/span><\/p>\n<p><\/a><a href=\"\/es\/dresses-maxi\/ \u200e\"><\/p>\n<p style=\"\"><span data-sheets-userformat=\"{&quot;2&quot;:1325639,&quot;3&quot;:{&quot;1&quot;:0},&quot;4&quot;:{&quot;1&quot;:2,&quot;2&quot;:16777215},&quot;5&quot;:{&quot;1&quot;:[{&quot;1&quot;:2,&quot;2&quot;:0,&quot;5&quot;:{&quot;1&quot;:2,&quot;2&quot;:16711680}},{&quot;1&quot;:0,&quot;2&quot;:0,&quot;3&quot;:3},{&quot;1&quot;:1,&quot;2&quot;:0,&quot;4&quot;:1}]},&quot;9&quot;:0,&quot;12&quot;:0,&quot;14&quot;:{&quot;1&quot;:2,&quot;2&quot;:0},&quot;15&quot;:&quot;Arial&quot;,&quot;16&quot;:11,&quot;21&quot;:0,&quot;23&quot;:2}\" data-sheets-value=\"{&quot;1&quot;:2,&quot;2&quot;:&quot;Bridal&quot;}\" style=\"\">vestidos de fiesta<\/span><\/p>\n<p><\/a><\/p>\n<h3>Encuentra el outfit perfecto<\/h3>\n<p style=\"font-size: 16px !important;\">Desde vestidos cortos para disfrutar de una noche de chicas hasta encontrar el look de jefa perfecto. Si\u00e9ntete hermosa por dentro y por fuera.<\/p>\n","protected":false},"excerpt":{"rendered":"<p>Cubrebocas con los mejores dise\u00f1os; combina estilo y protecci\u00f3n Los cubrebocas se han vuelto una necesidad para salvaguardar nuestra vida, es por eso que en Hermosaz te ofrecemos una amplia variedad de mascarillas faciales. Encuentra tu aliado en la mejor tienda online, contamos con diferentes dise\u00f1os, colores y estampados. Adem\u00e1s, ll\u00e9vate cubrebocas exclusivos de dise\u00f1ador &hellip; <\/p>\n<p class=\"link-more\"><a href=\"https:\/\/hermosaz.com\/es\/accessories-face-masks\/\" class=\"more-link\">Continue reading<span class=\"screen-reader-text\"> &#8220;Accessories Face Masks&#8221;<\/span><\/a><\/p>\n","protected":false},"author":32,"featured_media":0,"parent":0,"menu_order":0,"comment_status":"closed","ping_status":"closed","template":"","meta":{"footnotes":""},"class_list":["post-74893","page","type-page","status-publish","hentry"],"publishpress_future_action":{"enabled":false,"date":"2026-04-24 05:08:12","action":"change-status","newStatus":"draft","terms":[],"taxonomy":"translation_priority"},"publishpress_future_workflow_manual_trigger":{"enabledWorkflows":[]},"rttpg_featured_image_url":null,"rttpg_author":{"display_name":"Rosa Magana","author_link":"https:\/\/hermosaz.com\/es\/author\/rosa\/"},"rttpg_comment":0,"rttpg_category":false,"rttpg_excerpt":"Cubrebocas con los mejores dise\u00f1os; combina estilo y protecci\u00f3n Los cubrebocas se han vuelto una necesidad para salvaguardar nuestra vida, es por eso que en Hermosaz te ofrecemos una amplia variedad de mascarillas faciales. Encuentra tu aliado en la mejor tienda online, contamos con diferentes dise\u00f1os, colores y estampados. Adem\u00e1s, ll\u00e9vate cubrebocas exclusivos de dise\u00f1ador&hellip;","_links":{"self":[{"href":"https:\/\/hermosaz.com\/es\/wp-json\/wp\/v2\/pages\/74893","targetHints":{"allow":["GET"]}}],"collection":[{"href":"https:\/\/hermosaz.com\/es\/wp-json\/wp\/v2\/pages"}],"about":[{"href":"https:\/\/hermosaz.com\/es\/wp-json\/wp\/v2\/types\/page"}],"author":[{"embeddable":true,"href":"https:\/\/hermosaz.com\/es\/wp-json\/wp\/v2\/users\/32"}],"replies":[{"embeddable":true,"href":"https:\/\/hermosaz.com\/es\/wp-json\/wp\/v2\/comments?post=74893"}],"version-history":[{"count":0,"href":"https:\/\/hermosaz.com\/es\/wp-json\/wp\/v2\/pages\/74893\/revisions"}],"wp:attachment":[{"href":"https:\/\/hermosaz.com\/es\/wp-json\/wp\/v2\/media?parent=74893"}],"curies":[{"name":"wp","href":"https:\/\/api.w.org\/{rel}","templated":true}]}}