{"id":74984,"date":"2020-12-07T00:58:16","date_gmt":"2020-12-07T08:58:16","guid":{"rendered":"https:\/\/hermosaz.com\/beauty-treatment-and-serums\/"},"modified":"2025-02-12T13:15:34","modified_gmt":"2025-02-12T21:15:34","slug":"beauty-treatment-and-serums","status":"publish","type":"page","link":"https:\/\/hermosaz.com\/es\/beauty-treatment-and-serums\/","title":{"rendered":"Beauty Treatment and Serums"},"content":{"rendered":"<p><span><img decoding=\"async\" alt=\"\" data-id=\"108784\" data-init-width=\"1600\" data-init-height=\"600\" title=\"winter-17\" loading=\"lazy\" src=\"https:\/\/hermosaz.com\/wp-content\/uploads\/2025\/02\/winter-17.jpg\" data-width=\"1140\" width=\"1140\" height=\"600\"><\/span><span><img decoding=\"async\" alt=\"Treatments and Serums x Hermosaz\" data-id=\"85171\" data-init-width=\"917\" data-init-height=\"648\" title=\"Treatments and Serums x Hermosaz\" loading=\"lazy\" src=\"https:\/\/hermosaz.com\/wp-content\/uploads\/2021\/05\/TREATMENT-3.png\" data-width=\"917\" data-height=\"648\" width=\"917\" height=\"648\"><\/span>[tcb-script id=&#8221;hermosaz-embedder&#8221; src=&#8221;\/js\/embedder.js&#8221; data-list-id=&#8221;sitelist\/BEAUTY_SKINCARE_Treatment___Serums&#8221;][\/tcb-script]   <\/p>\n<blockquote><p>Proteger tu piel contra el da\u00f1o diario que nos trae como consecuencia la piel seca, las arrugas, el acn\u00e9, el envejecimiento entre muchas otras m\u00e1s, es vital para Hermosaz, por eso tenemos para ti la mejor selecci\u00f3n de tratamientos y sueros para tu piel, para que siempre la tengas suave e hidratada.<\/p><\/blockquote>\n<p><a href=\"\/es\/dresses-mini\/ \"><\/p>\n<p><span data-sheets-userformat=\"{&quot;2&quot;:1325635,&quot;3&quot;:{&quot;1&quot;:0},&quot;4&quot;:{&quot;1&quot;:2,&quot;2&quot;:16777215},&quot;9&quot;:0,&quot;12&quot;:0,&quot;14&quot;:{&quot;1&quot;:2,&quot;2&quot;:0},&quot;15&quot;:&quot;Arial&quot;,&quot;16&quot;:11,&quot;21&quot;:0,&quot;23&quot;:2}\" data-sheets-value=\"{&quot;1&quot;:2,&quot;2&quot;:&quot;Cocktail&quot;}\">Vestidos Mini<\/span><\/p>\n<p><\/a><a href=\"\/es\/dresses-cocktail\/\"><\/p>\n<p style=\"\"><span data-sheets-userformat=\"{&quot;2&quot;:1325635,&quot;3&quot;:{&quot;1&quot;:0},&quot;4&quot;:{&quot;1&quot;:2,&quot;2&quot;:16777215},&quot;9&quot;:0,&quot;12&quot;:0,&quot;14&quot;:{&quot;1&quot;:2,&quot;2&quot;:0},&quot;15&quot;:&quot;Arial&quot;,&quot;16&quot;:11,&quot;21&quot;:0,&quot;23&quot;:2}\" data-sheets-value=\"{&quot;1&quot;:2,&quot;2&quot;:&quot;Cocktail&quot;}\" style=\"\">Cocktail<\/span><\/p>\n<p><\/a><a href=\"\/es\/dresses-evening-gowns\/\"><\/p>\n<p style=\"\"><span data-sheets-userformat=\"{&quot;2&quot;:1325635,&quot;3&quot;:{&quot;1&quot;:0},&quot;4&quot;:{&quot;1&quot;:2,&quot;2&quot;:16777215},&quot;9&quot;:0,&quot;12&quot;:0,&quot;14&quot;:{&quot;1&quot;:2,&quot;2&quot;:0},&quot;15&quot;:&quot;Arial&quot;,&quot;16&quot;:11,&quot;21&quot;:0,&quot;23&quot;:2}\" data-sheets-value=\"{&quot;1&quot;:2,&quot;2&quot;:&quot;Evening Gowns&quot;}\" style=\"\">vestidos de noche<\/span><\/p>\n<p><\/a><a href=\"\/es\/dresses-bridal\"><\/p>\n<p style=\"\"><span data-sheets-userformat=\"{&quot;2&quot;:1325639,&quot;3&quot;:{&quot;1&quot;:0},&quot;4&quot;:{&quot;1&quot;:2,&quot;2&quot;:16777215},&quot;5&quot;:{&quot;1&quot;:[{&quot;1&quot;:2,&quot;2&quot;:0,&quot;5&quot;:{&quot;1&quot;:2,&quot;2&quot;:16711680}},{&quot;1&quot;:0,&quot;2&quot;:0,&quot;3&quot;:3},{&quot;1&quot;:1,&quot;2&quot;:0,&quot;4&quot;:1}]},&quot;9&quot;:0,&quot;12&quot;:0,&quot;14&quot;:{&quot;1&quot;:2,&quot;2&quot;:0},&quot;15&quot;:&quot;Arial&quot;,&quot;16&quot;:11,&quot;21&quot;:0,&quot;23&quot;:2}\" data-sheets-value=\"{&quot;1&quot;:2,&quot;2&quot;:&quot;Bridal&quot;}\" style=\"\">vestidos de novia<\/span><\/p>\n<p><\/a><a href=\"\/es\/dresses-girl-boss\/\"><\/p>\n<p style=\"\"><span data-sheets-userformat=\"{&quot;2&quot;:1325635,&quot;3&quot;:{&quot;1&quot;:0},&quot;4&quot;:{&quot;1&quot;:2,&quot;2&quot;:16777215},&quot;9&quot;:0,&quot;12&quot;:0,&quot;14&quot;:{&quot;1&quot;:2,&quot;2&quot;:0},&quot;15&quot;:&quot;Arial&quot;,&quot;16&quot;:11,&quot;21&quot;:0,&quot;23&quot;:2}\" data-sheets-value=\"{&quot;1&quot;:2,&quot;2&quot;:&quot;Evening Gowns&quot;}\" style=\"\"><span data-sheets-userformat=\"{&quot;2&quot;:1325635,&quot;3&quot;:{&quot;1&quot;:0},&quot;4&quot;:{&quot;1&quot;:2,&quot;2&quot;:16777215},&quot;9&quot;:0,&quot;12&quot;:0,&quot;14&quot;:{&quot;1&quot;:2,&quot;2&quot;:0},&quot;15&quot;:&quot;Arial&quot;,&quot;16&quot;:11,&quot;21&quot;:0,&quot;23&quot;:2}\" data-sheets-value=\"{&quot;1&quot;:2,&quot;2&quot;:&quot;Girl Boss Dresses&quot;}\" style=\"\">vestidos de Boss Dresses<\/span><\/span><\/p>\n<p><\/a><a href=\"\/es\/holiday-dresses\/\"><\/p>\n<p style=\"\"><span data-sheets-userformat=\"{&quot;2&quot;:1325639,&quot;3&quot;:{&quot;1&quot;:0},&quot;4&quot;:{&quot;1&quot;:2,&quot;2&quot;:16777215},&quot;5&quot;:{&quot;1&quot;:[{&quot;1&quot;:2,&quot;2&quot;:0,&quot;5&quot;:{&quot;1&quot;:2,&quot;2&quot;:16711680}},{&quot;1&quot;:0,&quot;2&quot;:0,&quot;3&quot;:3},{&quot;1&quot;:1,&quot;2&quot;:0,&quot;4&quot;:1}]},&quot;9&quot;:0,&quot;12&quot;:0,&quot;14&quot;:{&quot;1&quot;:2,&quot;2&quot;:0},&quot;15&quot;:&quot;Arial&quot;,&quot;16&quot;:11,&quot;21&quot;:0,&quot;23&quot;:2}\" data-sheets-value=\"{&quot;1&quot;:2,&quot;2&quot;:&quot;Bridal&quot;}\" style=\"\">vestidos de fiesta<\/span><\/p>\n<p><\/a><\/p>\n<h3>Encuentra el outfit perfecto<\/h3>\n<p style=\"font-size: 16px !important;\">Desde vestidos cortos para disfrutar de una noche de chicas hasta encontrar el look de jefa perfecto. Si\u00e9ntete hermosa por dentro y por fuera.<\/p>\n","protected":false},"excerpt":{"rendered":"<p>[tcb-script id=&#8221;hermosaz-embedder&#8221; src=&#8221;\/js\/embedder.js&#8221; data-list-id=&#8221;sitelist\/BEAUTY_SKINCARE_Treatment___Serums&#8221;][\/tcb-script] Proteger tu piel contra el da\u00f1o diario que nos trae como consecuencia la piel seca, las arrugas, el acn\u00e9, el envejecimiento entre muchas otras m\u00e1s, es vital para Hermosaz, por eso tenemos para ti la mejor selecci\u00f3n de tratamientos y sueros para tu piel, para que siempre la tengas suave e &hellip; <\/p>\n<p class=\"link-more\"><a href=\"https:\/\/hermosaz.com\/es\/beauty-treatment-and-serums\/\" class=\"more-link\">Continue reading<span class=\"screen-reader-text\"> &#8220;Beauty Treatment and Serums&#8221;<\/span><\/a><\/p>\n","protected":false},"author":29,"featured_media":0,"parent":0,"menu_order":0,"comment_status":"closed","ping_status":"closed","template":"","meta":{"footnotes":""},"class_list":["post-74984","page","type-page","status-publish","hentry"],"publishpress_future_action":{"enabled":false,"date":"2026-04-25 00:58:47","action":"change-status","newStatus":"draft","terms":[],"taxonomy":"translation_priority"},"publishpress_future_workflow_manual_trigger":{"enabledWorkflows":[]},"rttpg_featured_image_url":null,"rttpg_author":{"display_name":"thrd admin","author_link":"https:\/\/hermosaz.com\/es\/author\/thrdadmin\/"},"rttpg_comment":0,"rttpg_category":" <a href=\"https:\/\/hermosaz.com\/es\/?taxonomy=translation_priority&#038;term=opcional\" rel=\"tag\">Opcional<\/a>","rttpg_excerpt":"[tcb-script id=&#8221;hermosaz-embedder&#8221; src=&#8221;\/js\/embedder.js&#8221; data-list-id=&#8221;sitelist\/BEAUTY_SKINCARE_Treatment___Serums&#8221;][\/tcb-script] Proteger tu piel contra el da\u00f1o diario que nos trae como consecuencia la piel seca, las arrugas, el acn\u00e9, el envejecimiento entre muchas otras m\u00e1s, es vital para Hermosaz, por eso tenemos para ti la mejor selecci\u00f3n de tratamientos y sueros para tu piel, para que siempre la tengas suave e&hellip;","_links":{"self":[{"href":"https:\/\/hermosaz.com\/es\/wp-json\/wp\/v2\/pages\/74984","targetHints":{"allow":["GET"]}}],"collection":[{"href":"https:\/\/hermosaz.com\/es\/wp-json\/wp\/v2\/pages"}],"about":[{"href":"https:\/\/hermosaz.com\/es\/wp-json\/wp\/v2\/types\/page"}],"author":[{"embeddable":true,"href":"https:\/\/hermosaz.com\/es\/wp-json\/wp\/v2\/users\/29"}],"replies":[{"embeddable":true,"href":"https:\/\/hermosaz.com\/es\/wp-json\/wp\/v2\/comments?post=74984"}],"version-history":[{"count":2,"href":"https:\/\/hermosaz.com\/es\/wp-json\/wp\/v2\/pages\/74984\/revisions"}],"predecessor-version":[{"id":108786,"href":"https:\/\/hermosaz.com\/es\/wp-json\/wp\/v2\/pages\/74984\/revisions\/108786"}],"wp:attachment":[{"href":"https:\/\/hermosaz.com\/es\/wp-json\/wp\/v2\/media?parent=74984"}],"curies":[{"name":"wp","href":"https:\/\/api.w.org\/{rel}","templated":true}]}}