{"id":76939,"date":"2020-11-27T15:16:14","date_gmt":"2020-11-27T23:16:14","guid":{"rendered":"https:\/\/hermosaz.com\/clothing-skirts\/"},"modified":"2025-03-19T14:34:35","modified_gmt":"2025-03-19T21:34:35","slug":"clothing-skirts","status":"publish","type":"page","link":"https:\/\/hermosaz.com\/es\/clothing-skirts\/","title":{"rendered":"Ropa Faldas"},"content":{"rendered":"<p><span><img decoding=\"async\" alt=\"\" data-id=\"109755\" data-init-width=\"1600\" data-init-height=\"600\" title=\"NEW IN-11\" loading=\"lazy\" src=\"https:\/\/hermosaz.com\/wp-content\/uploads\/2025\/03\/NEW-IN-11.jpg\" data-width=\"2580\" width=\"2580\" height=\"600\"><\/span><span><img decoding=\"async\" alt=\"\" data-id=\"109755\" data-init-width=\"1600\" data-init-height=\"600\" title=\"NEW IN-11\" loading=\"lazy\" src=\"https:\/\/hermosaz.com\/wp-content\/uploads\/2025\/03\/NEW-IN-11.jpg\" data-width=\"917\" data-height=\"648\" width=\"917\" height=\"648\"><\/span>[tcb-script id=&#8221;hermosaz-embedder&#8221; src=&#8221;\/js\/embedder.js&#8221; data-list-id=&#8221;sitelist\/CLOTHING_ALL_Skirts&#8221;][\/tcb-script]   <\/p>\n<p dir=\"ltr\">Divi\u00e9rtete creando los mejores outfits con nuestra colecci\u00f3n de faldas, m\u00e1s de 200 marcas dise\u00f1os y estilos en una misma p\u00e1gina, donde te divertir\u00e1s encontrando la falda perfecta para ti.<\/p>\n<p dir=\"ltr\">Crea los mejores outfits con Hermosaz.<\/p>\n<p><a href=\"\/es\/dresses-mini\/ \"><\/p>\n<p><span data-sheets-userformat=\"{&quot;2&quot;:1325635,&quot;3&quot;:{&quot;1&quot;:0},&quot;4&quot;:{&quot;1&quot;:2,&quot;2&quot;:16777215},&quot;9&quot;:0,&quot;12&quot;:0,&quot;14&quot;:{&quot;1&quot;:2,&quot;2&quot;:0},&quot;15&quot;:&quot;Arial&quot;,&quot;16&quot;:11,&quot;21&quot;:0,&quot;23&quot;:2}\" data-sheets-value=\"{&quot;1&quot;:2,&quot;2&quot;:&quot;Cocktail&quot;}\">Vestidos Mini<\/span><\/p>\n<p><\/a><a href=\"\/es\/dresses-cocktail\/\"><\/p>\n<p style=\"\"><span data-sheets-userformat=\"{&quot;2&quot;:1325635,&quot;3&quot;:{&quot;1&quot;:0},&quot;4&quot;:{&quot;1&quot;:2,&quot;2&quot;:16777215},&quot;9&quot;:0,&quot;12&quot;:0,&quot;14&quot;:{&quot;1&quot;:2,&quot;2&quot;:0},&quot;15&quot;:&quot;Arial&quot;,&quot;16&quot;:11,&quot;21&quot;:0,&quot;23&quot;:2}\" data-sheets-value=\"{&quot;1&quot;:2,&quot;2&quot;:&quot;Cocktail&quot;}\" style=\"\">Cocktail<\/span><\/p>\n<p><\/a><a href=\"https:\/\/hermosaz.com\/es\/dresses-evening-gowns\/\"><\/p>\n<p style=\"\"><span data-sheets-userformat=\"{&quot;2&quot;:1325635,&quot;3&quot;:{&quot;1&quot;:0},&quot;4&quot;:{&quot;1&quot;:2,&quot;2&quot;:16777215},&quot;9&quot;:0,&quot;12&quot;:0,&quot;14&quot;:{&quot;1&quot;:2,&quot;2&quot;:0},&quot;15&quot;:&quot;Arial&quot;,&quot;16&quot;:11,&quot;21&quot;:0,&quot;23&quot;:2}\" data-sheets-value=\"{&quot;1&quot;:2,&quot;2&quot;:&quot;Evening Gowns&quot;}\" style=\"\">vestidos de noche<\/span><\/p>\n<p><\/a><a href=\"https:\/\/hermosaz.com\/es\/dresses-bridal\/\"><\/p>\n<p style=\"\"><span data-sheets-userformat=\"{&quot;2&quot;:1325639,&quot;3&quot;:{&quot;1&quot;:0},&quot;4&quot;:{&quot;1&quot;:2,&quot;2&quot;:16777215},&quot;5&quot;:{&quot;1&quot;:[{&quot;1&quot;:2,&quot;2&quot;:0,&quot;5&quot;:{&quot;1&quot;:2,&quot;2&quot;:16711680}},{&quot;1&quot;:0,&quot;2&quot;:0,&quot;3&quot;:3},{&quot;1&quot;:1,&quot;2&quot;:0,&quot;4&quot;:1}]},&quot;9&quot;:0,&quot;12&quot;:0,&quot;14&quot;:{&quot;1&quot;:2,&quot;2&quot;:0},&quot;15&quot;:&quot;Arial&quot;,&quot;16&quot;:11,&quot;21&quot;:0,&quot;23&quot;:2}\" data-sheets-value=\"{&quot;1&quot;:2,&quot;2&quot;:&quot;Bridal&quot;}\" style=\"\">vestidos de novia<\/span><\/p>\n<p><\/a><a href=\"https:\/\/hermosaz.com\/es\/dresses-girl-boss\/\"><\/p>\n<p style=\"\"><span data-sheets-userformat=\"{&quot;2&quot;:1325635,&quot;3&quot;:{&quot;1&quot;:0},&quot;4&quot;:{&quot;1&quot;:2,&quot;2&quot;:16777215},&quot;9&quot;:0,&quot;12&quot;:0,&quot;14&quot;:{&quot;1&quot;:2,&quot;2&quot;:0},&quot;15&quot;:&quot;Arial&quot;,&quot;16&quot;:11,&quot;21&quot;:0,&quot;23&quot;:2}\" data-sheets-value=\"{&quot;1&quot;:2,&quot;2&quot;:&quot;Evening Gowns&quot;}\" style=\"\"><span data-sheets-userformat=\"{&quot;2&quot;:1325635,&quot;3&quot;:{&quot;1&quot;:0},&quot;4&quot;:{&quot;1&quot;:2,&quot;2&quot;:16777215},&quot;9&quot;:0,&quot;12&quot;:0,&quot;14&quot;:{&quot;1&quot;:2,&quot;2&quot;:0},&quot;15&quot;:&quot;Arial&quot;,&quot;16&quot;:11,&quot;21&quot;:0,&quot;23&quot;:2}\" data-sheets-value=\"{&quot;1&quot;:2,&quot;2&quot;:&quot;Girl Boss Dresses&quot;}\" style=\"\">vestidos de Boss Dresses<\/span><\/span><\/p>\n<p><\/a><a href=\"\/es\/dresses-maxi\/ \u200e\"><\/p>\n<p style=\"\"><span data-sheets-userformat=\"{&quot;2&quot;:1325639,&quot;3&quot;:{&quot;1&quot;:0},&quot;4&quot;:{&quot;1&quot;:2,&quot;2&quot;:16777215},&quot;5&quot;:{&quot;1&quot;:[{&quot;1&quot;:2,&quot;2&quot;:0,&quot;5&quot;:{&quot;1&quot;:2,&quot;2&quot;:16711680}},{&quot;1&quot;:0,&quot;2&quot;:0,&quot;3&quot;:3},{&quot;1&quot;:1,&quot;2&quot;:0,&quot;4&quot;:1}]},&quot;9&quot;:0,&quot;12&quot;:0,&quot;14&quot;:{&quot;1&quot;:2,&quot;2&quot;:0},&quot;15&quot;:&quot;Arial&quot;,&quot;16&quot;:11,&quot;21&quot;:0,&quot;23&quot;:2}\" data-sheets-value=\"{&quot;1&quot;:2,&quot;2&quot;:&quot;Bridal&quot;}\" style=\"\">vestidos de fiesta<\/span><\/p>\n<p><\/a><\/p>\n<h3>Encuentra el outfit perfecto<\/h3>\n<p style=\"font-size: 16px !important;\">Desde vestidos cortos para disfrutar de una noche de chicas hasta encontrar el look de jefa perfecto. Si\u00e9ntete hermosa por dentro y por fuera.<\/p>\n","protected":false},"excerpt":{"rendered":"<p>[tcb-script id=&#8221;hermosaz-embedder&#8221; src=&#8221;\/js\/embedder.js&#8221; data-list-id=&#8221;sitelist\/CLOTHING_ALL_Skirts&#8221;][\/tcb-script] Divi\u00e9rtete creando los mejores outfits con nuestra colecci\u00f3n de faldas, m\u00e1s de 200 marcas dise\u00f1os y estilos en una misma p\u00e1gina, donde te divertir\u00e1s encontrando la falda perfecta para ti. Crea los mejores outfits con Hermosaz. Vestidos Mini Cocktail vestidos de noche vestidos de novia vestidos de Boss Dresses vestidos de &hellip; <\/p>\n<p class=\"link-more\"><a href=\"https:\/\/hermosaz.com\/es\/clothing-skirts\/\" class=\"more-link\">Continue reading<span class=\"screen-reader-text\"> &#8220;Ropa Faldas&#8221;<\/span><\/a><\/p>\n","protected":false},"author":32,"featured_media":0,"parent":0,"menu_order":0,"comment_status":"closed","ping_status":"closed","template":"","meta":{"footnotes":""},"class_list":["post-76939","page","type-page","status-publish","hentry"],"publishpress_future_action":{"enabled":false,"date":"2026-04-27 07:24:12","action":"change-status","newStatus":"draft","terms":[],"taxonomy":"translation_priority"},"publishpress_future_workflow_manual_trigger":{"enabledWorkflows":[]},"rttpg_featured_image_url":null,"rttpg_author":{"display_name":"Rosa Magana","author_link":"https:\/\/hermosaz.com\/es\/author\/rosa\/"},"rttpg_comment":0,"rttpg_category":" <a href=\"https:\/\/hermosaz.com\/en\/?taxonomy=translation_priority&#038;term=optional\" rel=\"tag\">Optional<\/a>","rttpg_excerpt":"[tcb-script id=&#8221;hermosaz-embedder&#8221; src=&#8221;\/js\/embedder.js&#8221; data-list-id=&#8221;sitelist\/CLOTHING_ALL_Skirts&#8221;][\/tcb-script] Divi\u00e9rtete creando los mejores outfits con nuestra colecci\u00f3n de faldas, m\u00e1s de 200 marcas dise\u00f1os y estilos en una misma p\u00e1gina, donde te divertir\u00e1s encontrando la falda perfecta para ti. Crea los mejores outfits con Hermosaz. Vestidos Mini Cocktail vestidos de noche vestidos de novia vestidos de Boss Dresses vestidos de&hellip;","_links":{"self":[{"href":"https:\/\/hermosaz.com\/es\/wp-json\/wp\/v2\/pages\/76939","targetHints":{"allow":["GET"]}}],"collection":[{"href":"https:\/\/hermosaz.com\/es\/wp-json\/wp\/v2\/pages"}],"about":[{"href":"https:\/\/hermosaz.com\/es\/wp-json\/wp\/v2\/types\/page"}],"author":[{"embeddable":true,"href":"https:\/\/hermosaz.com\/es\/wp-json\/wp\/v2\/users\/32"}],"replies":[{"embeddable":true,"href":"https:\/\/hermosaz.com\/es\/wp-json\/wp\/v2\/comments?post=76939"}],"version-history":[{"count":3,"href":"https:\/\/hermosaz.com\/es\/wp-json\/wp\/v2\/pages\/76939\/revisions"}],"predecessor-version":[{"id":109758,"href":"https:\/\/hermosaz.com\/es\/wp-json\/wp\/v2\/pages\/76939\/revisions\/109758"}],"wp:attachment":[{"href":"https:\/\/hermosaz.com\/es\/wp-json\/wp\/v2\/media?parent=76939"}],"curies":[{"name":"wp","href":"https:\/\/api.w.org\/{rel}","templated":true}]}}