{"id":80664,"date":"2021-03-03T03:45:02","date_gmt":"2021-03-03T11:45:02","guid":{"rendered":"https:\/\/hermosaz.com\/handbags-designer\/"},"modified":"2025-01-14T13:59:05","modified_gmt":"2025-01-14T21:59:05","slug":"handbags-designer","status":"publish","type":"page","link":"https:\/\/hermosaz.com\/es\/handbags-designer\/","title":{"rendered":"Handbags Designer"},"content":{"rendered":"<p><span><img decoding=\"async\" alt=\"\" data-id=\"108310\" width=\"1139\" data-init-width=\"1600\" height=\"600\" data-init-height=\"600\" title=\"32\" loading=\"lazy\" src=\"https:\/\/hermosaz.com\/wp-content\/uploads\/2025\/01\/32.jpg\" data-width=\"1139\"><\/span><\/p>\n<h2 style=\"text-align: center;\"><span data-sheets-userformat=\"{&quot;2&quot;:11201,&quot;3&quot;:{&quot;1&quot;:0,&quot;3&quot;:1},&quot;9&quot;:0,&quot;10&quot;:1,&quot;11&quot;:4,&quot;12&quot;:0,&quot;14&quot;:{&quot;1&quot;:3,&quot;3&quot;:1},&quot;16&quot;:12}\" data-sheets-value=\"{&quot;1&quot;:2,&quot;2&quot;:&quot;Bolsos de Marca de los mejores dise\u00f1adores&quot;}\" style=\"\">Bolsos de Marca de los mejores dise\u00f1adores<\/span><\/h2>\n<p style=\"\">Descubre las mejores bolsas de dise\u00f1ador en Hermosaz. Nuestro equipo te ayudar\u00e1 a comprar bolsas de los mejores dise\u00f1adores a precios incre\u00edblemente bajos. Da click en nuestro sitio y descubre la gran variedad de bolsos exclusivos que manejamos. \u00a1Porque te queremos ver siempre hermosa!<\/p>\n<p>[tcb-script id=&#8221;hermosaz-embedder&#8221; src=&#8221;\/js\/embedder.js&#8221; data-list-id=&#8221;sitelist\/HANDBAG_DESIGNER&#8221;][\/tcb-script]   <\/p>\n<p dir=\"ltr\" style=\"text-align: justify;\">Los bolsos son una de las cosas m\u00e1s insustituibles en el armario de toda mujer, no solo desde el punto de vista pr\u00e1ctico. Este es un accesorio importante que complementa cualquier look, desde el d\u00eda a d\u00eda hasta el trabajo o la noche.<\/p>\n<p dir=\"ltr\" style=\"text-align: justify;\">Los bolsos de marca y de dise\u00f1ador son art\u00edculos de compra que las mujeres no pueden evitar comprar.<\/p>\n<p dir=\"ltr\" style=\"text-align: justify;\">En nuestra tienda de ropa <a href=\"https:\/\/hermosaz.com\/\">Hermosaz<\/a>, productos de belleza online y accesorios para mujer, podr\u00e1s descubrir las \u00faltimas tendencias + comprar tus productos favoritos. Hermosaz.com est\u00e1 afiliada a m\u00e1s de 200 tiendas que ofrecen env\u00edos a todo el mundo.<\/p>\n<h2 dir=\"ltr\" style=\"text-align: justify;\">Bolsos = estilo y moda<\/h2>\n<p dir=\"ltr\" style=\"text-align: justify;\">Cuando hablamos de estilo y moda, las mujeres siempre intentamos encontrar diferentes formas que nos hagan lucir lo mejor posible. Las mujeres buscamos constantemente muchas opciones solo para comprar un bolso que nos haga destacar.<\/p>\n<h2 dir=\"ltr\" style=\"text-align: justify;\">Regala bolsos de marca para mujer<\/h2>\n<p dir=\"ltr\" style=\"text-align: justify;\">Adem\u00e1s de ser el regalo perfecto para esa persona especial, obsequia un bolso que acompa\u00f1e a esa persona a todo lugar y la haga lucir hermosa siempre.<\/p>\n<p dir=\"ltr\" style=\"text-align: justify;\">Hoy en d\u00eda, puedes conseguir estos bolsos en todo tipo de colores como verde, amarillo, azul, rosa, etc. Seg\u00fan tu vestimenta, estilo y ocasi\u00f3n puedes elegir estos bolsos. Por lo tanto, aseg\u00farate de elegir un bonito bolso que te haga sentir fabulosa y m\u00e1s sexy.<\/p>\n<p dir=\"ltr\" style=\"text-align: justify;\">Un bolso adecuado puede complementar perfectamente la individualidad de una mujer.<\/p>\n<p dir=\"ltr\" style=\"text-align: justify;\">\u00bfA tu colecci\u00f3n de bolsos le hace falta la cereza del pastel con un bolso de dise\u00f1ador?<\/p>\n<p dir=\"ltr\" style=\"text-align: justify;\">Nuestra plataforma de tienda de ropa y accesorios en l\u00ednea se caracteriza por tener solo las mejores marcas de bolsos, as\u00ed que es la indicada para que lo adquieras.<\/p>\n<h2 dir=\"ltr\" style=\"text-align: justify;\">\u00bfD\u00f3nde comprar bolsos de marca?<\/h2>\n<p dir=\"ltr\" style=\"text-align: justify;\">Nosotros no vendemos los productos directamente, como afiliados, mostramos los productos m\u00e1s chic de las marcas m\u00e1s reconocidas y te ofrecemos una plataforma donde puedes explorar diferentes precios y estilos, y as\u00ed elegir tu favorito (\u00a1y el mejor descuento disponible!).<\/p>\n<p dir=\"ltr\" style=\"text-align: justify;\"><a href=\"https:\/\/hermosaz.com\/\">Hermosaz <\/a>es el sitio dedicado a celebrar el estilo, la belleza y cultura Latina a nivel mundial mediante nuestra revista en l\u00ednea y un sitio de compras. Dise\u00f1ado por mujeres Latinas para Latinas<\/p>\n<p><a href=\"\/es\/dresses-mini\/ \"><\/p>\n<p><span data-sheets-userformat=\"{&quot;2&quot;:1325635,&quot;3&quot;:{&quot;1&quot;:0},&quot;4&quot;:{&quot;1&quot;:2,&quot;2&quot;:16777215},&quot;9&quot;:0,&quot;12&quot;:0,&quot;14&quot;:{&quot;1&quot;:2,&quot;2&quot;:0},&quot;15&quot;:&quot;Arial&quot;,&quot;16&quot;:11,&quot;21&quot;:0,&quot;23&quot;:2}\" data-sheets-value=\"{&quot;1&quot;:2,&quot;2&quot;:&quot;Cocktail&quot;}\">Vestidos Mini<\/span><\/p>\n<p><\/a><a href=\"\/es\/dresses-cocktail\/\"><\/p>\n<p style=\"\"><span data-sheets-userformat=\"{&quot;2&quot;:1325635,&quot;3&quot;:{&quot;1&quot;:0},&quot;4&quot;:{&quot;1&quot;:2,&quot;2&quot;:16777215},&quot;9&quot;:0,&quot;12&quot;:0,&quot;14&quot;:{&quot;1&quot;:2,&quot;2&quot;:0},&quot;15&quot;:&quot;Arial&quot;,&quot;16&quot;:11,&quot;21&quot;:0,&quot;23&quot;:2}\" data-sheets-value=\"{&quot;1&quot;:2,&quot;2&quot;:&quot;Cocktail&quot;}\" style=\"\">Cocktail<\/span><\/p>\n<p><\/a><a href=\"\/es\/dresses-evening-gowns\/\"><\/p>\n<p style=\"\"><span data-sheets-userformat=\"{&quot;2&quot;:1325635,&quot;3&quot;:{&quot;1&quot;:0},&quot;4&quot;:{&quot;1&quot;:2,&quot;2&quot;:16777215},&quot;9&quot;:0,&quot;12&quot;:0,&quot;14&quot;:{&quot;1&quot;:2,&quot;2&quot;:0},&quot;15&quot;:&quot;Arial&quot;,&quot;16&quot;:11,&quot;21&quot;:0,&quot;23&quot;:2}\" data-sheets-value=\"{&quot;1&quot;:2,&quot;2&quot;:&quot;Evening Gowns&quot;}\" style=\"\">vestidos de noche<\/span><\/p>\n<p><\/a><a href=\"\/es\/dresses-bridal\"><\/p>\n<p style=\"\"><span data-sheets-userformat=\"{&quot;2&quot;:1325639,&quot;3&quot;:{&quot;1&quot;:0},&quot;4&quot;:{&quot;1&quot;:2,&quot;2&quot;:16777215},&quot;5&quot;:{&quot;1&quot;:[{&quot;1&quot;:2,&quot;2&quot;:0,&quot;5&quot;:{&quot;1&quot;:2,&quot;2&quot;:16711680}},{&quot;1&quot;:0,&quot;2&quot;:0,&quot;3&quot;:3},{&quot;1&quot;:1,&quot;2&quot;:0,&quot;4&quot;:1}]},&quot;9&quot;:0,&quot;12&quot;:0,&quot;14&quot;:{&quot;1&quot;:2,&quot;2&quot;:0},&quot;15&quot;:&quot;Arial&quot;,&quot;16&quot;:11,&quot;21&quot;:0,&quot;23&quot;:2}\" data-sheets-value=\"{&quot;1&quot;:2,&quot;2&quot;:&quot;Bridal&quot;}\" style=\"\">vestidos de novia<\/span><\/p>\n<p><\/a><a href=\"\/es\/dresses-girl-boss\/\"><\/p>\n<p style=\"\"><span data-sheets-userformat=\"{&quot;2&quot;:1325635,&quot;3&quot;:{&quot;1&quot;:0},&quot;4&quot;:{&quot;1&quot;:2,&quot;2&quot;:16777215},&quot;9&quot;:0,&quot;12&quot;:0,&quot;14&quot;:{&quot;1&quot;:2,&quot;2&quot;:0},&quot;15&quot;:&quot;Arial&quot;,&quot;16&quot;:11,&quot;21&quot;:0,&quot;23&quot;:2}\" data-sheets-value=\"{&quot;1&quot;:2,&quot;2&quot;:&quot;Evening Gowns&quot;}\" style=\"\"><span data-sheets-userformat=\"{&quot;2&quot;:1325635,&quot;3&quot;:{&quot;1&quot;:0},&quot;4&quot;:{&quot;1&quot;:2,&quot;2&quot;:16777215},&quot;9&quot;:0,&quot;12&quot;:0,&quot;14&quot;:{&quot;1&quot;:2,&quot;2&quot;:0},&quot;15&quot;:&quot;Arial&quot;,&quot;16&quot;:11,&quot;21&quot;:0,&quot;23&quot;:2}\" data-sheets-value=\"{&quot;1&quot;:2,&quot;2&quot;:&quot;Girl Boss Dresses&quot;}\" style=\"\">vestidos de Boss Dresses<\/span><\/span><\/p>\n<p><\/a><a href=\"\/es\/holiday-dresses\/\"><\/p>\n<p style=\"\"><span data-sheets-userformat=\"{&quot;2&quot;:1325639,&quot;3&quot;:{&quot;1&quot;:0},&quot;4&quot;:{&quot;1&quot;:2,&quot;2&quot;:16777215},&quot;5&quot;:{&quot;1&quot;:[{&quot;1&quot;:2,&quot;2&quot;:0,&quot;5&quot;:{&quot;1&quot;:2,&quot;2&quot;:16711680}},{&quot;1&quot;:0,&quot;2&quot;:0,&quot;3&quot;:3},{&quot;1&quot;:1,&quot;2&quot;:0,&quot;4&quot;:1}]},&quot;9&quot;:0,&quot;12&quot;:0,&quot;14&quot;:{&quot;1&quot;:2,&quot;2&quot;:0},&quot;15&quot;:&quot;Arial&quot;,&quot;16&quot;:11,&quot;21&quot;:0,&quot;23&quot;:2}\" data-sheets-value=\"{&quot;1&quot;:2,&quot;2&quot;:&quot;Bridal&quot;}\" style=\"\">vestidos de fiesta<\/span><\/p>\n<p><\/a><\/p>\n<h3>Encuentra el outfit perfecto<\/h3>\n<p style=\"font-size: 16px !important;\">Desde vestidos cortos para disfrutar de una noche de chicas hasta encontrar el look de jefa perfecto. Si\u00e9ntete hermosa por dentro y por fuera.<\/p>\n","protected":false},"excerpt":{"rendered":"<p>Bolsos de Marca de los mejores dise\u00f1adores Descubre las mejores bolsas de dise\u00f1ador en Hermosaz. Nuestro equipo te ayudar\u00e1 a comprar bolsas de los mejores dise\u00f1adores a precios incre\u00edblemente bajos. Da click en nuestro sitio y descubre la gran variedad de bolsos exclusivos que manejamos. \u00a1Porque te queremos ver siempre hermosa! [tcb-script id=&#8221;hermosaz-embedder&#8221; src=&#8221;\/js\/embedder.js&#8221; data-list-id=&#8221;sitelist\/HANDBAG_DESIGNER&#8221;][\/tcb-script] &hellip; <\/p>\n<p class=\"link-more\"><a href=\"https:\/\/hermosaz.com\/es\/handbags-designer\/\" class=\"more-link\">Continue reading<span class=\"screen-reader-text\"> &#8220;Handbags Designer&#8221;<\/span><\/a><\/p>\n","protected":false},"author":29,"featured_media":0,"parent":0,"menu_order":0,"comment_status":"closed","ping_status":"closed","template":"","meta":{"footnotes":""},"class_list":["post-80664","page","type-page","status-publish","hentry"],"publishpress_future_action":{"enabled":false,"date":"2026-04-26 01:42:10","action":"change-status","newStatus":"draft","terms":[],"taxonomy":"translation_priority"},"publishpress_future_workflow_manual_trigger":{"enabledWorkflows":[]},"rttpg_featured_image_url":null,"rttpg_author":{"display_name":"thrd admin","author_link":"https:\/\/hermosaz.com\/es\/author\/thrdadmin\/"},"rttpg_comment":0,"rttpg_category":" <a href=\"https:\/\/hermosaz.com\/es\/?taxonomy=translation_priority&#038;term=opcional\" rel=\"tag\">Opcional<\/a>","rttpg_excerpt":"Bolsos de Marca de los mejores dise\u00f1adores Descubre las mejores bolsas de dise\u00f1ador en Hermosaz. Nuestro equipo te ayudar\u00e1 a comprar bolsas de los mejores dise\u00f1adores a precios incre\u00edblemente bajos. Da click en nuestro sitio y descubre la gran variedad de bolsos exclusivos que manejamos. \u00a1Porque te queremos ver siempre hermosa! [tcb-script id=&#8221;hermosaz-embedder&#8221; src=&#8221;\/js\/embedder.js&#8221; data-list-id=&#8221;sitelist\/HANDBAG_DESIGNER&#8221;][\/tcb-script]&hellip;","_links":{"self":[{"href":"https:\/\/hermosaz.com\/es\/wp-json\/wp\/v2\/pages\/80664","targetHints":{"allow":["GET"]}}],"collection":[{"href":"https:\/\/hermosaz.com\/es\/wp-json\/wp\/v2\/pages"}],"about":[{"href":"https:\/\/hermosaz.com\/es\/wp-json\/wp\/v2\/types\/page"}],"author":[{"embeddable":true,"href":"https:\/\/hermosaz.com\/es\/wp-json\/wp\/v2\/users\/29"}],"replies":[{"embeddable":true,"href":"https:\/\/hermosaz.com\/es\/wp-json\/wp\/v2\/comments?post=80664"}],"version-history":[{"count":2,"href":"https:\/\/hermosaz.com\/es\/wp-json\/wp\/v2\/pages\/80664\/revisions"}],"predecessor-version":[{"id":108312,"href":"https:\/\/hermosaz.com\/es\/wp-json\/wp\/v2\/pages\/80664\/revisions\/108312"}],"wp:attachment":[{"href":"https:\/\/hermosaz.com\/es\/wp-json\/wp\/v2\/media?parent=80664"}],"curies":[{"name":"wp","href":"https:\/\/api.w.org\/{rel}","templated":true}]}}