{"id":83182,"date":"2021-04-15T16:23:16","date_gmt":"2021-04-15T23:23:16","guid":{"rendered":"https:\/\/hermosaz.com\/summer-under-25\/"},"modified":"2021-05-17T11:19:40","modified_gmt":"2021-05-17T18:19:40","slug":"summer-under-25","status":"publish","type":"page","link":"https:\/\/hermosaz.com\/es\/summer-under-25\/","title":{"rendered":"Verano por menos de $25"},"content":{"rendered":"<h1 style=\"text-align: center;\">Disfruta del Verano por menos de $25<\/h1>\n<blockquote style=\"text-align: justify;\"><p>Hola <em>hermosaz<\/em>, el verano esta aqu\u00ed y en Hermosaz sabemos que para disfrutarse, no tenemos que gastar una fortuna. Disfruta de la selecci\u00f3n de <strong>productos de verano<\/strong> que no deber\u00edan faltar en tu closet por menos de $25. Nuestras editoras de moda han creado cuidadosamente estos edits donde encontraras las ultimas tendencias de verano todo en un solo sitio y por una fracci\u00f3n de lo que gastar\u00edas en cualquier otro sitio. Encuentra m\u00e1s de 200 marcas en un solo sitio, en Hermosaz &#8211; por algo somos el sitio de compras favorito de latinas!<\/p><\/blockquote>\n<p><a href=\"https:\/\/hermosaz.com\/es\/swimsuits-under-25\/\"><img loading=\"lazy\" decoding=\"async\" title=\"Trajes de Ba\u00f1o por menos de 25\" src=\"https:\/\/hermosaz.com\/wp-content\/uploads\/2021\/05\/MOBILE-LANDING-PAGES-MARIA-BAUTISTA.png\" alt=\"Trajes de Ba\u00f1o por menos de 25\" width=\"634\" height=\"448\" data-id=\"84411\" data-init-width=\"917\" data-init-height=\"648\" data-width=\"634\" data-height=\"448\" data-link-wrap=\"true\" \/><\/a><a href=\"https:\/\/hermosaz.com\/es\/sunglasses-under-25\/\"><img loading=\"lazy\" decoding=\"async\" title=\"Lentes de Sol por menos de 25\" src=\"https:\/\/hermosaz.com\/wp-content\/uploads\/2021\/05\/2.png\" alt=\"Lentes de Sol por menos de 25\" width=\"634\" height=\"448\" data-id=\"84415\" data-init-width=\"917\" data-init-height=\"648\" data-width=\"634\" data-height=\"448\" data-link-wrap=\"true\" \/><\/a><a href=\"https:\/\/hermosaz.com\/es\/shoes-under-25\/\"><img loading=\"lazy\" decoding=\"async\" title=\"Zapatos por menos de 25\" src=\"https:\/\/hermosaz.com\/wp-content\/uploads\/2021\/05\/MOBILE-LANDING-PAGES-MARIA-BAUTISTA-2.png\" alt=\"Zapatos por menos de 25\" width=\"634\" height=\"448\" data-id=\"84429\" data-init-width=\"917\" data-init-height=\"648\" data-width=\"634\" data-height=\"448\" data-link-wrap=\"true\" \/><\/a><a href=\"https:\/\/hermosaz.com\/es\/skincare-under-25\/\"><img loading=\"lazy\" decoding=\"async\" title=\"Cuidado de la piel por menos de 25\" src=\"https:\/\/hermosaz.com\/wp-content\/uploads\/2021\/05\/5.png\" alt=\"Cuidado de la piel por menos de 25\" width=\"634\" height=\"448\" data-id=\"84421\" data-init-width=\"917\" data-init-height=\"648\" data-width=\"634\" data-height=\"448\" data-link-wrap=\"true\" \/><\/a><a href=\"https:\/\/hermosaz.com\/es\/dresses-under-25\/\"><img loading=\"lazy\" decoding=\"async\" title=\"Vestidos por menos de 25\" src=\"https:\/\/hermosaz.com\/wp-content\/uploads\/2021\/05\/6.png\" alt=\"Vestidos por menos de 25\" width=\"634\" height=\"448\" data-id=\"84423\" data-init-width=\"917\" data-init-height=\"648\" data-width=\"634\" data-height=\"448\" data-link-wrap=\"true\" \/><\/a><a href=\"https:\/\/hermosaz.com\/es\/bags-under-25\/\"><img loading=\"lazy\" decoding=\"async\" title=\"Bolsas de Verano por menos de 25\" src=\"https:\/\/hermosaz.com\/wp-content\/uploads\/2021\/05\/8.png\" alt=\"Bolsas de Verano por menos de 25\" width=\"634\" height=\"448\" data-id=\"84427\" data-init-width=\"917\" data-init-height=\"648\" data-width=\"634\" data-height=\"448\" data-link-wrap=\"true\" \/><\/a><\/p>\n<h1>Ahorra hasta 70% en las mejores marcas<\/h1>\n<p>\u00danete hoy y recibe ofertas en los art\u00edculos m\u00e1s trendy de la temporada.<\/p>\n","protected":false},"excerpt":{"rendered":"<p>Disfruta del Verano por menos de $25 Hola hermosaz, el verano esta aqu\u00ed y en Hermosaz sabemos que para disfrutarse, no tenemos que gastar una fortuna. Disfruta de la selecci\u00f3n de productos de verano que no deber\u00edan faltar en tu closet por menos de $25. Nuestras editoras de moda han creado cuidadosamente estos edits donde &hellip; <\/p>\n<p class=\"link-more\"><a href=\"https:\/\/hermosaz.com\/es\/summer-under-25\/\" class=\"more-link\">Continue reading<span class=\"screen-reader-text\"> &#8220;Verano por menos de $25&#8221;<\/span><\/a><\/p>\n","protected":false},"author":32,"featured_media":83180,"parent":0,"menu_order":0,"comment_status":"closed","ping_status":"closed","template":"","meta":{"footnotes":""},"class_list":["post-83182","page","type-page","status-publish","has-post-thumbnail","hentry"],"publishpress_future_action":{"enabled":false,"date":"2026-04-27 12:10:05","action":"change-status","newStatus":"draft","terms":[],"taxonomy":"translation_priority"},"publishpress_future_workflow_manual_trigger":{"enabledWorkflows":[]},"rttpg_featured_image_url":{"full":["https:\/\/hermosaz.com\/wp-content\/uploads\/2021\/04\/Hermosaz-USA-Articles-Featured-Images-16.png",917,648,false],"landscape":["https:\/\/hermosaz.com\/wp-content\/uploads\/2021\/04\/Hermosaz-USA-Articles-Featured-Images-16.png",917,648,false],"portraits":["https:\/\/hermosaz.com\/wp-content\/uploads\/2021\/04\/Hermosaz-USA-Articles-Featured-Images-16.png",917,648,false],"thumbnail":["https:\/\/hermosaz.com\/wp-content\/uploads\/2021\/04\/Hermosaz-USA-Articles-Featured-Images-16.png",80,57,false],"medium":["https:\/\/hermosaz.com\/wp-content\/uploads\/2021\/04\/Hermosaz-USA-Articles-Featured-Images-16.png",300,212,false],"large":["https:\/\/hermosaz.com\/wp-content\/uploads\/2021\/04\/Hermosaz-USA-Articles-Featured-Images-16.png",525,371,false],"1536x1536":["https:\/\/hermosaz.com\/wp-content\/uploads\/2021\/04\/Hermosaz-USA-Articles-Featured-Images-16.png",917,648,false],"2048x2048":["https:\/\/hermosaz.com\/wp-content\/uploads\/2021\/04\/Hermosaz-USA-Articles-Featured-Images-16.png",917,648,false],"twentyseventeen-featured-image":["https:\/\/hermosaz.com\/wp-content\/uploads\/2021\/04\/Hermosaz-USA-Articles-Featured-Images-16.png",917,648,false],"twentyseventeen-thumbnail-avatar":["https:\/\/hermosaz.com\/wp-content\/uploads\/2021\/04\/Hermosaz-USA-Articles-Featured-Images-16-100x100.png",100,100,true]},"rttpg_author":{"display_name":"Rosa Magana","author_link":"https:\/\/hermosaz.com\/es\/author\/rosa\/"},"rttpg_comment":0,"rttpg_category":false,"rttpg_excerpt":"Disfruta del Verano por menos de $25 Hola hermosaz, el verano esta aqu\u00ed y en Hermosaz sabemos que para disfrutarse, no tenemos que gastar una fortuna. Disfruta de la selecci\u00f3n de productos de verano que no deber\u00edan faltar en tu closet por menos de $25. Nuestras editoras de moda han creado cuidadosamente estos edits donde&hellip;","_links":{"self":[{"href":"https:\/\/hermosaz.com\/es\/wp-json\/wp\/v2\/pages\/83182","targetHints":{"allow":["GET"]}}],"collection":[{"href":"https:\/\/hermosaz.com\/es\/wp-json\/wp\/v2\/pages"}],"about":[{"href":"https:\/\/hermosaz.com\/es\/wp-json\/wp\/v2\/types\/page"}],"author":[{"embeddable":true,"href":"https:\/\/hermosaz.com\/es\/wp-json\/wp\/v2\/users\/32"}],"replies":[{"embeddable":true,"href":"https:\/\/hermosaz.com\/es\/wp-json\/wp\/v2\/comments?post=83182"}],"version-history":[{"count":0,"href":"https:\/\/hermosaz.com\/es\/wp-json\/wp\/v2\/pages\/83182\/revisions"}],"wp:featuredmedia":[{"embeddable":true,"href":"https:\/\/hermosaz.com\/es\/wp-json\/wp\/v2\/media\/83180"}],"wp:attachment":[{"href":"https:\/\/hermosaz.com\/es\/wp-json\/wp\/v2\/media?parent=83182"}],"curies":[{"name":"wp","href":"https:\/\/api.w.org\/{rel}","templated":true}]}}