{"id":83777,"date":"2021-04-26T18:44:00","date_gmt":"2021-04-27T01:44:00","guid":{"rendered":"https:\/\/hermosaz.com\/bags-under-25\/"},"modified":"2021-06-10T20:57:36","modified_gmt":"2021-06-11T03:57:36","slug":"bags-under-25","status":"publish","type":"page","link":"https:\/\/hermosaz.com\/es\/bags-under-25\/","title":{"rendered":"Bolsas por menos de 25"},"content":{"rendered":"<p><span><img decoding=\"async\" alt=\"Bolsas x Hermosaz\" data-id=\"87434\" width=\"1357\" data-init-width=\"2050\" height=\"496\" data-init-height=\"750\" title=\"Bolsas x Hermosaz\" loading=\"lazy\" src=\"https:\/\/hermosaz.com\/wp-content\/uploads\/2021\/06\/Bags-25_Desktop_ESP4.jpg\" data-width=\"1357\" data-height=\"496\"><\/span><span><img decoding=\"async\" alt=\"Bolsas x Hermosaz\" data-id=\"87440\" width=\"0\" data-init-width=\"940\" height=\"0\" data-init-height=\"788\" title=\"Bolsas x Hermosaz\" loading=\"lazy\" src=\"https:\/\/hermosaz.com\/wp-content\/uploads\/2021\/06\/Bags-25_Mobile_ESP4.jpg\" data-width=\"0\" data-height=\"0\"><\/span><\/p>\n<blockquote style=\"text-align: justify;\"><p>Aprovecha de el buen clima, agarra tu bolsa y \u00a1vamos a buscar la aventura! Ya sea que quieras una bolsa para destacar tu outfit o para cargar todas tus cositas para un d\u00eda en la playa, Hermosaz tiene una bolsa para ti. En Hermosaz encontraras una gran selecci\u00f3n de<strong>&nbsp;bolsas de verano<\/strong>&nbsp;en tendencia. Aprovecha de nuestras&nbsp;<strong>OFERTAS&nbsp;<\/strong>en bolsas de verano por \u00a1<strong>menos de<\/strong><strong>&nbsp;$25 USD<\/strong>!<\/p><\/blockquote>\n<p>[tcb-script id=&#8221;hermosaz-embedder&#8221; src=&#8221;\/js\/embedder.js&#8221; data-list-id=&#8221;sitelist\/Summer_under_25_bags&#8221;][\/tcb-script]   <a href=\"\/es\/sunglasses-under-25\/\"><\/p>\n<p><span data-sheets-userformat=\"{&quot;2&quot;:1325635,&quot;3&quot;:{&quot;1&quot;:0},&quot;4&quot;:{&quot;1&quot;:2,&quot;2&quot;:16777215},&quot;9&quot;:0,&quot;12&quot;:0,&quot;14&quot;:{&quot;1&quot;:2,&quot;2&quot;:0},&quot;15&quot;:&quot;Arial&quot;,&quot;16&quot;:11,&quot;21&quot;:0,&quot;23&quot;:2}\" data-sheets-value=\"{&quot;1&quot;:2,&quot;2&quot;:&quot;Cocktail&quot;}\">Lentes por menos de $25<\/span><\/p>\n<p><\/a><a href=\"\/es\/swimsuits-under-25\/\"><\/p>\n<p style=\"\"><span data-sheets-userformat=\"{&quot;2&quot;:1325635,&quot;3&quot;:{&quot;1&quot;:0},&quot;4&quot;:{&quot;1&quot;:2,&quot;2&quot;:16777215},&quot;9&quot;:0,&quot;12&quot;:0,&quot;14&quot;:{&quot;1&quot;:2,&quot;2&quot;:0},&quot;15&quot;:&quot;Arial&quot;,&quot;16&quot;:11,&quot;21&quot;:0,&quot;23&quot;:2}\" data-sheets-value=\"{&quot;1&quot;:2,&quot;2&quot;:&quot;Cocktail&quot;}\" style=\"\">Trajes de Ba\u00f1o por menos de $25<\/span><\/p>\n<p><\/a><a href=\"\/es\/shoes-under-25\/\"><\/p>\n<p style=\"\"><span data-sheets-userformat=\"{&quot;2&quot;:1325635,&quot;3&quot;:{&quot;1&quot;:0},&quot;4&quot;:{&quot;1&quot;:2,&quot;2&quot;:16777215},&quot;9&quot;:0,&quot;12&quot;:0,&quot;14&quot;:{&quot;1&quot;:2,&quot;2&quot;:0},&quot;15&quot;:&quot;Arial&quot;,&quot;16&quot;:11,&quot;21&quot;:0,&quot;23&quot;:2}\" data-sheets-value=\"{&quot;1&quot;:2,&quot;2&quot;:&quot;Evening Gowns&quot;}\" style=\"\">Zapatos por menos de $25<\/span><\/p>\n<p><\/a><a href=\"\/es\/bags-under-25\/\"><\/p>\n<p style=\"\"><span data-sheets-userformat=\"{&quot;2&quot;:1325639,&quot;3&quot;:{&quot;1&quot;:0},&quot;4&quot;:{&quot;1&quot;:2,&quot;2&quot;:16777215},&quot;5&quot;:{&quot;1&quot;:[{&quot;1&quot;:2,&quot;2&quot;:0,&quot;5&quot;:{&quot;1&quot;:2,&quot;2&quot;:16711680}},{&quot;1&quot;:0,&quot;2&quot;:0,&quot;3&quot;:3},{&quot;1&quot;:1,&quot;2&quot;:0,&quot;4&quot;:1}]},&quot;9&quot;:0,&quot;12&quot;:0,&quot;14&quot;:{&quot;1&quot;:2,&quot;2&quot;:0},&quot;15&quot;:&quot;Arial&quot;,&quot;16&quot;:11,&quot;21&quot;:0,&quot;23&quot;:2}\" data-sheets-value=\"{&quot;1&quot;:2,&quot;2&quot;:&quot;Bridal&quot;}\" style=\"\">Bolsas por menos de $25<\/span><\/p>\n<p><\/a><a href=\"\/es\/skincare-under-25\/\"><\/p>\n<p style=\"\"><span data-sheets-userformat=\"{&quot;2&quot;:1325635,&quot;3&quot;:{&quot;1&quot;:0},&quot;4&quot;:{&quot;1&quot;:2,&quot;2&quot;:16777215},&quot;9&quot;:0,&quot;12&quot;:0,&quot;14&quot;:{&quot;1&quot;:2,&quot;2&quot;:0},&quot;15&quot;:&quot;Arial&quot;,&quot;16&quot;:11,&quot;21&quot;:0,&quot;23&quot;:2}\" data-sheets-value=\"{&quot;1&quot;:2,&quot;2&quot;:&quot;Evening Gowns&quot;}\" style=\"\"><span data-sheets-userformat=\"{&quot;2&quot;:1325635,&quot;3&quot;:{&quot;1&quot;:0},&quot;4&quot;:{&quot;1&quot;:2,&quot;2&quot;:16777215},&quot;9&quot;:0,&quot;12&quot;:0,&quot;14&quot;:{&quot;1&quot;:2,&quot;2&quot;:0},&quot;15&quot;:&quot;Arial&quot;,&quot;16&quot;:11,&quot;21&quot;:0,&quot;23&quot;:2}\" data-sheets-value=\"{&quot;1&quot;:2,&quot;2&quot;:&quot;Girl Boss Dresses&quot;}\" style=\"\">Cuidado de la Piel por menos de $25<\/span><\/span><\/p>\n<p><\/a><a href=\"\/es\/dresses-under-25\/\"><\/p>\n<p style=\"\"><span data-sheets-userformat=\"{&quot;2&quot;:1325639,&quot;3&quot;:{&quot;1&quot;:0},&quot;4&quot;:{&quot;1&quot;:2,&quot;2&quot;:16777215},&quot;5&quot;:{&quot;1&quot;:[{&quot;1&quot;:2,&quot;2&quot;:0,&quot;5&quot;:{&quot;1&quot;:2,&quot;2&quot;:16711680}},{&quot;1&quot;:0,&quot;2&quot;:0,&quot;3&quot;:3},{&quot;1&quot;:1,&quot;2&quot;:0,&quot;4&quot;:1}]},&quot;9&quot;:0,&quot;12&quot;:0,&quot;14&quot;:{&quot;1&quot;:2,&quot;2&quot;:0},&quot;15&quot;:&quot;Arial&quot;,&quot;16&quot;:11,&quot;21&quot;:0,&quot;23&quot;:2}\" data-sheets-value=\"{&quot;1&quot;:2,&quot;2&quot;:&quot;Bridal&quot;}\" style=\"\">Vestidos por menos de $25<\/span><\/p>\n<p><\/a><\/p>\n<h3>Verano por menos de $25<\/h3>\n<p style=\"font-size: 16px !important;\">Disfruta de la selecci\u00f3n de productos de verano que no deber\u00edan faltar en tu closet por menos de $25. Encuentra m\u00e1s de 200 marcas en un solo sitio, en Hermosaz.<\/p>\n","protected":false},"excerpt":{"rendered":"<p>Aprovecha de el buen clima, agarra tu bolsa y \u00a1vamos a buscar la aventura! Ya sea que quieras una bolsa para destacar tu outfit o para cargar todas tus cositas para un d\u00eda en la playa, Hermosaz tiene una bolsa para ti. En Hermosaz encontraras una gran selecci\u00f3n de&nbsp;bolsas de verano&nbsp;en tendencia. Aprovecha de nuestras&nbsp;OFERTAS&nbsp;en &hellip; <\/p>\n<p class=\"link-more\"><a href=\"https:\/\/hermosaz.com\/es\/bags-under-25\/\" class=\"more-link\">Continue reading<span class=\"screen-reader-text\"> &#8220;Bolsas por menos de 25&#8221;<\/span><\/a><\/p>\n","protected":false},"author":32,"featured_media":0,"parent":0,"menu_order":0,"comment_status":"closed","ping_status":"closed","template":"","meta":{"footnotes":""},"class_list":["post-83777","page","type-page","status-publish","hentry"],"publishpress_future_action":{"enabled":false,"date":"2026-04-21 11:42:18","action":"change-status","newStatus":"draft","terms":[],"taxonomy":"translation_priority"},"publishpress_future_workflow_manual_trigger":{"enabledWorkflows":[]},"rttpg_featured_image_url":null,"rttpg_author":{"display_name":"Rosa Magana","author_link":"https:\/\/hermosaz.com\/es\/author\/rosa\/"},"rttpg_comment":0,"rttpg_category":false,"rttpg_excerpt":"Aprovecha de el buen clima, agarra tu bolsa y \u00a1vamos a buscar la aventura! Ya sea que quieras una bolsa para destacar tu outfit o para cargar todas tus cositas para un d\u00eda en la playa, Hermosaz tiene una bolsa para ti. En Hermosaz encontraras una gran selecci\u00f3n de&nbsp;bolsas de verano&nbsp;en tendencia. Aprovecha de nuestras&nbsp;OFERTAS&nbsp;en&hellip;","_links":{"self":[{"href":"https:\/\/hermosaz.com\/es\/wp-json\/wp\/v2\/pages\/83777","targetHints":{"allow":["GET"]}}],"collection":[{"href":"https:\/\/hermosaz.com\/es\/wp-json\/wp\/v2\/pages"}],"about":[{"href":"https:\/\/hermosaz.com\/es\/wp-json\/wp\/v2\/types\/page"}],"author":[{"embeddable":true,"href":"https:\/\/hermosaz.com\/es\/wp-json\/wp\/v2\/users\/32"}],"replies":[{"embeddable":true,"href":"https:\/\/hermosaz.com\/es\/wp-json\/wp\/v2\/comments?post=83777"}],"version-history":[{"count":0,"href":"https:\/\/hermosaz.com\/es\/wp-json\/wp\/v2\/pages\/83777\/revisions"}],"wp:attachment":[{"href":"https:\/\/hermosaz.com\/es\/wp-json\/wp\/v2\/media?parent=83777"}],"curies":[{"name":"wp","href":"https:\/\/api.w.org\/{rel}","templated":true}]}}