{"id":99048,"date":"2022-02-03T08:08:21","date_gmt":"2022-02-03T16:08:21","guid":{"rendered":"https:\/\/hermosaz.com\/?page_id=99048"},"modified":"2022-02-03T08:16:25","modified_gmt":"2022-02-03T16:16:25","slug":"spring-2022","status":"publish","type":"page","link":"https:\/\/hermosaz.com\/es\/spring-2022\/","title":{"rendered":"Spring 2022"},"content":{"rendered":"<p><img loading=\"lazy\" decoding=\"async\" title=\"Primavera\" src=\"https:\/\/hermosaz.com\/wp-content\/uploads\/2022\/02\/67.png\" alt=\"Hermosaz\" width=\"2580\" height=\"980\" data-id=\"99056\" data-init-width=\"768\" data-init-height=\"292\" data-width=\"2580\" data-height=\"980\" \/><img loading=\"lazy\" decoding=\"async\" title=\"Primavera\" src=\"https:\/\/hermosaz.com\/wp-content\/uploads\/2022\/02\/espanol-2.png\" alt=\"Hermosaz\" width=\"0\" height=\"0\" data-id=\"99054\" data-init-width=\"768\" data-init-height=\"543\" data-width=\"0\" data-height=\"0\" \/>[tcb-script id=&#8221;hermosaz-embedder&#8221; src=&#8221;\/js\/embedder.js&#8221; data-list-id=&#8221;sitelist\/Spring_2022&#8243;][\/tcb-script]<\/p>\n<p dir=\"ltr\">Luce radiante llegando a esa fiesta con el hermoso vestido especial que encontrar\u00e1s en Hermosaz, no importa la fiesta o la ocasi\u00f3n, siempre encontrar\u00e1s uno hecho especialmente para ti.<\/p>\n<p dir=\"ltr\">M\u00e1s de 200 marcas en vestidos de fiesta, Hermosaz siempre contigo.<\/p>\n<blockquote><p>.<\/p><\/blockquote>\n<p>&nbsp;<\/p>\n<p><span data-sheets-userformat=\"{&quot;2&quot;:1325635,&quot;3&quot;:{&quot;1&quot;:0},&quot;4&quot;:{&quot;1&quot;:2,&quot;2&quot;:16777215},&quot;9&quot;:0,&quot;12&quot;:0,&quot;14&quot;:{&quot;1&quot;:2,&quot;2&quot;:0},&quot;15&quot;:&quot;Arial&quot;,&quot;16&quot;:11,&quot;21&quot;:0,&quot;23&quot;:2}\" data-sheets-value=\"{&quot;1&quot;:2,&quot;2&quot;:&quot;Cocktail&quot;}\">Vestidos mini<\/span><\/p>\n<p>&nbsp;<\/p>\n<p><span data-sheets-userformat=\"{&quot;2&quot;:1325635,&quot;3&quot;:{&quot;1&quot;:0},&quot;4&quot;:{&quot;1&quot;:2,&quot;2&quot;:16777215},&quot;9&quot;:0,&quot;12&quot;:0,&quot;14&quot;:{&quot;1&quot;:2,&quot;2&quot;:0},&quot;15&quot;:&quot;Arial&quot;,&quot;16&quot;:11,&quot;21&quot;:0,&quot;23&quot;:2}\" data-sheets-value=\"{&quot;1&quot;:2,&quot;2&quot;:&quot;Cocktail&quot;}\">Cocktail<\/span><\/p>\n<p>&nbsp;<\/p>\n<p><span data-sheets-userformat=\"{&quot;2&quot;:1325635,&quot;3&quot;:{&quot;1&quot;:0},&quot;4&quot;:{&quot;1&quot;:2,&quot;2&quot;:16777215},&quot;9&quot;:0,&quot;12&quot;:0,&quot;14&quot;:{&quot;1&quot;:2,&quot;2&quot;:0},&quot;15&quot;:&quot;Arial&quot;,&quot;16&quot;:11,&quot;21&quot;:0,&quot;23&quot;:2}\" data-sheets-value=\"{&quot;1&quot;:2,&quot;2&quot;:&quot;Evening Gowns&quot;}\">vestidos de noche<\/span><\/p>\n<p>&nbsp;<\/p>\n<p><span data-sheets-userformat=\"{&quot;2&quot;:1325639,&quot;3&quot;:{&quot;1&quot;:0},&quot;4&quot;:{&quot;1&quot;:2,&quot;2&quot;:16777215},&quot;5&quot;:{&quot;1&quot;:[{&quot;1&quot;:2,&quot;2&quot;:0,&quot;5&quot;:{&quot;1&quot;:2,&quot;2&quot;:16711680}},{&quot;1&quot;:0,&quot;2&quot;:0,&quot;3&quot;:3},{&quot;1&quot;:1,&quot;2&quot;:0,&quot;4&quot;:1}]},&quot;9&quot;:0,&quot;12&quot;:0,&quot;14&quot;:{&quot;1&quot;:2,&quot;2&quot;:0},&quot;15&quot;:&quot;Arial&quot;,&quot;16&quot;:11,&quot;21&quot;:0,&quot;23&quot;:2}\" data-sheets-value=\"{&quot;1&quot;:2,&quot;2&quot;:&quot;Bridal&quot;}\">vestidos de novia<\/span><\/p>\n<p>&nbsp;<\/p>\n<p><span data-sheets-userformat=\"{&quot;2&quot;:1325635,&quot;3&quot;:{&quot;1&quot;:0},&quot;4&quot;:{&quot;1&quot;:2,&quot;2&quot;:16777215},&quot;9&quot;:0,&quot;12&quot;:0,&quot;14&quot;:{&quot;1&quot;:2,&quot;2&quot;:0},&quot;15&quot;:&quot;Arial&quot;,&quot;16&quot;:11,&quot;21&quot;:0,&quot;23&quot;:2}\" data-sheets-value=\"{&quot;1&quot;:2,&quot;2&quot;:&quot;Evening Gowns&quot;}\"><span data-sheets-userformat=\"{&quot;2&quot;:1325635,&quot;3&quot;:{&quot;1&quot;:0},&quot;4&quot;:{&quot;1&quot;:2,&quot;2&quot;:16777215},&quot;9&quot;:0,&quot;12&quot;:0,&quot;14&quot;:{&quot;1&quot;:2,&quot;2&quot;:0},&quot;15&quot;:&quot;Arial&quot;,&quot;16&quot;:11,&quot;21&quot;:0,&quot;23&quot;:2}\" data-sheets-value=\"{&quot;1&quot;:2,&quot;2&quot;:&quot;Girl Boss Dresses&quot;}\">vestidos de Girl Boss\u00a0<\/span><\/span><\/p>\n<p>&nbsp;<\/p>\n<p><span data-sheets-userformat=\"{&quot;2&quot;:1325639,&quot;3&quot;:{&quot;1&quot;:0},&quot;4&quot;:{&quot;1&quot;:2,&quot;2&quot;:16777215},&quot;5&quot;:{&quot;1&quot;:[{&quot;1&quot;:2,&quot;2&quot;:0,&quot;5&quot;:{&quot;1&quot;:2,&quot;2&quot;:16711680}},{&quot;1&quot;:0,&quot;2&quot;:0,&quot;3&quot;:3},{&quot;1&quot;:1,&quot;2&quot;:0,&quot;4&quot;:1}]},&quot;9&quot;:0,&quot;12&quot;:0,&quot;14&quot;:{&quot;1&quot;:2,&quot;2&quot;:0},&quot;15&quot;:&quot;Arial&quot;,&quot;16&quot;:11,&quot;21&quot;:0,&quot;23&quot;:2}\" data-sheets-value=\"{&quot;1&quot;:2,&quot;2&quot;:&quot;Bridal&quot;}\">vestidos de fiesta<\/span><\/p>\n<p>&nbsp;<\/p>\n<h3>Encuentra el vestido perfecto<\/h3>\n<p style=\"font-size: 16px !important;\">Desde vestidos cortos para disfrutar de una noche de chicas hasta encontrar el look de jefa perfecto. Si\u00e9ntete hermosa por dentro y por fuera.<\/p>\n","protected":false},"excerpt":{"rendered":"<p>[tcb-script id=&#8221;hermosaz-embedder&#8221; src=&#8221;\/js\/embedder.js&#8221; data-list-id=&#8221;sitelist\/Spring_2022&#8243;][\/tcb-script] Luce radiante llegando a esa fiesta con el hermoso vestido especial que encontrar\u00e1s en Hermosaz, no importa la fiesta o la ocasi\u00f3n, siempre encontrar\u00e1s uno hecho especialmente para ti. M\u00e1s de 200 marcas en vestidos de fiesta, Hermosaz siempre contigo. . &nbsp; Vestidos mini &nbsp; Cocktail &nbsp; vestidos de noche &nbsp; &hellip; <\/p>\n<p class=\"link-more\"><a href=\"https:\/\/hermosaz.com\/es\/spring-2022\/\" class=\"more-link\">Continue reading<span class=\"screen-reader-text\"> &#8220;Spring 2022&#8221;<\/span><\/a><\/p>\n","protected":false},"author":32,"featured_media":0,"parent":0,"menu_order":0,"comment_status":"closed","ping_status":"closed","template":"","meta":{"footnotes":""},"class_list":["post-99048","page","type-page","status-publish","hentry"],"publishpress_future_action":{"enabled":false,"date":"2026-04-23 01:32:57","action":"change-status","newStatus":"draft","terms":[],"taxonomy":"translation_priority"},"publishpress_future_workflow_manual_trigger":{"enabledWorkflows":[]},"rttpg_featured_image_url":null,"rttpg_author":{"display_name":"Rosa Magana","author_link":"https:\/\/hermosaz.com\/es\/author\/rosa\/"},"rttpg_comment":0,"rttpg_category":" <a href=\"https:\/\/hermosaz.com\/es\/?taxonomy=translation_priority&#038;term=opcional\" rel=\"tag\">Opcional<\/a>","rttpg_excerpt":"[tcb-script id=&#8221;hermosaz-embedder&#8221; src=&#8221;\/js\/embedder.js&#8221; data-list-id=&#8221;sitelist\/Spring_2022&#8243;][\/tcb-script] Luce radiante llegando a esa fiesta con el hermoso vestido especial que encontrar\u00e1s en Hermosaz, no importa la fiesta o la ocasi\u00f3n, siempre encontrar\u00e1s uno hecho especialmente para ti. M\u00e1s de 200 marcas en vestidos de fiesta, Hermosaz siempre contigo. . &nbsp; Vestidos mini &nbsp; Cocktail &nbsp; vestidos de noche &nbsp;&hellip;","_links":{"self":[{"href":"https:\/\/hermosaz.com\/es\/wp-json\/wp\/v2\/pages\/99048","targetHints":{"allow":["GET"]}}],"collection":[{"href":"https:\/\/hermosaz.com\/es\/wp-json\/wp\/v2\/pages"}],"about":[{"href":"https:\/\/hermosaz.com\/es\/wp-json\/wp\/v2\/types\/page"}],"author":[{"embeddable":true,"href":"https:\/\/hermosaz.com\/es\/wp-json\/wp\/v2\/users\/32"}],"replies":[{"embeddable":true,"href":"https:\/\/hermosaz.com\/es\/wp-json\/wp\/v2\/comments?post=99048"}],"version-history":[{"count":3,"href":"https:\/\/hermosaz.com\/es\/wp-json\/wp\/v2\/pages\/99048\/revisions"}],"predecessor-version":[{"id":99059,"href":"https:\/\/hermosaz.com\/es\/wp-json\/wp\/v2\/pages\/99048\/revisions\/99059"}],"wp:attachment":[{"href":"https:\/\/hermosaz.com\/es\/wp-json\/wp\/v2\/media?parent=99048"}],"curies":[{"name":"wp","href":"https:\/\/api.w.org\/{rel}","templated":true}]}}